{"id":9378,"date":"2021-07-19T16:02:36","date_gmt":"2021-07-19T15:02:36","guid":{"rendered":"https:\/\/bibliotheque.cegepgarneau.ca\/?page_id=9378"},"modified":"2022-06-02T14:40:39","modified_gmt":"2022-06-02T13:40:39","slug":"pret-entre-bibliotheques-peb","status":"publish","type":"page","link":"https:\/\/bibliotheque.cegepgarneau.ca\/index.php\/accueil\/services\/pret-entre-bibliotheques-peb\/","title":{"rendered":"Pr\u00eat entre biblioth\u00e8ques (PEB)"},"content":{"rendered":"<p>Vous avez besoin d\u2019un livre (documentaire, roman, BD en format papier) ou d\u2019un article de revue ou de journal (format papier ou num\u00e9rique) que la biblioth\u00e8que ne poss\u00e8de pas?<\/p>\n<p>Nous essayerons de l&#8217;obtenir via un pr\u00eat entre biblioth\u00e8ques (PEB).<\/p>\n<p>\u00c9crivez-nous \u00e0 :<br \/>\n<a href=\"mailto:peb@cegepgarneau.ca\"><span style=\"text-decoration: underline;\"><span style=\"color: #3366ff; text-decoration: underline;\">peb@cegepgarneau.ca.<\/span><\/span><\/a><\/p>\n<p>N.B. Dans certains cas, des frais peuvent s\u2019appliquer selon les r\u00e8glements et politiques de la biblioth\u00e8que pr\u00eateuse.<\/p>\n","protected":false},"excerpt":{"rendered":"<p>Vous avez besoin d\u2019un livre (documentaire, roman, BD en format papier) ou d\u2019un article de revue ou de journal (format papier ou num\u00e9rique) que la biblioth\u00e8que ne poss\u00e8de pas? Nous essayerons de l&#8217;obtenir via un pr\u00eat entre biblioth\u00e8ques (PEB). \u00c9crivez-nous \u00e0 : peb@cegepgarneau.ca. N.B. Dans certains cas, des frais peuvent s\u2019appliquer selon les r\u00e8glements et [&hellip;]<\/p>\n","protected":false},"author":1,"featured_media":0,"parent":4180,"menu_order":0,"comment_status":"closed","ping_status":"closed","template":"","meta":{"_exactmetrics_skip_tracking":false,"_exactmetrics_sitenote_active":false,"_exactmetrics_sitenote_note":"","_exactmetrics_sitenote_category":0,"footnotes":""},"class_list":["post-9378","page","type-page","status-publish","hentry"],"yoast_head":"<!-- This site is optimized with the Yoast SEO plugin v26.8 - https:\/\/yoast.com\/product\/yoast-seo-wordpress\/ -->\n<title>Pr\u00eat entre biblioth\u00e8ques (PEB) - Biblioth\u00e8que C\u00e9gep Garneau<\/title>\n<meta name=\"robots\" content=\"index, follow, max-snippet:-1, max-image-preview:large, max-video-preview:-1\" \/>\n<link rel=\"canonical\" href=\"https:\/\/bibliotheque.cegepgarneau.ca\/index.php\/accueil\/services\/pret-entre-bibliotheques-peb\/\" \/>\n<meta property=\"og:locale\" content=\"fr_FR\" \/>\n<meta property=\"og:type\" content=\"article\" \/>\n<meta property=\"og:title\" content=\"Pr\u00eat entre biblioth\u00e8ques (PEB) - Biblioth\u00e8que C\u00e9gep Garneau\" \/>\n<meta property=\"og:description\" content=\"Vous avez besoin d\u2019un livre (documentaire, roman, BD en format papier) ou d\u2019un article de revue ou de journal (format papier ou num\u00e9rique) que la biblioth\u00e8que ne poss\u00e8de pas? Nous essayerons de l&#8217;obtenir via un pr\u00eat entre biblioth\u00e8ques (PEB). \u00c9crivez-nous \u00e0 : peb@cegepgarneau.ca. N.B. Dans certains cas, des frais peuvent s\u2019appliquer selon les r\u00e8glements et [&hellip;]\" \/>\n<meta property=\"og:url\" content=\"https:\/\/bibliotheque.cegepgarneau.ca\/index.php\/accueil\/services\/pret-entre-bibliotheques-peb\/\" \/>\n<meta property=\"og:site_name\" content=\"Biblioth\u00e8que C\u00e9gep Garneau\" \/>\n<meta property=\"article:modified_time\" content=\"2022-06-02T13:40:39+00:00\" \/>\n<meta name=\"twitter:card\" content=\"summary_large_image\" \/>\n<meta name=\"twitter:label1\" content=\"Dur\u00e9e de lecture estim\u00e9e\" \/>\n\t<meta name=\"twitter:data1\" content=\"1 minute\" \/>\n<script type=\"application\/ld+json\" class=\"yoast-schema-graph\">{\"@context\":\"https:\/\/schema.org\",\"@graph\":[{\"@type\":\"WebPage\",\"@id\":\"https:\/\/bibliotheque.cegepgarneau.ca\/index.php\/accueil\/services\/pret-entre-bibliotheques-peb\/\",\"url\":\"https:\/\/bibliotheque.cegepgarneau.ca\/index.php\/accueil\/services\/pret-entre-bibliotheques-peb\/\",\"name\":\"Pr\u00eat entre biblioth\u00e8ques (PEB) - Biblioth\u00e8que C\u00e9gep Garneau\",\"isPartOf\":{\"@id\":\"https:\/\/bibliotheque.cegepgarneau.ca\/#website\"},\"datePublished\":\"2021-07-19T15:02:36+00:00\",\"dateModified\":\"2022-06-02T13:40:39+00:00\",\"breadcrumb\":{\"@id\":\"https:\/\/bibliotheque.cegepgarneau.ca\/index.php\/accueil\/services\/pret-entre-bibliotheques-peb\/#breadcrumb\"},\"inLanguage\":\"fr-FR\",\"potentialAction\":[{\"@type\":\"ReadAction\",\"target\":[\"https:\/\/bibliotheque.cegepgarneau.ca\/index.php\/accueil\/services\/pret-entre-bibliotheques-peb\/\"]}]},{\"@type\":\"BreadcrumbList\",\"@id\":\"https:\/\/bibliotheque.cegepgarneau.ca\/index.php\/accueil\/services\/pret-entre-bibliotheques-peb\/#breadcrumb\",\"itemListElement\":[{\"@type\":\"ListItem\",\"position\":1,\"name\":\"Accueil\",\"item\":\"https:\/\/bibliotheque.cegepgarneau.ca\/\"},{\"@type\":\"ListItem\",\"position\":2,\"name\":\"Comptoir d\u2019accueil\ufeff\",\"item\":\"https:\/\/bibliotheque.cegepgarneau.ca\/index.php\/accueil\/services\/\"},{\"@type\":\"ListItem\",\"position\":3,\"name\":\"Pr\u00eat entre biblioth\u00e8ques (PEB)\"}]},{\"@type\":\"WebSite\",\"@id\":\"https:\/\/bibliotheque.cegepgarneau.ca\/#website\",\"url\":\"https:\/\/bibliotheque.cegepgarneau.ca\/\",\"name\":\"Biblioth\u00e8que C\u00e9gep Garneau\",\"description\":\"\",\"potentialAction\":[{\"@type\":\"SearchAction\",\"target\":{\"@type\":\"EntryPoint\",\"urlTemplate\":\"https:\/\/bibliotheque.cegepgarneau.ca\/?s={search_term_string}\"},\"query-input\":{\"@type\":\"PropertyValueSpecification\",\"valueRequired\":true,\"valueName\":\"search_term_string\"}}],\"inLanguage\":\"fr-FR\"}]}<\/script>\n<!-- \/ Yoast SEO plugin. -->","yoast_head_json":{"title":"Pr\u00eat entre biblioth\u00e8ques (PEB) - Biblioth\u00e8que C\u00e9gep Garneau","robots":{"index":"index","follow":"follow","max-snippet":"max-snippet:-1","max-image-preview":"max-image-preview:large","max-video-preview":"max-video-preview:-1"},"canonical":"https:\/\/bibliotheque.cegepgarneau.ca\/index.php\/accueil\/services\/pret-entre-bibliotheques-peb\/","og_locale":"fr_FR","og_type":"article","og_title":"Pr\u00eat entre biblioth\u00e8ques (PEB) - Biblioth\u00e8que C\u00e9gep Garneau","og_description":"Vous avez besoin d\u2019un livre (documentaire, roman, BD en format papier) ou d\u2019un article de revue ou de journal (format papier ou num\u00e9rique) que la biblioth\u00e8que ne poss\u00e8de pas? Nous essayerons de l&#8217;obtenir via un pr\u00eat entre biblioth\u00e8ques (PEB). \u00c9crivez-nous \u00e0 : peb@cegepgarneau.ca. N.B. Dans certains cas, des frais peuvent s\u2019appliquer selon les r\u00e8glements et [&hellip;]","og_url":"https:\/\/bibliotheque.cegepgarneau.ca\/index.php\/accueil\/services\/pret-entre-bibliotheques-peb\/","og_site_name":"Biblioth\u00e8que C\u00e9gep Garneau","article_modified_time":"2022-06-02T13:40:39+00:00","twitter_card":"summary_large_image","twitter_misc":{"Dur\u00e9e de lecture estim\u00e9e":"1 minute"},"schema":{"@context":"https:\/\/schema.org","@graph":[{"@type":"WebPage","@id":"https:\/\/bibliotheque.cegepgarneau.ca\/index.php\/accueil\/services\/pret-entre-bibliotheques-peb\/","url":"https:\/\/bibliotheque.cegepgarneau.ca\/index.php\/accueil\/services\/pret-entre-bibliotheques-peb\/","name":"Pr\u00eat entre biblioth\u00e8ques (PEB) - Biblioth\u00e8que C\u00e9gep Garneau","isPartOf":{"@id":"https:\/\/bibliotheque.cegepgarneau.ca\/#website"},"datePublished":"2021-07-19T15:02:36+00:00","dateModified":"2022-06-02T13:40:39+00:00","breadcrumb":{"@id":"https:\/\/bibliotheque.cegepgarneau.ca\/index.php\/accueil\/services\/pret-entre-bibliotheques-peb\/#breadcrumb"},"inLanguage":"fr-FR","potentialAction":[{"@type":"ReadAction","target":["https:\/\/bibliotheque.cegepgarneau.ca\/index.php\/accueil\/services\/pret-entre-bibliotheques-peb\/"]}]},{"@type":"BreadcrumbList","@id":"https:\/\/bibliotheque.cegepgarneau.ca\/index.php\/accueil\/services\/pret-entre-bibliotheques-peb\/#breadcrumb","itemListElement":[{"@type":"ListItem","position":1,"name":"Accueil","item":"https:\/\/bibliotheque.cegepgarneau.ca\/"},{"@type":"ListItem","position":2,"name":"Comptoir d\u2019accueil\ufeff","item":"https:\/\/bibliotheque.cegepgarneau.ca\/index.php\/accueil\/services\/"},{"@type":"ListItem","position":3,"name":"Pr\u00eat entre biblioth\u00e8ques (PEB)"}]},{"@type":"WebSite","@id":"https:\/\/bibliotheque.cegepgarneau.ca\/#website","url":"https:\/\/bibliotheque.cegepgarneau.ca\/","name":"Biblioth\u00e8que C\u00e9gep Garneau","description":"","potentialAction":[{"@type":"SearchAction","target":{"@type":"EntryPoint","urlTemplate":"https:\/\/bibliotheque.cegepgarneau.ca\/?s={search_term_string}"},"query-input":{"@type":"PropertyValueSpecification","valueRequired":true,"valueName":"search_term_string"}}],"inLanguage":"fr-FR"}]}},"_links":{"self":[{"href":"https:\/\/bibliotheque.cegepgarneau.ca\/index.php\/wp-json\/wp\/v2\/pages\/9378","targetHints":{"allow":["GET"]}}],"collection":[{"href":"https:\/\/bibliotheque.cegepgarneau.ca\/index.php\/wp-json\/wp\/v2\/pages"}],"about":[{"href":"https:\/\/bibliotheque.cegepgarneau.ca\/index.php\/wp-json\/wp\/v2\/types\/page"}],"author":[{"embeddable":true,"href":"https:\/\/bibliotheque.cegepgarneau.ca\/index.php\/wp-json\/wp\/v2\/users\/1"}],"replies":[{"embeddable":true,"href":"https:\/\/bibliotheque.cegepgarneau.ca\/index.php\/wp-json\/wp\/v2\/comments?post=9378"}],"version-history":[{"count":9,"href":"https:\/\/bibliotheque.cegepgarneau.ca\/index.php\/wp-json\/wp\/v2\/pages\/9378\/revisions"}],"predecessor-version":[{"id":11770,"href":"https:\/\/bibliotheque.cegepgarneau.ca\/index.php\/wp-json\/wp\/v2\/pages\/9378\/revisions\/11770"}],"up":[{"embeddable":true,"href":"https:\/\/bibliotheque.cegepgarneau.ca\/index.php\/wp-json\/wp\/v2\/pages\/4180"}],"wp:attachment":[{"href":"https:\/\/bibliotheque.cegepgarneau.ca\/index.php\/wp-json\/wp\/v2\/media?parent=9378"}],"curies":[{"name":"wp","href":"https:\/\/api.w.org\/{rel}","templated":true}]}}