{"id":9262,"date":"2021-07-12T12:25:35","date_gmt":"2021-07-12T11:25:35","guid":{"rendered":"https:\/\/bibliotheque.cegepgarneau.ca\/?page_id=9262"},"modified":"2026-02-26T17:57:11","modified_gmt":"2026-02-26T16:57:11","slug":"index-des-outils-de-recherche","status":"publish","type":"page","link":"https:\/\/bibliotheque.cegepgarneau.ca\/index.php\/accueil\/outils-de-recherche\/index-des-outils-de-recherche\/","title":{"rendered":"Index des outils de recherche"},"content":{"rendered":"<h3>[#] <a href=\"#a\">[A]<\/a> <a href=\"#b\">[B]<\/a> <a href=\"#c\">[C]<\/a> <a href=\"#D\">[D]<\/a> <a href=\"#e\">[E]<\/a> [F] <a href=\"#g\">[G]<\/a> <a href=\"#h\">[H]<\/a> <a href=\"#i\">[I]<\/a> [J] <a href=\"#k\">[K]<\/a> <a href=\"#l\">[L]<\/a> <a href=\"#m\">[M]<\/a> [N] <a href=\"#o\">[O]<\/a> <a href=\"#p\">[P]<\/a> [Q] <a href=\"#r\">[R]<\/a> <a href=\"#s\">[S]<\/a> <a href=\"#t\">[T]<\/a> <a href=\"#u\">[U]<\/a> [V] <a href=\"#w\">[W]<\/a> [X] [Y] [Z]<a id=\"chiffres\"><\/a><a id=\"a\"><\/a><\/h3>\r\n<hr \/>\r\n<h1>[A]<\/h1>\r\n<ul>\r\n\t<li><a href=\"https:\/\/campus.arte.tv\/saml\/collecto-garneau\/login\" target=\"_blank\" rel=\"noopener\">ARTE Campus<\/a><\/li>\r\n<\/ul>\r\n<h1>[B]<\/h1>\r\n<ul>\r\n\t<li><a href=\"http:\/\/www.banq.qc.ca\/ressources_en_ligne\/index.html\" target=\"_blank\" rel=\"noopener\">BANQ<\/a><\/li>\r\n\t<li><a href=\"https:\/\/bescherelle.com\/le-conjugueur-bescherelle\" target=\"_blank\" rel=\"noopener\">Bescherelle<\/a><\/li>\r\n\t<li><a href=\"https:\/\/www.biomedcentral.com\/\" target=\"_blank\" rel=\"noopener\">BMC<\/a><\/li>\r\n\t<li><a href=\"https:\/\/gallica.bnf.fr\/\" target=\"_blank\" rel=\"noopener\">BNF Gallica<\/a><a id=\"c\"><\/a><\/li>\r\n<\/ul>\r\n<hr \/>\r\n<h1>[C]<\/h1>\r\n<ul>\r\n\t<li><a href=\"https:\/\/cairn-garneau.proxy.collecto.ca\/\" target=\"_blank\" rel=\"noopener\">Cairn<\/a><\/li>\r\n\t<li><a href=\"http:\/\/classiques.uqac.ca\/\" target=\"_blank\" rel=\"noopener\">Classiques des sciences sociales, Les<\/a><\/li>\r\n\t<li><a href=\"https:\/\/www.collinsdictionary.com\/\" target=\"_blank\" rel=\"noopener\">Collins dictionary<\/a><\/li>\r\n\t<li><a href=\"https:\/\/hbcp-garneau.proxy.collecto.ca\/\" target=\"_blank\" rel=\"noopener\">CRC Handbook of chemistry and physics<\/a><\/li>\r\n\t<li><a href=\"https:\/\/criterion-garneau.proxy.collecto.ca\/htbin\/wwform\/016\" target=\"_blank\" rel=\"noopener\">Criterion sur demande<\/a><\/li>\r\n\t<li><a href=\"http:\/\/curio-garneau.proxy.collecto.ca\/\" target=\"_blank\" rel=\"noopener\">Curio.ca<\/a><a id=\"D\"><\/a><\/li>\r\n<\/ul>\r\n<hr \/>\r\n<h1>[D]<\/h1>\r\n<ul>\r\n\t<li><a href=\"http:\/\/www.biographi.ca\/fr\/index.php\" target=\"_blank\" rel=\"noopener\">Dictionnaire biographique du Canada<\/a><\/li>\r\n\t<li><a href=\"http:\/\/www.synonymes.com\/\" target=\"_blank\" rel=\"noopener\">Dictionnaire des synonymes<\/a><\/li>\r\n\t<li><a href=\"https:\/\/www.larousse.fr\/dictionnaires\/francais\" target=\"_blank\" rel=\"noopener\">Dictionnaire Larousse<\/a><a id=\"e\"><\/a><\/li>\r\n\t<li><a href=\"https:\/\/collections.dma.org\/\" target=\"_blank\" rel=\"noopener\">DMA : Dallas Museum of Art<\/a><\/li>\r\n<\/ul>\r\n<hr \/>\r\n<h1>[E]<\/h1>\r\n<ul>\r\n\t<li><a href=\"http:\/\/ebsco-garneau.proxy.collecto.ca\/\" target=\"_blank\" rel=\"noopener\">EBSCOhost<\/a><\/li>\r\n\t<li><a href=\"http:\/\/edumedia-garneau.proxy.collecto.ca\/Access\/index.php?idRelPC=537999\" target=\"_blank\" rel=\"noopener\">eduMedia<\/a><\/li>\r\n\t<li><a href=\"http:\/\/www.encyclopediecanadienne.ca\/fr\/\" target=\"_blank\" rel=\"noopener\">Encyclop\u00e9die canadienne, L&#8217;<\/a><\/li>\r\n\t<li><a href=\"http:\/\/agora.qc.ca\/\" target=\"_blank\" rel=\"noopener\">Encyclop\u00e9die de l&#8217;Agora<\/a><\/li>\r\n\t<li><a href=\"https:\/\/erudit-garneau.proxy.collecto.ca\/\" target=\"_blank\" rel=\"noopener\">\u00c9rudit<\/a><\/li>\r\n\t<li><a href=\"https:\/\/eureka-garneau.proxy.collecto.ca\/access\/ip\/default.aspx?un=cfxg\" target=\"_blank\" rel=\"noopener\">Eureka<\/a><a id=\"g\"><\/a><\/li>\r\n<\/ul>\r\n<hr \/>\r\n<h1>[G]<\/h1>\r\n<ul>\r\n\t<li><a href=\"https:\/\/scholar.google.fr\/\" target=\"_blank\" rel=\"noopener\">Google Scholar<\/a><\/li>\r\n\t<li><a href=\"http:\/\/www.granddictionnaire.com\/\" target=\"_blank\" rel=\"noopener\">Grand dictionnaire terminologique, Le<\/a><a id=\"h\"><\/a><\/li>\r\n<\/ul>\r\n<hr \/>\r\n<h1>[H]<\/h1>\r\n<ul>\r\n\t<li><a href=\"https:\/\/histoirealacarte-garneau.proxy.collecto.ca\/connect-ip\" target=\"_blank\" rel=\"noopener\">Histoire \u00e0 la carte<\/a><a id=\"i\"><\/a><\/li>\r\n<\/ul>\r\n<hr \/>\r\n<h1>[I]<\/h1>\r\n<ul>\r\n\t<li><a href=\"http:\/\/www.stat.gouv.qc.ca\/\" target=\"_blank\" rel=\"noopener\">Institut de la statistique du Qu\u00e9bec<\/a><a id=\"k\"><\/a><\/li>\r\n<\/ul>\r\n<hr \/>\r\n<h1>[K]<\/h1>\r\n<ul>\r\n\t<li><a href=\"https:\/\/fxg.koha.collecto.ca\/\" target=\"_blank\" rel=\"noopener\">Koha<\/a><a id=\"l\"><\/a><\/li>\r\n<\/ul>\r\n<hr \/>\r\n<h1>[L]<\/h1>\r\n<ul>\r\n\t<li><a href=\"http:\/\/legisquebec.gouv.qc.ca\/\" target=\"_blank\" rel=\"noopener\">L\u00e9gisQu\u00e9bec<\/a><\/li>\r\n\t<li><a href=\"https:\/\/www.lexico.com\/en\" target=\"_blank\" rel=\"noopener\">Lexico<\/a><a id=\"m\"><\/a><\/li>\r\n<\/ul>\r\n<hr \/>\r\n<h1>[M]<\/h1>\r\n<ul>\r\n\t<li><a href=\"https:\/\/mediafilm-garneau.proxy.collecto.ca\/secure\/fr\/mediafilmplus\/index\" target=\"_blank\" rel=\"noopener\">Mediafilm<\/a><\/li>\r\n\t<li><a href=\"http:\/\/monde.ccdmd.qc.ca\/\" target=\"_blank\" rel=\"noopener\">Monde en images, Le<\/a><a id=\"o\"><\/a><\/li>\r\n<\/ul>\r\n<hr \/>\r\n<h1>[O]<\/h1>\r\n<ul>\r\n\t<li><a href=\"http:\/\/www.oecd.org\/fr\/\" target=\"_blank\" rel=\"noopener\">OCDE<\/a><\/li>\r\n        <li><a href=\"https:\/\/openfactbook.org\/\" target=\"_blank\" rel=\"noopener\">O.F.B<\/a><a id=\"p\"><\/a><\/li>\r\n\t<li><a href=\"https:\/\/www.onf.ca\/\" target=\"_blank\" rel=\"noopener\">ONF<\/a><a id=\"p\"><\/a><\/li>\r\n<\/ul>\r\n<hr \/>\r\n<h1>[P]<\/h1>\r\n<ul>\r\n\t<li><a href=\"https:\/\/www.persee.fr\/\" target=\"_blank\" rel=\"noopener\">Pers\u00e9e<\/a><\/li>\r\n\t<li><a href=\"http:\/\/perspective.usherbrooke.ca\/bilan\/BMEncyclopedie\/BMEphemeride.jsp\" target=\"_blank\" rel=\"noopener\"><span lang=\"fr-CA\"><span lang=\"en-CA\">Perspective Monde<\/span><\/span><\/a><\/li>\r\n\t<li><a href=\"https:\/\/pixabay.com\/fr\/\" target=\"_blank\" rel=\"noopener\"><span lang=\"fr-CA\"><span lang=\"en-CA\">Pixabay<\/span><\/span><\/a><\/li>\r\n\t<li><a href=\"https:\/\/journals.plos.org\/plosone\/\" target=\"_blank\" rel=\"noopener\"><span lang=\"fr-CA\"><span lang=\"en-CA\">Plos<\/span><\/span><\/a><\/li>\r\n\t<li><a href=\"https:\/\/www.gutenberg.org\/\" target=\"_blank\" rel=\"noopener\"><span lang=\"fr-CA\"><span lang=\"en-CA\">Project Gutenberg<\/span><\/span><\/a><\/li>\r\n\t<li><a href=\"https:\/\/pubmed.ncbi.nlm.nih.gov\/\" target=\"_blank\" rel=\"noopener\"><span lang=\"fr-CA\"><span lang=\"en-CA\">PubMed<\/span><\/span><\/a><a id=\"r\"><\/a><\/li>\r\n<\/ul>\r\n<hr \/>\r\n<h1>[R]<\/h1>\r\n<ul>\r\n\t<li><a href=\"https:\/\/rxphotos-garneau.proxy.collecto.ca\/service\/rxphotosid?token=eyJ0eXAiOiJKV1QiLCJhbGciOiJIUzI1NiJ9.eyJqdGkiOiIyZTY2NzExNjU2NTEyYWU5ODJmN2I3NDYzMjgyNjcxYjExMzI0YmU4N2QzZDFlOThmOTQzYzljYjRmMzAwMjZmODE1OThjZGNhZGNlZmY2NCIsImlhdCI6MTY1NjUyNTk2OCwiZXhwIjoxODE0MjkyMzY4LCJzdWIiOiJhOTc1YTA2YTU1ZTQ2ZGI3OWE4ZWYxNWRkNjQwODdjNyIsImRhdGEiOiJkZWY1MDIwMDUxMWI3NTA5Nzg2OGJkMTI0MzQzNWI3ZTRkYzNiZGRmOWQyNTU0MjUzMmE0YWNmYmMyZGRhY2I5ZjFlOThkODQ2ZjBkOTRmMjY5NjczNTE2NDNhMzllOGYzYjJhMDA1MGY1YWNkNjQ0YzIzZGMxOWZhNDQ0OGEzNzIwOTg0ZGQ1NWRkODM0ZGU5OWJhMGY1YjI5YjIzMGNlYmNmMmZkOTZmMTQ1MGJhOWNlZTVhM2YyYTk3M2MwNmU1MWFjNmJiN2FhMTgwNGY4ODNmNTA5MDFjNjVlMDY0OTc0Zjc3NmVmZmVmZTAwYjcyZTU5MjcxOWExYjMifQ.2t4hNBljsTjnjuQbDBhGLBOXJEwoqo-XYnPOPnwjJo8\" target=\"_blank\" rel=\"noopener\">RxPhotosID<\/a><\/li>\r\n\t<li><a href=\"https:\/\/rxad.vigilance.ca\/\" target=\"_blank\" rel=\"noopener\">RxVigilance<\/a><a id=\"s\"><\/a><\/li>\r\n<\/ul>\r\n<hr \/>\r\n<h1>[S]<\/h1>\r\n<ul>\r\n\t<li><a href=\"https:\/\/savoir.media\/sujets\" target=\"_blank\" rel=\"noopener\">Savoir<\/a><\/li>\r\n\t<li><a href=\"https:\/\/cyberlibris-garneau.proxy.collecto.ca\/\" target=\"_blank\" rel=\"noopener\">Scholarvox<\/a><\/li>\r\n\t<li><a href=\"https:\/\/www.sciencephoto.com\/\" target=\"_blank\" rel=\"noopener\">Science Photo Library<\/a><\/li>\r\n\t<li><a href=\"https:\/\/lois-laws.justice.gc.ca\/fra\/index.html\" target=\"_blank\" rel=\"noopener\">Site Web de la l\u00e9gislation (justice)<\/a><\/li>\r\n\t<li><a href=\"http:\/\/www5.statcan.gc.ca\/cansim\/home-accueil?lang=fra\" target=\"_blank\" rel=\"noopener\">Statistique Canada<\/a><a id=\"t\"><\/a><\/li>\r\n<\/ul>\r\n<hr \/>\r\n<h1>[T]<\/h1>\r\n<ul>\r\n\t<li><a href=\"https:\/\/telequebec-garneau.proxy.collecto.ca\/\" target=\"_blank\" rel=\"noopener\">T\u00e9l\u00e9-Qu\u00e9bec en classe<\/a><\/li>\r\n\t<li><a href=\"http:\/\/www.btb.termiumplus.gc.ca\/tpv2alpha\/alpha-fra.html?lang=fra\" target=\"_blank\" rel=\"noopener\">TERMIUM Plus\u00ae<\/a><a id=\"u\"><\/a><\/li>\r\n<\/ul>\r\n<hr \/>\r\n<h1>[U]<\/h1>\r\n<ul>\r\n\t<li><a href=\"https:\/\/universalis-garneau.proxy.collecto.ca\/accueil\" target=\"_blank\" rel=\"noopener\">Universalis.edu<\/a><\/li>\r\n\t<li><a href=\"https:\/\/unsplash.com\/\" target=\"_blank\" rel=\"noopener\">Unsplash<\/a><\/li>\r\n\t<li><a href=\"https:\/\/usito.usherbrooke.ca\/\" target=\"_blank\" rel=\"noopener\">Usito<\/a><a id=\"w\"><\/a><\/li>\r\n<\/ul>\r\n<hr \/>\r\n<h1>[W]<\/h1>\r\n<ul>\r\n\t<li><a href=\"https:\/\/www.cia.gov\/the-world-factbook\/\" target=\"_blank\" rel=\"noopener\"><span dir=\"ltr\">World Factbook, The<\/span><\/a><\/li>\r\n<\/ul>\r\n<hr \/>\r\n<p><\/p>","protected":false},"excerpt":{"rendered":"<p>[#] [A] [B] [C] [D] [E] [F] [G] [H] [I] [J] [K] [L] [M] [N] [O] [P] [Q] [R] [S] [T] [U] [V] [W] [X] [Y] [Z] [A] ARTE Campus [B] BANQ Bescherelle BMC BNF Gallica [C] Cairn Classiques des sciences sociales, Les Collins dictionary CRC Handbook of chemistry and physics Criterion sur demande Curio.ca [&hellip;]<\/p>\n","protected":false},"author":1,"featured_media":0,"parent":4182,"menu_order":0,"comment_status":"closed","ping_status":"closed","template":"","meta":{"_exactmetrics_skip_tracking":false,"_exactmetrics_sitenote_active":false,"_exactmetrics_sitenote_note":"","_exactmetrics_sitenote_category":0,"footnotes":""},"class_list":["post-9262","page","type-page","status-publish","hentry"],"yoast_head":"<!-- This site is optimized with the Yoast SEO plugin v26.8 - https:\/\/yoast.com\/product\/yoast-seo-wordpress\/ -->\n<title>Index des outils de recherche - Biblioth\u00e8que C\u00e9gep Garneau<\/title>\n<meta name=\"robots\" content=\"index, follow, max-snippet:-1, max-image-preview:large, max-video-preview:-1\" \/>\n<link rel=\"canonical\" href=\"https:\/\/bibliotheque.cegepgarneau.ca\/index.php\/accueil\/outils-de-recherche\/index-des-outils-de-recherche\/\" \/>\n<meta property=\"og:locale\" content=\"fr_FR\" \/>\n<meta property=\"og:type\" content=\"article\" \/>\n<meta property=\"og:title\" content=\"Index des outils de recherche - Biblioth\u00e8que C\u00e9gep Garneau\" \/>\n<meta property=\"og:description\" content=\"[#] [A] [B] [C] [D] [E] [F] [G] [H] [I] [J] [K] [L] [M] [N] [O] [P] [Q] [R] [S] [T] [U] [V] [W] [X] [Y] [Z] [A] ARTE Campus [B] BANQ Bescherelle BMC BNF Gallica [C] Cairn Classiques des sciences sociales, Les Collins dictionary CRC Handbook of chemistry and physics Criterion sur demande Curio.ca [&hellip;]\" \/>\n<meta property=\"og:url\" content=\"https:\/\/bibliotheque.cegepgarneau.ca\/index.php\/accueil\/outils-de-recherche\/index-des-outils-de-recherche\/\" \/>\n<meta property=\"og:site_name\" content=\"Biblioth\u00e8que C\u00e9gep Garneau\" \/>\n<meta property=\"article:modified_time\" content=\"2026-02-26T16:57:11+00:00\" \/>\n<meta name=\"twitter:card\" content=\"summary_large_image\" \/>\n<meta name=\"twitter:label1\" content=\"Dur\u00e9e de lecture estim\u00e9e\" \/>\n\t<meta name=\"twitter:data1\" content=\"1 minute\" \/>\n<script type=\"application\/ld+json\" class=\"yoast-schema-graph\">{\"@context\":\"https:\/\/schema.org\",\"@graph\":[{\"@type\":\"WebPage\",\"@id\":\"https:\/\/bibliotheque.cegepgarneau.ca\/index.php\/accueil\/outils-de-recherche\/index-des-outils-de-recherche\/\",\"url\":\"https:\/\/bibliotheque.cegepgarneau.ca\/index.php\/accueil\/outils-de-recherche\/index-des-outils-de-recherche\/\",\"name\":\"Index des outils de recherche - Biblioth\u00e8que C\u00e9gep Garneau\",\"isPartOf\":{\"@id\":\"https:\/\/bibliotheque.cegepgarneau.ca\/#website\"},\"datePublished\":\"2021-07-12T11:25:35+00:00\",\"dateModified\":\"2026-02-26T16:57:11+00:00\",\"breadcrumb\":{\"@id\":\"https:\/\/bibliotheque.cegepgarneau.ca\/index.php\/accueil\/outils-de-recherche\/index-des-outils-de-recherche\/#breadcrumb\"},\"inLanguage\":\"fr-FR\",\"potentialAction\":[{\"@type\":\"ReadAction\",\"target\":[\"https:\/\/bibliotheque.cegepgarneau.ca\/index.php\/accueil\/outils-de-recherche\/index-des-outils-de-recherche\/\"]}]},{\"@type\":\"BreadcrumbList\",\"@id\":\"https:\/\/bibliotheque.cegepgarneau.ca\/index.php\/accueil\/outils-de-recherche\/index-des-outils-de-recherche\/#breadcrumb\",\"itemListElement\":[{\"@type\":\"ListItem\",\"position\":1,\"name\":\"Accueil\",\"item\":\"https:\/\/bibliotheque.cegepgarneau.ca\/\"},{\"@type\":\"ListItem\",\"position\":2,\"name\":\"Outils de recherche\",\"item\":\"https:\/\/bibliotheque.cegepgarneau.ca\/index.php\/accueil\/outils-de-recherche\/\"},{\"@type\":\"ListItem\",\"position\":3,\"name\":\"Index des outils de recherche\"}]},{\"@type\":\"WebSite\",\"@id\":\"https:\/\/bibliotheque.cegepgarneau.ca\/#website\",\"url\":\"https:\/\/bibliotheque.cegepgarneau.ca\/\",\"name\":\"Biblioth\u00e8que C\u00e9gep Garneau\",\"description\":\"\",\"potentialAction\":[{\"@type\":\"SearchAction\",\"target\":{\"@type\":\"EntryPoint\",\"urlTemplate\":\"https:\/\/bibliotheque.cegepgarneau.ca\/?s={search_term_string}\"},\"query-input\":{\"@type\":\"PropertyValueSpecification\",\"valueRequired\":true,\"valueName\":\"search_term_string\"}}],\"inLanguage\":\"fr-FR\"}]}<\/script>\n<!-- \/ Yoast SEO plugin. -->","yoast_head_json":{"title":"Index des outils de recherche - Biblioth\u00e8que C\u00e9gep Garneau","robots":{"index":"index","follow":"follow","max-snippet":"max-snippet:-1","max-image-preview":"max-image-preview:large","max-video-preview":"max-video-preview:-1"},"canonical":"https:\/\/bibliotheque.cegepgarneau.ca\/index.php\/accueil\/outils-de-recherche\/index-des-outils-de-recherche\/","og_locale":"fr_FR","og_type":"article","og_title":"Index des outils de recherche - Biblioth\u00e8que C\u00e9gep Garneau","og_description":"[#] [A] [B] [C] [D] [E] [F] [G] [H] [I] [J] [K] [L] [M] [N] [O] [P] [Q] [R] [S] [T] [U] [V] [W] [X] [Y] [Z] [A] ARTE Campus [B] BANQ Bescherelle BMC BNF Gallica [C] Cairn Classiques des sciences sociales, Les Collins dictionary CRC Handbook of chemistry and physics Criterion sur demande Curio.ca [&hellip;]","og_url":"https:\/\/bibliotheque.cegepgarneau.ca\/index.php\/accueil\/outils-de-recherche\/index-des-outils-de-recherche\/","og_site_name":"Biblioth\u00e8que C\u00e9gep Garneau","article_modified_time":"2026-02-26T16:57:11+00:00","twitter_card":"summary_large_image","twitter_misc":{"Dur\u00e9e de lecture estim\u00e9e":"1 minute"},"schema":{"@context":"https:\/\/schema.org","@graph":[{"@type":"WebPage","@id":"https:\/\/bibliotheque.cegepgarneau.ca\/index.php\/accueil\/outils-de-recherche\/index-des-outils-de-recherche\/","url":"https:\/\/bibliotheque.cegepgarneau.ca\/index.php\/accueil\/outils-de-recherche\/index-des-outils-de-recherche\/","name":"Index des outils de recherche - Biblioth\u00e8que C\u00e9gep Garneau","isPartOf":{"@id":"https:\/\/bibliotheque.cegepgarneau.ca\/#website"},"datePublished":"2021-07-12T11:25:35+00:00","dateModified":"2026-02-26T16:57:11+00:00","breadcrumb":{"@id":"https:\/\/bibliotheque.cegepgarneau.ca\/index.php\/accueil\/outils-de-recherche\/index-des-outils-de-recherche\/#breadcrumb"},"inLanguage":"fr-FR","potentialAction":[{"@type":"ReadAction","target":["https:\/\/bibliotheque.cegepgarneau.ca\/index.php\/accueil\/outils-de-recherche\/index-des-outils-de-recherche\/"]}]},{"@type":"BreadcrumbList","@id":"https:\/\/bibliotheque.cegepgarneau.ca\/index.php\/accueil\/outils-de-recherche\/index-des-outils-de-recherche\/#breadcrumb","itemListElement":[{"@type":"ListItem","position":1,"name":"Accueil","item":"https:\/\/bibliotheque.cegepgarneau.ca\/"},{"@type":"ListItem","position":2,"name":"Outils de recherche","item":"https:\/\/bibliotheque.cegepgarneau.ca\/index.php\/accueil\/outils-de-recherche\/"},{"@type":"ListItem","position":3,"name":"Index des outils de recherche"}]},{"@type":"WebSite","@id":"https:\/\/bibliotheque.cegepgarneau.ca\/#website","url":"https:\/\/bibliotheque.cegepgarneau.ca\/","name":"Biblioth\u00e8que C\u00e9gep Garneau","description":"","potentialAction":[{"@type":"SearchAction","target":{"@type":"EntryPoint","urlTemplate":"https:\/\/bibliotheque.cegepgarneau.ca\/?s={search_term_string}"},"query-input":{"@type":"PropertyValueSpecification","valueRequired":true,"valueName":"search_term_string"}}],"inLanguage":"fr-FR"}]}},"_links":{"self":[{"href":"https:\/\/bibliotheque.cegepgarneau.ca\/index.php\/wp-json\/wp\/v2\/pages\/9262","targetHints":{"allow":["GET"]}}],"collection":[{"href":"https:\/\/bibliotheque.cegepgarneau.ca\/index.php\/wp-json\/wp\/v2\/pages"}],"about":[{"href":"https:\/\/bibliotheque.cegepgarneau.ca\/index.php\/wp-json\/wp\/v2\/types\/page"}],"author":[{"embeddable":true,"href":"https:\/\/bibliotheque.cegepgarneau.ca\/index.php\/wp-json\/wp\/v2\/users\/1"}],"replies":[{"embeddable":true,"href":"https:\/\/bibliotheque.cegepgarneau.ca\/index.php\/wp-json\/wp\/v2\/comments?post=9262"}],"version-history":[{"count":39,"href":"https:\/\/bibliotheque.cegepgarneau.ca\/index.php\/wp-json\/wp\/v2\/pages\/9262\/revisions"}],"predecessor-version":[{"id":20817,"href":"https:\/\/bibliotheque.cegepgarneau.ca\/index.php\/wp-json\/wp\/v2\/pages\/9262\/revisions\/20817"}],"up":[{"embeddable":true,"href":"https:\/\/bibliotheque.cegepgarneau.ca\/index.php\/wp-json\/wp\/v2\/pages\/4182"}],"wp:attachment":[{"href":"https:\/\/bibliotheque.cegepgarneau.ca\/index.php\/wp-json\/wp\/v2\/media?parent=9262"}],"curies":[{"name":"wp","href":"https:\/\/api.w.org\/{rel}","templated":true}]}}