{"id":7997,"date":"2021-01-15T15:04:37","date_gmt":"2021-01-15T14:04:37","guid":{"rendered":"http:\/\/bibliotheque.cegepgarneau.ca\/?page_id=7997"},"modified":"2022-11-16T15:09:14","modified_gmt":"2022-11-16T14:09:14","slug":"comment-reconnaitre-un-article-scientifique","status":"publish","type":"page","link":"https:\/\/bibliotheque.cegepgarneau.ca\/index.php\/accueil\/comment-chercher\/2-trouver\/comment-reconnaitre-un-article-scientifique\/","title":{"rendered":"Comment reconna\u00eetre un article scientifique?"},"content":{"rendered":"\r\n<p><iframe loading=\"lazy\" src=\"https:\/\/www.youtube.com\/embed\/pkN-QUW7bv0\" width=\"560\" height=\"315\" frameborder=\"0\" allowfullscreen=\"allowfullscreen\"><\/iframe><\/p>\r\n<hr \/>\r\n<h3><strong>\u00c0 retenir :<\/strong><\/h3>\r\n<p><strong>Voici quelques crit\u00e8res \u00e0 prendre en consid\u00e9ration pour d\u00e9terminer si un article peut \u00eatre qualifi\u00e9 de &#8220;scientifique&#8221; :<\/strong><\/p>\r\n<p><strong>L\u2019auteur<\/strong> : fait\u2010il autorit\u00e9 dans le domaine ? Pour quelle institution travaille\u2010t\u2010il ?<\/p>\r\n<p><strong>L\u2019\u00e9diteur<\/strong> : est-ce un \u00e9diteur\/une revue g\u00e9n\u00e9raliste ou sp\u00e9cifique ? Pratique-t-il la validation par les pairs ?<\/p>\r\n<p><strong>La date de publication<\/strong> : l\u2019article est-il encore d\u2019actualit\u00e9 ? Les donn\u00e9es et la m\u00e9thode ne sont-elles pas obsol\u00e8tes ?<\/p>\r\n<p><strong>Les r\u00e9f\u00e9rences bibliographiques<\/strong> : sont-elles nombreuses et diversifi\u00e9es (m\u00e9fiez-vous de l&#8217;autocitation) ? Sont\u2010elles claires et compl\u00e8tes ?<\/p>\r\n<p><strong>La structure<\/strong> : le langage et le style utilis\u00e9s sont-ils nuanc\u00e9s et paraissent-ils objectifs ? Un article scientifique contient g\u00e9n\u00e9ralement les parties suivantes :<\/p>\r\n<ol>\r\n\t<li>abstract(<em>r\u00e9sum\u00e9<\/em>)<\/li>\r\n\t<li>introduction<\/li>\r\n\t<li>m\u00e9thodes<\/li>\r\n\t<li>r\u00e9sultats<\/li>\r\n\t<li>discussion<\/li>\r\n\t<li>conclusion<\/li>\r\n\t<li>r\u00e9f\u00e9rences<\/li>\r\n<\/ol>\r\n<p><em>Source : <a href=\"https:\/\/infotrack.unige.ch\/les-criteres-de-qualite-d-un-article-scientifique\" target=\"_blank\" rel=\"noopener noreferrer\">De l&#8217;art de bien choisir son papier &#8211; InfoTrack &#8211; Universit\u00e9 de Gen\u00e8ve<\/a> <a href=\"https:\/\/creativecommons.org\/licenses\/by-nc-sa\/4.0\/\" target=\"_blank\" rel=\"noopener noreferrer\">CC BY-NC-SA 4.0.<\/a><\/em><\/p>\r\n<hr \/>\r\n<h3><strong>Exemple d\u2019un article scientifique tir\u00e9 de la base de donn\u00e9es Cairn<\/strong><\/h3>\r\n<a href=\"https:\/\/bibliotheque.cegepgarneau.ca\/wp-content\/uploads\/2020\/05\/SPUB_195_0623.pdf\" class=\"pdfemb-viewer\" style=\"width: 900px; height: 350px; \" data-width=\"900\" data-height=\"350\" data-mobile-width=\"500\"  data-scrollbar=\"none\" data-download=\"on\" data-tracking=\"on\" data-newwindow=\"on\" data-pagetextbox=\"off\" data-scrolltotop=\"off\" data-startzoom=\"100\" data-startfpzoom=\"100\" data-toolbar=\"top\" data-toolbar-fixed=\"off\">SPUB_195_0623<br\/><\/a>\r\n","protected":false},"excerpt":{"rendered":"<p>\u00c0 retenir : Voici quelques crit\u00e8res \u00e0 prendre en consid\u00e9ration pour d\u00e9terminer si un article peut \u00eatre qualifi\u00e9 de &#8220;scientifique&#8221; : L\u2019auteur : fait\u2010il autorit\u00e9 dans le domaine ? Pour quelle institution travaille\u2010t\u2010il ? L\u2019\u00e9diteur : est-ce un \u00e9diteur\/une revue g\u00e9n\u00e9raliste ou sp\u00e9cifique ? Pratique-t-il la validation par les pairs ? La date de publication [&hellip;]<\/p>\n","protected":false},"author":1,"featured_media":0,"parent":7600,"menu_order":0,"comment_status":"closed","ping_status":"closed","template":"","meta":{"_exactmetrics_skip_tracking":false,"_exactmetrics_sitenote_active":false,"_exactmetrics_sitenote_note":"","_exactmetrics_sitenote_category":0,"footnotes":""},"class_list":["post-7997","page","type-page","status-publish","hentry"],"yoast_head":"<!-- This site is optimized with the Yoast SEO plugin v26.8 - https:\/\/yoast.com\/product\/yoast-seo-wordpress\/ -->\n<title>Comment reconna\u00eetre un article scientifique? - Biblioth\u00e8que C\u00e9gep Garneau<\/title>\n<meta name=\"robots\" content=\"index, follow, max-snippet:-1, max-image-preview:large, max-video-preview:-1\" \/>\n<link rel=\"canonical\" href=\"https:\/\/bibliotheque.cegepgarneau.ca\/index.php\/accueil\/comment-chercher\/2-trouver\/comment-reconnaitre-un-article-scientifique\/\" \/>\n<meta property=\"og:locale\" content=\"fr_FR\" \/>\n<meta property=\"og:type\" content=\"article\" \/>\n<meta property=\"og:title\" content=\"Comment reconna\u00eetre un article scientifique? - Biblioth\u00e8que C\u00e9gep Garneau\" \/>\n<meta property=\"og:description\" content=\"\u00c0 retenir : Voici quelques crit\u00e8res \u00e0 prendre en consid\u00e9ration pour d\u00e9terminer si un article peut \u00eatre qualifi\u00e9 de &#8220;scientifique&#8221; : L\u2019auteur : fait\u2010il autorit\u00e9 dans le domaine ? Pour quelle institution travaille\u2010t\u2010il ? L\u2019\u00e9diteur : est-ce un \u00e9diteur\/une revue g\u00e9n\u00e9raliste ou sp\u00e9cifique ? Pratique-t-il la validation par les pairs ? La date de publication [&hellip;]\" \/>\n<meta property=\"og:url\" content=\"https:\/\/bibliotheque.cegepgarneau.ca\/index.php\/accueil\/comment-chercher\/2-trouver\/comment-reconnaitre-un-article-scientifique\/\" \/>\n<meta property=\"og:site_name\" content=\"Biblioth\u00e8que C\u00e9gep Garneau\" \/>\n<meta property=\"article:modified_time\" content=\"2022-11-16T14:09:14+00:00\" \/>\n<meta name=\"twitter:card\" content=\"summary_large_image\" \/>\n<meta name=\"twitter:label1\" content=\"Dur\u00e9e de lecture estim\u00e9e\" \/>\n\t<meta name=\"twitter:data1\" content=\"1 minute\" \/>\n<script type=\"application\/ld+json\" class=\"yoast-schema-graph\">{\"@context\":\"https:\/\/schema.org\",\"@graph\":[{\"@type\":\"WebPage\",\"@id\":\"https:\/\/bibliotheque.cegepgarneau.ca\/index.php\/accueil\/comment-chercher\/2-trouver\/comment-reconnaitre-un-article-scientifique\/\",\"url\":\"https:\/\/bibliotheque.cegepgarneau.ca\/index.php\/accueil\/comment-chercher\/2-trouver\/comment-reconnaitre-un-article-scientifique\/\",\"name\":\"Comment reconna\u00eetre un article scientifique? - Biblioth\u00e8que C\u00e9gep Garneau\",\"isPartOf\":{\"@id\":\"https:\/\/bibliotheque.cegepgarneau.ca\/#website\"},\"datePublished\":\"2021-01-15T14:04:37+00:00\",\"dateModified\":\"2022-11-16T14:09:14+00:00\",\"breadcrumb\":{\"@id\":\"https:\/\/bibliotheque.cegepgarneau.ca\/index.php\/accueil\/comment-chercher\/2-trouver\/comment-reconnaitre-un-article-scientifique\/#breadcrumb\"},\"inLanguage\":\"fr-FR\",\"potentialAction\":[{\"@type\":\"ReadAction\",\"target\":[\"https:\/\/bibliotheque.cegepgarneau.ca\/index.php\/accueil\/comment-chercher\/2-trouver\/comment-reconnaitre-un-article-scientifique\/\"]}]},{\"@type\":\"BreadcrumbList\",\"@id\":\"https:\/\/bibliotheque.cegepgarneau.ca\/index.php\/accueil\/comment-chercher\/2-trouver\/comment-reconnaitre-un-article-scientifique\/#breadcrumb\",\"itemListElement\":[{\"@type\":\"ListItem\",\"position\":1,\"name\":\"Accueil\",\"item\":\"https:\/\/bibliotheque.cegepgarneau.ca\/\"},{\"@type\":\"ListItem\",\"position\":2,\"name\":\"Faire une recherche\",\"item\":\"https:\/\/bibliotheque.cegepgarneau.ca\/index.php\/accueil\/comment-chercher\/\"},{\"@type\":\"ListItem\",\"position\":3,\"name\":\"2 &#8211; Trouver ses sources\",\"item\":\"https:\/\/bibliotheque.cegepgarneau.ca\/index.php\/accueil\/comment-chercher\/2-trouver\/\"},{\"@type\":\"ListItem\",\"position\":4,\"name\":\"Comment reconna\u00eetre un article scientifique?\"}]},{\"@type\":\"WebSite\",\"@id\":\"https:\/\/bibliotheque.cegepgarneau.ca\/#website\",\"url\":\"https:\/\/bibliotheque.cegepgarneau.ca\/\",\"name\":\"Biblioth\u00e8que C\u00e9gep Garneau\",\"description\":\"\",\"potentialAction\":[{\"@type\":\"SearchAction\",\"target\":{\"@type\":\"EntryPoint\",\"urlTemplate\":\"https:\/\/bibliotheque.cegepgarneau.ca\/?s={search_term_string}\"},\"query-input\":{\"@type\":\"PropertyValueSpecification\",\"valueRequired\":true,\"valueName\":\"search_term_string\"}}],\"inLanguage\":\"fr-FR\"}]}<\/script>\n<!-- \/ Yoast SEO plugin. -->","yoast_head_json":{"title":"Comment reconna\u00eetre un article scientifique? - Biblioth\u00e8que C\u00e9gep Garneau","robots":{"index":"index","follow":"follow","max-snippet":"max-snippet:-1","max-image-preview":"max-image-preview:large","max-video-preview":"max-video-preview:-1"},"canonical":"https:\/\/bibliotheque.cegepgarneau.ca\/index.php\/accueil\/comment-chercher\/2-trouver\/comment-reconnaitre-un-article-scientifique\/","og_locale":"fr_FR","og_type":"article","og_title":"Comment reconna\u00eetre un article scientifique? - Biblioth\u00e8que C\u00e9gep Garneau","og_description":"\u00c0 retenir : Voici quelques crit\u00e8res \u00e0 prendre en consid\u00e9ration pour d\u00e9terminer si un article peut \u00eatre qualifi\u00e9 de &#8220;scientifique&#8221; : L\u2019auteur : fait\u2010il autorit\u00e9 dans le domaine ? Pour quelle institution travaille\u2010t\u2010il ? L\u2019\u00e9diteur : est-ce un \u00e9diteur\/une revue g\u00e9n\u00e9raliste ou sp\u00e9cifique ? Pratique-t-il la validation par les pairs ? La date de publication [&hellip;]","og_url":"https:\/\/bibliotheque.cegepgarneau.ca\/index.php\/accueil\/comment-chercher\/2-trouver\/comment-reconnaitre-un-article-scientifique\/","og_site_name":"Biblioth\u00e8que C\u00e9gep Garneau","article_modified_time":"2022-11-16T14:09:14+00:00","twitter_card":"summary_large_image","twitter_misc":{"Dur\u00e9e de lecture estim\u00e9e":"1 minute"},"schema":{"@context":"https:\/\/schema.org","@graph":[{"@type":"WebPage","@id":"https:\/\/bibliotheque.cegepgarneau.ca\/index.php\/accueil\/comment-chercher\/2-trouver\/comment-reconnaitre-un-article-scientifique\/","url":"https:\/\/bibliotheque.cegepgarneau.ca\/index.php\/accueil\/comment-chercher\/2-trouver\/comment-reconnaitre-un-article-scientifique\/","name":"Comment reconna\u00eetre un article scientifique? - Biblioth\u00e8que C\u00e9gep Garneau","isPartOf":{"@id":"https:\/\/bibliotheque.cegepgarneau.ca\/#website"},"datePublished":"2021-01-15T14:04:37+00:00","dateModified":"2022-11-16T14:09:14+00:00","breadcrumb":{"@id":"https:\/\/bibliotheque.cegepgarneau.ca\/index.php\/accueil\/comment-chercher\/2-trouver\/comment-reconnaitre-un-article-scientifique\/#breadcrumb"},"inLanguage":"fr-FR","potentialAction":[{"@type":"ReadAction","target":["https:\/\/bibliotheque.cegepgarneau.ca\/index.php\/accueil\/comment-chercher\/2-trouver\/comment-reconnaitre-un-article-scientifique\/"]}]},{"@type":"BreadcrumbList","@id":"https:\/\/bibliotheque.cegepgarneau.ca\/index.php\/accueil\/comment-chercher\/2-trouver\/comment-reconnaitre-un-article-scientifique\/#breadcrumb","itemListElement":[{"@type":"ListItem","position":1,"name":"Accueil","item":"https:\/\/bibliotheque.cegepgarneau.ca\/"},{"@type":"ListItem","position":2,"name":"Faire une recherche","item":"https:\/\/bibliotheque.cegepgarneau.ca\/index.php\/accueil\/comment-chercher\/"},{"@type":"ListItem","position":3,"name":"2 &#8211; Trouver ses sources","item":"https:\/\/bibliotheque.cegepgarneau.ca\/index.php\/accueil\/comment-chercher\/2-trouver\/"},{"@type":"ListItem","position":4,"name":"Comment reconna\u00eetre un article scientifique?"}]},{"@type":"WebSite","@id":"https:\/\/bibliotheque.cegepgarneau.ca\/#website","url":"https:\/\/bibliotheque.cegepgarneau.ca\/","name":"Biblioth\u00e8que C\u00e9gep Garneau","description":"","potentialAction":[{"@type":"SearchAction","target":{"@type":"EntryPoint","urlTemplate":"https:\/\/bibliotheque.cegepgarneau.ca\/?s={search_term_string}"},"query-input":{"@type":"PropertyValueSpecification","valueRequired":true,"valueName":"search_term_string"}}],"inLanguage":"fr-FR"}]}},"_links":{"self":[{"href":"https:\/\/bibliotheque.cegepgarneau.ca\/index.php\/wp-json\/wp\/v2\/pages\/7997","targetHints":{"allow":["GET"]}}],"collection":[{"href":"https:\/\/bibliotheque.cegepgarneau.ca\/index.php\/wp-json\/wp\/v2\/pages"}],"about":[{"href":"https:\/\/bibliotheque.cegepgarneau.ca\/index.php\/wp-json\/wp\/v2\/types\/page"}],"author":[{"embeddable":true,"href":"https:\/\/bibliotheque.cegepgarneau.ca\/index.php\/wp-json\/wp\/v2\/users\/1"}],"replies":[{"embeddable":true,"href":"https:\/\/bibliotheque.cegepgarneau.ca\/index.php\/wp-json\/wp\/v2\/comments?post=7997"}],"version-history":[{"count":9,"href":"https:\/\/bibliotheque.cegepgarneau.ca\/index.php\/wp-json\/wp\/v2\/pages\/7997\/revisions"}],"predecessor-version":[{"id":12989,"href":"https:\/\/bibliotheque.cegepgarneau.ca\/index.php\/wp-json\/wp\/v2\/pages\/7997\/revisions\/12989"}],"up":[{"embeddable":true,"href":"https:\/\/bibliotheque.cegepgarneau.ca\/index.php\/wp-json\/wp\/v2\/pages\/7600"}],"wp:attachment":[{"href":"https:\/\/bibliotheque.cegepgarneau.ca\/index.php\/wp-json\/wp\/v2\/media?parent=7997"}],"curies":[{"name":"wp","href":"https:\/\/api.w.org\/{rel}","templated":true}]}}