{"id":7720,"date":"2020-12-17T13:45:28","date_gmt":"2020-12-17T12:45:28","guid":{"rendered":"http:\/\/bibliotheque.cegepgarneau.ca\/?page_id=7720"},"modified":"2024-02-01T20:20:00","modified_gmt":"2024-02-01T19:20:00","slug":"comment-chercher","status":"publish","type":"page","link":"https:\/\/bibliotheque.cegepgarneau.ca\/index.php\/accueil\/comment-chercher\/","title":{"rendered":"Faire une recherche"},"content":{"rendered":"<p>Afin de maximiser temps et efforts, nous vous sugg\u00e9rons une m\u00e9thode de recherche documentaire en quatre \u00e9tapes. Cliquez sur l\u2019une des \u00e9tapes ci-dessous, selon votre besoin, en vue de trouver des sources d\u2019informations fiables sur votre sujet et de les citer correctement dans votre travail.<br \/>\n<!-- Image Map Generated by http:\/\/www.image-map.net\/ --><br \/>\n<img decoding=\"async\" src=\"\/wp-content\/uploads\/2024\/02\/Faireunerecherche_intro2.png\" usemap=\"#image-map\"><\/p>\n<map name=\"image-map\">\n<area target=\"_self\" alt=\"Pr\u00e9parer1\" title=\"Pr\u00e9parer1\" href=\"https:\/\/bibliotheque.cegepgarneau.ca\/index.php\/1-preparer\/\" coords=\"261,190,4,161\" shape=\"rect\">\n<area target=\"_self\" alt=\"Pr\u00e9parer2\" title=\"Pr\u00e9parer2\" href=\"https:\/\/bibliotheque.cegepgarneau.ca\/index.php\/1-preparer\/\" coords=\"139,117,29\" shape=\"circle\">\n<area target=\"_self\" alt=\"Trouver1\" title=\"Trouver1\" href=\"https:\/\/bibliotheque.cegepgarneau.ca\/index.php\/2-trouver\/\" coords=\"652,162,883,186\" shape=\"rect\">\n<area target=\"_self\" alt=\"Trouver2\" title=\"Trouver2\" href=\"https:\/\/bibliotheque.cegepgarneau.ca\/index.php\/2-trouver\/\" coords=\"754,117,29\" shape=\"circle\">\n<area target=\"_self\" alt=\"\u00c9valuer1\" title=\"\u00c9valuer1\" href=\"https:\/\/bibliotheque.cegepgarneau.ca\/index.php\/3-evaluer\/\" coords=\"634,442,859,468\" shape=\"rect\">\n<area target=\"_self\" alt=\"\u00c9valuer2\" title=\"\u00c9valuer2\" href=\"https:\/\/bibliotheque.cegepgarneau.ca\/index.php\/3-evaluer\/\" coords=\"730,399,28\" shape=\"circle\">\n<area target=\"_self\" alt=\"Citer1\" title=\"Citer1\" href=\"https:\/\/bibliotheque.cegepgarneau.ca\/index.php\/4-citer\/\" coords=\"43,445,236,469\" shape=\"rect\">\n<area target=\"_self\" alt=\"Citer2\" title=\"Citer2\" href=\"https:\/\/bibliotheque.cegepgarneau.ca\/index.php\/4-citer\/\" coords=\"144,407,29\" shape=\"circle\">\n<\/map>\n","protected":false},"excerpt":{"rendered":"<p>Afin de maximiser temps et efforts, nous vous sugg\u00e9rons une m\u00e9thode de recherche documentaire en quatre \u00e9tapes. Cliquez sur l\u2019une des \u00e9tapes ci-dessous, selon votre besoin, en vue de trouver des sources d\u2019informations fiables sur votre sujet et de les citer correctement dans votre travail.<\/p>\n","protected":false},"author":1,"featured_media":0,"parent":134,"menu_order":0,"comment_status":"closed","ping_status":"closed","template":"","meta":{"_exactmetrics_skip_tracking":false,"_exactmetrics_sitenote_active":false,"_exactmetrics_sitenote_note":"","_exactmetrics_sitenote_category":0,"footnotes":""},"class_list":["post-7720","page","type-page","status-publish","hentry"],"yoast_head":"<!-- This site is optimized with the Yoast SEO plugin v26.8 - https:\/\/yoast.com\/product\/yoast-seo-wordpress\/ -->\n<title>Faire une recherche - Biblioth\u00e8que C\u00e9gep Garneau<\/title>\n<meta name=\"robots\" content=\"index, follow, max-snippet:-1, max-image-preview:large, max-video-preview:-1\" \/>\n<link rel=\"canonical\" href=\"https:\/\/bibliotheque.cegepgarneau.ca\/index.php\/accueil\/comment-chercher\/\" \/>\n<meta property=\"og:locale\" content=\"fr_FR\" \/>\n<meta property=\"og:type\" content=\"article\" \/>\n<meta property=\"og:title\" content=\"Faire une recherche - Biblioth\u00e8que C\u00e9gep Garneau\" \/>\n<meta property=\"og:description\" content=\"Afin de maximiser temps et efforts, nous vous sugg\u00e9rons une m\u00e9thode de recherche documentaire en quatre \u00e9tapes. Cliquez sur l\u2019une des \u00e9tapes ci-dessous, selon votre besoin, en vue de trouver des sources d\u2019informations fiables sur votre sujet et de les citer correctement dans votre travail.\" \/>\n<meta property=\"og:url\" content=\"https:\/\/bibliotheque.cegepgarneau.ca\/index.php\/accueil\/comment-chercher\/\" \/>\n<meta property=\"og:site_name\" content=\"Biblioth\u00e8que C\u00e9gep Garneau\" \/>\n<meta property=\"article:modified_time\" content=\"2024-02-01T19:20:00+00:00\" \/>\n<meta name=\"twitter:card\" content=\"summary_large_image\" \/>\n<meta name=\"twitter:label1\" content=\"Dur\u00e9e de lecture estim\u00e9e\" \/>\n\t<meta name=\"twitter:data1\" content=\"1 minute\" \/>\n<script type=\"application\/ld+json\" class=\"yoast-schema-graph\">{\"@context\":\"https:\/\/schema.org\",\"@graph\":[{\"@type\":\"WebPage\",\"@id\":\"https:\/\/bibliotheque.cegepgarneau.ca\/index.php\/accueil\/comment-chercher\/\",\"url\":\"https:\/\/bibliotheque.cegepgarneau.ca\/index.php\/accueil\/comment-chercher\/\",\"name\":\"Faire une recherche - Biblioth\u00e8que C\u00e9gep Garneau\",\"isPartOf\":{\"@id\":\"https:\/\/bibliotheque.cegepgarneau.ca\/#website\"},\"datePublished\":\"2020-12-17T12:45:28+00:00\",\"dateModified\":\"2024-02-01T19:20:00+00:00\",\"breadcrumb\":{\"@id\":\"https:\/\/bibliotheque.cegepgarneau.ca\/index.php\/accueil\/comment-chercher\/#breadcrumb\"},\"inLanguage\":\"fr-FR\",\"potentialAction\":[{\"@type\":\"ReadAction\",\"target\":[\"https:\/\/bibliotheque.cegepgarneau.ca\/index.php\/accueil\/comment-chercher\/\"]}]},{\"@type\":\"BreadcrumbList\",\"@id\":\"https:\/\/bibliotheque.cegepgarneau.ca\/index.php\/accueil\/comment-chercher\/#breadcrumb\",\"itemListElement\":[{\"@type\":\"ListItem\",\"position\":1,\"name\":\"Accueil\",\"item\":\"https:\/\/bibliotheque.cegepgarneau.ca\/\"},{\"@type\":\"ListItem\",\"position\":2,\"name\":\"Faire une recherche\"}]},{\"@type\":\"WebSite\",\"@id\":\"https:\/\/bibliotheque.cegepgarneau.ca\/#website\",\"url\":\"https:\/\/bibliotheque.cegepgarneau.ca\/\",\"name\":\"Biblioth\u00e8que C\u00e9gep Garneau\",\"description\":\"\",\"potentialAction\":[{\"@type\":\"SearchAction\",\"target\":{\"@type\":\"EntryPoint\",\"urlTemplate\":\"https:\/\/bibliotheque.cegepgarneau.ca\/?s={search_term_string}\"},\"query-input\":{\"@type\":\"PropertyValueSpecification\",\"valueRequired\":true,\"valueName\":\"search_term_string\"}}],\"inLanguage\":\"fr-FR\"}]}<\/script>\n<!-- \/ Yoast SEO plugin. -->","yoast_head_json":{"title":"Faire une recherche - Biblioth\u00e8que C\u00e9gep Garneau","robots":{"index":"index","follow":"follow","max-snippet":"max-snippet:-1","max-image-preview":"max-image-preview:large","max-video-preview":"max-video-preview:-1"},"canonical":"https:\/\/bibliotheque.cegepgarneau.ca\/index.php\/accueil\/comment-chercher\/","og_locale":"fr_FR","og_type":"article","og_title":"Faire une recherche - Biblioth\u00e8que C\u00e9gep Garneau","og_description":"Afin de maximiser temps et efforts, nous vous sugg\u00e9rons une m\u00e9thode de recherche documentaire en quatre \u00e9tapes. Cliquez sur l\u2019une des \u00e9tapes ci-dessous, selon votre besoin, en vue de trouver des sources d\u2019informations fiables sur votre sujet et de les citer correctement dans votre travail.","og_url":"https:\/\/bibliotheque.cegepgarneau.ca\/index.php\/accueil\/comment-chercher\/","og_site_name":"Biblioth\u00e8que C\u00e9gep Garneau","article_modified_time":"2024-02-01T19:20:00+00:00","twitter_card":"summary_large_image","twitter_misc":{"Dur\u00e9e de lecture estim\u00e9e":"1 minute"},"schema":{"@context":"https:\/\/schema.org","@graph":[{"@type":"WebPage","@id":"https:\/\/bibliotheque.cegepgarneau.ca\/index.php\/accueil\/comment-chercher\/","url":"https:\/\/bibliotheque.cegepgarneau.ca\/index.php\/accueil\/comment-chercher\/","name":"Faire une recherche - Biblioth\u00e8que C\u00e9gep Garneau","isPartOf":{"@id":"https:\/\/bibliotheque.cegepgarneau.ca\/#website"},"datePublished":"2020-12-17T12:45:28+00:00","dateModified":"2024-02-01T19:20:00+00:00","breadcrumb":{"@id":"https:\/\/bibliotheque.cegepgarneau.ca\/index.php\/accueil\/comment-chercher\/#breadcrumb"},"inLanguage":"fr-FR","potentialAction":[{"@type":"ReadAction","target":["https:\/\/bibliotheque.cegepgarneau.ca\/index.php\/accueil\/comment-chercher\/"]}]},{"@type":"BreadcrumbList","@id":"https:\/\/bibliotheque.cegepgarneau.ca\/index.php\/accueil\/comment-chercher\/#breadcrumb","itemListElement":[{"@type":"ListItem","position":1,"name":"Accueil","item":"https:\/\/bibliotheque.cegepgarneau.ca\/"},{"@type":"ListItem","position":2,"name":"Faire une recherche"}]},{"@type":"WebSite","@id":"https:\/\/bibliotheque.cegepgarneau.ca\/#website","url":"https:\/\/bibliotheque.cegepgarneau.ca\/","name":"Biblioth\u00e8que C\u00e9gep Garneau","description":"","potentialAction":[{"@type":"SearchAction","target":{"@type":"EntryPoint","urlTemplate":"https:\/\/bibliotheque.cegepgarneau.ca\/?s={search_term_string}"},"query-input":{"@type":"PropertyValueSpecification","valueRequired":true,"valueName":"search_term_string"}}],"inLanguage":"fr-FR"}]}},"_links":{"self":[{"href":"https:\/\/bibliotheque.cegepgarneau.ca\/index.php\/wp-json\/wp\/v2\/pages\/7720","targetHints":{"allow":["GET"]}}],"collection":[{"href":"https:\/\/bibliotheque.cegepgarneau.ca\/index.php\/wp-json\/wp\/v2\/pages"}],"about":[{"href":"https:\/\/bibliotheque.cegepgarneau.ca\/index.php\/wp-json\/wp\/v2\/types\/page"}],"author":[{"embeddable":true,"href":"https:\/\/bibliotheque.cegepgarneau.ca\/index.php\/wp-json\/wp\/v2\/users\/1"}],"replies":[{"embeddable":true,"href":"https:\/\/bibliotheque.cegepgarneau.ca\/index.php\/wp-json\/wp\/v2\/comments?post=7720"}],"version-history":[{"count":26,"href":"https:\/\/bibliotheque.cegepgarneau.ca\/index.php\/wp-json\/wp\/v2\/pages\/7720\/revisions"}],"predecessor-version":[{"id":16092,"href":"https:\/\/bibliotheque.cegepgarneau.ca\/index.php\/wp-json\/wp\/v2\/pages\/7720\/revisions\/16092"}],"up":[{"embeddable":true,"href":"https:\/\/bibliotheque.cegepgarneau.ca\/index.php\/wp-json\/wp\/v2\/pages\/134"}],"wp:attachment":[{"href":"https:\/\/bibliotheque.cegepgarneau.ca\/index.php\/wp-json\/wp\/v2\/media?parent=7720"}],"curies":[{"name":"wp","href":"https:\/\/api.w.org\/{rel}","templated":true}]}}