{"id":7602,"date":"2020-12-02T14:36:57","date_gmt":"2020-12-02T13:36:57","guid":{"rendered":"http:\/\/bibliotheque.cegepgarneau.ca\/?page_id=7602"},"modified":"2021-08-11T19:50:53","modified_gmt":"2021-08-11T18:50:53","slug":"3-evaluer","status":"publish","type":"page","link":"https:\/\/bibliotheque.cegepgarneau.ca\/index.php\/accueil\/comment-chercher\/3-evaluer\/","title":{"rendered":"3 &#8211; \u00c9valuer ses sources"},"content":{"rendered":"\r\n<p><img loading=\"lazy\" decoding=\"async\" class=\"alignnone size-full wp-image-7882\" src=\"https:\/\/bibliotheque.cegepgarneau.ca\/wp-content\/uploads\/2020\/12\/Evaluer-ses-sources.png\" alt=\"\" width=\"980\" height=\"180\" srcset=\"https:\/\/bibliotheque.cegepgarneau.ca\/wp-content\/uploads\/2020\/12\/Evaluer-ses-sources.png 980w, https:\/\/bibliotheque.cegepgarneau.ca\/wp-content\/uploads\/2020\/12\/Evaluer-ses-sources-300x55.png 300w, https:\/\/bibliotheque.cegepgarneau.ca\/wp-content\/uploads\/2020\/12\/Evaluer-ses-sources-768x141.png 768w\" sizes=\"auto, (max-width: 980px) 100vw, 980px\" \/><\/p>\r\n<hr><h5>\r\nQuelle que soit la provenance de vos sources d\u2019information, vous devez \u00e9valuer chacune d\u2019entre elles afin de vous assurer, entre autres, de la pertinence et de la qualit\u00e9 de l\u2019information. Vous trouverez, dans cette section, des grilles d\u2019\u00e9valuation qui vous permettront d\u2019identifier les sources d\u2019informations les plus pertinentes pour votre travail.<h5><hr>\r\n<p><div id=\"faq-7661\" class=\"arconix-faq-wrap\"><div id=\"faq-Lauteur\" class=\"arconix-faq-title faq-closed\">L\u2019auteur<\/div><div class=\"arconix-faq-content faq-closed\"><p><img loading=\"lazy\" decoding=\"async\" class=\"alignnone size-full wp-image-8017\" src=\"https:\/\/bibliotheque.cegepgarneau.ca\/wp-content\/uploads\/2020\/12\/AUTEURFIN.png\" alt=\"\" width=\"900\" height=\"559\" srcset=\"https:\/\/bibliotheque.cegepgarneau.ca\/wp-content\/uploads\/2020\/12\/AUTEURFIN.png 900w, https:\/\/bibliotheque.cegepgarneau.ca\/wp-content\/uploads\/2020\/12\/AUTEURFIN-300x186.png 300w, https:\/\/bibliotheque.cegepgarneau.ca\/wp-content\/uploads\/2020\/12\/AUTEURFIN-768x477.png 768w\" sizes=\"auto, (max-width: 900px) 100vw, 900px\" \/><\/p><\/div><\/div> <div id=\"faq-7667\" class=\"arconix-faq-wrap\"><div id=\"faq-Lapertinenceetlaqualitdelinformation\" class=\"arconix-faq-title faq-closed\">La pertinence et la qualit\u00e9 de l\u2019information<\/div><div class=\"arconix-faq-content faq-closed\"><p><img loading=\"lazy\" decoding=\"async\" class=\"alignnone size-full wp-image-8019\" src=\"https:\/\/bibliotheque.cegepgarneau.ca\/wp-content\/uploads\/2020\/12\/PERTINENCEFIN.png\" alt=\"\" width=\"900\" height=\"594\" srcset=\"https:\/\/bibliotheque.cegepgarneau.ca\/wp-content\/uploads\/2020\/12\/PERTINENCEFIN.png 900w, https:\/\/bibliotheque.cegepgarneau.ca\/wp-content\/uploads\/2020\/12\/PERTINENCEFIN-300x198.png 300w, https:\/\/bibliotheque.cegepgarneau.ca\/wp-content\/uploads\/2020\/12\/PERTINENCEFIN-768x507.png 768w\" sizes=\"auto, (max-width: 900px) 100vw, 900px\" \/><\/p>\n<p><iframe loading=\"lazy\" src=\"https:\/\/www.youtube.com\/embed\/YUKl9cjzFEw\" width=\"560\" height=\"315\" frameborder=\"0\" allowfullscreen=\"allowfullscreen\"><\/iframe><\/p>\n<\/div><\/div> <div id=\"faq-7671\" class=\"arconix-faq-wrap\"><div id=\"faq-Lactualitdelinformation\" class=\"arconix-faq-title faq-closed\">L\u2019actualit\u00e9 de l\u2019information<\/div><div class=\"arconix-faq-content faq-closed\"><p><img loading=\"lazy\" decoding=\"async\" class=\"alignnone size-full wp-image-8016\" src=\"https:\/\/bibliotheque.cegepgarneau.ca\/wp-content\/uploads\/2020\/12\/ACTUALITEFIN.png\" alt=\"\" width=\"900\" height=\"447\" srcset=\"https:\/\/bibliotheque.cegepgarneau.ca\/wp-content\/uploads\/2020\/12\/ACTUALITEFIN.png 900w, https:\/\/bibliotheque.cegepgarneau.ca\/wp-content\/uploads\/2020\/12\/ACTUALITEFIN-300x149.png 300w, https:\/\/bibliotheque.cegepgarneau.ca\/wp-content\/uploads\/2020\/12\/ACTUALITEFIN-768x381.png 768w\" sizes=\"auto, (max-width: 900px) 100vw, 900px\" \/><\/p>\n<\/div><\/div> <div id=\"faq-7674\" class=\"arconix-faq-wrap\"><div id=\"faq-Lobjectivitdelinformation\" class=\"arconix-faq-title faq-closed\">L\u2019objectivit\u00e9 de l\u2019information<\/div><div class=\"arconix-faq-content faq-closed\"><p><img loading=\"lazy\" decoding=\"async\" class=\"alignnone size-full wp-image-8018\" src=\"https:\/\/bibliotheque.cegepgarneau.ca\/wp-content\/uploads\/2020\/12\/OBJECTIVITEFIN.png\" alt=\"\" width=\"900\" height=\"516\" srcset=\"https:\/\/bibliotheque.cegepgarneau.ca\/wp-content\/uploads\/2020\/12\/OBJECTIVITEFIN.png 900w, https:\/\/bibliotheque.cegepgarneau.ca\/wp-content\/uploads\/2020\/12\/OBJECTIVITEFIN-300x172.png 300w, https:\/\/bibliotheque.cegepgarneau.ca\/wp-content\/uploads\/2020\/12\/OBJECTIVITEFIN-768x440.png 768w\" sizes=\"auto, (max-width: 900px) 100vw, 900px\" \/><\/p>\n<\/div><\/div><\/p>\r\n","protected":false},"excerpt":{"rendered":"<p>Quelle que soit la provenance de vos sources d\u2019information, vous devez \u00e9valuer chacune d\u2019entre elles afin de vous assurer, entre autres, de la pertinence et de la qualit\u00e9 de l\u2019information. Vous trouverez, dans cette section, des grilles d\u2019\u00e9valuation qui vous permettront d\u2019identifier les sources d\u2019informations les plus pertinentes pour votre travail.<\/p>\n","protected":false},"author":1,"featured_media":0,"parent":7720,"menu_order":0,"comment_status":"closed","ping_status":"closed","template":"","meta":{"_exactmetrics_skip_tracking":false,"_exactmetrics_sitenote_active":false,"_exactmetrics_sitenote_note":"","_exactmetrics_sitenote_category":0,"footnotes":""},"class_list":["post-7602","page","type-page","status-publish","hentry"],"yoast_head":"<!-- This site is optimized with the Yoast SEO plugin v26.8 - https:\/\/yoast.com\/product\/yoast-seo-wordpress\/ -->\n<title>3 - \u00c9valuer ses sources - Biblioth\u00e8que C\u00e9gep Garneau<\/title>\n<meta name=\"robots\" content=\"index, follow, max-snippet:-1, max-image-preview:large, max-video-preview:-1\" \/>\n<link rel=\"canonical\" href=\"https:\/\/bibliotheque.cegepgarneau.ca\/index.php\/accueil\/comment-chercher\/3-evaluer\/\" \/>\n<meta property=\"og:locale\" content=\"fr_FR\" \/>\n<meta property=\"og:type\" content=\"article\" \/>\n<meta property=\"og:title\" content=\"3 - \u00c9valuer ses sources - Biblioth\u00e8que C\u00e9gep Garneau\" \/>\n<meta property=\"og:description\" content=\"Quelle que soit la provenance de vos sources d\u2019information, vous devez \u00e9valuer chacune d\u2019entre elles afin de vous assurer, entre autres, de la pertinence et de la qualit\u00e9 de l\u2019information. Vous trouverez, dans cette section, des grilles d\u2019\u00e9valuation qui vous permettront d\u2019identifier les sources d\u2019informations les plus pertinentes pour votre travail.\" \/>\n<meta property=\"og:url\" content=\"https:\/\/bibliotheque.cegepgarneau.ca\/index.php\/accueil\/comment-chercher\/3-evaluer\/\" \/>\n<meta property=\"og:site_name\" content=\"Biblioth\u00e8que C\u00e9gep Garneau\" \/>\n<meta property=\"article:modified_time\" content=\"2021-08-11T18:50:53+00:00\" \/>\n<meta property=\"og:image\" content=\"http:\/\/bibliotheque.cegepgarneau.ca\/wp-content\/uploads\/2020\/12\/Evaluer-ses-sources.png\" \/>\n<meta name=\"twitter:card\" content=\"summary_large_image\" \/>\n<meta name=\"twitter:label1\" content=\"Dur\u00e9e de lecture estim\u00e9e\" \/>\n\t<meta name=\"twitter:data1\" content=\"1 minute\" \/>\n<script type=\"application\/ld+json\" class=\"yoast-schema-graph\">{\"@context\":\"https:\/\/schema.org\",\"@graph\":[{\"@type\":\"WebPage\",\"@id\":\"https:\/\/bibliotheque.cegepgarneau.ca\/index.php\/accueil\/comment-chercher\/3-evaluer\/\",\"url\":\"https:\/\/bibliotheque.cegepgarneau.ca\/index.php\/accueil\/comment-chercher\/3-evaluer\/\",\"name\":\"3 - \u00c9valuer ses sources - Biblioth\u00e8que C\u00e9gep Garneau\",\"isPartOf\":{\"@id\":\"https:\/\/bibliotheque.cegepgarneau.ca\/#website\"},\"primaryImageOfPage\":{\"@id\":\"https:\/\/bibliotheque.cegepgarneau.ca\/index.php\/accueil\/comment-chercher\/3-evaluer\/#primaryimage\"},\"image\":{\"@id\":\"https:\/\/bibliotheque.cegepgarneau.ca\/index.php\/accueil\/comment-chercher\/3-evaluer\/#primaryimage\"},\"thumbnailUrl\":\"http:\/\/bibliotheque.cegepgarneau.ca\/wp-content\/uploads\/2020\/12\/Evaluer-ses-sources.png\",\"datePublished\":\"2020-12-02T13:36:57+00:00\",\"dateModified\":\"2021-08-11T18:50:53+00:00\",\"breadcrumb\":{\"@id\":\"https:\/\/bibliotheque.cegepgarneau.ca\/index.php\/accueil\/comment-chercher\/3-evaluer\/#breadcrumb\"},\"inLanguage\":\"fr-FR\",\"potentialAction\":[{\"@type\":\"ReadAction\",\"target\":[\"https:\/\/bibliotheque.cegepgarneau.ca\/index.php\/accueil\/comment-chercher\/3-evaluer\/\"]}]},{\"@type\":\"ImageObject\",\"inLanguage\":\"fr-FR\",\"@id\":\"https:\/\/bibliotheque.cegepgarneau.ca\/index.php\/accueil\/comment-chercher\/3-evaluer\/#primaryimage\",\"url\":\"http:\/\/bibliotheque.cegepgarneau.ca\/wp-content\/uploads\/2020\/12\/Evaluer-ses-sources.png\",\"contentUrl\":\"http:\/\/bibliotheque.cegepgarneau.ca\/wp-content\/uploads\/2020\/12\/Evaluer-ses-sources.png\"},{\"@type\":\"BreadcrumbList\",\"@id\":\"https:\/\/bibliotheque.cegepgarneau.ca\/index.php\/accueil\/comment-chercher\/3-evaluer\/#breadcrumb\",\"itemListElement\":[{\"@type\":\"ListItem\",\"position\":1,\"name\":\"Accueil\",\"item\":\"https:\/\/bibliotheque.cegepgarneau.ca\/\"},{\"@type\":\"ListItem\",\"position\":2,\"name\":\"Faire une recherche\",\"item\":\"https:\/\/bibliotheque.cegepgarneau.ca\/index.php\/accueil\/comment-chercher\/\"},{\"@type\":\"ListItem\",\"position\":3,\"name\":\"3 &#8211; \u00c9valuer ses sources\"}]},{\"@type\":\"WebSite\",\"@id\":\"https:\/\/bibliotheque.cegepgarneau.ca\/#website\",\"url\":\"https:\/\/bibliotheque.cegepgarneau.ca\/\",\"name\":\"Biblioth\u00e8que C\u00e9gep Garneau\",\"description\":\"\",\"potentialAction\":[{\"@type\":\"SearchAction\",\"target\":{\"@type\":\"EntryPoint\",\"urlTemplate\":\"https:\/\/bibliotheque.cegepgarneau.ca\/?s={search_term_string}\"},\"query-input\":{\"@type\":\"PropertyValueSpecification\",\"valueRequired\":true,\"valueName\":\"search_term_string\"}}],\"inLanguage\":\"fr-FR\"}]}<\/script>\n<!-- \/ Yoast SEO plugin. -->","yoast_head_json":{"title":"3 - \u00c9valuer ses sources - Biblioth\u00e8que C\u00e9gep Garneau","robots":{"index":"index","follow":"follow","max-snippet":"max-snippet:-1","max-image-preview":"max-image-preview:large","max-video-preview":"max-video-preview:-1"},"canonical":"https:\/\/bibliotheque.cegepgarneau.ca\/index.php\/accueil\/comment-chercher\/3-evaluer\/","og_locale":"fr_FR","og_type":"article","og_title":"3 - \u00c9valuer ses sources - Biblioth\u00e8que C\u00e9gep Garneau","og_description":"Quelle que soit la provenance de vos sources d\u2019information, vous devez \u00e9valuer chacune d\u2019entre elles afin de vous assurer, entre autres, de la pertinence et de la qualit\u00e9 de l\u2019information. Vous trouverez, dans cette section, des grilles d\u2019\u00e9valuation qui vous permettront d\u2019identifier les sources d\u2019informations les plus pertinentes pour votre travail.","og_url":"https:\/\/bibliotheque.cegepgarneau.ca\/index.php\/accueil\/comment-chercher\/3-evaluer\/","og_site_name":"Biblioth\u00e8que C\u00e9gep Garneau","article_modified_time":"2021-08-11T18:50:53+00:00","og_image":[{"url":"http:\/\/bibliotheque.cegepgarneau.ca\/wp-content\/uploads\/2020\/12\/Evaluer-ses-sources.png","type":"","width":"","height":""}],"twitter_card":"summary_large_image","twitter_misc":{"Dur\u00e9e de lecture estim\u00e9e":"1 minute"},"schema":{"@context":"https:\/\/schema.org","@graph":[{"@type":"WebPage","@id":"https:\/\/bibliotheque.cegepgarneau.ca\/index.php\/accueil\/comment-chercher\/3-evaluer\/","url":"https:\/\/bibliotheque.cegepgarneau.ca\/index.php\/accueil\/comment-chercher\/3-evaluer\/","name":"3 - \u00c9valuer ses sources - Biblioth\u00e8que C\u00e9gep Garneau","isPartOf":{"@id":"https:\/\/bibliotheque.cegepgarneau.ca\/#website"},"primaryImageOfPage":{"@id":"https:\/\/bibliotheque.cegepgarneau.ca\/index.php\/accueil\/comment-chercher\/3-evaluer\/#primaryimage"},"image":{"@id":"https:\/\/bibliotheque.cegepgarneau.ca\/index.php\/accueil\/comment-chercher\/3-evaluer\/#primaryimage"},"thumbnailUrl":"http:\/\/bibliotheque.cegepgarneau.ca\/wp-content\/uploads\/2020\/12\/Evaluer-ses-sources.png","datePublished":"2020-12-02T13:36:57+00:00","dateModified":"2021-08-11T18:50:53+00:00","breadcrumb":{"@id":"https:\/\/bibliotheque.cegepgarneau.ca\/index.php\/accueil\/comment-chercher\/3-evaluer\/#breadcrumb"},"inLanguage":"fr-FR","potentialAction":[{"@type":"ReadAction","target":["https:\/\/bibliotheque.cegepgarneau.ca\/index.php\/accueil\/comment-chercher\/3-evaluer\/"]}]},{"@type":"ImageObject","inLanguage":"fr-FR","@id":"https:\/\/bibliotheque.cegepgarneau.ca\/index.php\/accueil\/comment-chercher\/3-evaluer\/#primaryimage","url":"http:\/\/bibliotheque.cegepgarneau.ca\/wp-content\/uploads\/2020\/12\/Evaluer-ses-sources.png","contentUrl":"http:\/\/bibliotheque.cegepgarneau.ca\/wp-content\/uploads\/2020\/12\/Evaluer-ses-sources.png"},{"@type":"BreadcrumbList","@id":"https:\/\/bibliotheque.cegepgarneau.ca\/index.php\/accueil\/comment-chercher\/3-evaluer\/#breadcrumb","itemListElement":[{"@type":"ListItem","position":1,"name":"Accueil","item":"https:\/\/bibliotheque.cegepgarneau.ca\/"},{"@type":"ListItem","position":2,"name":"Faire une recherche","item":"https:\/\/bibliotheque.cegepgarneau.ca\/index.php\/accueil\/comment-chercher\/"},{"@type":"ListItem","position":3,"name":"3 &#8211; \u00c9valuer ses sources"}]},{"@type":"WebSite","@id":"https:\/\/bibliotheque.cegepgarneau.ca\/#website","url":"https:\/\/bibliotheque.cegepgarneau.ca\/","name":"Biblioth\u00e8que C\u00e9gep Garneau","description":"","potentialAction":[{"@type":"SearchAction","target":{"@type":"EntryPoint","urlTemplate":"https:\/\/bibliotheque.cegepgarneau.ca\/?s={search_term_string}"},"query-input":{"@type":"PropertyValueSpecification","valueRequired":true,"valueName":"search_term_string"}}],"inLanguage":"fr-FR"}]}},"_links":{"self":[{"href":"https:\/\/bibliotheque.cegepgarneau.ca\/index.php\/wp-json\/wp\/v2\/pages\/7602","targetHints":{"allow":["GET"]}}],"collection":[{"href":"https:\/\/bibliotheque.cegepgarneau.ca\/index.php\/wp-json\/wp\/v2\/pages"}],"about":[{"href":"https:\/\/bibliotheque.cegepgarneau.ca\/index.php\/wp-json\/wp\/v2\/types\/page"}],"author":[{"embeddable":true,"href":"https:\/\/bibliotheque.cegepgarneau.ca\/index.php\/wp-json\/wp\/v2\/users\/1"}],"replies":[{"embeddable":true,"href":"https:\/\/bibliotheque.cegepgarneau.ca\/index.php\/wp-json\/wp\/v2\/comments?post=7602"}],"version-history":[{"count":20,"href":"https:\/\/bibliotheque.cegepgarneau.ca\/index.php\/wp-json\/wp\/v2\/pages\/7602\/revisions"}],"predecessor-version":[{"id":9712,"href":"https:\/\/bibliotheque.cegepgarneau.ca\/index.php\/wp-json\/wp\/v2\/pages\/7602\/revisions\/9712"}],"up":[{"embeddable":true,"href":"https:\/\/bibliotheque.cegepgarneau.ca\/index.php\/wp-json\/wp\/v2\/pages\/7720"}],"wp:attachment":[{"href":"https:\/\/bibliotheque.cegepgarneau.ca\/index.php\/wp-json\/wp\/v2\/media?parent=7602"}],"curies":[{"name":"wp","href":"https:\/\/api.w.org\/{rel}","templated":true}]}}