{"id":5970,"date":"2019-09-26T13:11:09","date_gmt":"2019-09-26T12:11:09","guid":{"rendered":"http:\/\/bibliotheque.cegepgarneau.ca\/?page_id=5970"},"modified":"2022-08-05T14:02:12","modified_gmt":"2022-08-05T13:02:12","slug":"accessibilite","status":"publish","type":"page","link":"https:\/\/bibliotheque.cegepgarneau.ca\/index.php\/accueil\/services\/accessibilite\/","title":{"rendered":"Accessibilit\u00e9"},"content":{"rendered":"<p>La biblioth\u00e8que du c\u00e9gep Garneau est facilement accessible aux personnes \u00e0 mobilit\u00e9 r\u00e9duite.<br \/>\n\u00a0<br \/>\n<strong>Stationnement <\/strong><\/p>\n<p>Vous pouvez entrer du c\u00f4t\u00e9 de la rue \u00c9mile-C\u00f4t\u00e9, o\u00f9 se trouvent une rampe, une porte automatique et un espace de stationnement r\u00e9serv\u00e9 aux personnes handicap\u00e9es (si vous poss\u00e9dez une vignette de stationnement valide pour ce secteur).<br \/>\n\u00a0<\/p>\n<p><strong>Espaces de la biblioth\u00e8que<\/strong><\/p>\n<p>La biblioth\u00e8que est situ\u00e9e au deuxi\u00e8me \u00e9tage du pavillon Jean-Baptiste-Cloutier, local D-2500. \u00c0 droite de l\u2019entr\u00e9e principale se trouve un bouton poussoir qui permet l\u2019ouverture automatique de la porte. Tous les espaces (dont le laboratoire informatique) sont accessibles aux personnes \u00e0 mobilit\u00e9 r\u00e9duite.<br \/>\n\u00a0<\/p>\n<p><strong>Collection g\u00e9n\u00e9rale<\/strong><\/p>\n<p>Un ascenseur est disponible derri\u00e8re le comptoir d&#8217;accueil pour vous permettre d&#8217;acc\u00e9der, entre autres, \u00e0 la collection g\u00e9n\u00e9rale et aux p\u00e9riodiques, conserv\u00e9s au niveau 3000. Le personnel du Service d\u2019aide \u00e0 la recherche se fera un plaisir de vous pr\u00eater assistance pour atteindre tous les documents, au besoin.<\/p>\n<p>&nbsp;<\/p>\n<p><strong>Site Web<\/strong><\/p>\n<p>Le personnel du Service d&#8217;aide \u00e0 la recherche est disponible pour vous accompagner lors de la navigation sur notre site Web et pour chercher de l&#8217;information pertinente pour vos travaux scolaires. N&#8217;h\u00e9sitez pas \u00e0 communiquer avec lui :<br \/>\nT\u00e9l\u00e9phone : 418-688-8310, poste 2217<br \/>\nCourriel : <span style=\"color: #3366ff;\"><a style=\"color: #3366ff;\" href=\"mailto:reference@cegepgarneau.ca\">reference@cegepgarneau.ca<\/a><\/span><br \/>\nEn personne : bureau d&#8217;aide \u00e0 la recherche, au niveau 3000<br \/>\n\u00a0<\/p>\n","protected":false},"excerpt":{"rendered":"<p>La biblioth\u00e8que du c\u00e9gep Garneau est facilement accessible aux personnes \u00e0 mobilit\u00e9 r\u00e9duite. \u00a0 Stationnement Vous pouvez entrer du c\u00f4t\u00e9 de la rue \u00c9mile-C\u00f4t\u00e9, o\u00f9 se trouvent une rampe, une porte automatique et un espace de stationnement r\u00e9serv\u00e9 aux personnes handicap\u00e9es (si vous poss\u00e9dez une vignette de stationnement valide pour ce secteur). \u00a0 Espaces de [&hellip;]<\/p>\n","protected":false},"author":1,"featured_media":0,"parent":4180,"menu_order":0,"comment_status":"closed","ping_status":"closed","template":"","meta":{"_exactmetrics_skip_tracking":false,"_exactmetrics_sitenote_active":false,"_exactmetrics_sitenote_note":"","_exactmetrics_sitenote_category":0,"footnotes":""},"class_list":["post-5970","page","type-page","status-publish","hentry"],"yoast_head":"<!-- This site is optimized with the Yoast SEO plugin v26.8 - https:\/\/yoast.com\/product\/yoast-seo-wordpress\/ -->\n<title>Accessibilit\u00e9 - Biblioth\u00e8que C\u00e9gep Garneau<\/title>\n<meta name=\"robots\" content=\"index, follow, max-snippet:-1, max-image-preview:large, max-video-preview:-1\" \/>\n<link rel=\"canonical\" href=\"https:\/\/bibliotheque.cegepgarneau.ca\/index.php\/accueil\/services\/accessibilite\/\" \/>\n<meta property=\"og:locale\" content=\"fr_FR\" \/>\n<meta property=\"og:type\" content=\"article\" \/>\n<meta property=\"og:title\" content=\"Accessibilit\u00e9 - Biblioth\u00e8que C\u00e9gep Garneau\" \/>\n<meta property=\"og:description\" content=\"La biblioth\u00e8que du c\u00e9gep Garneau est facilement accessible aux personnes \u00e0 mobilit\u00e9 r\u00e9duite. \u00a0 Stationnement Vous pouvez entrer du c\u00f4t\u00e9 de la rue \u00c9mile-C\u00f4t\u00e9, o\u00f9 se trouvent une rampe, une porte automatique et un espace de stationnement r\u00e9serv\u00e9 aux personnes handicap\u00e9es (si vous poss\u00e9dez une vignette de stationnement valide pour ce secteur). \u00a0 Espaces de [&hellip;]\" \/>\n<meta property=\"og:url\" content=\"https:\/\/bibliotheque.cegepgarneau.ca\/index.php\/accueil\/services\/accessibilite\/\" \/>\n<meta property=\"og:site_name\" content=\"Biblioth\u00e8que C\u00e9gep Garneau\" \/>\n<meta property=\"article:modified_time\" content=\"2022-08-05T13:02:12+00:00\" \/>\n<meta name=\"twitter:card\" content=\"summary_large_image\" \/>\n<meta name=\"twitter:label1\" content=\"Dur\u00e9e de lecture estim\u00e9e\" \/>\n\t<meta name=\"twitter:data1\" content=\"1 minute\" \/>\n<script type=\"application\/ld+json\" class=\"yoast-schema-graph\">{\"@context\":\"https:\/\/schema.org\",\"@graph\":[{\"@type\":\"WebPage\",\"@id\":\"https:\/\/bibliotheque.cegepgarneau.ca\/index.php\/accueil\/services\/accessibilite\/\",\"url\":\"https:\/\/bibliotheque.cegepgarneau.ca\/index.php\/accueil\/services\/accessibilite\/\",\"name\":\"Accessibilit\u00e9 - Biblioth\u00e8que C\u00e9gep Garneau\",\"isPartOf\":{\"@id\":\"https:\/\/bibliotheque.cegepgarneau.ca\/#website\"},\"datePublished\":\"2019-09-26T12:11:09+00:00\",\"dateModified\":\"2022-08-05T13:02:12+00:00\",\"breadcrumb\":{\"@id\":\"https:\/\/bibliotheque.cegepgarneau.ca\/index.php\/accueil\/services\/accessibilite\/#breadcrumb\"},\"inLanguage\":\"fr-FR\",\"potentialAction\":[{\"@type\":\"ReadAction\",\"target\":[\"https:\/\/bibliotheque.cegepgarneau.ca\/index.php\/accueil\/services\/accessibilite\/\"]}]},{\"@type\":\"BreadcrumbList\",\"@id\":\"https:\/\/bibliotheque.cegepgarneau.ca\/index.php\/accueil\/services\/accessibilite\/#breadcrumb\",\"itemListElement\":[{\"@type\":\"ListItem\",\"position\":1,\"name\":\"Accueil\",\"item\":\"https:\/\/bibliotheque.cegepgarneau.ca\/\"},{\"@type\":\"ListItem\",\"position\":2,\"name\":\"Comptoir d\u2019accueil\ufeff\",\"item\":\"https:\/\/bibliotheque.cegepgarneau.ca\/index.php\/accueil\/services\/\"},{\"@type\":\"ListItem\",\"position\":3,\"name\":\"Accessibilit\u00e9\"}]},{\"@type\":\"WebSite\",\"@id\":\"https:\/\/bibliotheque.cegepgarneau.ca\/#website\",\"url\":\"https:\/\/bibliotheque.cegepgarneau.ca\/\",\"name\":\"Biblioth\u00e8que C\u00e9gep Garneau\",\"description\":\"\",\"potentialAction\":[{\"@type\":\"SearchAction\",\"target\":{\"@type\":\"EntryPoint\",\"urlTemplate\":\"https:\/\/bibliotheque.cegepgarneau.ca\/?s={search_term_string}\"},\"query-input\":{\"@type\":\"PropertyValueSpecification\",\"valueRequired\":true,\"valueName\":\"search_term_string\"}}],\"inLanguage\":\"fr-FR\"}]}<\/script>\n<!-- \/ Yoast SEO plugin. -->","yoast_head_json":{"title":"Accessibilit\u00e9 - Biblioth\u00e8que C\u00e9gep Garneau","robots":{"index":"index","follow":"follow","max-snippet":"max-snippet:-1","max-image-preview":"max-image-preview:large","max-video-preview":"max-video-preview:-1"},"canonical":"https:\/\/bibliotheque.cegepgarneau.ca\/index.php\/accueil\/services\/accessibilite\/","og_locale":"fr_FR","og_type":"article","og_title":"Accessibilit\u00e9 - Biblioth\u00e8que C\u00e9gep Garneau","og_description":"La biblioth\u00e8que du c\u00e9gep Garneau est facilement accessible aux personnes \u00e0 mobilit\u00e9 r\u00e9duite. \u00a0 Stationnement Vous pouvez entrer du c\u00f4t\u00e9 de la rue \u00c9mile-C\u00f4t\u00e9, o\u00f9 se trouvent une rampe, une porte automatique et un espace de stationnement r\u00e9serv\u00e9 aux personnes handicap\u00e9es (si vous poss\u00e9dez une vignette de stationnement valide pour ce secteur). \u00a0 Espaces de [&hellip;]","og_url":"https:\/\/bibliotheque.cegepgarneau.ca\/index.php\/accueil\/services\/accessibilite\/","og_site_name":"Biblioth\u00e8que C\u00e9gep Garneau","article_modified_time":"2022-08-05T13:02:12+00:00","twitter_card":"summary_large_image","twitter_misc":{"Dur\u00e9e de lecture estim\u00e9e":"1 minute"},"schema":{"@context":"https:\/\/schema.org","@graph":[{"@type":"WebPage","@id":"https:\/\/bibliotheque.cegepgarneau.ca\/index.php\/accueil\/services\/accessibilite\/","url":"https:\/\/bibliotheque.cegepgarneau.ca\/index.php\/accueil\/services\/accessibilite\/","name":"Accessibilit\u00e9 - Biblioth\u00e8que C\u00e9gep Garneau","isPartOf":{"@id":"https:\/\/bibliotheque.cegepgarneau.ca\/#website"},"datePublished":"2019-09-26T12:11:09+00:00","dateModified":"2022-08-05T13:02:12+00:00","breadcrumb":{"@id":"https:\/\/bibliotheque.cegepgarneau.ca\/index.php\/accueil\/services\/accessibilite\/#breadcrumb"},"inLanguage":"fr-FR","potentialAction":[{"@type":"ReadAction","target":["https:\/\/bibliotheque.cegepgarneau.ca\/index.php\/accueil\/services\/accessibilite\/"]}]},{"@type":"BreadcrumbList","@id":"https:\/\/bibliotheque.cegepgarneau.ca\/index.php\/accueil\/services\/accessibilite\/#breadcrumb","itemListElement":[{"@type":"ListItem","position":1,"name":"Accueil","item":"https:\/\/bibliotheque.cegepgarneau.ca\/"},{"@type":"ListItem","position":2,"name":"Comptoir d\u2019accueil\ufeff","item":"https:\/\/bibliotheque.cegepgarneau.ca\/index.php\/accueil\/services\/"},{"@type":"ListItem","position":3,"name":"Accessibilit\u00e9"}]},{"@type":"WebSite","@id":"https:\/\/bibliotheque.cegepgarneau.ca\/#website","url":"https:\/\/bibliotheque.cegepgarneau.ca\/","name":"Biblioth\u00e8que C\u00e9gep Garneau","description":"","potentialAction":[{"@type":"SearchAction","target":{"@type":"EntryPoint","urlTemplate":"https:\/\/bibliotheque.cegepgarneau.ca\/?s={search_term_string}"},"query-input":{"@type":"PropertyValueSpecification","valueRequired":true,"valueName":"search_term_string"}}],"inLanguage":"fr-FR"}]}},"_links":{"self":[{"href":"https:\/\/bibliotheque.cegepgarneau.ca\/index.php\/wp-json\/wp\/v2\/pages\/5970","targetHints":{"allow":["GET"]}}],"collection":[{"href":"https:\/\/bibliotheque.cegepgarneau.ca\/index.php\/wp-json\/wp\/v2\/pages"}],"about":[{"href":"https:\/\/bibliotheque.cegepgarneau.ca\/index.php\/wp-json\/wp\/v2\/types\/page"}],"author":[{"embeddable":true,"href":"https:\/\/bibliotheque.cegepgarneau.ca\/index.php\/wp-json\/wp\/v2\/users\/1"}],"replies":[{"embeddable":true,"href":"https:\/\/bibliotheque.cegepgarneau.ca\/index.php\/wp-json\/wp\/v2\/comments?post=5970"}],"version-history":[{"count":7,"href":"https:\/\/bibliotheque.cegepgarneau.ca\/index.php\/wp-json\/wp\/v2\/pages\/5970\/revisions"}],"predecessor-version":[{"id":12442,"href":"https:\/\/bibliotheque.cegepgarneau.ca\/index.php\/wp-json\/wp\/v2\/pages\/5970\/revisions\/12442"}],"up":[{"embeddable":true,"href":"https:\/\/bibliotheque.cegepgarneau.ca\/index.php\/wp-json\/wp\/v2\/pages\/4180"}],"wp:attachment":[{"href":"https:\/\/bibliotheque.cegepgarneau.ca\/index.php\/wp-json\/wp\/v2\/media?parent=5970"}],"curies":[{"name":"wp","href":"https:\/\/api.w.org\/{rel}","templated":true}]}}