{"id":5494,"date":"2019-08-12T14:20:44","date_gmt":"2019-08-12T13:20:44","guid":{"rendered":"http:\/\/cdm.cegepgarneau.ca\/?page_id=5494"},"modified":"2024-07-31T15:51:54","modified_gmt":"2024-07-31T14:51:54","slug":"faq-2","status":"publish","type":"page","link":"https:\/\/bibliotheque.cegepgarneau.ca\/index.php\/accueil\/faq-2\/","title":{"rendered":"FAQ"},"content":{"rendered":"<div class=\"art-blockcontent\">\n<div class=\"textwidget widget-text\">\n<ul>\n<li><a href=\"https:\/\/bibliotheque.cegepgarneau.ca\/index.php\/accueil\/faq\/\">Catalogue Koha<\/a><\/li>\n<li><a href=\"https:\/\/bibliotheque.cegepgarneau.ca\/index.php\/accueil\/faq-recherche-documentaire\/\">Recherche documentaire<\/a><\/li>\n<li><a href=\"https:\/\/bibliotheque.cegepgarneau.ca\/index.php\/accueil\/faq-recherche-dans-les-bases-de-donnees\/\">Outils de recherche<\/a><\/li>\n<li><a href=\"https:\/\/bibliotheque.cegepgarneau.ca\/index.php\/accueil\/faq-a-la-bibliotheque\/\">\u00c0 la biblioth\u00e8que<\/a><\/li>\n<li><a href=\"https:\/\/bibliotheque.cegepgarneau.ca\/index.php\/accueil\/faq-informatique\/\">Informatique<\/a><\/li>\n<li><a href=\"https:\/\/bibliotheque.cegepgarneau.ca\/index.php\/accueil\/faq-imprimantes\/\">Imprimantes et photocopieurs<\/a><\/li>\n<\/ul>\n<\/div>\n<\/div>\n<p><strong>Si vous ne trouvez pas r\u00e9ponse \u00e0 votre question dans cette FAQ, ces options s\u2019offrent \u00e0 vous :<\/strong><\/p>\n<ul>\n<li>Rendez-vous au 2e \u00e9tage de la biblioth\u00e8que, au comptoir d\u2019Aide \u00e0 la recherche<\/li>\n<li>T\u00e9l\u00e9phonez-nous au 418-688-8310, poste 2217<\/li>\n<li>\u00c9crivez-nous \u00e0 <a href=\"mailto:reference@cegepgarneau.ca\">reference@cegepgarneau.ca<\/a><\/li>\n<li>Envoyez-nous un MIO \u00e0 Bibliotheque<\/li>\n<\/ul>\n<p>N\u2019h\u00e9sitez pas \u00e0 communiquer avec nous!<\/p>\n","protected":false},"excerpt":{"rendered":"<p>Catalogue Koha Recherche documentaire Outils de recherche \u00c0 la biblioth\u00e8que Informatique Imprimantes et photocopieurs Si vous ne trouvez pas r\u00e9ponse \u00e0 votre question dans cette FAQ, ces options s\u2019offrent \u00e0 vous : Rendez-vous au 2e \u00e9tage de la biblioth\u00e8que, au comptoir d\u2019Aide \u00e0 la recherche T\u00e9l\u00e9phonez-nous au 418-688-8310, poste 2217 \u00c9crivez-nous \u00e0 reference@cegepgarneau.ca Envoyez-nous un [&hellip;]<\/p>\n","protected":false},"author":1,"featured_media":0,"parent":134,"menu_order":0,"comment_status":"closed","ping_status":"closed","template":"","meta":{"_exactmetrics_skip_tracking":false,"_exactmetrics_sitenote_active":false,"_exactmetrics_sitenote_note":"","_exactmetrics_sitenote_category":0,"footnotes":""},"class_list":["post-5494","page","type-page","status-publish","hentry"],"yoast_head":"<!-- This site is optimized with the Yoast SEO plugin v26.8 - https:\/\/yoast.com\/product\/yoast-seo-wordpress\/ -->\n<title>FAQ - Biblioth\u00e8que C\u00e9gep Garneau<\/title>\n<meta name=\"robots\" content=\"index, follow, max-snippet:-1, max-image-preview:large, max-video-preview:-1\" \/>\n<link rel=\"canonical\" href=\"https:\/\/bibliotheque.cegepgarneau.ca\/index.php\/accueil\/faq-2\/\" \/>\n<meta property=\"og:locale\" content=\"fr_FR\" \/>\n<meta property=\"og:type\" content=\"article\" \/>\n<meta property=\"og:title\" content=\"FAQ - Biblioth\u00e8que C\u00e9gep Garneau\" \/>\n<meta property=\"og:description\" content=\"Catalogue Koha Recherche documentaire Outils de recherche \u00c0 la biblioth\u00e8que Informatique Imprimantes et photocopieurs Si vous ne trouvez pas r\u00e9ponse \u00e0 votre question dans cette FAQ, ces options s\u2019offrent \u00e0 vous : Rendez-vous au 2e \u00e9tage de la biblioth\u00e8que, au comptoir d\u2019Aide \u00e0 la recherche T\u00e9l\u00e9phonez-nous au 418-688-8310, poste 2217 \u00c9crivez-nous \u00e0 reference@cegepgarneau.ca Envoyez-nous un [&hellip;]\" \/>\n<meta property=\"og:url\" content=\"https:\/\/bibliotheque.cegepgarneau.ca\/index.php\/accueil\/faq-2\/\" \/>\n<meta property=\"og:site_name\" content=\"Biblioth\u00e8que C\u00e9gep Garneau\" \/>\n<meta property=\"article:modified_time\" content=\"2024-07-31T14:51:54+00:00\" \/>\n<meta name=\"twitter:card\" content=\"summary_large_image\" \/>\n<meta name=\"twitter:label1\" content=\"Dur\u00e9e de lecture estim\u00e9e\" \/>\n\t<meta name=\"twitter:data1\" content=\"1 minute\" \/>\n<script type=\"application\/ld+json\" class=\"yoast-schema-graph\">{\"@context\":\"https:\/\/schema.org\",\"@graph\":[{\"@type\":\"WebPage\",\"@id\":\"https:\/\/bibliotheque.cegepgarneau.ca\/index.php\/accueil\/faq-2\/\",\"url\":\"https:\/\/bibliotheque.cegepgarneau.ca\/index.php\/accueil\/faq-2\/\",\"name\":\"FAQ - Biblioth\u00e8que C\u00e9gep Garneau\",\"isPartOf\":{\"@id\":\"https:\/\/bibliotheque.cegepgarneau.ca\/#website\"},\"datePublished\":\"2019-08-12T13:20:44+00:00\",\"dateModified\":\"2024-07-31T14:51:54+00:00\",\"breadcrumb\":{\"@id\":\"https:\/\/bibliotheque.cegepgarneau.ca\/index.php\/accueil\/faq-2\/#breadcrumb\"},\"inLanguage\":\"fr-FR\",\"potentialAction\":[{\"@type\":\"ReadAction\",\"target\":[\"https:\/\/bibliotheque.cegepgarneau.ca\/index.php\/accueil\/faq-2\/\"]}]},{\"@type\":\"BreadcrumbList\",\"@id\":\"https:\/\/bibliotheque.cegepgarneau.ca\/index.php\/accueil\/faq-2\/#breadcrumb\",\"itemListElement\":[{\"@type\":\"ListItem\",\"position\":1,\"name\":\"Accueil\",\"item\":\"https:\/\/bibliotheque.cegepgarneau.ca\/\"},{\"@type\":\"ListItem\",\"position\":2,\"name\":\"FAQ\"}]},{\"@type\":\"WebSite\",\"@id\":\"https:\/\/bibliotheque.cegepgarneau.ca\/#website\",\"url\":\"https:\/\/bibliotheque.cegepgarneau.ca\/\",\"name\":\"Biblioth\u00e8que C\u00e9gep Garneau\",\"description\":\"\",\"potentialAction\":[{\"@type\":\"SearchAction\",\"target\":{\"@type\":\"EntryPoint\",\"urlTemplate\":\"https:\/\/bibliotheque.cegepgarneau.ca\/?s={search_term_string}\"},\"query-input\":{\"@type\":\"PropertyValueSpecification\",\"valueRequired\":true,\"valueName\":\"search_term_string\"}}],\"inLanguage\":\"fr-FR\"}]}<\/script>\n<!-- \/ Yoast SEO plugin. -->","yoast_head_json":{"title":"FAQ - Biblioth\u00e8que C\u00e9gep Garneau","robots":{"index":"index","follow":"follow","max-snippet":"max-snippet:-1","max-image-preview":"max-image-preview:large","max-video-preview":"max-video-preview:-1"},"canonical":"https:\/\/bibliotheque.cegepgarneau.ca\/index.php\/accueil\/faq-2\/","og_locale":"fr_FR","og_type":"article","og_title":"FAQ - Biblioth\u00e8que C\u00e9gep Garneau","og_description":"Catalogue Koha Recherche documentaire Outils de recherche \u00c0 la biblioth\u00e8que Informatique Imprimantes et photocopieurs Si vous ne trouvez pas r\u00e9ponse \u00e0 votre question dans cette FAQ, ces options s\u2019offrent \u00e0 vous : Rendez-vous au 2e \u00e9tage de la biblioth\u00e8que, au comptoir d\u2019Aide \u00e0 la recherche T\u00e9l\u00e9phonez-nous au 418-688-8310, poste 2217 \u00c9crivez-nous \u00e0 reference@cegepgarneau.ca Envoyez-nous un [&hellip;]","og_url":"https:\/\/bibliotheque.cegepgarneau.ca\/index.php\/accueil\/faq-2\/","og_site_name":"Biblioth\u00e8que C\u00e9gep Garneau","article_modified_time":"2024-07-31T14:51:54+00:00","twitter_card":"summary_large_image","twitter_misc":{"Dur\u00e9e de lecture estim\u00e9e":"1 minute"},"schema":{"@context":"https:\/\/schema.org","@graph":[{"@type":"WebPage","@id":"https:\/\/bibliotheque.cegepgarneau.ca\/index.php\/accueil\/faq-2\/","url":"https:\/\/bibliotheque.cegepgarneau.ca\/index.php\/accueil\/faq-2\/","name":"FAQ - Biblioth\u00e8que C\u00e9gep Garneau","isPartOf":{"@id":"https:\/\/bibliotheque.cegepgarneau.ca\/#website"},"datePublished":"2019-08-12T13:20:44+00:00","dateModified":"2024-07-31T14:51:54+00:00","breadcrumb":{"@id":"https:\/\/bibliotheque.cegepgarneau.ca\/index.php\/accueil\/faq-2\/#breadcrumb"},"inLanguage":"fr-FR","potentialAction":[{"@type":"ReadAction","target":["https:\/\/bibliotheque.cegepgarneau.ca\/index.php\/accueil\/faq-2\/"]}]},{"@type":"BreadcrumbList","@id":"https:\/\/bibliotheque.cegepgarneau.ca\/index.php\/accueil\/faq-2\/#breadcrumb","itemListElement":[{"@type":"ListItem","position":1,"name":"Accueil","item":"https:\/\/bibliotheque.cegepgarneau.ca\/"},{"@type":"ListItem","position":2,"name":"FAQ"}]},{"@type":"WebSite","@id":"https:\/\/bibliotheque.cegepgarneau.ca\/#website","url":"https:\/\/bibliotheque.cegepgarneau.ca\/","name":"Biblioth\u00e8que C\u00e9gep Garneau","description":"","potentialAction":[{"@type":"SearchAction","target":{"@type":"EntryPoint","urlTemplate":"https:\/\/bibliotheque.cegepgarneau.ca\/?s={search_term_string}"},"query-input":{"@type":"PropertyValueSpecification","valueRequired":true,"valueName":"search_term_string"}}],"inLanguage":"fr-FR"}]}},"_links":{"self":[{"href":"https:\/\/bibliotheque.cegepgarneau.ca\/index.php\/wp-json\/wp\/v2\/pages\/5494","targetHints":{"allow":["GET"]}}],"collection":[{"href":"https:\/\/bibliotheque.cegepgarneau.ca\/index.php\/wp-json\/wp\/v2\/pages"}],"about":[{"href":"https:\/\/bibliotheque.cegepgarneau.ca\/index.php\/wp-json\/wp\/v2\/types\/page"}],"author":[{"embeddable":true,"href":"https:\/\/bibliotheque.cegepgarneau.ca\/index.php\/wp-json\/wp\/v2\/users\/1"}],"replies":[{"embeddable":true,"href":"https:\/\/bibliotheque.cegepgarneau.ca\/index.php\/wp-json\/wp\/v2\/comments?post=5494"}],"version-history":[{"count":13,"href":"https:\/\/bibliotheque.cegepgarneau.ca\/index.php\/wp-json\/wp\/v2\/pages\/5494\/revisions"}],"predecessor-version":[{"id":18029,"href":"https:\/\/bibliotheque.cegepgarneau.ca\/index.php\/wp-json\/wp\/v2\/pages\/5494\/revisions\/18029"}],"up":[{"embeddable":true,"href":"https:\/\/bibliotheque.cegepgarneau.ca\/index.php\/wp-json\/wp\/v2\/pages\/134"}],"wp:attachment":[{"href":"https:\/\/bibliotheque.cegepgarneau.ca\/index.php\/wp-json\/wp\/v2\/media?parent=5494"}],"curies":[{"name":"wp","href":"https:\/\/api.w.org\/{rel}","templated":true}]}}