{"id":5490,"date":"2019-08-12T14:18:24","date_gmt":"2019-08-12T13:18:24","guid":{"rendered":"http:\/\/cdm.cegepgarneau.ca\/?page_id=5490"},"modified":"2024-05-22T13:42:27","modified_gmt":"2024-05-22T12:42:27","slug":"faq-imprimantes","status":"publish","type":"page","link":"https:\/\/bibliotheque.cegepgarneau.ca\/index.php\/accueil\/faq-2\/faq-imprimantes\/","title":{"rendered":"FAQ &#8211; Imprimantes et photocopieurs"},"content":{"rendered":"<p><strong>Puis-je imprimer des documents \u00e0 la biblioth\u00e8que? Si oui, comment \u00e7a marche?<\/strong><\/p>\n<ul>\n<li>Connectez-vous au r\u00e9seau du C\u00e9gep \u00e0 un poste informatique et lancez l&#8217;impression. Assurez-vous de s\u00e9lectionner l&#8217;imprimante appropri\u00e9e (chaque imprimante du C\u00e9gep a son propre identifiant)<\/li>\n<li>Au d\u00e9but de chaque session, un montant de $5,00 est allou\u00e9 \u00e0 la plupart des \u00e9tudiants pour des impressions. Le montant inutilis\u00e9 est transf\u00e9r\u00e9 automatiquement d&#8217;une session \u00e0 l&#8217;autre;<\/li>\n<li>Pour conna\u00eetre le montant encore disponible, cliquez sur le carr\u00e9 vert (PaperCut MF) dans la barre d\u2019outils (en bas de l\u2019\u00e9cran);<\/li>\n<li>Lorsque votre solde est insuffisant pour une impression, vous pouvez acheter d&#8217;autres cr\u00e9dits d&#8217;impression \u00e0 la librairie Coopsco Garneau.<\/li>\n<\/ul>\n<p>&nbsp;<\/p>\n<p><strong>Il n&#8217;y a plus d&#8217;ordinateurs disponibles \u00e0 la biblioth\u00e8que. O\u00f9 puis-je imprimer des documents?<\/strong><\/p>\n<ul>\n<li>Des imprimantes sont disponibles dans les diff\u00e9rents laboratoires informatiques du c\u00e9gep;<\/li>\n<li>Coopsco Garneau offre un service d\u2019impression payant.<\/li>\n<\/ul>\n<p>&nbsp;<\/p>\n<p><strong>Comment imprimer \u00e0 partir d&#8217;un ordinateur portable de la biblioth\u00e8que?<\/strong><\/p>\n<ul>\n<li>Consulter cette <a href=\"\/wp-content\/uploads\/2020\/09\/Procedure_impression_-portable.pdf\"><span style=\"color: #3366ff;\">proc\u00e9dure<\/span><\/a>.<\/li>\n<\/ul>\n<p>&nbsp;<\/p>\n<p><strong>O\u00f9 puis-je imprimer un document en couleur?<\/strong><\/p>\n<ul>\n<li>Les imprimantes de la biblioth\u00e8que n&#8217;offrent pas l\u2019impression en couleur (ni celles dans les laboratoires informatiques);<\/li>\n<li>Le service d&#8217;impression en couleur est offert chez Coopsco Garneau. Le document doit absolument \u00eatre sauvegard\u00e9 sur une cl\u00e9 USB ou sur un disque dur externe. Le document doit \u00eatre sauvegard\u00e9 en format PDF. Le service est payant.<\/li>\n<\/ul>\n<p>&nbsp;<\/p>\n<p><strong>Puis-je photocopier ou num\u00e9riser un document \u00e0 la biblioth\u00e8que?<\/strong><\/p>\n<ul>\n<li>Les imprimantes de la biblioth\u00e8que offrent les fonctions photocopie et num\u00e9risation;<\/li>\n<li>Pour num\u00e9riser, un solde de 0,10 $ ou plus doit \u00eatre disponible dans votre compte PaperCut MF et ce, m\u00eame si la num\u00e9risation est gratuite;<\/li>\n<li>Pour plus d&#8217;informations, consulter le guide d&#8217;utilisateur du photocopieur en format papier disponible tout pr\u00e8s de l&#8217;appareil.<\/li>\n<\/ul>\n","protected":false},"excerpt":{"rendered":"<p>Puis-je imprimer des documents \u00e0 la biblioth\u00e8que? Si oui, comment \u00e7a marche? Connectez-vous au r\u00e9seau du C\u00e9gep \u00e0 un poste informatique et lancez l&#8217;impression. Assurez-vous de s\u00e9lectionner l&#8217;imprimante appropri\u00e9e (chaque imprimante du C\u00e9gep a son propre identifiant) Au d\u00e9but de chaque session, un montant de $5,00 est allou\u00e9 \u00e0 la plupart des \u00e9tudiants pour des [&hellip;]<\/p>\n","protected":false},"author":1,"featured_media":0,"parent":5494,"menu_order":0,"comment_status":"closed","ping_status":"closed","template":"","meta":{"_exactmetrics_skip_tracking":false,"_exactmetrics_sitenote_active":false,"_exactmetrics_sitenote_note":"","_exactmetrics_sitenote_category":0,"footnotes":""},"class_list":["post-5490","page","type-page","status-publish","hentry"],"yoast_head":"<!-- This site is optimized with the Yoast SEO plugin v26.8 - https:\/\/yoast.com\/product\/yoast-seo-wordpress\/ -->\n<title>FAQ - Imprimantes et photocopieurs - Biblioth\u00e8que C\u00e9gep Garneau<\/title>\n<meta name=\"robots\" content=\"index, follow, max-snippet:-1, max-image-preview:large, max-video-preview:-1\" \/>\n<link rel=\"canonical\" href=\"https:\/\/bibliotheque.cegepgarneau.ca\/index.php\/accueil\/faq-2\/faq-imprimantes\/\" \/>\n<meta property=\"og:locale\" content=\"fr_FR\" \/>\n<meta property=\"og:type\" content=\"article\" \/>\n<meta property=\"og:title\" content=\"FAQ - Imprimantes et photocopieurs - Biblioth\u00e8que C\u00e9gep Garneau\" \/>\n<meta property=\"og:description\" content=\"Puis-je imprimer des documents \u00e0 la biblioth\u00e8que? Si oui, comment \u00e7a marche? Connectez-vous au r\u00e9seau du C\u00e9gep \u00e0 un poste informatique et lancez l&#8217;impression. Assurez-vous de s\u00e9lectionner l&#8217;imprimante appropri\u00e9e (chaque imprimante du C\u00e9gep a son propre identifiant) Au d\u00e9but de chaque session, un montant de $5,00 est allou\u00e9 \u00e0 la plupart des \u00e9tudiants pour des [&hellip;]\" \/>\n<meta property=\"og:url\" content=\"https:\/\/bibliotheque.cegepgarneau.ca\/index.php\/accueil\/faq-2\/faq-imprimantes\/\" \/>\n<meta property=\"og:site_name\" content=\"Biblioth\u00e8que C\u00e9gep Garneau\" \/>\n<meta property=\"article:modified_time\" content=\"2024-05-22T12:42:27+00:00\" \/>\n<meta name=\"twitter:card\" content=\"summary_large_image\" \/>\n<meta name=\"twitter:label1\" content=\"Dur\u00e9e de lecture estim\u00e9e\" \/>\n\t<meta name=\"twitter:data1\" content=\"2 minutes\" \/>\n<script type=\"application\/ld+json\" class=\"yoast-schema-graph\">{\"@context\":\"https:\/\/schema.org\",\"@graph\":[{\"@type\":\"WebPage\",\"@id\":\"https:\/\/bibliotheque.cegepgarneau.ca\/index.php\/accueil\/faq-2\/faq-imprimantes\/\",\"url\":\"https:\/\/bibliotheque.cegepgarneau.ca\/index.php\/accueil\/faq-2\/faq-imprimantes\/\",\"name\":\"FAQ - Imprimantes et photocopieurs - Biblioth\u00e8que C\u00e9gep Garneau\",\"isPartOf\":{\"@id\":\"https:\/\/bibliotheque.cegepgarneau.ca\/#website\"},\"datePublished\":\"2019-08-12T13:18:24+00:00\",\"dateModified\":\"2024-05-22T12:42:27+00:00\",\"breadcrumb\":{\"@id\":\"https:\/\/bibliotheque.cegepgarneau.ca\/index.php\/accueil\/faq-2\/faq-imprimantes\/#breadcrumb\"},\"inLanguage\":\"fr-FR\",\"potentialAction\":[{\"@type\":\"ReadAction\",\"target\":[\"https:\/\/bibliotheque.cegepgarneau.ca\/index.php\/accueil\/faq-2\/faq-imprimantes\/\"]}]},{\"@type\":\"BreadcrumbList\",\"@id\":\"https:\/\/bibliotheque.cegepgarneau.ca\/index.php\/accueil\/faq-2\/faq-imprimantes\/#breadcrumb\",\"itemListElement\":[{\"@type\":\"ListItem\",\"position\":1,\"name\":\"Accueil\",\"item\":\"https:\/\/bibliotheque.cegepgarneau.ca\/\"},{\"@type\":\"ListItem\",\"position\":2,\"name\":\"FAQ\",\"item\":\"https:\/\/bibliotheque.cegepgarneau.ca\/index.php\/accueil\/faq-2\/\"},{\"@type\":\"ListItem\",\"position\":3,\"name\":\"FAQ &#8211; Imprimantes et photocopieurs\"}]},{\"@type\":\"WebSite\",\"@id\":\"https:\/\/bibliotheque.cegepgarneau.ca\/#website\",\"url\":\"https:\/\/bibliotheque.cegepgarneau.ca\/\",\"name\":\"Biblioth\u00e8que C\u00e9gep Garneau\",\"description\":\"\",\"potentialAction\":[{\"@type\":\"SearchAction\",\"target\":{\"@type\":\"EntryPoint\",\"urlTemplate\":\"https:\/\/bibliotheque.cegepgarneau.ca\/?s={search_term_string}\"},\"query-input\":{\"@type\":\"PropertyValueSpecification\",\"valueRequired\":true,\"valueName\":\"search_term_string\"}}],\"inLanguage\":\"fr-FR\"}]}<\/script>\n<!-- \/ Yoast SEO plugin. -->","yoast_head_json":{"title":"FAQ - Imprimantes et photocopieurs - Biblioth\u00e8que C\u00e9gep Garneau","robots":{"index":"index","follow":"follow","max-snippet":"max-snippet:-1","max-image-preview":"max-image-preview:large","max-video-preview":"max-video-preview:-1"},"canonical":"https:\/\/bibliotheque.cegepgarneau.ca\/index.php\/accueil\/faq-2\/faq-imprimantes\/","og_locale":"fr_FR","og_type":"article","og_title":"FAQ - Imprimantes et photocopieurs - Biblioth\u00e8que C\u00e9gep Garneau","og_description":"Puis-je imprimer des documents \u00e0 la biblioth\u00e8que? Si oui, comment \u00e7a marche? Connectez-vous au r\u00e9seau du C\u00e9gep \u00e0 un poste informatique et lancez l&#8217;impression. Assurez-vous de s\u00e9lectionner l&#8217;imprimante appropri\u00e9e (chaque imprimante du C\u00e9gep a son propre identifiant) Au d\u00e9but de chaque session, un montant de $5,00 est allou\u00e9 \u00e0 la plupart des \u00e9tudiants pour des [&hellip;]","og_url":"https:\/\/bibliotheque.cegepgarneau.ca\/index.php\/accueil\/faq-2\/faq-imprimantes\/","og_site_name":"Biblioth\u00e8que C\u00e9gep Garneau","article_modified_time":"2024-05-22T12:42:27+00:00","twitter_card":"summary_large_image","twitter_misc":{"Dur\u00e9e de lecture estim\u00e9e":"2 minutes"},"schema":{"@context":"https:\/\/schema.org","@graph":[{"@type":"WebPage","@id":"https:\/\/bibliotheque.cegepgarneau.ca\/index.php\/accueil\/faq-2\/faq-imprimantes\/","url":"https:\/\/bibliotheque.cegepgarneau.ca\/index.php\/accueil\/faq-2\/faq-imprimantes\/","name":"FAQ - Imprimantes et photocopieurs - Biblioth\u00e8que C\u00e9gep Garneau","isPartOf":{"@id":"https:\/\/bibliotheque.cegepgarneau.ca\/#website"},"datePublished":"2019-08-12T13:18:24+00:00","dateModified":"2024-05-22T12:42:27+00:00","breadcrumb":{"@id":"https:\/\/bibliotheque.cegepgarneau.ca\/index.php\/accueil\/faq-2\/faq-imprimantes\/#breadcrumb"},"inLanguage":"fr-FR","potentialAction":[{"@type":"ReadAction","target":["https:\/\/bibliotheque.cegepgarneau.ca\/index.php\/accueil\/faq-2\/faq-imprimantes\/"]}]},{"@type":"BreadcrumbList","@id":"https:\/\/bibliotheque.cegepgarneau.ca\/index.php\/accueil\/faq-2\/faq-imprimantes\/#breadcrumb","itemListElement":[{"@type":"ListItem","position":1,"name":"Accueil","item":"https:\/\/bibliotheque.cegepgarneau.ca\/"},{"@type":"ListItem","position":2,"name":"FAQ","item":"https:\/\/bibliotheque.cegepgarneau.ca\/index.php\/accueil\/faq-2\/"},{"@type":"ListItem","position":3,"name":"FAQ &#8211; Imprimantes et photocopieurs"}]},{"@type":"WebSite","@id":"https:\/\/bibliotheque.cegepgarneau.ca\/#website","url":"https:\/\/bibliotheque.cegepgarneau.ca\/","name":"Biblioth\u00e8que C\u00e9gep Garneau","description":"","potentialAction":[{"@type":"SearchAction","target":{"@type":"EntryPoint","urlTemplate":"https:\/\/bibliotheque.cegepgarneau.ca\/?s={search_term_string}"},"query-input":{"@type":"PropertyValueSpecification","valueRequired":true,"valueName":"search_term_string"}}],"inLanguage":"fr-FR"}]}},"_links":{"self":[{"href":"https:\/\/bibliotheque.cegepgarneau.ca\/index.php\/wp-json\/wp\/v2\/pages\/5490","targetHints":{"allow":["GET"]}}],"collection":[{"href":"https:\/\/bibliotheque.cegepgarneau.ca\/index.php\/wp-json\/wp\/v2\/pages"}],"about":[{"href":"https:\/\/bibliotheque.cegepgarneau.ca\/index.php\/wp-json\/wp\/v2\/types\/page"}],"author":[{"embeddable":true,"href":"https:\/\/bibliotheque.cegepgarneau.ca\/index.php\/wp-json\/wp\/v2\/users\/1"}],"replies":[{"embeddable":true,"href":"https:\/\/bibliotheque.cegepgarneau.ca\/index.php\/wp-json\/wp\/v2\/comments?post=5490"}],"version-history":[{"count":19,"href":"https:\/\/bibliotheque.cegepgarneau.ca\/index.php\/wp-json\/wp\/v2\/pages\/5490\/revisions"}],"predecessor-version":[{"id":17338,"href":"https:\/\/bibliotheque.cegepgarneau.ca\/index.php\/wp-json\/wp\/v2\/pages\/5490\/revisions\/17338"}],"up":[{"embeddable":true,"href":"https:\/\/bibliotheque.cegepgarneau.ca\/index.php\/wp-json\/wp\/v2\/pages\/5494"}],"wp:attachment":[{"href":"https:\/\/bibliotheque.cegepgarneau.ca\/index.php\/wp-json\/wp\/v2\/media?parent=5490"}],"curies":[{"name":"wp","href":"https:\/\/api.w.org\/{rel}","templated":true}]}}