{"id":5488,"date":"2019-08-12T14:16:48","date_gmt":"2019-08-12T13:16:48","guid":{"rendered":"http:\/\/cdm.cegepgarneau.ca\/?page_id=5488"},"modified":"2024-05-22T20:25:45","modified_gmt":"2024-05-22T19:25:45","slug":"faq-informatique","status":"publish","type":"page","link":"https:\/\/bibliotheque.cegepgarneau.ca\/index.php\/accueil\/faq-2\/faq-informatique\/","title":{"rendered":"FAQ &#8211; Informatique"},"content":{"rendered":"<p><strong>Comment me connecter au r\u00e9seau du C\u00e9gep?<\/strong><\/p>\n<ul>\n<li>L\u2019identifiant d&#8217;un \u00e9tudiant est son num\u00e9ro de demande d\u2019admission (DA);<\/li>\n<li>L\u2019identifiant d&#8217;un membre du personnel est ce qui pr\u00e9c\u00e8de le @cegepgarneau.ca dans son adresse courriel du C\u00e9gep;<\/li>\n<li>Le mot de passe est le m\u00eame que celui utilis\u00e9 sur le portail Omnivox.<\/li>\n<\/ul>\n<p>&nbsp;<\/p>\n<p><strong>Comment me connecter au r\u00e9seau sans fil du C\u00e9gep?<\/strong><\/p>\n<ul>\n<li>Consulter la page : <a href=\"https:\/\/outilsnumeriquesetudiants.ca\/connexion-au-reseau-sans-fil\/\"><span style=\"color: #3366ff;\">Connexion au r\u00e9seau sans fil<\/span><\/a>.<\/li>\n<\/ul>\n<p>&nbsp;<\/p>\n<p><strong>Pour r\u00e9soudre un probl\u00e8me informatique, qui puis-je consulter?<\/strong><\/p>\n<ul>\n<li>Les \u00e9tudiants peuvent se pr\u00e9senter directement au local A-2098 pour obtenir de l\u2019aide technique en informatique;<\/li>\n<li>Heures d\u2019ouverture\u00a0: de 8h \u00e0 12h et de 13h \u00e0 18h, du lundi au vendredi;<\/li>\n<li>Un service d&#8217;aide est aussi disponible par t\u00e9l\u00e9phone. Voir les d\u00e9tails sur la page <a href=\"https:\/\/outilsnumeriquesetudiants.ca\/besoin-daide\/\"><span style=\"color: #3366ff;\">Outils num\u00e9riques pour les \u00e9tudiants.<\/span><\/a><\/li>\n<\/ul>\n<p>&nbsp;<\/p>\n<p><strong>Je ne trouve plus le travail que je viens d&#8217;enregistrer sur un ordinateur du C\u00e9gep. Que faire?<\/strong><\/p>\n<ul>\n<li>Se pr\u00e9senter directement au local A-2098 pour solliciter l\u2019aide d\u2019un technicien en informatique, si possible;<\/li>\n<li>Pour pr\u00e9venir cette situation, chaque \u00e9tudiant dispose d&#8217;un espace de stockage de donn\u00e9es au C\u00e9gep : <a href=\"https:\/\/outilsnumeriquesetudiants.ca\/onedrive\/\"><span style=\"color: #3366ff;\">OneDrive<\/span><\/a>.<\/li>\n<\/ul>\n","protected":false},"excerpt":{"rendered":"<p>Comment me connecter au r\u00e9seau du C\u00e9gep? L\u2019identifiant d&#8217;un \u00e9tudiant est son num\u00e9ro de demande d\u2019admission (DA); L\u2019identifiant d&#8217;un membre du personnel est ce qui pr\u00e9c\u00e8de le @cegepgarneau.ca dans son adresse courriel du C\u00e9gep; Le mot de passe est le m\u00eame que celui utilis\u00e9 sur le portail Omnivox. &nbsp; Comment me connecter au r\u00e9seau sans [&hellip;]<\/p>\n","protected":false},"author":1,"featured_media":0,"parent":5494,"menu_order":0,"comment_status":"closed","ping_status":"closed","template":"","meta":{"_exactmetrics_skip_tracking":false,"_exactmetrics_sitenote_active":false,"_exactmetrics_sitenote_note":"","_exactmetrics_sitenote_category":0,"footnotes":""},"class_list":["post-5488","page","type-page","status-publish","hentry"],"yoast_head":"<!-- This site is optimized with the Yoast SEO plugin v26.8 - https:\/\/yoast.com\/product\/yoast-seo-wordpress\/ -->\n<title>FAQ - Informatique - Biblioth\u00e8que C\u00e9gep Garneau<\/title>\n<meta name=\"robots\" content=\"index, follow, max-snippet:-1, max-image-preview:large, max-video-preview:-1\" \/>\n<link rel=\"canonical\" href=\"https:\/\/bibliotheque.cegepgarneau.ca\/index.php\/accueil\/faq-2\/faq-informatique\/\" \/>\n<meta property=\"og:locale\" content=\"fr_FR\" \/>\n<meta property=\"og:type\" content=\"article\" \/>\n<meta property=\"og:title\" content=\"FAQ - Informatique - Biblioth\u00e8que C\u00e9gep Garneau\" \/>\n<meta property=\"og:description\" content=\"Comment me connecter au r\u00e9seau du C\u00e9gep? L\u2019identifiant d&#8217;un \u00e9tudiant est son num\u00e9ro de demande d\u2019admission (DA); L\u2019identifiant d&#8217;un membre du personnel est ce qui pr\u00e9c\u00e8de le @cegepgarneau.ca dans son adresse courriel du C\u00e9gep; Le mot de passe est le m\u00eame que celui utilis\u00e9 sur le portail Omnivox. &nbsp; Comment me connecter au r\u00e9seau sans [&hellip;]\" \/>\n<meta property=\"og:url\" content=\"https:\/\/bibliotheque.cegepgarneau.ca\/index.php\/accueil\/faq-2\/faq-informatique\/\" \/>\n<meta property=\"og:site_name\" content=\"Biblioth\u00e8que C\u00e9gep Garneau\" \/>\n<meta property=\"article:modified_time\" content=\"2024-05-22T19:25:45+00:00\" \/>\n<meta name=\"twitter:card\" content=\"summary_large_image\" \/>\n<meta name=\"twitter:label1\" content=\"Dur\u00e9e de lecture estim\u00e9e\" \/>\n\t<meta name=\"twitter:data1\" content=\"1 minute\" \/>\n<script type=\"application\/ld+json\" class=\"yoast-schema-graph\">{\"@context\":\"https:\/\/schema.org\",\"@graph\":[{\"@type\":\"WebPage\",\"@id\":\"https:\/\/bibliotheque.cegepgarneau.ca\/index.php\/accueil\/faq-2\/faq-informatique\/\",\"url\":\"https:\/\/bibliotheque.cegepgarneau.ca\/index.php\/accueil\/faq-2\/faq-informatique\/\",\"name\":\"FAQ - Informatique - Biblioth\u00e8que C\u00e9gep Garneau\",\"isPartOf\":{\"@id\":\"https:\/\/bibliotheque.cegepgarneau.ca\/#website\"},\"datePublished\":\"2019-08-12T13:16:48+00:00\",\"dateModified\":\"2024-05-22T19:25:45+00:00\",\"breadcrumb\":{\"@id\":\"https:\/\/bibliotheque.cegepgarneau.ca\/index.php\/accueil\/faq-2\/faq-informatique\/#breadcrumb\"},\"inLanguage\":\"fr-FR\",\"potentialAction\":[{\"@type\":\"ReadAction\",\"target\":[\"https:\/\/bibliotheque.cegepgarneau.ca\/index.php\/accueil\/faq-2\/faq-informatique\/\"]}]},{\"@type\":\"BreadcrumbList\",\"@id\":\"https:\/\/bibliotheque.cegepgarneau.ca\/index.php\/accueil\/faq-2\/faq-informatique\/#breadcrumb\",\"itemListElement\":[{\"@type\":\"ListItem\",\"position\":1,\"name\":\"Accueil\",\"item\":\"https:\/\/bibliotheque.cegepgarneau.ca\/\"},{\"@type\":\"ListItem\",\"position\":2,\"name\":\"FAQ\",\"item\":\"https:\/\/bibliotheque.cegepgarneau.ca\/index.php\/accueil\/faq-2\/\"},{\"@type\":\"ListItem\",\"position\":3,\"name\":\"FAQ &#8211; Informatique\"}]},{\"@type\":\"WebSite\",\"@id\":\"https:\/\/bibliotheque.cegepgarneau.ca\/#website\",\"url\":\"https:\/\/bibliotheque.cegepgarneau.ca\/\",\"name\":\"Biblioth\u00e8que C\u00e9gep Garneau\",\"description\":\"\",\"potentialAction\":[{\"@type\":\"SearchAction\",\"target\":{\"@type\":\"EntryPoint\",\"urlTemplate\":\"https:\/\/bibliotheque.cegepgarneau.ca\/?s={search_term_string}\"},\"query-input\":{\"@type\":\"PropertyValueSpecification\",\"valueRequired\":true,\"valueName\":\"search_term_string\"}}],\"inLanguage\":\"fr-FR\"}]}<\/script>\n<!-- \/ Yoast SEO plugin. -->","yoast_head_json":{"title":"FAQ - Informatique - Biblioth\u00e8que C\u00e9gep Garneau","robots":{"index":"index","follow":"follow","max-snippet":"max-snippet:-1","max-image-preview":"max-image-preview:large","max-video-preview":"max-video-preview:-1"},"canonical":"https:\/\/bibliotheque.cegepgarneau.ca\/index.php\/accueil\/faq-2\/faq-informatique\/","og_locale":"fr_FR","og_type":"article","og_title":"FAQ - Informatique - Biblioth\u00e8que C\u00e9gep Garneau","og_description":"Comment me connecter au r\u00e9seau du C\u00e9gep? L\u2019identifiant d&#8217;un \u00e9tudiant est son num\u00e9ro de demande d\u2019admission (DA); L\u2019identifiant d&#8217;un membre du personnel est ce qui pr\u00e9c\u00e8de le @cegepgarneau.ca dans son adresse courriel du C\u00e9gep; Le mot de passe est le m\u00eame que celui utilis\u00e9 sur le portail Omnivox. &nbsp; Comment me connecter au r\u00e9seau sans [&hellip;]","og_url":"https:\/\/bibliotheque.cegepgarneau.ca\/index.php\/accueil\/faq-2\/faq-informatique\/","og_site_name":"Biblioth\u00e8que C\u00e9gep Garneau","article_modified_time":"2024-05-22T19:25:45+00:00","twitter_card":"summary_large_image","twitter_misc":{"Dur\u00e9e de lecture estim\u00e9e":"1 minute"},"schema":{"@context":"https:\/\/schema.org","@graph":[{"@type":"WebPage","@id":"https:\/\/bibliotheque.cegepgarneau.ca\/index.php\/accueil\/faq-2\/faq-informatique\/","url":"https:\/\/bibliotheque.cegepgarneau.ca\/index.php\/accueil\/faq-2\/faq-informatique\/","name":"FAQ - Informatique - Biblioth\u00e8que C\u00e9gep Garneau","isPartOf":{"@id":"https:\/\/bibliotheque.cegepgarneau.ca\/#website"},"datePublished":"2019-08-12T13:16:48+00:00","dateModified":"2024-05-22T19:25:45+00:00","breadcrumb":{"@id":"https:\/\/bibliotheque.cegepgarneau.ca\/index.php\/accueil\/faq-2\/faq-informatique\/#breadcrumb"},"inLanguage":"fr-FR","potentialAction":[{"@type":"ReadAction","target":["https:\/\/bibliotheque.cegepgarneau.ca\/index.php\/accueil\/faq-2\/faq-informatique\/"]}]},{"@type":"BreadcrumbList","@id":"https:\/\/bibliotheque.cegepgarneau.ca\/index.php\/accueil\/faq-2\/faq-informatique\/#breadcrumb","itemListElement":[{"@type":"ListItem","position":1,"name":"Accueil","item":"https:\/\/bibliotheque.cegepgarneau.ca\/"},{"@type":"ListItem","position":2,"name":"FAQ","item":"https:\/\/bibliotheque.cegepgarneau.ca\/index.php\/accueil\/faq-2\/"},{"@type":"ListItem","position":3,"name":"FAQ &#8211; Informatique"}]},{"@type":"WebSite","@id":"https:\/\/bibliotheque.cegepgarneau.ca\/#website","url":"https:\/\/bibliotheque.cegepgarneau.ca\/","name":"Biblioth\u00e8que C\u00e9gep Garneau","description":"","potentialAction":[{"@type":"SearchAction","target":{"@type":"EntryPoint","urlTemplate":"https:\/\/bibliotheque.cegepgarneau.ca\/?s={search_term_string}"},"query-input":{"@type":"PropertyValueSpecification","valueRequired":true,"valueName":"search_term_string"}}],"inLanguage":"fr-FR"}]}},"_links":{"self":[{"href":"https:\/\/bibliotheque.cegepgarneau.ca\/index.php\/wp-json\/wp\/v2\/pages\/5488","targetHints":{"allow":["GET"]}}],"collection":[{"href":"https:\/\/bibliotheque.cegepgarneau.ca\/index.php\/wp-json\/wp\/v2\/pages"}],"about":[{"href":"https:\/\/bibliotheque.cegepgarneau.ca\/index.php\/wp-json\/wp\/v2\/types\/page"}],"author":[{"embeddable":true,"href":"https:\/\/bibliotheque.cegepgarneau.ca\/index.php\/wp-json\/wp\/v2\/users\/1"}],"replies":[{"embeddable":true,"href":"https:\/\/bibliotheque.cegepgarneau.ca\/index.php\/wp-json\/wp\/v2\/comments?post=5488"}],"version-history":[{"count":22,"href":"https:\/\/bibliotheque.cegepgarneau.ca\/index.php\/wp-json\/wp\/v2\/pages\/5488\/revisions"}],"predecessor-version":[{"id":17340,"href":"https:\/\/bibliotheque.cegepgarneau.ca\/index.php\/wp-json\/wp\/v2\/pages\/5488\/revisions\/17340"}],"up":[{"embeddable":true,"href":"https:\/\/bibliotheque.cegepgarneau.ca\/index.php\/wp-json\/wp\/v2\/pages\/5494"}],"wp:attachment":[{"href":"https:\/\/bibliotheque.cegepgarneau.ca\/index.php\/wp-json\/wp\/v2\/media?parent=5488"}],"curies":[{"name":"wp","href":"https:\/\/api.w.org\/{rel}","templated":true}]}}