{"id":5486,"date":"2019-08-12T14:15:14","date_gmt":"2019-08-12T13:15:14","guid":{"rendered":"http:\/\/cdm.cegepgarneau.ca\/?page_id=5486"},"modified":"2024-05-22T12:37:15","modified_gmt":"2024-05-22T11:37:15","slug":"faq-a-la-bibliotheque","status":"publish","type":"page","link":"https:\/\/bibliotheque.cegepgarneau.ca\/index.php\/accueil\/faq-2\/faq-a-la-bibliotheque\/","title":{"rendered":"FAQ &#8211; \u00c0 la biblioth\u00e8que"},"content":{"rendered":"<p><strong>O\u00f9 puis-je retourner les documents emprunt\u00e9s lorsque la biblioth\u00e8que est ferm\u00e9e?<\/strong><\/p>\n<ul>\n<li>Vous pouvez d\u00e9poser vos documents dans la chute \u00e0 livres \u00e0 gauche de l\u2019entr\u00e9e de la biblioth\u00e8que;<\/li>\n<li>Pendant les heures d\u2019ouverture, veuillez utiliser la chute \u00e0 livres situ\u00e9e au bout du comptoir d\u2019accueil.<\/li>\n<\/ul>\n<p>&nbsp;<\/p>\n<p><strong>Puis-je emprunter un dictionnaire, une grammaire ou un manuel de conjugaison (Bescherelle) pour un examen ou pour l&#8217;\u00e9preuve uniforme de langue (EUL)?<\/strong><\/p>\n<ul>\n<li>Bien s\u00fbr. La biblioth\u00e8que poss\u00e8de une collection de dictionnaires et grammaires pour vous accommoder. Choisissez ceux qui vous conviennent et pr\u00e9sentez-vous au comptoir d\u2019accueil avec votre carte \u00e9tudiante du C\u00e9gep Garneau (en format num\u00e9rique ou en plastique) pour effectuer le pr\u00eat.\n<\/ul>\n<p>&nbsp;<\/p>\n<p><strong>O\u00f9 puis-je trouver l\u2019<em>Indispensable<\/em> (guide de pr\u00e9sentation des travaux pr\u00e9par\u00e9 par le D\u00e9partement de lettres du C\u00e9gep Garneau)?<\/strong><\/p>\n<ul>\n<li><a href=\"\/wp-content\/uploads\/2023\/09\/Lindispensable_-_Guide_de_presentation-1.pdf\" target=\"_blank\" rel=\"noopener noreferrer\"><em><span style=\"color: #3366ff;\">L\u2019Indispensable<\/span><\/em><\/a> en ligne;<\/li>\n<li><a href=\"https:\/\/fxg.koha.collecto.ca\/cgi-bin\/koha\/opac-detail.pl?biblionumber=203393&#038;query_desc=indispensable%20guide%20\" target=\"_blank\" rel=\"noopener noreferrer\"><em><span style=\"color: #3366ff;\">L\u2019Indispensable <\/span><\/em><\/a>en format papier. Vous pouvez l\u2019emprunter ou le consulter \u00e0 la biblioth\u00e8que.<\/li>\n<\/ul>\n<p>&nbsp;<\/p>\n<p><strong>Combien de documents puis-je emprunter en m\u00eame temps et pour combien de temps?<\/strong><\/p>\n<p>Consultez nos<a href=\"https:\/\/bibliotheque.cegepgarneau.ca\/index.php\/accueil\/services\/regles-de-pret\/\"><span style=\"color: #3366ff;\"> r\u00e8gles de pr\u00eat.<\/span><\/a><\/p>\n<p>&nbsp;<\/p>\n<p><strong>Est-ce que je peux boire et manger dans la biblioth\u00e8que?<\/strong><\/p>\n<ul>\n<li>Il est interdit de manger (repas chauds, froids ou collations) dans la biblioth\u00e8que. Seules les boissons non alcoolis\u00e9es dans un contenant refermable avec couvercle \u00e9tanche sont permises;<\/li>\n<li>Le C\u00e9gep Garneau met \u00e0 la disposition de sa communaut\u00e9 trois caf\u00e9t\u00e9rias : pavillon A (1660), pavillon G (1620) et pavillon H (1530).<\/li>\n<\/ul>\n<p>\u00a0<br \/>\n<strong>Comment r\u00e9server une salle pour un travail d&#8217;\u00e9quipe \u00e0 la biblioth\u00e8que?<\/strong><\/p>\n<ul>\n<li>Aucune salle ne peut \u00eatre r\u00e9serv\u00e9e. Les salles de la biblioth\u00e8que sont disponibles pour r\u00e9aliser des travaux scolaires en \u00e9quipe de 3 \u00e0 6 \u00e9tudiant-e-s. Se pr\u00e9senter au comptoir d&#8217;accueil pour emprunter une cl\u00e9. La dur\u00e9e du pr\u00eat est de 3 heures;<\/li>\n<li>Il existe un service de r\u00e9servation de local pour un travail d&#8217;\u00e9quipe ou individuel. Pour en b\u00e9n\u00e9ficier, il suffit de se pr\u00e9senter au K-2950 entre 7h30 et 12h ou entre 13h et 16h. Des locaux sont disponibles de 7h \u00e0 23h, 7 jours par semaine.<\/li>\n<\/ul>\n","protected":false},"excerpt":{"rendered":"<p>O\u00f9 puis-je retourner les documents emprunt\u00e9s lorsque la biblioth\u00e8que est ferm\u00e9e? Vous pouvez d\u00e9poser vos documents dans la chute \u00e0 livres \u00e0 gauche de l\u2019entr\u00e9e de la biblioth\u00e8que; Pendant les heures d\u2019ouverture, veuillez utiliser la chute \u00e0 livres situ\u00e9e au bout du comptoir d\u2019accueil. &nbsp; Puis-je emprunter un dictionnaire, une grammaire ou un manuel de [&hellip;]<\/p>\n","protected":false},"author":1,"featured_media":0,"parent":5494,"menu_order":0,"comment_status":"closed","ping_status":"closed","template":"","meta":{"_exactmetrics_skip_tracking":false,"_exactmetrics_sitenote_active":false,"_exactmetrics_sitenote_note":"","_exactmetrics_sitenote_category":0,"footnotes":""},"class_list":["post-5486","page","type-page","status-publish","hentry"],"yoast_head":"<!-- This site is optimized with the Yoast SEO plugin v26.8 - https:\/\/yoast.com\/product\/yoast-seo-wordpress\/ -->\n<title>FAQ - \u00c0 la biblioth\u00e8que - Biblioth\u00e8que C\u00e9gep Garneau<\/title>\n<meta name=\"robots\" content=\"index, follow, max-snippet:-1, max-image-preview:large, max-video-preview:-1\" \/>\n<link rel=\"canonical\" href=\"https:\/\/bibliotheque.cegepgarneau.ca\/index.php\/accueil\/faq-2\/faq-a-la-bibliotheque\/\" \/>\n<meta property=\"og:locale\" content=\"fr_FR\" \/>\n<meta property=\"og:type\" content=\"article\" \/>\n<meta property=\"og:title\" content=\"FAQ - \u00c0 la biblioth\u00e8que - Biblioth\u00e8que C\u00e9gep Garneau\" \/>\n<meta property=\"og:description\" content=\"O\u00f9 puis-je retourner les documents emprunt\u00e9s lorsque la biblioth\u00e8que est ferm\u00e9e? Vous pouvez d\u00e9poser vos documents dans la chute \u00e0 livres \u00e0 gauche de l\u2019entr\u00e9e de la biblioth\u00e8que; Pendant les heures d\u2019ouverture, veuillez utiliser la chute \u00e0 livres situ\u00e9e au bout du comptoir d\u2019accueil. &nbsp; Puis-je emprunter un dictionnaire, une grammaire ou un manuel de [&hellip;]\" \/>\n<meta property=\"og:url\" content=\"https:\/\/bibliotheque.cegepgarneau.ca\/index.php\/accueil\/faq-2\/faq-a-la-bibliotheque\/\" \/>\n<meta property=\"og:site_name\" content=\"Biblioth\u00e8que C\u00e9gep Garneau\" \/>\n<meta property=\"article:modified_time\" content=\"2024-05-22T11:37:15+00:00\" \/>\n<meta name=\"twitter:card\" content=\"summary_large_image\" \/>\n<meta name=\"twitter:label1\" content=\"Dur\u00e9e de lecture estim\u00e9e\" \/>\n\t<meta name=\"twitter:data1\" content=\"2 minutes\" \/>\n<script type=\"application\/ld+json\" class=\"yoast-schema-graph\">{\"@context\":\"https:\/\/schema.org\",\"@graph\":[{\"@type\":\"WebPage\",\"@id\":\"https:\/\/bibliotheque.cegepgarneau.ca\/index.php\/accueil\/faq-2\/faq-a-la-bibliotheque\/\",\"url\":\"https:\/\/bibliotheque.cegepgarneau.ca\/index.php\/accueil\/faq-2\/faq-a-la-bibliotheque\/\",\"name\":\"FAQ - \u00c0 la biblioth\u00e8que - Biblioth\u00e8que C\u00e9gep Garneau\",\"isPartOf\":{\"@id\":\"https:\/\/bibliotheque.cegepgarneau.ca\/#website\"},\"datePublished\":\"2019-08-12T13:15:14+00:00\",\"dateModified\":\"2024-05-22T11:37:15+00:00\",\"breadcrumb\":{\"@id\":\"https:\/\/bibliotheque.cegepgarneau.ca\/index.php\/accueil\/faq-2\/faq-a-la-bibliotheque\/#breadcrumb\"},\"inLanguage\":\"fr-FR\",\"potentialAction\":[{\"@type\":\"ReadAction\",\"target\":[\"https:\/\/bibliotheque.cegepgarneau.ca\/index.php\/accueil\/faq-2\/faq-a-la-bibliotheque\/\"]}]},{\"@type\":\"BreadcrumbList\",\"@id\":\"https:\/\/bibliotheque.cegepgarneau.ca\/index.php\/accueil\/faq-2\/faq-a-la-bibliotheque\/#breadcrumb\",\"itemListElement\":[{\"@type\":\"ListItem\",\"position\":1,\"name\":\"Accueil\",\"item\":\"https:\/\/bibliotheque.cegepgarneau.ca\/\"},{\"@type\":\"ListItem\",\"position\":2,\"name\":\"FAQ\",\"item\":\"https:\/\/bibliotheque.cegepgarneau.ca\/index.php\/accueil\/faq-2\/\"},{\"@type\":\"ListItem\",\"position\":3,\"name\":\"FAQ &#8211; \u00c0 la biblioth\u00e8que\"}]},{\"@type\":\"WebSite\",\"@id\":\"https:\/\/bibliotheque.cegepgarneau.ca\/#website\",\"url\":\"https:\/\/bibliotheque.cegepgarneau.ca\/\",\"name\":\"Biblioth\u00e8que C\u00e9gep Garneau\",\"description\":\"\",\"potentialAction\":[{\"@type\":\"SearchAction\",\"target\":{\"@type\":\"EntryPoint\",\"urlTemplate\":\"https:\/\/bibliotheque.cegepgarneau.ca\/?s={search_term_string}\"},\"query-input\":{\"@type\":\"PropertyValueSpecification\",\"valueRequired\":true,\"valueName\":\"search_term_string\"}}],\"inLanguage\":\"fr-FR\"}]}<\/script>\n<!-- \/ Yoast SEO plugin. -->","yoast_head_json":{"title":"FAQ - \u00c0 la biblioth\u00e8que - Biblioth\u00e8que C\u00e9gep Garneau","robots":{"index":"index","follow":"follow","max-snippet":"max-snippet:-1","max-image-preview":"max-image-preview:large","max-video-preview":"max-video-preview:-1"},"canonical":"https:\/\/bibliotheque.cegepgarneau.ca\/index.php\/accueil\/faq-2\/faq-a-la-bibliotheque\/","og_locale":"fr_FR","og_type":"article","og_title":"FAQ - \u00c0 la biblioth\u00e8que - Biblioth\u00e8que C\u00e9gep Garneau","og_description":"O\u00f9 puis-je retourner les documents emprunt\u00e9s lorsque la biblioth\u00e8que est ferm\u00e9e? Vous pouvez d\u00e9poser vos documents dans la chute \u00e0 livres \u00e0 gauche de l\u2019entr\u00e9e de la biblioth\u00e8que; Pendant les heures d\u2019ouverture, veuillez utiliser la chute \u00e0 livres situ\u00e9e au bout du comptoir d\u2019accueil. &nbsp; Puis-je emprunter un dictionnaire, une grammaire ou un manuel de [&hellip;]","og_url":"https:\/\/bibliotheque.cegepgarneau.ca\/index.php\/accueil\/faq-2\/faq-a-la-bibliotheque\/","og_site_name":"Biblioth\u00e8que C\u00e9gep Garneau","article_modified_time":"2024-05-22T11:37:15+00:00","twitter_card":"summary_large_image","twitter_misc":{"Dur\u00e9e de lecture estim\u00e9e":"2 minutes"},"schema":{"@context":"https:\/\/schema.org","@graph":[{"@type":"WebPage","@id":"https:\/\/bibliotheque.cegepgarneau.ca\/index.php\/accueil\/faq-2\/faq-a-la-bibliotheque\/","url":"https:\/\/bibliotheque.cegepgarneau.ca\/index.php\/accueil\/faq-2\/faq-a-la-bibliotheque\/","name":"FAQ - \u00c0 la biblioth\u00e8que - Biblioth\u00e8que C\u00e9gep Garneau","isPartOf":{"@id":"https:\/\/bibliotheque.cegepgarneau.ca\/#website"},"datePublished":"2019-08-12T13:15:14+00:00","dateModified":"2024-05-22T11:37:15+00:00","breadcrumb":{"@id":"https:\/\/bibliotheque.cegepgarneau.ca\/index.php\/accueil\/faq-2\/faq-a-la-bibliotheque\/#breadcrumb"},"inLanguage":"fr-FR","potentialAction":[{"@type":"ReadAction","target":["https:\/\/bibliotheque.cegepgarneau.ca\/index.php\/accueil\/faq-2\/faq-a-la-bibliotheque\/"]}]},{"@type":"BreadcrumbList","@id":"https:\/\/bibliotheque.cegepgarneau.ca\/index.php\/accueil\/faq-2\/faq-a-la-bibliotheque\/#breadcrumb","itemListElement":[{"@type":"ListItem","position":1,"name":"Accueil","item":"https:\/\/bibliotheque.cegepgarneau.ca\/"},{"@type":"ListItem","position":2,"name":"FAQ","item":"https:\/\/bibliotheque.cegepgarneau.ca\/index.php\/accueil\/faq-2\/"},{"@type":"ListItem","position":3,"name":"FAQ &#8211; \u00c0 la biblioth\u00e8que"}]},{"@type":"WebSite","@id":"https:\/\/bibliotheque.cegepgarneau.ca\/#website","url":"https:\/\/bibliotheque.cegepgarneau.ca\/","name":"Biblioth\u00e8que C\u00e9gep Garneau","description":"","potentialAction":[{"@type":"SearchAction","target":{"@type":"EntryPoint","urlTemplate":"https:\/\/bibliotheque.cegepgarneau.ca\/?s={search_term_string}"},"query-input":{"@type":"PropertyValueSpecification","valueRequired":true,"valueName":"search_term_string"}}],"inLanguage":"fr-FR"}]}},"_links":{"self":[{"href":"https:\/\/bibliotheque.cegepgarneau.ca\/index.php\/wp-json\/wp\/v2\/pages\/5486","targetHints":{"allow":["GET"]}}],"collection":[{"href":"https:\/\/bibliotheque.cegepgarneau.ca\/index.php\/wp-json\/wp\/v2\/pages"}],"about":[{"href":"https:\/\/bibliotheque.cegepgarneau.ca\/index.php\/wp-json\/wp\/v2\/types\/page"}],"author":[{"embeddable":true,"href":"https:\/\/bibliotheque.cegepgarneau.ca\/index.php\/wp-json\/wp\/v2\/users\/1"}],"replies":[{"embeddable":true,"href":"https:\/\/bibliotheque.cegepgarneau.ca\/index.php\/wp-json\/wp\/v2\/comments?post=5486"}],"version-history":[{"count":17,"href":"https:\/\/bibliotheque.cegepgarneau.ca\/index.php\/wp-json\/wp\/v2\/pages\/5486\/revisions"}],"predecessor-version":[{"id":17330,"href":"https:\/\/bibliotheque.cegepgarneau.ca\/index.php\/wp-json\/wp\/v2\/pages\/5486\/revisions\/17330"}],"up":[{"embeddable":true,"href":"https:\/\/bibliotheque.cegepgarneau.ca\/index.php\/wp-json\/wp\/v2\/pages\/5494"}],"wp:attachment":[{"href":"https:\/\/bibliotheque.cegepgarneau.ca\/index.php\/wp-json\/wp\/v2\/media?parent=5486"}],"curies":[{"name":"wp","href":"https:\/\/api.w.org\/{rel}","templated":true}]}}