{"id":5484,"date":"2019-08-12T14:10:34","date_gmt":"2019-08-12T13:10:34","guid":{"rendered":"http:\/\/cdm.cegepgarneau.ca\/?page_id=5484"},"modified":"2023-11-20T19:03:22","modified_gmt":"2023-11-20T18:03:22","slug":"faq-recherche-dans-les-bases-de-donnees","status":"publish","type":"page","link":"https:\/\/bibliotheque.cegepgarneau.ca\/index.php\/accueil\/faq-2\/faq-recherche-dans-les-bases-de-donnees\/","title":{"rendered":"FAQ &#8211; Outils de recherche"},"content":{"rendered":"<p><strong>Puis-je acc\u00e9der aux outils de recherche de chez moi?<\/strong><\/p>\r\n<ul>\r\n\t<li>Oui, tous les outils de recherche auxquels la biblioth\u00e8que est abonn\u00e9e sont accessibles \u00e0 l\u2019ext\u00e9rieur du C\u00e9gep \u00e0 la condition d\u2019y acc\u00e9der via le\u00a0site Web de la biblioth\u00e8que.<\/li>\r\n\t<li>Dans le menu du haut, sous <span style=\"color: #3366ff;\"><a style=\"color: #3366ff;\" href=\"\/index.php\/accueil\/outils-de-recherche\/livres\/\" target=\"_blank\" rel=\"noopener noreferrer\"><em>Outils de recherche<\/em><\/a><\/span><strong>,<\/strong> cliquer dans le menu de gauche sur le type de document recherch\u00e9. Cliquer ensuite sur la base de donn\u00e9es souhait\u00e9e.<\/li>\r\n\t<li>Une nouvelle fen\u00eatre s\u2019affiche afin de s\u2019auto-identifier. Suivre les <a href=\"\/index.php\/acces-a-distance\/\" target=\"_blank\" rel=\"noopener noreferrer\"><em><span style=\"color: #3366ff;\">instructions de connexion.<\/span><\/em><\/a><\/li>\r\n<\/ul>\r\n<p>&nbsp;<\/p>\r\n<p><strong>Comment choisir le meilleur outil pour ma recherche?<\/strong><\/p>\r\n<ul>\r\n\t<li>Sur le site de la\u00a0biblioth\u00e8que<strong>,<\/strong> cliquer sur <a href=\"\/index.php\/accueil\/comment-chercher\/\" target=\"_blank\" rel=\"noopener noreferrer\"><em><span style=\"color: #3366ff;\">Faire une recherche<\/span><\/em><\/a>, puis sur <a href=\"\/index.php\/2-trouver\/\" target=\"_blank\" rel=\"noopener noreferrer\"><em><span style=\"color: #3366ff;\">Trouver ses sources<\/span><\/em><\/a>.<\/li>\r\n\t<li>Communiquer avec le personnel de <a href=\"\/index.php\/accueil\/aide-a-la-recherche\/\" target=\"_blank\" rel=\"noopener noreferrer\"><span style=\"color: #3366ff;\">l\u2019aide \u00e0 la recherche<\/span>, <\/a>au besoin.<\/li>\r\n<\/ul>\r\n<p>&nbsp;<\/p>\r\n<p><strong>Comment trouver un article de revue scientifique?<\/strong><\/p>\r\n<p>Diff\u00e9rents outils de recherche permettent de trouver un article scientifique, dont\u00a0:<\/p>\r\n<ul>\r\n\t<li data-leveltext=\"o\" data-font=\"Courier New\" data-listid=\"32\" aria-setsize=\"-1\" data-aria-posinset=\"7\" data-aria-level=\"2\"><a href=\"https:\/\/cairn-garneau.proxy.collecto.ca\/\" target=\"_blank\" rel=\"noopener\"><span style=\"color: #3366ff;\">Cairn<\/span><\/a> (voir le <span style=\"color: #3366ff;\"><a style=\"color: #3366ff;\" href=\"https:\/\/youtu.be\/5sf4JsWplSw\" target=\"_blank\" rel=\"noopener\">tutoriel<\/a><\/span>)<\/li>\r\n\t<li><span style=\"color: #3366ff;\"><a style=\"color: #3366ff;\" href=\"https:\/\/web.s.ebscohost.com\/ehost\/search\/advanced?vid=1&amp;sid=7ba00616-3617-4e09-a0ea-7cd72aa68431%40redis\" target=\"_blank\" rel=\"noopener noreferrer\">Ebscohost<\/a> <\/span>(voir le <span style=\"color: #3366ff;\"><a style=\"color: #3366ff;\" href=\"https:\/\/youtu.be\/XMiGGErgdHg\" target=\"_blank\" rel=\"noopener\">tutoriel<\/a><\/span>)<\/li>\r\n\t<li data-leveltext=\"o\" data-font=\"Courier New\" data-listid=\"32\" aria-setsize=\"-1\" data-aria-posinset=\"7\" data-aria-level=\"2\"><span style=\"color: #3366ff;\"><a style=\"color: #3366ff;\" href=\"https:\/\/erudit-garneau.proxy.collecto.ca\/\" target=\"_blank\" rel=\"noopener noreferrer\">\u00c9rudit<\/a> <\/span>(voir le <span style=\"color: #3366ff;\"><a style=\"color: #3366ff;\" href=\"https:\/\/youtu.be\/OGxBw-QGDEQ\" target=\"_blank\" rel=\"noopener\">tutoriel<\/a><\/span>)<\/li>\r\n\t<li><span style=\"color: #3366ff;\"><a style=\"color: #3366ff;\" href=\"https:\/\/scholar.google.ca\/\" target=\"_blank\" rel=\"noopener noreferrer\">Google Scholar <\/a><\/span>(voir le <span style=\"color: #3366ff;\"><a style=\"color: #3366ff;\" href=\"https:\/\/youtu.be\/YTVjxfW2j2Q\" target=\"_blank\" rel=\"noopener\">tutoriel<\/a><\/span><a href=\"\/index.php\/tutoriels-des-bases-de-donnees\/\" target=\"_blank\" rel=\"noopener noreferrer\">)<\/a><\/li>\r\n\t<li><span style=\"color: #3366ff;\"><a style=\"color: #3366ff;\" href=\"https:\/\/pubmed.ncbi.nlm.nih.gov\/\" target=\"_blank\" rel=\"noopener noreferrer\">PubMed<\/a> <\/span>(voir le <span style=\"color: #3366ff;\"><a style=\"color: #3366ff;\" href=\"https:\/\/youtu.be\/tWXlRQP39fw\" target=\"_blank\" rel=\"noopener\">tutoriel<\/a><\/span>)<\/li>\r\n\t<li data-leveltext=\"o\" data-font=\"Courier New\" data-listid=\"32\" aria-setsize=\"-1\" data-aria-posinset=\"9\" data-aria-level=\"2\"><span style=\"color: #3366ff;\"><a style=\"color: #3366ff;\" href=\"https:\/\/repere-garneau.proxy.collecto.ca\/\" target=\"_blank\" rel=\"noopener noreferrer\">SDM Rep\u00e8re <\/a><\/span>(voir le <span style=\"color: #3366ff;\"><a style=\"color: #3366ff;\" href=\"https:\/\/youtu.be\/e0XY1CMTZyI\" target=\"_blank\" rel=\"noopener\">tutoriel<\/a><\/span>)<\/li>\r\n<\/ul>\r\n<p>Communiquer avec le personnel de <a href=\"\/index.php\/accueil\/aide-a-la-recherche\/\" target=\"_blank\" rel=\"noopener noreferrer\"><span style=\"color: #3366ff;\">l\u2019aide \u00e0 la recherche<\/span>,<\/a>\u00a0au besoin.<\/p>\r\n","protected":false},"excerpt":{"rendered":"<p>Puis-je acc\u00e9der aux outils de recherche de chez moi? Oui, tous les outils de recherche auxquels la biblioth\u00e8que est abonn\u00e9e sont accessibles \u00e0 l\u2019ext\u00e9rieur du C\u00e9gep \u00e0 la condition d\u2019y acc\u00e9der via le\u00a0site Web de la biblioth\u00e8que. Dans le menu du haut, sous Outils de recherche, cliquer dans le menu de gauche sur le type [&hellip;]<\/p>\n","protected":false},"author":1,"featured_media":0,"parent":5494,"menu_order":0,"comment_status":"closed","ping_status":"closed","template":"","meta":{"_exactmetrics_skip_tracking":false,"_exactmetrics_sitenote_active":false,"_exactmetrics_sitenote_note":"","_exactmetrics_sitenote_category":0,"footnotes":""},"class_list":["post-5484","page","type-page","status-publish","hentry"],"yoast_head":"<!-- This site is optimized with the Yoast SEO plugin v26.8 - https:\/\/yoast.com\/product\/yoast-seo-wordpress\/ -->\n<title>FAQ - Outils de recherche - Biblioth\u00e8que C\u00e9gep Garneau<\/title>\n<meta name=\"robots\" content=\"index, follow, max-snippet:-1, max-image-preview:large, max-video-preview:-1\" \/>\n<link rel=\"canonical\" href=\"https:\/\/bibliotheque.cegepgarneau.ca\/index.php\/accueil\/faq-2\/faq-recherche-dans-les-bases-de-donnees\/\" \/>\n<meta property=\"og:locale\" content=\"fr_FR\" \/>\n<meta property=\"og:type\" content=\"article\" \/>\n<meta property=\"og:title\" content=\"FAQ - Outils de recherche - Biblioth\u00e8que C\u00e9gep Garneau\" \/>\n<meta property=\"og:description\" content=\"Puis-je acc\u00e9der aux outils de recherche de chez moi? Oui, tous les outils de recherche auxquels la biblioth\u00e8que est abonn\u00e9e sont accessibles \u00e0 l\u2019ext\u00e9rieur du C\u00e9gep \u00e0 la condition d\u2019y acc\u00e9der via le\u00a0site Web de la biblioth\u00e8que. Dans le menu du haut, sous Outils de recherche, cliquer dans le menu de gauche sur le type [&hellip;]\" \/>\n<meta property=\"og:url\" content=\"https:\/\/bibliotheque.cegepgarneau.ca\/index.php\/accueil\/faq-2\/faq-recherche-dans-les-bases-de-donnees\/\" \/>\n<meta property=\"og:site_name\" content=\"Biblioth\u00e8que C\u00e9gep Garneau\" \/>\n<meta property=\"article:modified_time\" content=\"2023-11-20T18:03:22+00:00\" \/>\n<meta name=\"twitter:card\" content=\"summary_large_image\" \/>\n<meta name=\"twitter:label1\" content=\"Dur\u00e9e de lecture estim\u00e9e\" \/>\n\t<meta name=\"twitter:data1\" content=\"1 minute\" \/>\n<script type=\"application\/ld+json\" class=\"yoast-schema-graph\">{\"@context\":\"https:\/\/schema.org\",\"@graph\":[{\"@type\":\"WebPage\",\"@id\":\"https:\/\/bibliotheque.cegepgarneau.ca\/index.php\/accueil\/faq-2\/faq-recherche-dans-les-bases-de-donnees\/\",\"url\":\"https:\/\/bibliotheque.cegepgarneau.ca\/index.php\/accueil\/faq-2\/faq-recherche-dans-les-bases-de-donnees\/\",\"name\":\"FAQ - Outils de recherche - Biblioth\u00e8que C\u00e9gep Garneau\",\"isPartOf\":{\"@id\":\"https:\/\/bibliotheque.cegepgarneau.ca\/#website\"},\"datePublished\":\"2019-08-12T13:10:34+00:00\",\"dateModified\":\"2023-11-20T18:03:22+00:00\",\"breadcrumb\":{\"@id\":\"https:\/\/bibliotheque.cegepgarneau.ca\/index.php\/accueil\/faq-2\/faq-recherche-dans-les-bases-de-donnees\/#breadcrumb\"},\"inLanguage\":\"fr-FR\",\"potentialAction\":[{\"@type\":\"ReadAction\",\"target\":[\"https:\/\/bibliotheque.cegepgarneau.ca\/index.php\/accueil\/faq-2\/faq-recherche-dans-les-bases-de-donnees\/\"]}]},{\"@type\":\"BreadcrumbList\",\"@id\":\"https:\/\/bibliotheque.cegepgarneau.ca\/index.php\/accueil\/faq-2\/faq-recherche-dans-les-bases-de-donnees\/#breadcrumb\",\"itemListElement\":[{\"@type\":\"ListItem\",\"position\":1,\"name\":\"Accueil\",\"item\":\"https:\/\/bibliotheque.cegepgarneau.ca\/\"},{\"@type\":\"ListItem\",\"position\":2,\"name\":\"FAQ\",\"item\":\"https:\/\/bibliotheque.cegepgarneau.ca\/index.php\/accueil\/faq-2\/\"},{\"@type\":\"ListItem\",\"position\":3,\"name\":\"FAQ &#8211; Outils de recherche\"}]},{\"@type\":\"WebSite\",\"@id\":\"https:\/\/bibliotheque.cegepgarneau.ca\/#website\",\"url\":\"https:\/\/bibliotheque.cegepgarneau.ca\/\",\"name\":\"Biblioth\u00e8que C\u00e9gep Garneau\",\"description\":\"\",\"potentialAction\":[{\"@type\":\"SearchAction\",\"target\":{\"@type\":\"EntryPoint\",\"urlTemplate\":\"https:\/\/bibliotheque.cegepgarneau.ca\/?s={search_term_string}\"},\"query-input\":{\"@type\":\"PropertyValueSpecification\",\"valueRequired\":true,\"valueName\":\"search_term_string\"}}],\"inLanguage\":\"fr-FR\"}]}<\/script>\n<!-- \/ Yoast SEO plugin. -->","yoast_head_json":{"title":"FAQ - Outils de recherche - Biblioth\u00e8que C\u00e9gep Garneau","robots":{"index":"index","follow":"follow","max-snippet":"max-snippet:-1","max-image-preview":"max-image-preview:large","max-video-preview":"max-video-preview:-1"},"canonical":"https:\/\/bibliotheque.cegepgarneau.ca\/index.php\/accueil\/faq-2\/faq-recherche-dans-les-bases-de-donnees\/","og_locale":"fr_FR","og_type":"article","og_title":"FAQ - Outils de recherche - Biblioth\u00e8que C\u00e9gep Garneau","og_description":"Puis-je acc\u00e9der aux outils de recherche de chez moi? Oui, tous les outils de recherche auxquels la biblioth\u00e8que est abonn\u00e9e sont accessibles \u00e0 l\u2019ext\u00e9rieur du C\u00e9gep \u00e0 la condition d\u2019y acc\u00e9der via le\u00a0site Web de la biblioth\u00e8que. Dans le menu du haut, sous Outils de recherche, cliquer dans le menu de gauche sur le type [&hellip;]","og_url":"https:\/\/bibliotheque.cegepgarneau.ca\/index.php\/accueil\/faq-2\/faq-recherche-dans-les-bases-de-donnees\/","og_site_name":"Biblioth\u00e8que C\u00e9gep Garneau","article_modified_time":"2023-11-20T18:03:22+00:00","twitter_card":"summary_large_image","twitter_misc":{"Dur\u00e9e de lecture estim\u00e9e":"1 minute"},"schema":{"@context":"https:\/\/schema.org","@graph":[{"@type":"WebPage","@id":"https:\/\/bibliotheque.cegepgarneau.ca\/index.php\/accueil\/faq-2\/faq-recherche-dans-les-bases-de-donnees\/","url":"https:\/\/bibliotheque.cegepgarneau.ca\/index.php\/accueil\/faq-2\/faq-recherche-dans-les-bases-de-donnees\/","name":"FAQ - Outils de recherche - Biblioth\u00e8que C\u00e9gep Garneau","isPartOf":{"@id":"https:\/\/bibliotheque.cegepgarneau.ca\/#website"},"datePublished":"2019-08-12T13:10:34+00:00","dateModified":"2023-11-20T18:03:22+00:00","breadcrumb":{"@id":"https:\/\/bibliotheque.cegepgarneau.ca\/index.php\/accueil\/faq-2\/faq-recherche-dans-les-bases-de-donnees\/#breadcrumb"},"inLanguage":"fr-FR","potentialAction":[{"@type":"ReadAction","target":["https:\/\/bibliotheque.cegepgarneau.ca\/index.php\/accueil\/faq-2\/faq-recherche-dans-les-bases-de-donnees\/"]}]},{"@type":"BreadcrumbList","@id":"https:\/\/bibliotheque.cegepgarneau.ca\/index.php\/accueil\/faq-2\/faq-recherche-dans-les-bases-de-donnees\/#breadcrumb","itemListElement":[{"@type":"ListItem","position":1,"name":"Accueil","item":"https:\/\/bibliotheque.cegepgarneau.ca\/"},{"@type":"ListItem","position":2,"name":"FAQ","item":"https:\/\/bibliotheque.cegepgarneau.ca\/index.php\/accueil\/faq-2\/"},{"@type":"ListItem","position":3,"name":"FAQ &#8211; Outils de recherche"}]},{"@type":"WebSite","@id":"https:\/\/bibliotheque.cegepgarneau.ca\/#website","url":"https:\/\/bibliotheque.cegepgarneau.ca\/","name":"Biblioth\u00e8que C\u00e9gep Garneau","description":"","potentialAction":[{"@type":"SearchAction","target":{"@type":"EntryPoint","urlTemplate":"https:\/\/bibliotheque.cegepgarneau.ca\/?s={search_term_string}"},"query-input":{"@type":"PropertyValueSpecification","valueRequired":true,"valueName":"search_term_string"}}],"inLanguage":"fr-FR"}]}},"_links":{"self":[{"href":"https:\/\/bibliotheque.cegepgarneau.ca\/index.php\/wp-json\/wp\/v2\/pages\/5484","targetHints":{"allow":["GET"]}}],"collection":[{"href":"https:\/\/bibliotheque.cegepgarneau.ca\/index.php\/wp-json\/wp\/v2\/pages"}],"about":[{"href":"https:\/\/bibliotheque.cegepgarneau.ca\/index.php\/wp-json\/wp\/v2\/types\/page"}],"author":[{"embeddable":true,"href":"https:\/\/bibliotheque.cegepgarneau.ca\/index.php\/wp-json\/wp\/v2\/users\/1"}],"replies":[{"embeddable":true,"href":"https:\/\/bibliotheque.cegepgarneau.ca\/index.php\/wp-json\/wp\/v2\/comments?post=5484"}],"version-history":[{"count":22,"href":"https:\/\/bibliotheque.cegepgarneau.ca\/index.php\/wp-json\/wp\/v2\/pages\/5484\/revisions"}],"predecessor-version":[{"id":15343,"href":"https:\/\/bibliotheque.cegepgarneau.ca\/index.php\/wp-json\/wp\/v2\/pages\/5484\/revisions\/15343"}],"up":[{"embeddable":true,"href":"https:\/\/bibliotheque.cegepgarneau.ca\/index.php\/wp-json\/wp\/v2\/pages\/5494"}],"wp:attachment":[{"href":"https:\/\/bibliotheque.cegepgarneau.ca\/index.php\/wp-json\/wp\/v2\/media?parent=5484"}],"curies":[{"name":"wp","href":"https:\/\/api.w.org\/{rel}","templated":true}]}}