{"id":5482,"date":"2019-08-12T14:06:39","date_gmt":"2019-08-12T13:06:39","guid":{"rendered":"http:\/\/cdm.cegepgarneau.ca\/?page_id=5482"},"modified":"2024-01-10T14:39:24","modified_gmt":"2024-01-10T13:39:24","slug":"faq-recherche-documentaire","status":"publish","type":"page","link":"https:\/\/bibliotheque.cegepgarneau.ca\/index.php\/accueil\/faq-2\/faq-recherche-documentaire\/","title":{"rendered":"FAQ &#8211; Recherche documentaire"},"content":{"rendered":"<p><strong>Je ne sais pas par o\u00f9 commencer pour faire une recherche documentaire. Comment faire?<\/strong><\/p>\n<ul>\n<li>Sous <span style=\"color: #3366ff;\"><a style=\"color: #3366ff;\" href=\"\/index.php\/accueil\/comment-chercher\/\" target=\"_blank\" rel=\"noopener noreferrer\"><em>Faire une recherche<\/em><\/a><\/span>, vous trouverez une m\u00e9thode simple et illustr\u00e9e comprenant toutes les \u00e9tapes de la recherche documentaire.<\/li>\n<\/ul>\n<p>&nbsp;<\/p>\n<p><strong>Y a-t-il un mod\u00e8le \u00e0 suivre pour r\u00e9diger une bibliographie?<\/strong><\/p>\n<ul>\n<li>Sous <span style=\"color: #3366ff;\"><em><a style=\"color: #3366ff;\" href=\"\/index.php\/accueil\/comment-chercher\/\" target=\"_blank\" rel=\"noopener noreferrer\">Faire une recherche<\/a><\/em><\/span>, cliquer\u00a0sur <span style=\"color: #3366ff;\"><a style=\"color: #3366ff;\" href=\"\/index.php\/4-citer\/\" target=\"_blank\" rel=\"noopener noreferrer\"><em>Citer ses sources<\/em><\/a><\/span>.<\/li>\n<li>Les normes de pr\u00e9sentation propos\u00e9es sont le style <span style=\"color: #3366ff;\"><a style=\"color: #3366ff;\" href=\"https:\/\/mondiapason.ca\/fichiers\/OutilBibliographique\/index_APA.php\" target=\"_blank\" rel=\"noopener noreferrer\"><em>APA<\/em><\/a><\/span>, le <span style=\"color: #3366ff;\"><a style=\"color: #3366ff;\" href=\"https:\/\/www.scribbr.com\/citation\/generator\/mla\/\" target=\"_blank\" rel=\"noopener noreferrer\"><em>MLA<\/em><\/a><\/span>, le <span style=\"color: #3366ff;\"><a style=\"color: #3366ff;\" href=\"https:\/\/mondiapason.ca\/fichiers\/OutilBibliographique\/index_Dionne.php\" target=\"_blank\" rel=\"noopener\"><em>style Dionne<\/em><\/a><\/span> et <a href=\"\/wp-content\/uploads\/2023\/09\/Lindispensable_-_Guide_de_presentation-1.pdf\" target=\"_blank\" rel=\"noopener noreferrer\"><em><span style=\"color: #3366ff;\">l\u2019Indispensable<\/span> <\/em><\/a>(approuv\u00e9 par le d\u00e9partement de lettres du C\u00e9gep Garneau).<\/li>\n<li>Chaque professeur poss\u00e8de ses propres exigences concernant la pr\u00e9sentation de la bibliographie (ou m\u00e9diagraphie). Le consulter, au besoin.<\/li>\n<li>Communiquer avec le personnel de <span style=\"color: #3366ff;\"><a style=\"color: #3366ff;\" href=\"\/index.php\/accueil\/aide-a-la-recherche\/\" target=\"_blank\" rel=\"noopener noreferrer\">l\u2019aide \u00e0 la recherche<\/a><\/span>, au besoin.<\/li>\n<\/ul>\n<p>&nbsp;<\/p>\n<p><strong>J&#8217;aimerais utiliser un logiciel de gestion de r\u00e9f\u00e9rences bibliographiques. Lequel est conseill\u00e9?<\/strong><\/p>\n<ul>\n<li>Au C\u00e9gep Garneau, c&#8217;est le logiciel Zotero qui est privil\u00e9gi\u00e9.<\/li>\n<li>Voici son <a style=\"color: #3366ff;\" href=\"\/wp-content\/uploads\/2024\/01\/Procedurier-Zotero-2024.pdf\" target=\"_blank\" rel=\"noopener noreferrer\">mode d&#8217;emploi<\/a>.<\/li>\n<p>&nbsp;<\/p>\n<p><strong>Quelles sont les diff\u00e9rences entre un article scientifique et un article non scientifique?<\/strong><\/p>\n<ul>\n<li>Consulter la section <span style=\"color: #3366ff;\"><em><a style=\"color: #3366ff;\" href=\"\/index.php\/comment-reconnaitre-un-article-scientifique\/\" target=\"_blank\" rel=\"noopener noreferrer\">Comment reconna\u00eetre un article scientifique?<\/a><\/em><\/span><\/li>\n<\/ul>\n<p>&nbsp;<\/p>\n<p><strong>Mon document est-il un ouvrage sp\u00e9cialis\u00e9 ou g\u00e9n\u00e9ral?<\/strong><\/p>\n<ul>\n<li>Sous <em><a href=\"\/index.php\/2-trouver\/\" target=\"_blank\" rel=\"noopener noreferrer\"><span style=\"color: #3366ff;\">Faire une recherche &#8211; Trouver ses sources<\/span><\/a><\/em>, consulter la puce <em>Distinguer les types de documents<\/em>. S&#8217;y trouvent les caract\u00e9ristiques des diff\u00e9rents types de documents dont les ouvrages sp\u00e9cialis\u00e9s et g\u00e9n\u00e9raux.<\/li>\n<\/ul>\n","protected":false},"excerpt":{"rendered":"<p>Je ne sais pas par o\u00f9 commencer pour faire une recherche documentaire. Comment faire? Sous Faire une recherche, vous trouverez une m\u00e9thode simple et illustr\u00e9e comprenant toutes les \u00e9tapes de la recherche documentaire. &nbsp; Y a-t-il un mod\u00e8le \u00e0 suivre pour r\u00e9diger une bibliographie? Sous Faire une recherche, cliquer\u00a0sur Citer ses sources. Les normes de [&hellip;]<\/p>\n","protected":false},"author":1,"featured_media":0,"parent":5494,"menu_order":0,"comment_status":"closed","ping_status":"closed","template":"","meta":{"_exactmetrics_skip_tracking":false,"_exactmetrics_sitenote_active":false,"_exactmetrics_sitenote_note":"","_exactmetrics_sitenote_category":0,"footnotes":""},"class_list":["post-5482","page","type-page","status-publish","hentry"],"yoast_head":"<!-- This site is optimized with the Yoast SEO plugin v26.8 - https:\/\/yoast.com\/product\/yoast-seo-wordpress\/ -->\n<title>FAQ - Recherche documentaire - Biblioth\u00e8que C\u00e9gep Garneau<\/title>\n<meta name=\"robots\" content=\"index, follow, max-snippet:-1, max-image-preview:large, max-video-preview:-1\" \/>\n<link rel=\"canonical\" href=\"https:\/\/bibliotheque.cegepgarneau.ca\/index.php\/accueil\/faq-2\/faq-recherche-documentaire\/\" \/>\n<meta property=\"og:locale\" content=\"fr_FR\" \/>\n<meta property=\"og:type\" content=\"article\" \/>\n<meta property=\"og:title\" content=\"FAQ - Recherche documentaire - Biblioth\u00e8que C\u00e9gep Garneau\" \/>\n<meta property=\"og:description\" content=\"Je ne sais pas par o\u00f9 commencer pour faire une recherche documentaire. Comment faire? Sous Faire une recherche, vous trouverez une m\u00e9thode simple et illustr\u00e9e comprenant toutes les \u00e9tapes de la recherche documentaire. &nbsp; Y a-t-il un mod\u00e8le \u00e0 suivre pour r\u00e9diger une bibliographie? Sous Faire une recherche, cliquer\u00a0sur Citer ses sources. Les normes de [&hellip;]\" \/>\n<meta property=\"og:url\" content=\"https:\/\/bibliotheque.cegepgarneau.ca\/index.php\/accueil\/faq-2\/faq-recherche-documentaire\/\" \/>\n<meta property=\"og:site_name\" content=\"Biblioth\u00e8que C\u00e9gep Garneau\" \/>\n<meta property=\"article:modified_time\" content=\"2024-01-10T13:39:24+00:00\" \/>\n<meta name=\"twitter:card\" content=\"summary_large_image\" \/>\n<meta name=\"twitter:label1\" content=\"Dur\u00e9e de lecture estim\u00e9e\" \/>\n\t<meta name=\"twitter:data1\" content=\"1 minute\" \/>\n<script type=\"application\/ld+json\" class=\"yoast-schema-graph\">{\"@context\":\"https:\/\/schema.org\",\"@graph\":[{\"@type\":\"WebPage\",\"@id\":\"https:\/\/bibliotheque.cegepgarneau.ca\/index.php\/accueil\/faq-2\/faq-recherche-documentaire\/\",\"url\":\"https:\/\/bibliotheque.cegepgarneau.ca\/index.php\/accueil\/faq-2\/faq-recherche-documentaire\/\",\"name\":\"FAQ - Recherche documentaire - Biblioth\u00e8que C\u00e9gep Garneau\",\"isPartOf\":{\"@id\":\"https:\/\/bibliotheque.cegepgarneau.ca\/#website\"},\"datePublished\":\"2019-08-12T13:06:39+00:00\",\"dateModified\":\"2024-01-10T13:39:24+00:00\",\"breadcrumb\":{\"@id\":\"https:\/\/bibliotheque.cegepgarneau.ca\/index.php\/accueil\/faq-2\/faq-recherche-documentaire\/#breadcrumb\"},\"inLanguage\":\"fr-FR\",\"potentialAction\":[{\"@type\":\"ReadAction\",\"target\":[\"https:\/\/bibliotheque.cegepgarneau.ca\/index.php\/accueil\/faq-2\/faq-recherche-documentaire\/\"]}]},{\"@type\":\"BreadcrumbList\",\"@id\":\"https:\/\/bibliotheque.cegepgarneau.ca\/index.php\/accueil\/faq-2\/faq-recherche-documentaire\/#breadcrumb\",\"itemListElement\":[{\"@type\":\"ListItem\",\"position\":1,\"name\":\"Accueil\",\"item\":\"https:\/\/bibliotheque.cegepgarneau.ca\/\"},{\"@type\":\"ListItem\",\"position\":2,\"name\":\"FAQ\",\"item\":\"https:\/\/bibliotheque.cegepgarneau.ca\/index.php\/accueil\/faq-2\/\"},{\"@type\":\"ListItem\",\"position\":3,\"name\":\"FAQ &#8211; Recherche documentaire\"}]},{\"@type\":\"WebSite\",\"@id\":\"https:\/\/bibliotheque.cegepgarneau.ca\/#website\",\"url\":\"https:\/\/bibliotheque.cegepgarneau.ca\/\",\"name\":\"Biblioth\u00e8que C\u00e9gep Garneau\",\"description\":\"\",\"potentialAction\":[{\"@type\":\"SearchAction\",\"target\":{\"@type\":\"EntryPoint\",\"urlTemplate\":\"https:\/\/bibliotheque.cegepgarneau.ca\/?s={search_term_string}\"},\"query-input\":{\"@type\":\"PropertyValueSpecification\",\"valueRequired\":true,\"valueName\":\"search_term_string\"}}],\"inLanguage\":\"fr-FR\"}]}<\/script>\n<!-- \/ Yoast SEO plugin. -->","yoast_head_json":{"title":"FAQ - Recherche documentaire - Biblioth\u00e8que C\u00e9gep Garneau","robots":{"index":"index","follow":"follow","max-snippet":"max-snippet:-1","max-image-preview":"max-image-preview:large","max-video-preview":"max-video-preview:-1"},"canonical":"https:\/\/bibliotheque.cegepgarneau.ca\/index.php\/accueil\/faq-2\/faq-recherche-documentaire\/","og_locale":"fr_FR","og_type":"article","og_title":"FAQ - Recherche documentaire - Biblioth\u00e8que C\u00e9gep Garneau","og_description":"Je ne sais pas par o\u00f9 commencer pour faire une recherche documentaire. Comment faire? Sous Faire une recherche, vous trouverez une m\u00e9thode simple et illustr\u00e9e comprenant toutes les \u00e9tapes de la recherche documentaire. &nbsp; Y a-t-il un mod\u00e8le \u00e0 suivre pour r\u00e9diger une bibliographie? Sous Faire une recherche, cliquer\u00a0sur Citer ses sources. Les normes de [&hellip;]","og_url":"https:\/\/bibliotheque.cegepgarneau.ca\/index.php\/accueil\/faq-2\/faq-recherche-documentaire\/","og_site_name":"Biblioth\u00e8que C\u00e9gep Garneau","article_modified_time":"2024-01-10T13:39:24+00:00","twitter_card":"summary_large_image","twitter_misc":{"Dur\u00e9e de lecture estim\u00e9e":"1 minute"},"schema":{"@context":"https:\/\/schema.org","@graph":[{"@type":"WebPage","@id":"https:\/\/bibliotheque.cegepgarneau.ca\/index.php\/accueil\/faq-2\/faq-recherche-documentaire\/","url":"https:\/\/bibliotheque.cegepgarneau.ca\/index.php\/accueil\/faq-2\/faq-recherche-documentaire\/","name":"FAQ - Recherche documentaire - Biblioth\u00e8que C\u00e9gep Garneau","isPartOf":{"@id":"https:\/\/bibliotheque.cegepgarneau.ca\/#website"},"datePublished":"2019-08-12T13:06:39+00:00","dateModified":"2024-01-10T13:39:24+00:00","breadcrumb":{"@id":"https:\/\/bibliotheque.cegepgarneau.ca\/index.php\/accueil\/faq-2\/faq-recherche-documentaire\/#breadcrumb"},"inLanguage":"fr-FR","potentialAction":[{"@type":"ReadAction","target":["https:\/\/bibliotheque.cegepgarneau.ca\/index.php\/accueil\/faq-2\/faq-recherche-documentaire\/"]}]},{"@type":"BreadcrumbList","@id":"https:\/\/bibliotheque.cegepgarneau.ca\/index.php\/accueil\/faq-2\/faq-recherche-documentaire\/#breadcrumb","itemListElement":[{"@type":"ListItem","position":1,"name":"Accueil","item":"https:\/\/bibliotheque.cegepgarneau.ca\/"},{"@type":"ListItem","position":2,"name":"FAQ","item":"https:\/\/bibliotheque.cegepgarneau.ca\/index.php\/accueil\/faq-2\/"},{"@type":"ListItem","position":3,"name":"FAQ &#8211; Recherche documentaire"}]},{"@type":"WebSite","@id":"https:\/\/bibliotheque.cegepgarneau.ca\/#website","url":"https:\/\/bibliotheque.cegepgarneau.ca\/","name":"Biblioth\u00e8que C\u00e9gep Garneau","description":"","potentialAction":[{"@type":"SearchAction","target":{"@type":"EntryPoint","urlTemplate":"https:\/\/bibliotheque.cegepgarneau.ca\/?s={search_term_string}"},"query-input":{"@type":"PropertyValueSpecification","valueRequired":true,"valueName":"search_term_string"}}],"inLanguage":"fr-FR"}]}},"_links":{"self":[{"href":"https:\/\/bibliotheque.cegepgarneau.ca\/index.php\/wp-json\/wp\/v2\/pages\/5482","targetHints":{"allow":["GET"]}}],"collection":[{"href":"https:\/\/bibliotheque.cegepgarneau.ca\/index.php\/wp-json\/wp\/v2\/pages"}],"about":[{"href":"https:\/\/bibliotheque.cegepgarneau.ca\/index.php\/wp-json\/wp\/v2\/types\/page"}],"author":[{"embeddable":true,"href":"https:\/\/bibliotheque.cegepgarneau.ca\/index.php\/wp-json\/wp\/v2\/users\/1"}],"replies":[{"embeddable":true,"href":"https:\/\/bibliotheque.cegepgarneau.ca\/index.php\/wp-json\/wp\/v2\/comments?post=5482"}],"version-history":[{"count":39,"href":"https:\/\/bibliotheque.cegepgarneau.ca\/index.php\/wp-json\/wp\/v2\/pages\/5482\/revisions"}],"predecessor-version":[{"id":15234,"href":"https:\/\/bibliotheque.cegepgarneau.ca\/index.php\/wp-json\/wp\/v2\/pages\/5482\/revisions\/15234"}],"up":[{"embeddable":true,"href":"https:\/\/bibliotheque.cegepgarneau.ca\/index.php\/wp-json\/wp\/v2\/pages\/5494"}],"wp:attachment":[{"href":"https:\/\/bibliotheque.cegepgarneau.ca\/index.php\/wp-json\/wp\/v2\/media?parent=5482"}],"curies":[{"name":"wp","href":"https:\/\/api.w.org\/{rel}","templated":true}]}}