{"id":5387,"date":"2019-08-02T12:48:04","date_gmt":"2019-08-02T11:48:04","guid":{"rendered":"http:\/\/cdm.cegepgarneau.ca\/?page_id=5387"},"modified":"2022-06-23T17:29:06","modified_gmt":"2022-06-23T16:29:06","slug":"commentaires-ou-plaintes","status":"publish","type":"page","link":"https:\/\/bibliotheque.cegepgarneau.ca\/index.php\/accueil\/nous-joindre\/commentaires-ou-plaintes\/","title":{"rendered":"Commentaires ou plaintes"},"content":{"rendered":"<table>\n<tbody>\n<tr>\n<td style=\"border: none; text-align: center; vertical-align: middle;\"><a href=\"\/wp-content\/uploads\/2019\/07\/commentaires.png\"><img loading=\"lazy\" decoding=\"async\" class=\"alignnone size-full wp-image-5308\" src=\"\/wp-content\/uploads\/2019\/07\/commentaires.png\" alt=\"\" width=\"67\" height=\"67\" \/><\/a><\/td>\n<td style=\"border: none; text-align: center; vertical-align: middle;\">\n<h4><strong>Vous avez un commentaire ou une plainte \u00e0 formuler?<\/strong><\/h4>\n<\/td>\n<\/tr>\n<\/tbody>\n<\/table>\n<h5>Vous voulez nous faire part d&#8217;une suggestion qui pourrait contribuer \u00e0 l&#8217;am\u00e9lioration de nos services?<br \/>\nVous \u00e9prouvez une insatisfaction li\u00e9e aux services, aux collections, aux activit\u00e9s, au personnel, \u00e0 l&#8217;environnement ou \u00e0 l&#8217;\u00e9quipement de la biblioth\u00e8que?<\/h5>\n<h5>Pour nous transmettre un commentaire ou formuler une plainte, veuillez communiquer avec nous \u00e0 cette adresse :<br \/>\n<a href=\"mailto:biblio@cegepgarneau.ca\"><span style=\"color: #3366ff;\">biblio@cegepgarneau.ca<\/span><\/a><\/h5>\n","protected":false},"excerpt":{"rendered":"<p>Vous avez un commentaire ou une plainte \u00e0 formuler? Vous voulez nous faire part d&#8217;une suggestion qui pourrait contribuer \u00e0 l&#8217;am\u00e9lioration de nos services? Vous \u00e9prouvez une insatisfaction li\u00e9e aux services, aux collections, aux activit\u00e9s, au personnel, \u00e0 l&#8217;environnement ou \u00e0 l&#8217;\u00e9quipement de la biblioth\u00e8que? Pour nous transmettre un commentaire ou formuler une plainte, veuillez [&hellip;]<\/p>\n","protected":false},"author":1,"featured_media":0,"parent":102,"menu_order":0,"comment_status":"closed","ping_status":"closed","template":"","meta":{"_exactmetrics_skip_tracking":false,"_exactmetrics_sitenote_active":false,"_exactmetrics_sitenote_note":"","_exactmetrics_sitenote_category":0,"footnotes":""},"class_list":["post-5387","page","type-page","status-publish","hentry"],"yoast_head":"<!-- This site is optimized with the Yoast SEO plugin v26.8 - https:\/\/yoast.com\/product\/yoast-seo-wordpress\/ -->\n<title>Commentaires ou plaintes - Biblioth\u00e8que C\u00e9gep Garneau<\/title>\n<meta name=\"robots\" content=\"index, follow, max-snippet:-1, max-image-preview:large, max-video-preview:-1\" \/>\n<link rel=\"canonical\" href=\"https:\/\/bibliotheque.cegepgarneau.ca\/index.php\/accueil\/nous-joindre\/commentaires-ou-plaintes\/\" \/>\n<meta property=\"og:locale\" content=\"fr_FR\" \/>\n<meta property=\"og:type\" content=\"article\" \/>\n<meta property=\"og:title\" content=\"Commentaires ou plaintes - Biblioth\u00e8que C\u00e9gep Garneau\" \/>\n<meta property=\"og:description\" content=\"Vous avez un commentaire ou une plainte \u00e0 formuler? Vous voulez nous faire part d&#8217;une suggestion qui pourrait contribuer \u00e0 l&#8217;am\u00e9lioration de nos services? Vous \u00e9prouvez une insatisfaction li\u00e9e aux services, aux collections, aux activit\u00e9s, au personnel, \u00e0 l&#8217;environnement ou \u00e0 l&#8217;\u00e9quipement de la biblioth\u00e8que? Pour nous transmettre un commentaire ou formuler une plainte, veuillez [&hellip;]\" \/>\n<meta property=\"og:url\" content=\"https:\/\/bibliotheque.cegepgarneau.ca\/index.php\/accueil\/nous-joindre\/commentaires-ou-plaintes\/\" \/>\n<meta property=\"og:site_name\" content=\"Biblioth\u00e8que C\u00e9gep Garneau\" \/>\n<meta property=\"article:modified_time\" content=\"2022-06-23T16:29:06+00:00\" \/>\n<meta name=\"twitter:card\" content=\"summary_large_image\" \/>\n<meta name=\"twitter:label1\" content=\"Dur\u00e9e de lecture estim\u00e9e\" \/>\n\t<meta name=\"twitter:data1\" content=\"1 minute\" \/>\n<script type=\"application\/ld+json\" class=\"yoast-schema-graph\">{\"@context\":\"https:\/\/schema.org\",\"@graph\":[{\"@type\":\"WebPage\",\"@id\":\"https:\/\/bibliotheque.cegepgarneau.ca\/index.php\/accueil\/nous-joindre\/commentaires-ou-plaintes\/\",\"url\":\"https:\/\/bibliotheque.cegepgarneau.ca\/index.php\/accueil\/nous-joindre\/commentaires-ou-plaintes\/\",\"name\":\"Commentaires ou plaintes - Biblioth\u00e8que C\u00e9gep Garneau\",\"isPartOf\":{\"@id\":\"https:\/\/bibliotheque.cegepgarneau.ca\/#website\"},\"datePublished\":\"2019-08-02T11:48:04+00:00\",\"dateModified\":\"2022-06-23T16:29:06+00:00\",\"breadcrumb\":{\"@id\":\"https:\/\/bibliotheque.cegepgarneau.ca\/index.php\/accueil\/nous-joindre\/commentaires-ou-plaintes\/#breadcrumb\"},\"inLanguage\":\"fr-FR\",\"potentialAction\":[{\"@type\":\"ReadAction\",\"target\":[\"https:\/\/bibliotheque.cegepgarneau.ca\/index.php\/accueil\/nous-joindre\/commentaires-ou-plaintes\/\"]}]},{\"@type\":\"BreadcrumbList\",\"@id\":\"https:\/\/bibliotheque.cegepgarneau.ca\/index.php\/accueil\/nous-joindre\/commentaires-ou-plaintes\/#breadcrumb\",\"itemListElement\":[{\"@type\":\"ListItem\",\"position\":1,\"name\":\"Accueil\",\"item\":\"https:\/\/bibliotheque.cegepgarneau.ca\/\"},{\"@type\":\"ListItem\",\"position\":2,\"name\":\"Contacts\",\"item\":\"https:\/\/bibliotheque.cegepgarneau.ca\/index.php\/accueil\/nous-joindre\/\"},{\"@type\":\"ListItem\",\"position\":3,\"name\":\"Commentaires ou plaintes\"}]},{\"@type\":\"WebSite\",\"@id\":\"https:\/\/bibliotheque.cegepgarneau.ca\/#website\",\"url\":\"https:\/\/bibliotheque.cegepgarneau.ca\/\",\"name\":\"Biblioth\u00e8que C\u00e9gep Garneau\",\"description\":\"\",\"potentialAction\":[{\"@type\":\"SearchAction\",\"target\":{\"@type\":\"EntryPoint\",\"urlTemplate\":\"https:\/\/bibliotheque.cegepgarneau.ca\/?s={search_term_string}\"},\"query-input\":{\"@type\":\"PropertyValueSpecification\",\"valueRequired\":true,\"valueName\":\"search_term_string\"}}],\"inLanguage\":\"fr-FR\"}]}<\/script>\n<!-- \/ Yoast SEO plugin. -->","yoast_head_json":{"title":"Commentaires ou plaintes - Biblioth\u00e8que C\u00e9gep Garneau","robots":{"index":"index","follow":"follow","max-snippet":"max-snippet:-1","max-image-preview":"max-image-preview:large","max-video-preview":"max-video-preview:-1"},"canonical":"https:\/\/bibliotheque.cegepgarneau.ca\/index.php\/accueil\/nous-joindre\/commentaires-ou-plaintes\/","og_locale":"fr_FR","og_type":"article","og_title":"Commentaires ou plaintes - Biblioth\u00e8que C\u00e9gep Garneau","og_description":"Vous avez un commentaire ou une plainte \u00e0 formuler? Vous voulez nous faire part d&#8217;une suggestion qui pourrait contribuer \u00e0 l&#8217;am\u00e9lioration de nos services? Vous \u00e9prouvez une insatisfaction li\u00e9e aux services, aux collections, aux activit\u00e9s, au personnel, \u00e0 l&#8217;environnement ou \u00e0 l&#8217;\u00e9quipement de la biblioth\u00e8que? Pour nous transmettre un commentaire ou formuler une plainte, veuillez [&hellip;]","og_url":"https:\/\/bibliotheque.cegepgarneau.ca\/index.php\/accueil\/nous-joindre\/commentaires-ou-plaintes\/","og_site_name":"Biblioth\u00e8que C\u00e9gep Garneau","article_modified_time":"2022-06-23T16:29:06+00:00","twitter_card":"summary_large_image","twitter_misc":{"Dur\u00e9e de lecture estim\u00e9e":"1 minute"},"schema":{"@context":"https:\/\/schema.org","@graph":[{"@type":"WebPage","@id":"https:\/\/bibliotheque.cegepgarneau.ca\/index.php\/accueil\/nous-joindre\/commentaires-ou-plaintes\/","url":"https:\/\/bibliotheque.cegepgarneau.ca\/index.php\/accueil\/nous-joindre\/commentaires-ou-plaintes\/","name":"Commentaires ou plaintes - Biblioth\u00e8que C\u00e9gep Garneau","isPartOf":{"@id":"https:\/\/bibliotheque.cegepgarneau.ca\/#website"},"datePublished":"2019-08-02T11:48:04+00:00","dateModified":"2022-06-23T16:29:06+00:00","breadcrumb":{"@id":"https:\/\/bibliotheque.cegepgarneau.ca\/index.php\/accueil\/nous-joindre\/commentaires-ou-plaintes\/#breadcrumb"},"inLanguage":"fr-FR","potentialAction":[{"@type":"ReadAction","target":["https:\/\/bibliotheque.cegepgarneau.ca\/index.php\/accueil\/nous-joindre\/commentaires-ou-plaintes\/"]}]},{"@type":"BreadcrumbList","@id":"https:\/\/bibliotheque.cegepgarneau.ca\/index.php\/accueil\/nous-joindre\/commentaires-ou-plaintes\/#breadcrumb","itemListElement":[{"@type":"ListItem","position":1,"name":"Accueil","item":"https:\/\/bibliotheque.cegepgarneau.ca\/"},{"@type":"ListItem","position":2,"name":"Contacts","item":"https:\/\/bibliotheque.cegepgarneau.ca\/index.php\/accueil\/nous-joindre\/"},{"@type":"ListItem","position":3,"name":"Commentaires ou plaintes"}]},{"@type":"WebSite","@id":"https:\/\/bibliotheque.cegepgarneau.ca\/#website","url":"https:\/\/bibliotheque.cegepgarneau.ca\/","name":"Biblioth\u00e8que C\u00e9gep Garneau","description":"","potentialAction":[{"@type":"SearchAction","target":{"@type":"EntryPoint","urlTemplate":"https:\/\/bibliotheque.cegepgarneau.ca\/?s={search_term_string}"},"query-input":{"@type":"PropertyValueSpecification","valueRequired":true,"valueName":"search_term_string"}}],"inLanguage":"fr-FR"}]}},"_links":{"self":[{"href":"https:\/\/bibliotheque.cegepgarneau.ca\/index.php\/wp-json\/wp\/v2\/pages\/5387","targetHints":{"allow":["GET"]}}],"collection":[{"href":"https:\/\/bibliotheque.cegepgarneau.ca\/index.php\/wp-json\/wp\/v2\/pages"}],"about":[{"href":"https:\/\/bibliotheque.cegepgarneau.ca\/index.php\/wp-json\/wp\/v2\/types\/page"}],"author":[{"embeddable":true,"href":"https:\/\/bibliotheque.cegepgarneau.ca\/index.php\/wp-json\/wp\/v2\/users\/1"}],"replies":[{"embeddable":true,"href":"https:\/\/bibliotheque.cegepgarneau.ca\/index.php\/wp-json\/wp\/v2\/comments?post=5387"}],"version-history":[{"count":9,"href":"https:\/\/bibliotheque.cegepgarneau.ca\/index.php\/wp-json\/wp\/v2\/pages\/5387\/revisions"}],"predecessor-version":[{"id":12254,"href":"https:\/\/bibliotheque.cegepgarneau.ca\/index.php\/wp-json\/wp\/v2\/pages\/5387\/revisions\/12254"}],"up":[{"embeddable":true,"href":"https:\/\/bibliotheque.cegepgarneau.ca\/index.php\/wp-json\/wp\/v2\/pages\/102"}],"wp:attachment":[{"href":"https:\/\/bibliotheque.cegepgarneau.ca\/index.php\/wp-json\/wp\/v2\/media?parent=5387"}],"curies":[{"name":"wp","href":"https:\/\/api.w.org\/{rel}","templated":true}]}}