{"id":5305,"date":"2019-07-31T13:06:42","date_gmt":"2019-07-31T12:06:42","guid":{"rendered":"http:\/\/cdm.cegepgarneau.ca\/?page_id=5305"},"modified":"2024-05-28T12:51:53","modified_gmt":"2024-05-28T11:51:53","slug":"formations-sur-la-recherche-de-linformation-a-lere-du-numerique","status":"publish","type":"page","link":"https:\/\/bibliotheque.cegepgarneau.ca\/index.php\/accueil\/services\/formations-sur-la-recherche-de-linformation-a-lere-du-numerique\/","title":{"rendered":"Formations sur la recherche documentaire"},"content":{"rendered":"<p>Comment permettre aux \u00e9tudiants de d\u00e9velopper une autonomie lorsqu\u2019ils utilisent le num\u00e9rique afin de rep\u00e9rer de l\u2019information, de l\u2019analyser et de juger de sa pertinence?<br \/>\nPour ce faire, la biblioth\u00e8que invite les enseignants \u00e0 suivre avec leurs classes des formations sur la recherche d\u2019information. Diff\u00e9rents aspects sont abord\u00e9s (avec exercices) selon les besoins des \u00e9tudiants.<\/p>\n<p><strong>1. Recherche de l&#8217;information<\/strong><\/p>\n<ul>\n<li>\u00c9laboration d&#8217;un plan de concepts.<\/li>\n<li>Utilisation efficace de la troncature, des guillemets et des op\u00e9rateurs bool\u00e9ens.<\/li>\n<li>Pr\u00e9sentation d&#8217;astuces de recherche.<\/li>\n<\/ul>\n<p><strong>2. Choix judicieux des outils num\u00e9riques<\/strong><\/p>\n<ul>\n<li>Catalogues de biblioth\u00e8que (Koha, BAnQ\u2026).<\/li>\n<li>Bases de donn\u00e9es :\u00a0pour rep\u00e9rer des articles de revues, livres num\u00e9riques, statistiques, documents audiovisuels, articles d\u2019encyclop\u00e9dies\u2026<\/li>\n<li>Recherche sur le Web (recherche avanc\u00e9e sur Google, Google Scholar\u2026).<\/li>\n<\/ul>\n<p><strong>3. \u00c9valuation de l&#8217;information<\/strong><\/p>\n<p><strong>4. Droit d&#8217;auteur et citation des sources\u00a0<\/strong><\/p>\n<p><strong>5. D\u00e9couverte des ressources de la biblioth\u00e8que<\/strong><\/p>\n<ul>\n<li>Visite de la biblioth\u00e8que.<\/li>\n<li>Rep\u00e9rage d&#8217;un document localis\u00e9 dans la biblioth\u00e8que (livre, article de revue, article d&#8217;encyclop\u00e9die, document audiovisuel).<\/li>\n<\/ul>\n<p>Les formations sont d\u2019une dur\u00e9e de 30 minutes \u00e0 2 heures, selon des objectifs \u00e0 atteindre. Elles se d\u00e9roulent au laboratoire informatique de la Biblioth\u00e8que, local D-2510.<\/p>\n<p><em>Le service d\u2019aide \u00e0 la recherche de la Biblioth\u00e8que et les ateliers d\u2019accompagnement Biblio-secours sont aussi disponibles pour aider vos \u00e9tudiants et \u00e9tudiantes \u00e0 d\u00e9velopper leurs comp\u00e9tences en recherche. Pour tout savoir sur ces services, consultez notre <\/em><span style=\"color: #3366ff;\"><a style=\"color: #3366ff;\" href=\"https:\/\/view.genial.ly\/6387736686d20e0012e90111\/guide-bibliotheque-aide-a-la-reussite\" target=\"_blank\" rel=\"noopener\"><em>pr\u00e9sentation Genially<\/em><\/a><em>.<\/em><\/span><\/p>\n<hr class=\"wp-block-separator\" \/>\n<p><strong>R\u00e9servez le plus t\u00f4t possible\u00a0<\/strong>(un d\u00e9lai minimal d\u2019une semaine est exig\u00e9 pour bien pr\u00e9parer la formation).<\/p>\n<p>Envoyez un courriel \u00e0 Jonathan Nadeau (<span style=\"color: #3366ff;\"><a style=\"color: #3366ff;\" href=\"mailto:jnadeau@cegepgarneau.ca\">jnadeau@cegepgarneau.ca<\/a><\/span>) en y incluant :<\/p>\n<ul>\n<li>La date et la plage horaire souhait\u00e9es;<\/li>\n<li>Le nombre approximatif d&#8217;\u00e9tudiant(e)s;<\/li>\n<li>La nature du travail que les \u00e9tudiant(e)s auront \u00e0 r\u00e9aliser.<\/li>\n<\/ul>\n","protected":false},"excerpt":{"rendered":"<p>Comment permettre aux \u00e9tudiants de d\u00e9velopper une autonomie lorsqu\u2019ils utilisent le num\u00e9rique afin de rep\u00e9rer de l\u2019information, de l\u2019analyser et de juger de sa pertinence? Pour ce faire, la biblioth\u00e8que invite les enseignants \u00e0 suivre avec leurs classes des formations sur la recherche d\u2019information. Diff\u00e9rents aspects sont abord\u00e9s (avec exercices) selon les besoins des \u00e9tudiants. [&hellip;]<\/p>\n","protected":false},"author":1,"featured_media":0,"parent":4180,"menu_order":0,"comment_status":"closed","ping_status":"closed","template":"","meta":{"_exactmetrics_skip_tracking":false,"_exactmetrics_sitenote_active":false,"_exactmetrics_sitenote_note":"","_exactmetrics_sitenote_category":0,"footnotes":""},"class_list":["post-5305","page","type-page","status-publish","hentry"],"yoast_head":"<!-- This site is optimized with the Yoast SEO plugin v26.8 - https:\/\/yoast.com\/product\/yoast-seo-wordpress\/ -->\n<title>Formations sur la recherche documentaire - Biblioth\u00e8que C\u00e9gep Garneau<\/title>\n<meta name=\"robots\" content=\"index, follow, max-snippet:-1, max-image-preview:large, max-video-preview:-1\" \/>\n<link rel=\"canonical\" href=\"https:\/\/bibliotheque.cegepgarneau.ca\/index.php\/accueil\/services\/formations-sur-la-recherche-de-linformation-a-lere-du-numerique\/\" \/>\n<meta property=\"og:locale\" content=\"fr_FR\" \/>\n<meta property=\"og:type\" content=\"article\" \/>\n<meta property=\"og:title\" content=\"Formations sur la recherche documentaire - Biblioth\u00e8que C\u00e9gep Garneau\" \/>\n<meta property=\"og:description\" content=\"Comment permettre aux \u00e9tudiants de d\u00e9velopper une autonomie lorsqu\u2019ils utilisent le num\u00e9rique afin de rep\u00e9rer de l\u2019information, de l\u2019analyser et de juger de sa pertinence? Pour ce faire, la biblioth\u00e8que invite les enseignants \u00e0 suivre avec leurs classes des formations sur la recherche d\u2019information. Diff\u00e9rents aspects sont abord\u00e9s (avec exercices) selon les besoins des \u00e9tudiants. [&hellip;]\" \/>\n<meta property=\"og:url\" content=\"https:\/\/bibliotheque.cegepgarneau.ca\/index.php\/accueil\/services\/formations-sur-la-recherche-de-linformation-a-lere-du-numerique\/\" \/>\n<meta property=\"og:site_name\" content=\"Biblioth\u00e8que C\u00e9gep Garneau\" \/>\n<meta property=\"article:modified_time\" content=\"2024-05-28T11:51:53+00:00\" \/>\n<meta name=\"twitter:card\" content=\"summary_large_image\" \/>\n<meta name=\"twitter:label1\" content=\"Dur\u00e9e de lecture estim\u00e9e\" \/>\n\t<meta name=\"twitter:data1\" content=\"2 minutes\" \/>\n<script type=\"application\/ld+json\" class=\"yoast-schema-graph\">{\"@context\":\"https:\/\/schema.org\",\"@graph\":[{\"@type\":\"WebPage\",\"@id\":\"https:\/\/bibliotheque.cegepgarneau.ca\/index.php\/accueil\/services\/formations-sur-la-recherche-de-linformation-a-lere-du-numerique\/\",\"url\":\"https:\/\/bibliotheque.cegepgarneau.ca\/index.php\/accueil\/services\/formations-sur-la-recherche-de-linformation-a-lere-du-numerique\/\",\"name\":\"Formations sur la recherche documentaire - Biblioth\u00e8que C\u00e9gep Garneau\",\"isPartOf\":{\"@id\":\"https:\/\/bibliotheque.cegepgarneau.ca\/#website\"},\"datePublished\":\"2019-07-31T12:06:42+00:00\",\"dateModified\":\"2024-05-28T11:51:53+00:00\",\"breadcrumb\":{\"@id\":\"https:\/\/bibliotheque.cegepgarneau.ca\/index.php\/accueil\/services\/formations-sur-la-recherche-de-linformation-a-lere-du-numerique\/#breadcrumb\"},\"inLanguage\":\"fr-FR\",\"potentialAction\":[{\"@type\":\"ReadAction\",\"target\":[\"https:\/\/bibliotheque.cegepgarneau.ca\/index.php\/accueil\/services\/formations-sur-la-recherche-de-linformation-a-lere-du-numerique\/\"]}]},{\"@type\":\"BreadcrumbList\",\"@id\":\"https:\/\/bibliotheque.cegepgarneau.ca\/index.php\/accueil\/services\/formations-sur-la-recherche-de-linformation-a-lere-du-numerique\/#breadcrumb\",\"itemListElement\":[{\"@type\":\"ListItem\",\"position\":1,\"name\":\"Accueil\",\"item\":\"https:\/\/bibliotheque.cegepgarneau.ca\/\"},{\"@type\":\"ListItem\",\"position\":2,\"name\":\"Comptoir d\u2019accueil\ufeff\",\"item\":\"https:\/\/bibliotheque.cegepgarneau.ca\/index.php\/accueil\/services\/\"},{\"@type\":\"ListItem\",\"position\":3,\"name\":\"Formations sur la recherche documentaire\"}]},{\"@type\":\"WebSite\",\"@id\":\"https:\/\/bibliotheque.cegepgarneau.ca\/#website\",\"url\":\"https:\/\/bibliotheque.cegepgarneau.ca\/\",\"name\":\"Biblioth\u00e8que C\u00e9gep Garneau\",\"description\":\"\",\"potentialAction\":[{\"@type\":\"SearchAction\",\"target\":{\"@type\":\"EntryPoint\",\"urlTemplate\":\"https:\/\/bibliotheque.cegepgarneau.ca\/?s={search_term_string}\"},\"query-input\":{\"@type\":\"PropertyValueSpecification\",\"valueRequired\":true,\"valueName\":\"search_term_string\"}}],\"inLanguage\":\"fr-FR\"}]}<\/script>\n<!-- \/ Yoast SEO plugin. -->","yoast_head_json":{"title":"Formations sur la recherche documentaire - Biblioth\u00e8que C\u00e9gep Garneau","robots":{"index":"index","follow":"follow","max-snippet":"max-snippet:-1","max-image-preview":"max-image-preview:large","max-video-preview":"max-video-preview:-1"},"canonical":"https:\/\/bibliotheque.cegepgarneau.ca\/index.php\/accueil\/services\/formations-sur-la-recherche-de-linformation-a-lere-du-numerique\/","og_locale":"fr_FR","og_type":"article","og_title":"Formations sur la recherche documentaire - Biblioth\u00e8que C\u00e9gep Garneau","og_description":"Comment permettre aux \u00e9tudiants de d\u00e9velopper une autonomie lorsqu\u2019ils utilisent le num\u00e9rique afin de rep\u00e9rer de l\u2019information, de l\u2019analyser et de juger de sa pertinence? Pour ce faire, la biblioth\u00e8que invite les enseignants \u00e0 suivre avec leurs classes des formations sur la recherche d\u2019information. Diff\u00e9rents aspects sont abord\u00e9s (avec exercices) selon les besoins des \u00e9tudiants. [&hellip;]","og_url":"https:\/\/bibliotheque.cegepgarneau.ca\/index.php\/accueil\/services\/formations-sur-la-recherche-de-linformation-a-lere-du-numerique\/","og_site_name":"Biblioth\u00e8que C\u00e9gep Garneau","article_modified_time":"2024-05-28T11:51:53+00:00","twitter_card":"summary_large_image","twitter_misc":{"Dur\u00e9e de lecture estim\u00e9e":"2 minutes"},"schema":{"@context":"https:\/\/schema.org","@graph":[{"@type":"WebPage","@id":"https:\/\/bibliotheque.cegepgarneau.ca\/index.php\/accueil\/services\/formations-sur-la-recherche-de-linformation-a-lere-du-numerique\/","url":"https:\/\/bibliotheque.cegepgarneau.ca\/index.php\/accueil\/services\/formations-sur-la-recherche-de-linformation-a-lere-du-numerique\/","name":"Formations sur la recherche documentaire - Biblioth\u00e8que C\u00e9gep Garneau","isPartOf":{"@id":"https:\/\/bibliotheque.cegepgarneau.ca\/#website"},"datePublished":"2019-07-31T12:06:42+00:00","dateModified":"2024-05-28T11:51:53+00:00","breadcrumb":{"@id":"https:\/\/bibliotheque.cegepgarneau.ca\/index.php\/accueil\/services\/formations-sur-la-recherche-de-linformation-a-lere-du-numerique\/#breadcrumb"},"inLanguage":"fr-FR","potentialAction":[{"@type":"ReadAction","target":["https:\/\/bibliotheque.cegepgarneau.ca\/index.php\/accueil\/services\/formations-sur-la-recherche-de-linformation-a-lere-du-numerique\/"]}]},{"@type":"BreadcrumbList","@id":"https:\/\/bibliotheque.cegepgarneau.ca\/index.php\/accueil\/services\/formations-sur-la-recherche-de-linformation-a-lere-du-numerique\/#breadcrumb","itemListElement":[{"@type":"ListItem","position":1,"name":"Accueil","item":"https:\/\/bibliotheque.cegepgarneau.ca\/"},{"@type":"ListItem","position":2,"name":"Comptoir d\u2019accueil\ufeff","item":"https:\/\/bibliotheque.cegepgarneau.ca\/index.php\/accueil\/services\/"},{"@type":"ListItem","position":3,"name":"Formations sur la recherche documentaire"}]},{"@type":"WebSite","@id":"https:\/\/bibliotheque.cegepgarneau.ca\/#website","url":"https:\/\/bibliotheque.cegepgarneau.ca\/","name":"Biblioth\u00e8que C\u00e9gep Garneau","description":"","potentialAction":[{"@type":"SearchAction","target":{"@type":"EntryPoint","urlTemplate":"https:\/\/bibliotheque.cegepgarneau.ca\/?s={search_term_string}"},"query-input":{"@type":"PropertyValueSpecification","valueRequired":true,"valueName":"search_term_string"}}],"inLanguage":"fr-FR"}]}},"_links":{"self":[{"href":"https:\/\/bibliotheque.cegepgarneau.ca\/index.php\/wp-json\/wp\/v2\/pages\/5305","targetHints":{"allow":["GET"]}}],"collection":[{"href":"https:\/\/bibliotheque.cegepgarneau.ca\/index.php\/wp-json\/wp\/v2\/pages"}],"about":[{"href":"https:\/\/bibliotheque.cegepgarneau.ca\/index.php\/wp-json\/wp\/v2\/types\/page"}],"author":[{"embeddable":true,"href":"https:\/\/bibliotheque.cegepgarneau.ca\/index.php\/wp-json\/wp\/v2\/users\/1"}],"replies":[{"embeddable":true,"href":"https:\/\/bibliotheque.cegepgarneau.ca\/index.php\/wp-json\/wp\/v2\/comments?post=5305"}],"version-history":[{"count":14,"href":"https:\/\/bibliotheque.cegepgarneau.ca\/index.php\/wp-json\/wp\/v2\/pages\/5305\/revisions"}],"predecessor-version":[{"id":17456,"href":"https:\/\/bibliotheque.cegepgarneau.ca\/index.php\/wp-json\/wp\/v2\/pages\/5305\/revisions\/17456"}],"up":[{"embeddable":true,"href":"https:\/\/bibliotheque.cegepgarneau.ca\/index.php\/wp-json\/wp\/v2\/pages\/4180"}],"wp:attachment":[{"href":"https:\/\/bibliotheque.cegepgarneau.ca\/index.php\/wp-json\/wp\/v2\/media?parent=5305"}],"curies":[{"name":"wp","href":"https:\/\/api.w.org\/{rel}","templated":true}]}}