{"id":5022,"date":"2019-07-03T13:58:04","date_gmt":"2019-07-03T12:58:04","guid":{"rendered":"http:\/\/cdm.cegepgarneau.ca\/?page_id=5022"},"modified":"2026-02-18T14:56:53","modified_gmt":"2026-02-18T13:56:53","slug":"reservation-dune-salle-de-travail","status":"publish","type":"page","link":"https:\/\/bibliotheque.cegepgarneau.ca\/index.php\/accueil\/services\/reservation-dune-salle-de-travail\/","title":{"rendered":"Utilisation d&#8217;une salle de travail"},"content":{"rendered":"<p><img loading=\"lazy\" decoding=\"async\" class=\"alignnone size-full wp-image-4479\" src=\"\/wp-content\/uploads\/2019\/03\/salle_travail.jpg\" alt=\"\" width=\"842\" height=\"290\" srcset=\"https:\/\/bibliotheque.cegepgarneau.ca\/wp-content\/uploads\/2019\/03\/salle_travail.jpg 842w, https:\/\/bibliotheque.cegepgarneau.ca\/wp-content\/uploads\/2019\/03\/salle_travail-300x103.jpg 300w, https:\/\/bibliotheque.cegepgarneau.ca\/wp-content\/uploads\/2019\/03\/salle_travail-768x265.jpg 768w\" sizes=\"auto, (max-width: 842px) 100vw, 842px\" \/><\/p>\n<p>Les portes des salles sont barr\u00e9es pendant les heures d&#8217;ouverture de la biblioth\u00e8que. Il faut emprunter une cl\u00e9 au comptoir d&#8217;accueil pour acc\u00e9der \u00e0 un local.<br \/>\nAucune r\u00e9servation de salle de travail d&#8217;\u00e9quipe n&#8217;est possible. La r\u00e8gle du premier arriv\u00e9, premier servi est appliqu\u00e9e en tout temps.<\/p>\n<p>R\u00e8glements :<\/p>\n<ul>\n<li>Seuls les \u00e9tudiants du C\u00e9gep Garneau ont le privil\u00e8ge d&#8217;occuper une salle de travail.<\/li>\n<li>Les petites salles sont r\u00e9serv\u00e9es aux \u00e9quipes de travail pour un minimum de 2 \u00e9tudiants et un maximum de 6 \u00e9tudiants pour r\u00e9aliser des travaux scolaires.<\/li>\n<li>Comme la salle de travail n\u2019est pas insonoris\u00e9e, le calme est de rigueur. Garder la porte ferm\u00e9e et ne pas \u00e9lever la voix.<\/li>\n<li>Il est interdit \u00e0 toute l\u2019\u00e9quipe de quitter les lieux en y laissant ses effets personnels, m\u00eame si la porte est barr\u00e9e. Les utilisateurs sont responsables de leurs documents et effets personnels en tout temps. La Biblioth\u00e8que ne peut \u00eatre tenue responsable en cas de perte, de vol ou de bris.<br \/>\nDe plus, si personne n\u2019est pr\u00e9sent dans une salle, les agents de s\u00e9curit\u00e9 ou le personnel en place sont autoris\u00e9s \u00e0 lib\u00e9rer imm\u00e9diatement la salle pour une autre \u00e9quipe.<\/li>\n<li>Il est interdit de manger (collation, repas froid, repas chaud) afin de prot\u00e9ger le mobilier et l\u2019\u00e9quipement, sous peine d&#8217;\u00e9viction.<\/li>\n<li>Il est permis de consommer des breuvages seulement s&#8217;ils sont dans un contenant refermable et \u00e9tanche.<\/li>\n<li>Laisser la salle propre et en bon \u00e9tat en partant.<\/li>\n<li>Les usagers sont responsables du respect du mat\u00e9riel et des lieux physiques. Il est interdit de modifier les \u00e9quipements informatiques. Tout bris est passible d\u2019une amende ou d\u2019une sanction par le C\u00e9gep.<\/li>\n<li>Le personnel de la biblioth\u00e8que et les agents de s\u00e9curit\u00e9 peuvent intervenir en tout temps pour veiller \u00e0 l\u2019application de ces r\u00e8gles et demander \u00e0 une \u00e9quipe de quitter la salle, sans autre avertissement.<\/li>\n<li>Rapporter la cl\u00e9 de la salle au comptoir d\u2019accueil, en quittant.<\/li>\n<li>Les personnes qui ne respectent pas ces r\u00e8glements pourraient perdre le privil\u00e8ge d&#8217;emprunter une salle de travail pour toute la session.<\/li>\n<\/ul>\n","protected":false},"excerpt":{"rendered":"<p>Les portes des salles sont barr\u00e9es pendant les heures d&#8217;ouverture de la biblioth\u00e8que. Il faut emprunter une cl\u00e9 au comptoir d&#8217;accueil pour acc\u00e9der \u00e0 un local. Aucune r\u00e9servation de salle de travail d&#8217;\u00e9quipe n&#8217;est possible. La r\u00e8gle du premier arriv\u00e9, premier servi est appliqu\u00e9e en tout temps. R\u00e8glements : Seuls les \u00e9tudiants du C\u00e9gep Garneau [&hellip;]<\/p>\n","protected":false},"author":1,"featured_media":0,"parent":4180,"menu_order":0,"comment_status":"closed","ping_status":"closed","template":"","meta":{"_exactmetrics_skip_tracking":false,"_exactmetrics_sitenote_active":false,"_exactmetrics_sitenote_note":"","_exactmetrics_sitenote_category":0,"footnotes":""},"class_list":["post-5022","page","type-page","status-publish","hentry"],"yoast_head":"<!-- This site is optimized with the Yoast SEO plugin v26.8 - https:\/\/yoast.com\/product\/yoast-seo-wordpress\/ -->\n<title>Utilisation d&#039;une salle de travail - Biblioth\u00e8que C\u00e9gep Garneau<\/title>\n<meta name=\"robots\" content=\"index, follow, max-snippet:-1, max-image-preview:large, max-video-preview:-1\" \/>\n<link rel=\"canonical\" href=\"https:\/\/bibliotheque.cegepgarneau.ca\/index.php\/accueil\/services\/reservation-dune-salle-de-travail\/\" \/>\n<meta property=\"og:locale\" content=\"fr_FR\" \/>\n<meta property=\"og:type\" content=\"article\" \/>\n<meta property=\"og:title\" content=\"Utilisation d&#039;une salle de travail - Biblioth\u00e8que C\u00e9gep Garneau\" \/>\n<meta property=\"og:description\" content=\"Les portes des salles sont barr\u00e9es pendant les heures d&#8217;ouverture de la biblioth\u00e8que. Il faut emprunter une cl\u00e9 au comptoir d&#8217;accueil pour acc\u00e9der \u00e0 un local. Aucune r\u00e9servation de salle de travail d&#8217;\u00e9quipe n&#8217;est possible. La r\u00e8gle du premier arriv\u00e9, premier servi est appliqu\u00e9e en tout temps. R\u00e8glements : Seuls les \u00e9tudiants du C\u00e9gep Garneau [&hellip;]\" \/>\n<meta property=\"og:url\" content=\"https:\/\/bibliotheque.cegepgarneau.ca\/index.php\/accueil\/services\/reservation-dune-salle-de-travail\/\" \/>\n<meta property=\"og:site_name\" content=\"Biblioth\u00e8que C\u00e9gep Garneau\" \/>\n<meta property=\"article:modified_time\" content=\"2026-02-18T13:56:53+00:00\" \/>\n<meta name=\"twitter:card\" content=\"summary_large_image\" \/>\n<meta name=\"twitter:label1\" content=\"Dur\u00e9e de lecture estim\u00e9e\" \/>\n\t<meta name=\"twitter:data1\" content=\"2 minutes\" \/>\n<script type=\"application\/ld+json\" class=\"yoast-schema-graph\">{\"@context\":\"https:\/\/schema.org\",\"@graph\":[{\"@type\":\"WebPage\",\"@id\":\"https:\/\/bibliotheque.cegepgarneau.ca\/index.php\/accueil\/services\/reservation-dune-salle-de-travail\/\",\"url\":\"https:\/\/bibliotheque.cegepgarneau.ca\/index.php\/accueil\/services\/reservation-dune-salle-de-travail\/\",\"name\":\"Utilisation d'une salle de travail - Biblioth\u00e8que C\u00e9gep Garneau\",\"isPartOf\":{\"@id\":\"https:\/\/bibliotheque.cegepgarneau.ca\/#website\"},\"datePublished\":\"2019-07-03T12:58:04+00:00\",\"dateModified\":\"2026-02-18T13:56:53+00:00\",\"breadcrumb\":{\"@id\":\"https:\/\/bibliotheque.cegepgarneau.ca\/index.php\/accueil\/services\/reservation-dune-salle-de-travail\/#breadcrumb\"},\"inLanguage\":\"fr-FR\",\"potentialAction\":[{\"@type\":\"ReadAction\",\"target\":[\"https:\/\/bibliotheque.cegepgarneau.ca\/index.php\/accueil\/services\/reservation-dune-salle-de-travail\/\"]}]},{\"@type\":\"BreadcrumbList\",\"@id\":\"https:\/\/bibliotheque.cegepgarneau.ca\/index.php\/accueil\/services\/reservation-dune-salle-de-travail\/#breadcrumb\",\"itemListElement\":[{\"@type\":\"ListItem\",\"position\":1,\"name\":\"Accueil\",\"item\":\"https:\/\/bibliotheque.cegepgarneau.ca\/\"},{\"@type\":\"ListItem\",\"position\":2,\"name\":\"Comptoir d\u2019accueil\ufeff\",\"item\":\"https:\/\/bibliotheque.cegepgarneau.ca\/index.php\/accueil\/services\/\"},{\"@type\":\"ListItem\",\"position\":3,\"name\":\"Utilisation d&#8217;une salle de travail\"}]},{\"@type\":\"WebSite\",\"@id\":\"https:\/\/bibliotheque.cegepgarneau.ca\/#website\",\"url\":\"https:\/\/bibliotheque.cegepgarneau.ca\/\",\"name\":\"Biblioth\u00e8que C\u00e9gep Garneau\",\"description\":\"\",\"potentialAction\":[{\"@type\":\"SearchAction\",\"target\":{\"@type\":\"EntryPoint\",\"urlTemplate\":\"https:\/\/bibliotheque.cegepgarneau.ca\/?s={search_term_string}\"},\"query-input\":{\"@type\":\"PropertyValueSpecification\",\"valueRequired\":true,\"valueName\":\"search_term_string\"}}],\"inLanguage\":\"fr-FR\"}]}<\/script>\n<!-- \/ Yoast SEO plugin. -->","yoast_head_json":{"title":"Utilisation d'une salle de travail - Biblioth\u00e8que C\u00e9gep Garneau","robots":{"index":"index","follow":"follow","max-snippet":"max-snippet:-1","max-image-preview":"max-image-preview:large","max-video-preview":"max-video-preview:-1"},"canonical":"https:\/\/bibliotheque.cegepgarneau.ca\/index.php\/accueil\/services\/reservation-dune-salle-de-travail\/","og_locale":"fr_FR","og_type":"article","og_title":"Utilisation d'une salle de travail - Biblioth\u00e8que C\u00e9gep Garneau","og_description":"Les portes des salles sont barr\u00e9es pendant les heures d&#8217;ouverture de la biblioth\u00e8que. Il faut emprunter une cl\u00e9 au comptoir d&#8217;accueil pour acc\u00e9der \u00e0 un local. Aucune r\u00e9servation de salle de travail d&#8217;\u00e9quipe n&#8217;est possible. La r\u00e8gle du premier arriv\u00e9, premier servi est appliqu\u00e9e en tout temps. R\u00e8glements : Seuls les \u00e9tudiants du C\u00e9gep Garneau [&hellip;]","og_url":"https:\/\/bibliotheque.cegepgarneau.ca\/index.php\/accueil\/services\/reservation-dune-salle-de-travail\/","og_site_name":"Biblioth\u00e8que C\u00e9gep Garneau","article_modified_time":"2026-02-18T13:56:53+00:00","twitter_card":"summary_large_image","twitter_misc":{"Dur\u00e9e de lecture estim\u00e9e":"2 minutes"},"schema":{"@context":"https:\/\/schema.org","@graph":[{"@type":"WebPage","@id":"https:\/\/bibliotheque.cegepgarneau.ca\/index.php\/accueil\/services\/reservation-dune-salle-de-travail\/","url":"https:\/\/bibliotheque.cegepgarneau.ca\/index.php\/accueil\/services\/reservation-dune-salle-de-travail\/","name":"Utilisation d'une salle de travail - Biblioth\u00e8que C\u00e9gep Garneau","isPartOf":{"@id":"https:\/\/bibliotheque.cegepgarneau.ca\/#website"},"datePublished":"2019-07-03T12:58:04+00:00","dateModified":"2026-02-18T13:56:53+00:00","breadcrumb":{"@id":"https:\/\/bibliotheque.cegepgarneau.ca\/index.php\/accueil\/services\/reservation-dune-salle-de-travail\/#breadcrumb"},"inLanguage":"fr-FR","potentialAction":[{"@type":"ReadAction","target":["https:\/\/bibliotheque.cegepgarneau.ca\/index.php\/accueil\/services\/reservation-dune-salle-de-travail\/"]}]},{"@type":"BreadcrumbList","@id":"https:\/\/bibliotheque.cegepgarneau.ca\/index.php\/accueil\/services\/reservation-dune-salle-de-travail\/#breadcrumb","itemListElement":[{"@type":"ListItem","position":1,"name":"Accueil","item":"https:\/\/bibliotheque.cegepgarneau.ca\/"},{"@type":"ListItem","position":2,"name":"Comptoir d\u2019accueil\ufeff","item":"https:\/\/bibliotheque.cegepgarneau.ca\/index.php\/accueil\/services\/"},{"@type":"ListItem","position":3,"name":"Utilisation d&#8217;une salle de travail"}]},{"@type":"WebSite","@id":"https:\/\/bibliotheque.cegepgarneau.ca\/#website","url":"https:\/\/bibliotheque.cegepgarneau.ca\/","name":"Biblioth\u00e8que C\u00e9gep Garneau","description":"","potentialAction":[{"@type":"SearchAction","target":{"@type":"EntryPoint","urlTemplate":"https:\/\/bibliotheque.cegepgarneau.ca\/?s={search_term_string}"},"query-input":{"@type":"PropertyValueSpecification","valueRequired":true,"valueName":"search_term_string"}}],"inLanguage":"fr-FR"}]}},"_links":{"self":[{"href":"https:\/\/bibliotheque.cegepgarneau.ca\/index.php\/wp-json\/wp\/v2\/pages\/5022","targetHints":{"allow":["GET"]}}],"collection":[{"href":"https:\/\/bibliotheque.cegepgarneau.ca\/index.php\/wp-json\/wp\/v2\/pages"}],"about":[{"href":"https:\/\/bibliotheque.cegepgarneau.ca\/index.php\/wp-json\/wp\/v2\/types\/page"}],"author":[{"embeddable":true,"href":"https:\/\/bibliotheque.cegepgarneau.ca\/index.php\/wp-json\/wp\/v2\/users\/1"}],"replies":[{"embeddable":true,"href":"https:\/\/bibliotheque.cegepgarneau.ca\/index.php\/wp-json\/wp\/v2\/comments?post=5022"}],"version-history":[{"count":43,"href":"https:\/\/bibliotheque.cegepgarneau.ca\/index.php\/wp-json\/wp\/v2\/pages\/5022\/revisions"}],"predecessor-version":[{"id":20796,"href":"https:\/\/bibliotheque.cegepgarneau.ca\/index.php\/wp-json\/wp\/v2\/pages\/5022\/revisions\/20796"}],"up":[{"embeddable":true,"href":"https:\/\/bibliotheque.cegepgarneau.ca\/index.php\/wp-json\/wp\/v2\/pages\/4180"}],"wp:attachment":[{"href":"https:\/\/bibliotheque.cegepgarneau.ca\/index.php\/wp-json\/wp\/v2\/media?parent=5022"}],"curies":[{"name":"wp","href":"https:\/\/api.w.org\/{rel}","templated":true}]}}