{"id":4835,"date":"2019-06-26T18:11:36","date_gmt":"2019-06-26T17:11:36","guid":{"rendered":"http:\/\/cdm.cegepgarneau.ca\/?page_id=4835"},"modified":"2026-02-06T16:50:02","modified_gmt":"2026-02-06T15:50:02","slug":"statistiques","status":"publish","type":"page","link":"https:\/\/bibliotheque.cegepgarneau.ca\/index.php\/accueil\/outils-de-recherche\/statistiques\/","title":{"rendered":"Statistiques"},"content":{"rendered":"<table style=\"height: 102px; width: 455px;\" width=\"643\">\n<tbody>\n<tr>\n<td style=\"border: none; width: 113.233px; text-align: center; vertical-align: middle;\"><img loading=\"lazy\" decoding=\"async\" class=\"alignnone size-full wp-image-4839\" src=\"\/wp-content\/uploads\/2019\/06\/loupeavecfond.png\" alt=\"\" width=\"87\" height=\"89\" \/><\/td>\n<td style=\"border: none; width: 329.767px; text-align: left; vertical-align: middle;\">\n<h2>SUR LE WEB<\/h2>\n<\/td>\n<\/tr>\n<\/tbody>\n<\/table>\n<table style=\"width: 440px; height: 684px;\">\n<tbody>\n<tr>\n<td style=\"border: none; width: 220px; vertical-align: middle; height: 171px; text-align: center;\" rowspan=\"5\">\n<p><a href=\"http:\/\/www.stat.gouv.qc.ca\/\" target=\"_blank\" rel=\"noopener noreferrer\"><img loading=\"lazy\" decoding=\"async\" class=\"alignnone wp-image-5054\" src=\"\/wp-content\/uploads\/2019\/07\/institutstatqc.png\" alt=\"\" width=\"220\" height=\"61\" srcset=\"https:\/\/bibliotheque.cegepgarneau.ca\/wp-content\/uploads\/2019\/07\/institutstatqc.png 1280w, https:\/\/bibliotheque.cegepgarneau.ca\/wp-content\/uploads\/2019\/07\/institutstatqc-300x84.png 300w, https:\/\/bibliotheque.cegepgarneau.ca\/wp-content\/uploads\/2019\/07\/institutstatqc-768x216.png 768w, https:\/\/bibliotheque.cegepgarneau.ca\/wp-content\/uploads\/2019\/07\/institutstatqc-1024x288.png 1024w\" sizes=\"auto, (max-width: 220px) 100vw, 220px\" \/><\/a><\/p>\n<ul style=\"text-align: left;\">\n<li>Donn\u00e9es statistiques sur le Qu\u00e9bec<\/li>\n<li><span style=\"color: #3366ff;\"><a style=\"color: #3366ff;\" href=\"https:\/\/bibliotheque.cegepgarneau.ca\/index.php\/accueil\/outils-de-recherche\/statistiques\/institut-de-la-statistique-du-quebec-tutoriel\/\">Tutoriel<\/a><\/span><br \/>\n<hr \/>\n<p><a href=\"http:\/\/www.oecd.org\/fr\/\" target=\"_blank\" rel=\"noopener noreferrer\"><img loading=\"lazy\" decoding=\"async\" class=\"wp-image-5055 aligncenter\" src=\"\/wp-content\/uploads\/2019\/07\/ocde.jpg\" alt=\"\" width=\"221\" height=\"56\" srcset=\"https:\/\/bibliotheque.cegepgarneau.ca\/wp-content\/uploads\/2019\/07\/ocde.jpg 595w, https:\/\/bibliotheque.cegepgarneau.ca\/wp-content\/uploads\/2019\/07\/ocde-300x75.jpg 300w\" sizes=\"auto, (max-width: 221px) 100vw, 221px\" \/><\/a><\/p>\n<\/li>\n<\/ul>\n<ul style=\"text-align: left;\">\n<li>Statistiques par th\u00e8me et par pays<\/li>\n<li><a href=\"https:\/\/bibliotheque.cegepgarneau.ca\/index.php\/accueil\/outils-de-recherche\/statistiques\/ocde-tutoriel\/\"><span style=\"color: #3366ff;\">Tutoriel<\/span><\/a><br \/>\n<hr \/>\n<p><a href=\"http:\/\/perspective.usherbrooke.ca\/bilan\/BMEncyclopedie\/BMEphemeride.jsp\" target=\"_blank\" rel=\"noopener noreferrer\"><img loading=\"lazy\" decoding=\"async\" class=\"wp-image-5056 aligncenter\" src=\"\/wp-content\/uploads\/2019\/07\/perspectivemonde.jpg\" alt=\"\" width=\"221\" height=\"56\" srcset=\"https:\/\/bibliotheque.cegepgarneau.ca\/wp-content\/uploads\/2019\/07\/perspectivemonde.jpg 380w, https:\/\/bibliotheque.cegepgarneau.ca\/wp-content\/uploads\/2019\/07\/perspectivemonde-300x77.jpg 300w\" sizes=\"auto, (max-width: 221px) 100vw, 221px\" \/><\/a><\/p>\n<\/li>\n<li>Donn\u00e9es statistiques mondiales depuis 1945<\/li>\n<li><span style=\"color: #3366ff;\"><a style=\"color: #3366ff;\" href=\"https:\/\/bibliotheque.cegepgarneau.ca\/index.php\/accueil\/outils-de-recherche\/articles-de-revues-et-de-journaux\/perspective-monde-tutoriel\/\">Tutoriel<\/a><\/span><br \/>\n<hr \/>\n<p><a href=\"https:\/\/www150.statcan.gc.ca\/n1\/fr\/type\/donnees?MM=1\" target=\"_blank\" rel=\"noopener noreferrer\"><img loading=\"lazy\" decoding=\"async\" class=\"wp-image-5057 aligncenter\" src=\"\/wp-content\/uploads\/2019\/07\/statcan.png\" alt=\"\" width=\"221\" height=\"24\" srcset=\"https:\/\/bibliotheque.cegepgarneau.ca\/wp-content\/uploads\/2019\/07\/statcan.png 1280w, https:\/\/bibliotheque.cegepgarneau.ca\/wp-content\/uploads\/2019\/07\/statcan-300x34.png 300w, https:\/\/bibliotheque.cegepgarneau.ca\/wp-content\/uploads\/2019\/07\/statcan-768x86.png 768w, https:\/\/bibliotheque.cegepgarneau.ca\/wp-content\/uploads\/2019\/07\/statcan-1024x115.png 1024w\" sizes=\"auto, (max-width: 221px) 100vw, 221px\" \/><\/a><\/p>\n<\/li>\n<li>Donn\u00e9es statistiques sur le Canada<\/li>\n<li><a href=\"https:\/\/bibliotheque.cegepgarneau.ca\/index.php\/accueil\/outils-de-recherche\/statistiques\/statistique-canada-tutoriel\/\"><span style=\"color: #3366ff;\">Tutoriel<\/span><\/a><\/li>\n<\/ul>\n<\/td>\n<\/tr>\n<\/tbody>\n<\/table>\n","protected":false},"excerpt":{"rendered":"<p>SUR LE WEB Donn\u00e9es statistiques sur le Qu\u00e9bec Tutoriel Statistiques par th\u00e8me et par pays Tutoriel Donn\u00e9es statistiques mondiales depuis 1945 Tutoriel Donn\u00e9es statistiques sur le Canada Tutoriel<\/p>\n","protected":false},"author":1,"featured_media":0,"parent":4182,"menu_order":0,"comment_status":"closed","ping_status":"closed","template":"","meta":{"_exactmetrics_skip_tracking":false,"_exactmetrics_sitenote_active":false,"_exactmetrics_sitenote_note":"","_exactmetrics_sitenote_category":0,"footnotes":""},"class_list":["post-4835","page","type-page","status-publish","hentry"],"yoast_head":"<!-- This site is optimized with the Yoast SEO plugin v26.8 - https:\/\/yoast.com\/product\/yoast-seo-wordpress\/ -->\n<title>Statistiques - Biblioth\u00e8que C\u00e9gep Garneau<\/title>\n<meta name=\"robots\" content=\"index, follow, max-snippet:-1, max-image-preview:large, max-video-preview:-1\" \/>\n<link rel=\"canonical\" href=\"https:\/\/bibliotheque.cegepgarneau.ca\/index.php\/accueil\/outils-de-recherche\/statistiques\/\" \/>\n<meta property=\"og:locale\" content=\"fr_FR\" \/>\n<meta property=\"og:type\" content=\"article\" \/>\n<meta property=\"og:title\" content=\"Statistiques - Biblioth\u00e8que C\u00e9gep Garneau\" \/>\n<meta property=\"og:description\" content=\"SUR LE WEB Donn\u00e9es statistiques sur le Qu\u00e9bec Tutoriel Statistiques par th\u00e8me et par pays Tutoriel Donn\u00e9es statistiques mondiales depuis 1945 Tutoriel Donn\u00e9es statistiques sur le Canada Tutoriel\" \/>\n<meta property=\"og:url\" content=\"https:\/\/bibliotheque.cegepgarneau.ca\/index.php\/accueil\/outils-de-recherche\/statistiques\/\" \/>\n<meta property=\"og:site_name\" content=\"Biblioth\u00e8que C\u00e9gep Garneau\" \/>\n<meta property=\"article:modified_time\" content=\"2026-02-06T15:50:02+00:00\" \/>\n<meta name=\"twitter:card\" content=\"summary_large_image\" \/>\n<meta name=\"twitter:label1\" content=\"Dur\u00e9e de lecture estim\u00e9e\" \/>\n\t<meta name=\"twitter:data1\" content=\"2 minutes\" \/>\n<script type=\"application\/ld+json\" class=\"yoast-schema-graph\">{\"@context\":\"https:\/\/schema.org\",\"@graph\":[{\"@type\":\"WebPage\",\"@id\":\"https:\/\/bibliotheque.cegepgarneau.ca\/index.php\/accueil\/outils-de-recherche\/statistiques\/\",\"url\":\"https:\/\/bibliotheque.cegepgarneau.ca\/index.php\/accueil\/outils-de-recherche\/statistiques\/\",\"name\":\"Statistiques - Biblioth\u00e8que C\u00e9gep Garneau\",\"isPartOf\":{\"@id\":\"https:\/\/bibliotheque.cegepgarneau.ca\/#website\"},\"datePublished\":\"2019-06-26T17:11:36+00:00\",\"dateModified\":\"2026-02-06T15:50:02+00:00\",\"breadcrumb\":{\"@id\":\"https:\/\/bibliotheque.cegepgarneau.ca\/index.php\/accueil\/outils-de-recherche\/statistiques\/#breadcrumb\"},\"inLanguage\":\"fr-FR\",\"potentialAction\":[{\"@type\":\"ReadAction\",\"target\":[\"https:\/\/bibliotheque.cegepgarneau.ca\/index.php\/accueil\/outils-de-recherche\/statistiques\/\"]}]},{\"@type\":\"BreadcrumbList\",\"@id\":\"https:\/\/bibliotheque.cegepgarneau.ca\/index.php\/accueil\/outils-de-recherche\/statistiques\/#breadcrumb\",\"itemListElement\":[{\"@type\":\"ListItem\",\"position\":1,\"name\":\"Accueil\",\"item\":\"https:\/\/bibliotheque.cegepgarneau.ca\/\"},{\"@type\":\"ListItem\",\"position\":2,\"name\":\"Outils de recherche\",\"item\":\"https:\/\/bibliotheque.cegepgarneau.ca\/index.php\/accueil\/outils-de-recherche\/\"},{\"@type\":\"ListItem\",\"position\":3,\"name\":\"Statistiques\"}]},{\"@type\":\"WebSite\",\"@id\":\"https:\/\/bibliotheque.cegepgarneau.ca\/#website\",\"url\":\"https:\/\/bibliotheque.cegepgarneau.ca\/\",\"name\":\"Biblioth\u00e8que C\u00e9gep Garneau\",\"description\":\"\",\"potentialAction\":[{\"@type\":\"SearchAction\",\"target\":{\"@type\":\"EntryPoint\",\"urlTemplate\":\"https:\/\/bibliotheque.cegepgarneau.ca\/?s={search_term_string}\"},\"query-input\":{\"@type\":\"PropertyValueSpecification\",\"valueRequired\":true,\"valueName\":\"search_term_string\"}}],\"inLanguage\":\"fr-FR\"}]}<\/script>\n<!-- \/ Yoast SEO plugin. -->","yoast_head_json":{"title":"Statistiques - Biblioth\u00e8que C\u00e9gep Garneau","robots":{"index":"index","follow":"follow","max-snippet":"max-snippet:-1","max-image-preview":"max-image-preview:large","max-video-preview":"max-video-preview:-1"},"canonical":"https:\/\/bibliotheque.cegepgarneau.ca\/index.php\/accueil\/outils-de-recherche\/statistiques\/","og_locale":"fr_FR","og_type":"article","og_title":"Statistiques - Biblioth\u00e8que C\u00e9gep Garneau","og_description":"SUR LE WEB Donn\u00e9es statistiques sur le Qu\u00e9bec Tutoriel Statistiques par th\u00e8me et par pays Tutoriel Donn\u00e9es statistiques mondiales depuis 1945 Tutoriel Donn\u00e9es statistiques sur le Canada Tutoriel","og_url":"https:\/\/bibliotheque.cegepgarneau.ca\/index.php\/accueil\/outils-de-recherche\/statistiques\/","og_site_name":"Biblioth\u00e8que C\u00e9gep Garneau","article_modified_time":"2026-02-06T15:50:02+00:00","twitter_card":"summary_large_image","twitter_misc":{"Dur\u00e9e de lecture estim\u00e9e":"2 minutes"},"schema":{"@context":"https:\/\/schema.org","@graph":[{"@type":"WebPage","@id":"https:\/\/bibliotheque.cegepgarneau.ca\/index.php\/accueil\/outils-de-recherche\/statistiques\/","url":"https:\/\/bibliotheque.cegepgarneau.ca\/index.php\/accueil\/outils-de-recherche\/statistiques\/","name":"Statistiques - Biblioth\u00e8que C\u00e9gep Garneau","isPartOf":{"@id":"https:\/\/bibliotheque.cegepgarneau.ca\/#website"},"datePublished":"2019-06-26T17:11:36+00:00","dateModified":"2026-02-06T15:50:02+00:00","breadcrumb":{"@id":"https:\/\/bibliotheque.cegepgarneau.ca\/index.php\/accueil\/outils-de-recherche\/statistiques\/#breadcrumb"},"inLanguage":"fr-FR","potentialAction":[{"@type":"ReadAction","target":["https:\/\/bibliotheque.cegepgarneau.ca\/index.php\/accueil\/outils-de-recherche\/statistiques\/"]}]},{"@type":"BreadcrumbList","@id":"https:\/\/bibliotheque.cegepgarneau.ca\/index.php\/accueil\/outils-de-recherche\/statistiques\/#breadcrumb","itemListElement":[{"@type":"ListItem","position":1,"name":"Accueil","item":"https:\/\/bibliotheque.cegepgarneau.ca\/"},{"@type":"ListItem","position":2,"name":"Outils de recherche","item":"https:\/\/bibliotheque.cegepgarneau.ca\/index.php\/accueil\/outils-de-recherche\/"},{"@type":"ListItem","position":3,"name":"Statistiques"}]},{"@type":"WebSite","@id":"https:\/\/bibliotheque.cegepgarneau.ca\/#website","url":"https:\/\/bibliotheque.cegepgarneau.ca\/","name":"Biblioth\u00e8que C\u00e9gep Garneau","description":"","potentialAction":[{"@type":"SearchAction","target":{"@type":"EntryPoint","urlTemplate":"https:\/\/bibliotheque.cegepgarneau.ca\/?s={search_term_string}"},"query-input":{"@type":"PropertyValueSpecification","valueRequired":true,"valueName":"search_term_string"}}],"inLanguage":"fr-FR"}]}},"_links":{"self":[{"href":"https:\/\/bibliotheque.cegepgarneau.ca\/index.php\/wp-json\/wp\/v2\/pages\/4835","targetHints":{"allow":["GET"]}}],"collection":[{"href":"https:\/\/bibliotheque.cegepgarneau.ca\/index.php\/wp-json\/wp\/v2\/pages"}],"about":[{"href":"https:\/\/bibliotheque.cegepgarneau.ca\/index.php\/wp-json\/wp\/v2\/types\/page"}],"author":[{"embeddable":true,"href":"https:\/\/bibliotheque.cegepgarneau.ca\/index.php\/wp-json\/wp\/v2\/users\/1"}],"replies":[{"embeddable":true,"href":"https:\/\/bibliotheque.cegepgarneau.ca\/index.php\/wp-json\/wp\/v2\/comments?post=4835"}],"version-history":[{"count":30,"href":"https:\/\/bibliotheque.cegepgarneau.ca\/index.php\/wp-json\/wp\/v2\/pages\/4835\/revisions"}],"predecessor-version":[{"id":20736,"href":"https:\/\/bibliotheque.cegepgarneau.ca\/index.php\/wp-json\/wp\/v2\/pages\/4835\/revisions\/20736"}],"up":[{"embeddable":true,"href":"https:\/\/bibliotheque.cegepgarneau.ca\/index.php\/wp-json\/wp\/v2\/pages\/4182"}],"wp:attachment":[{"href":"https:\/\/bibliotheque.cegepgarneau.ca\/index.php\/wp-json\/wp\/v2\/media?parent=4835"}],"curies":[{"name":"wp","href":"https:\/\/api.w.org\/{rel}","templated":true}]}}