{"id":4829,"date":"2019-06-26T18:10:30","date_gmt":"2019-06-26T17:10:30","guid":{"rendered":"http:\/\/cdm.cegepgarneau.ca\/?page_id=4829"},"modified":"2026-01-23T16:57:30","modified_gmt":"2026-01-23T15:57:30","slug":"images-films-emissions-de-tele","status":"publish","type":"page","link":"https:\/\/bibliotheque.cegepgarneau.ca\/index.php\/accueil\/outils-de-recherche\/images-films-emissions-de-tele\/","title":{"rendered":"Images, films, \u00e9missions de t\u00e9l\u00e9vision"},"content":{"rendered":"<table style=\"height: 102px; width: 79.7574%;\" width=\"643\">\n<tbody>\n<tr>\n<td style=\"border: none; width: 15.1106%; text-align: center; vertical-align: middle;\"><img loading=\"lazy\" decoding=\"async\" class=\"alignnone size-full wp-image-4839\" src=\"\/wp-content\/uploads\/2019\/06\/loupeavecfond.png\" alt=\"\" width=\"87\" height=\"89\" \/><\/td>\n<td style=\"border: none; width: 31.5398%; text-align: left; vertical-align: middle;\">\n<h2>NOS ABONNEMENTS<\/h2>\n<\/td>\n<td style=\"border: none; width: 21.166%; text-align: center; vertical-align: middle;\"><img loading=\"lazy\" decoding=\"async\" class=\"size-full wp-image-4839 alignright\" src=\"\/wp-content\/uploads\/2019\/06\/loupeavecfond.png\" alt=\"\" width=\"87\" height=\"89\" \/><\/td>\n<td style=\"border: none; width: 67.0131%; text-align: left; vertical-align: middle;\">\n<h2>SUR LE WEB<\/h2>\n<\/td>\n<\/tr>\n<\/tbody>\n<\/table>\n<table style=\"width: 80.8716%; height: 1159px;\">\n<tbody>\n<tr style=\"height: 171px;\">\n<td style=\"border: medium; width: 51.8846%; height: 1135px; text-align: center; vertical-align: top;\" rowspan=\"2\">\n<div class=\"wp-block-image\">\n<div class=\"wp-block-image\">\n<div class=\"wp-block-image\"><a href=\"https:\/\/campus.arte.tv\/saml\/collecto-garneau\/login\" target=\"_blank\" rel=\"noopener\"><img loading=\"lazy\" decoding=\"async\" class=\"alignnone  wp-image-14705\" src=\"https:\/\/bibliotheque.cegepgarneau.ca\/wp-content\/uploads\/2023\/08\/artecampus3.png\" alt=\"\" width=\"205\" height=\"104\" srcset=\"https:\/\/bibliotheque.cegepgarneau.ca\/wp-content\/uploads\/2023\/08\/artecampus3.png 379w, https:\/\/bibliotheque.cegepgarneau.ca\/wp-content\/uploads\/2023\/08\/artecampus3-300x152.png 300w\" sizes=\"auto, (max-width: 205px) 100vw, 205px\" \/><\/a><\/div>\n<\/div>\n<ul>\n<li style=\"text-align: left;\">Ressource de la cha\u00eene ARTE d\u00e9di\u00e9e \u00e0 l\u2019enseignement sup\u00e9rieur.<\/li>\n<li style=\"text-align: left;\">Pr\u00e8s de 2 000 vid\u00e9os dans tous les domaines de connaissance et sujets d\u2019actualit\u00e9<\/li>\n<li style=\"text-align: left;\">Dans plusieurs langues : fran\u00e7ais, anglais, allemand, espagnol, italien<br \/>\n<hr \/>\n<\/li>\n<\/ul>\n<\/div>\n<p><a href=\"https:\/\/criterion-garneau.proxy.collecto.ca\/htbin\/wwform\/016\" target=\"_blank\" rel=\"noopener noreferrer\"><img loading=\"lazy\" decoding=\"async\" class=\"alignnone wp-image-4841\" src=\"https:\/\/bibliotheque.cegepgarneau.ca\/wp-content\/uploads\/2021\/07\/criterion.jpg\" alt=\"\" width=\"237\" height=\"83\" \/><\/a><\/p>\n<ul>\n<li style=\"text-align: left;\" data-tadv-p=\"keep\">Navigateur Firefox recommand\u00e9<\/li>\n<li style=\"text-align: left;\" data-tadv-p=\"keep\">Des milliers de films en ligne \u00e0 la port\u00e9e de la main<\/li>\n<li style=\"text-align: left;\" data-tadv-p=\"keep\">Films de fiction, documentaires, classiques, \u00e9trangers, adaptations litt\u00e9raires, films ind\u00e9pendants, etc.<\/li>\n<\/ul>\n<hr \/>\n<div class=\"wp-block-image\"><a href=\"https:\/\/tenk-garneau.proxy.collecto.ca\/\" target=\"_blank\" rel=\"noopener\"><img loading=\"lazy\" decoding=\"async\" class=\"wpa-warning wpa-image-missing-alt alignnone  wp-image-20672\" src=\"https:\/\/bibliotheque.cegepgarneau.ca\/wp-content\/uploads\/2026\/01\/tenk-300x116.png\" alt=\"\" width=\"199\" height=\"77\" data-warning=\"Missing alt text\" srcset=\"https:\/\/bibliotheque.cegepgarneau.ca\/wp-content\/uploads\/2026\/01\/tenk-300x116.png 300w, https:\/\/bibliotheque.cegepgarneau.ca\/wp-content\/uploads\/2026\/01\/tenk.png 714w\" sizes=\"auto, (max-width: 199px) 100vw, 199px\" \/><\/a><\/div>\n<ul>\n<li style=\"text-align: left;\">Films documentaires<\/li>\n<\/ul>\n<hr \/>\n<p><a href=\"http:\/\/curio-garneau.proxy.collecto.ca\/\" target=\"_blank\" rel=\"noopener noreferrer\"><img loading=\"lazy\" decoding=\"async\" class=\"alignnone wp-image-4202 aligncenter\" src=\"\/wp-content\/uploads\/2019\/07\/curio.png\" alt=\"\" width=\"219\" height=\"60\" \/><\/a><\/p>\n<ul>\n<li style=\"text-align: left;\">\u00c9missions \u00e9ducatives de Radio-Canada et de BBC learning<\/li>\n<li style=\"text-align: left;\">Contenu en fran\u00e7ais et en anglais<\/li>\n<li style=\"text-align: left;\"><a href=\"https:\/\/aide.curio.ca\/category\/188-tutoriels\" target=\"_blank\" rel=\"noopener noreferrer\"><span style=\"color: #3366ff;\">Tutoriels<\/span><\/a><\/li>\n<\/ul>\n<hr \/>\n<p><a href=\"http:\/\/edumedia-garneau.proxy.collecto.ca\/Access\/index.php?idRelPC=537999\" target=\"_blank\" rel=\"noopener noreferrer\"><img loading=\"lazy\" decoding=\"async\" class=\"alignnone wp-image-4841\" src=\"\/wp-content\/uploads\/2019\/07\/edumedia.png\" alt=\"\" width=\"221\" height=\"43\" \/><\/a><\/p>\n<ul>\n<li style=\"text-align: left;\">Mat\u00e9riels p\u00e9dagogiques et d\u00e9monstrations en sciences et maths<\/li>\n<li style=\"text-align: left;\"><a href=\"https:\/\/www.youtube.com\/@eduMediaVideos\/videos\" target=\"_blank\" rel=\"noopener noreferrer\"><span style=\"color: #3366ff;\">Tutoriels<\/span><\/a><\/li>\n<\/ul>\n<hr \/>\n<p><a href=\"https:\/\/www.onf.ca\/\" target=\"_blank\" rel=\"noopener noreferrer\"><img loading=\"lazy\" decoding=\"async\" class=\"alignnone wp-image-4841\" src=\"\/wp-content\/uploads\/2019\/07\/onf.png\" alt=\"\" width=\"193\" height=\"94\" \/><\/a><\/p>\n<ul>\n<li style=\"text-align: left;\">Films documentaires, de fiction et d&#8217;animation produits par l&#8217;ONF (fran\u00e7ais et anglais)<\/li>\n<li style=\"text-align: left;\"><a href=\"https:\/\/aide.onf.ca\/\" target=\"_blank\" rel=\"noopener noreferrer\"><span style=\"color: #3366ff;\">Centre d&#8217;aide<\/span><\/a><\/li>\n<\/ul>\n<hr \/>\n<p><a href=\"https:\/\/www.sciencephoto.com\/\" target=\"_blank\" rel=\"noopener noreferrer\"><img loading=\"lazy\" decoding=\"async\" class=\"alignnone wp-image-4841\" src=\"\/wp-content\/uploads\/2021\/09\/logo-spl.png\" alt=\"\" width=\"280\" height=\"36\" \/><\/a><\/p>\n<ul>\n<li style=\"text-align: left;\">Images en haute r\u00e9solution<\/li>\n<li style=\"text-align: left;\">Vid\u00e9os de qualit\u00e9 professionnelle<\/li>\n<li style=\"text-align: left;\">Domaines couverts : science, environnement, m\u00e9decine, faune et flore, etc.<\/li>\n<li style=\"text-align: left;\">Acc\u00e8s fournis sur demande : \u00e9crire \u00e0 <a href=\"mailto:biblio@cegepgarneau.ca\"><span style=\"color: #3366ff;\">biblio@cegepgarneau.ca<\/span><\/a>.<\/li>\n<li style=\"text-align: left;\">Les droits de t\u00e9l\u00e9chargement sont limit\u00e9s \u00e0 un usage exclusif au C\u00e9gep (les documents ne peuvent \u00eatre diffus\u00e9s \u00e0 l&#8217;ext\u00e9rieur de nos murs, ni sur une plateforme num\u00e9rique publique)<\/li>\n<\/ul>\n<hr \/>\n<p><a href=\"https:\/\/telequebec-garneau.proxy.collecto.ca\/\" target=\"_blank\" rel=\"noopener noreferrer\"><img loading=\"lazy\" decoding=\"async\" class=\"alignnone wp-image-4846\" src=\"\/wp-content\/uploads\/2021\/03\/tele-quebec-en-classe.jpg\" alt=\"\" width=\"183\" height=\"183\" \/><\/a><\/p>\n<ul>\n<li style=\"text-align: left;\">Collection de vid\u00e9os \u00e9ducatives de T\u00e9l\u00e9-Qu\u00e9bec<\/li>\n<li style=\"text-align: left;\"><span style=\"color: #3366ff;\"><a style=\"color: #3366ff;\" href=\"https:\/\/bit.ly\/TQEC-guide-et-astuces\" target=\"_blank\" rel=\"noopener noreferrer\">Guide et astuces d&#8217;utilisation<\/a><\/span><\/li>\n<\/ul>\n<\/td>\n<td style=\"border: medium; width: 76.8505%; height: 1135px; text-align: center; vertical-align: top;\" rowspan=\"2\">\n<p><a href=\"https:\/\/collections.dma.org\/\" target=\"_blank\" rel=\"noopener noreferrer\"><img loading=\"lazy\" decoding=\"async\" class=\"alignnone wp-image-5068\" src=\"\/wp-content\/uploads\/2021\/10\/dma-logo.png\" alt=\"\" width=\"155\" height=\"69\" \/><\/a><\/p>\n<ul style=\"text-align: left;\">\n<li style=\"text-align: left;\">Plus de 25 000 \u0153uvres d&#8217;art de toutes les cultures et \u00e9poques<\/li>\n<li style=\"text-align: left;\">Images gratuites et libres de droit<\/li>\n<\/ul>\n<hr \/>\n<p><a href=\"https:\/\/fxg.koha.collecto.ca\/\" target=\"_blank\" rel=\"noopener noreferrer\"><img loading=\"lazy\" decoding=\"async\" class=\"alignnone wp-image-4846\" src=\"\/wp-content\/uploads\/2019\/06\/KOHA-LOGO.png\" alt=\"\" width=\"212\" height=\"64\" \/><\/a><\/p>\n<ul style=\"text-align: left;\">\n<li>Collection de la biblioth\u00e8que<\/li>\n<li>Livres imprim\u00e9s, livres et p\u00e9riodiques num\u00e9riques, DVD<\/li>\n<li>Acc\u00e8s \u00e0 votre dossier (emprunts, retards, renouvellements)<\/li>\n<\/ul>\n<hr \/>\n<p><a href=\"https:\/\/mediafilm.ca\/\" target=\"_blank\" rel=\"noopener\"><img loading=\"lazy\" decoding=\"async\" class=\"alignnone  wp-image-14784\" src=\"https:\/\/bibliotheque.cegepgarneau.ca\/wp-content\/uploads\/2023\/08\/mediafilm.png\" alt=\"\" width=\"243\" height=\"34\" \/><\/a><\/p>\n<ul>\n<li style=\"text-align: left;\">Contenu cin\u00e9matographique, critiques de films<\/li>\n<li style=\"text-align: left;\">Pr\u00e8s de 70 000 fiches de longs m\u00e9trages (synopsis, cote, bande-annonce, etc.)<\/li>\n<\/ul>\n<hr \/>\n<p><a href=\"http:\/\/monde.ccdmd.qc.ca\/\" target=\"_blank\" rel=\"noopener noreferrer\"><img loading=\"lazy\" decoding=\"async\" class=\"alignnone wp-image-4846\" src=\"\/wp-content\/uploads\/2019\/07\/mondeenimages.png\" alt=\"\" width=\"219\" height=\"29\" \/><\/a><\/p>\n<ul style=\"text-align: left;\">\n<li style=\"text-align: left;\">Banques d&#8217;images pour la conception de mat\u00e9riel didactique<\/li>\n<li style=\"text-align: left;\">Contenu gratuit et libre de droit<\/li>\n<\/ul>\n<hr \/>\n<p><a href=\"https:\/\/pixabay.com\/fr\/\" target=\"_blank\" rel=\"noopener\"><img loading=\"lazy\" decoding=\"async\" class=\"size-full wp-image-9976 aligncenter\" src=\"\/wp-content\/uploads\/2019\/07\/pixabay.png\" alt=\"\" width=\"183\" height=\"183\" \/><\/a><\/p>\n<ul style=\"text-align: left;\">\n<li style=\"text-align: left;\">Plus de 1 million d&#8217;images et de photographies de haute qualit\u00e9<\/li>\n<li style=\"text-align: left;\">Contenu gratuit et libre de droit<\/li>\n<\/ul>\n<hr \/>\n<p><a href=\"https:\/\/savoir.media\/sujets\" target=\"_blank\" rel=\"noopener noreferrer\"><img loading=\"lazy\" decoding=\"async\" class=\"alignnone wp-image-4846\" src=\"\/wp-content\/uploads\/2019\/07\/savoir.jpg\" alt=\"\" width=\"204\" height=\"54\" \/><\/a><\/p>\n<ul style=\"text-align: left;\">\n<li style=\"text-align: left;\">\u00c9missions \u00e9ducatives donnant la parole \u00e0 des experts qu\u00e9b\u00e9cois reconnus<\/li>\n<li style=\"text-align: left;\">Propose de grandes s\u00e9ries \u00e9trang\u00e8res<\/li>\n<\/ul>\n<hr \/>\n<p><a href=\"https:\/\/unsplash.com\/\" target=\"_blank\" rel=\"noopener noreferrer\"><img loading=\"lazy\" decoding=\"async\" class=\"alignnone wp-image-4846\" src=\"\/wp-content\/uploads\/2019\/07\/unsplash.png\" alt=\"\" width=\"216\" height=\"52\" \/><\/a><\/p>\n<ul>\n<li style=\"text-align: left;\">Banque de photographies de haute qualit\u00e9<\/li>\n<li style=\"text-align: left;\">Contenu gratuit et libre de droit<\/li>\n<\/ul>\n<p>&nbsp;<\/p>\n<\/td>\n<td style=\"border: medium; width: 0.503778%; height: 964px;\">\u00a0<\/td>\n<\/tr>\n<tr style=\"height: 144px;\">\n<td style=\"border: medium; width: 0.503778%; vertical-align: middle; height: 171px; text-align: center;\">\u00a0<\/td>\n<\/tr>\n<\/tbody>\n<\/table>\n","protected":false},"excerpt":{"rendered":"<p>NOS ABONNEMENTS SUR LE WEB Ressource de la cha\u00eene ARTE d\u00e9di\u00e9e \u00e0 l\u2019enseignement sup\u00e9rieur. Pr\u00e8s de 2 000 vid\u00e9os dans tous les domaines de connaissance et sujets d\u2019actualit\u00e9 Dans plusieurs langues : fran\u00e7ais, anglais, allemand, espagnol, italien Navigateur Firefox recommand\u00e9 Des milliers de films en ligne \u00e0 la port\u00e9e de la main Films de fiction, [&hellip;]<\/p>\n","protected":false},"author":1,"featured_media":0,"parent":4182,"menu_order":0,"comment_status":"closed","ping_status":"closed","template":"","meta":{"_exactmetrics_skip_tracking":false,"_exactmetrics_sitenote_active":false,"_exactmetrics_sitenote_note":"","_exactmetrics_sitenote_category":0,"footnotes":""},"class_list":["post-4829","page","type-page","status-publish","hentry"],"yoast_head":"<!-- This site is optimized with the Yoast SEO plugin v26.8 - https:\/\/yoast.com\/product\/yoast-seo-wordpress\/ -->\n<title>Images, films, \u00e9missions de t\u00e9l\u00e9vision - Biblioth\u00e8que C\u00e9gep Garneau<\/title>\n<meta name=\"robots\" content=\"index, follow, max-snippet:-1, max-image-preview:large, max-video-preview:-1\" \/>\n<link rel=\"canonical\" href=\"https:\/\/bibliotheque.cegepgarneau.ca\/index.php\/accueil\/outils-de-recherche\/images-films-emissions-de-tele\/\" \/>\n<meta property=\"og:locale\" content=\"fr_FR\" \/>\n<meta property=\"og:type\" content=\"article\" \/>\n<meta property=\"og:title\" content=\"Images, films, \u00e9missions de t\u00e9l\u00e9vision - Biblioth\u00e8que C\u00e9gep Garneau\" \/>\n<meta property=\"og:description\" content=\"NOS ABONNEMENTS SUR LE WEB Ressource de la cha\u00eene ARTE d\u00e9di\u00e9e \u00e0 l\u2019enseignement sup\u00e9rieur. Pr\u00e8s de 2 000 vid\u00e9os dans tous les domaines de connaissance et sujets d\u2019actualit\u00e9 Dans plusieurs langues : fran\u00e7ais, anglais, allemand, espagnol, italien Navigateur Firefox recommand\u00e9 Des milliers de films en ligne \u00e0 la port\u00e9e de la main Films de fiction, [&hellip;]\" \/>\n<meta property=\"og:url\" content=\"https:\/\/bibliotheque.cegepgarneau.ca\/index.php\/accueil\/outils-de-recherche\/images-films-emissions-de-tele\/\" \/>\n<meta property=\"og:site_name\" content=\"Biblioth\u00e8que C\u00e9gep Garneau\" \/>\n<meta property=\"article:modified_time\" content=\"2026-01-23T15:57:30+00:00\" \/>\n<meta property=\"og:image\" content=\"https:\/\/bibliotheque.cegepgarneau.ca\/wp-content\/uploads\/2023\/08\/artecampus3.png\" \/>\n<meta name=\"twitter:card\" content=\"summary_large_image\" \/>\n<meta name=\"twitter:label1\" content=\"Dur\u00e9e de lecture estim\u00e9e\" \/>\n\t<meta name=\"twitter:data1\" content=\"5 minutes\" \/>\n<script type=\"application\/ld+json\" class=\"yoast-schema-graph\">{\"@context\":\"https:\/\/schema.org\",\"@graph\":[{\"@type\":\"WebPage\",\"@id\":\"https:\/\/bibliotheque.cegepgarneau.ca\/index.php\/accueil\/outils-de-recherche\/images-films-emissions-de-tele\/\",\"url\":\"https:\/\/bibliotheque.cegepgarneau.ca\/index.php\/accueil\/outils-de-recherche\/images-films-emissions-de-tele\/\",\"name\":\"Images, films, \u00e9missions de t\u00e9l\u00e9vision - Biblioth\u00e8que C\u00e9gep Garneau\",\"isPartOf\":{\"@id\":\"https:\/\/bibliotheque.cegepgarneau.ca\/#website\"},\"primaryImageOfPage\":{\"@id\":\"https:\/\/bibliotheque.cegepgarneau.ca\/index.php\/accueil\/outils-de-recherche\/images-films-emissions-de-tele\/#primaryimage\"},\"image\":{\"@id\":\"https:\/\/bibliotheque.cegepgarneau.ca\/index.php\/accueil\/outils-de-recherche\/images-films-emissions-de-tele\/#primaryimage\"},\"thumbnailUrl\":\"https:\/\/bibliotheque.cegepgarneau.ca\/wp-content\/uploads\/2023\/08\/artecampus3.png\",\"datePublished\":\"2019-06-26T17:10:30+00:00\",\"dateModified\":\"2026-01-23T15:57:30+00:00\",\"breadcrumb\":{\"@id\":\"https:\/\/bibliotheque.cegepgarneau.ca\/index.php\/accueil\/outils-de-recherche\/images-films-emissions-de-tele\/#breadcrumb\"},\"inLanguage\":\"fr-FR\",\"potentialAction\":[{\"@type\":\"ReadAction\",\"target\":[\"https:\/\/bibliotheque.cegepgarneau.ca\/index.php\/accueil\/outils-de-recherche\/images-films-emissions-de-tele\/\"]}]},{\"@type\":\"ImageObject\",\"inLanguage\":\"fr-FR\",\"@id\":\"https:\/\/bibliotheque.cegepgarneau.ca\/index.php\/accueil\/outils-de-recherche\/images-films-emissions-de-tele\/#primaryimage\",\"url\":\"https:\/\/bibliotheque.cegepgarneau.ca\/wp-content\/uploads\/2023\/08\/artecampus3.png\",\"contentUrl\":\"https:\/\/bibliotheque.cegepgarneau.ca\/wp-content\/uploads\/2023\/08\/artecampus3.png\",\"width\":379,\"height\":192},{\"@type\":\"BreadcrumbList\",\"@id\":\"https:\/\/bibliotheque.cegepgarneau.ca\/index.php\/accueil\/outils-de-recherche\/images-films-emissions-de-tele\/#breadcrumb\",\"itemListElement\":[{\"@type\":\"ListItem\",\"position\":1,\"name\":\"Accueil\",\"item\":\"https:\/\/bibliotheque.cegepgarneau.ca\/\"},{\"@type\":\"ListItem\",\"position\":2,\"name\":\"Outils de recherche\",\"item\":\"https:\/\/bibliotheque.cegepgarneau.ca\/index.php\/accueil\/outils-de-recherche\/\"},{\"@type\":\"ListItem\",\"position\":3,\"name\":\"Images, films, \u00e9missions de t\u00e9l\u00e9vision\"}]},{\"@type\":\"WebSite\",\"@id\":\"https:\/\/bibliotheque.cegepgarneau.ca\/#website\",\"url\":\"https:\/\/bibliotheque.cegepgarneau.ca\/\",\"name\":\"Biblioth\u00e8que C\u00e9gep Garneau\",\"description\":\"\",\"potentialAction\":[{\"@type\":\"SearchAction\",\"target\":{\"@type\":\"EntryPoint\",\"urlTemplate\":\"https:\/\/bibliotheque.cegepgarneau.ca\/?s={search_term_string}\"},\"query-input\":{\"@type\":\"PropertyValueSpecification\",\"valueRequired\":true,\"valueName\":\"search_term_string\"}}],\"inLanguage\":\"fr-FR\"}]}<\/script>\n<!-- \/ Yoast SEO plugin. -->","yoast_head_json":{"title":"Images, films, \u00e9missions de t\u00e9l\u00e9vision - Biblioth\u00e8que C\u00e9gep Garneau","robots":{"index":"index","follow":"follow","max-snippet":"max-snippet:-1","max-image-preview":"max-image-preview:large","max-video-preview":"max-video-preview:-1"},"canonical":"https:\/\/bibliotheque.cegepgarneau.ca\/index.php\/accueil\/outils-de-recherche\/images-films-emissions-de-tele\/","og_locale":"fr_FR","og_type":"article","og_title":"Images, films, \u00e9missions de t\u00e9l\u00e9vision - Biblioth\u00e8que C\u00e9gep Garneau","og_description":"NOS ABONNEMENTS SUR LE WEB Ressource de la cha\u00eene ARTE d\u00e9di\u00e9e \u00e0 l\u2019enseignement sup\u00e9rieur. Pr\u00e8s de 2 000 vid\u00e9os dans tous les domaines de connaissance et sujets d\u2019actualit\u00e9 Dans plusieurs langues : fran\u00e7ais, anglais, allemand, espagnol, italien Navigateur Firefox recommand\u00e9 Des milliers de films en ligne \u00e0 la port\u00e9e de la main Films de fiction, [&hellip;]","og_url":"https:\/\/bibliotheque.cegepgarneau.ca\/index.php\/accueil\/outils-de-recherche\/images-films-emissions-de-tele\/","og_site_name":"Biblioth\u00e8que C\u00e9gep Garneau","article_modified_time":"2026-01-23T15:57:30+00:00","og_image":[{"url":"https:\/\/bibliotheque.cegepgarneau.ca\/wp-content\/uploads\/2023\/08\/artecampus3.png","type":"","width":"","height":""}],"twitter_card":"summary_large_image","twitter_misc":{"Dur\u00e9e de lecture estim\u00e9e":"5 minutes"},"schema":{"@context":"https:\/\/schema.org","@graph":[{"@type":"WebPage","@id":"https:\/\/bibliotheque.cegepgarneau.ca\/index.php\/accueil\/outils-de-recherche\/images-films-emissions-de-tele\/","url":"https:\/\/bibliotheque.cegepgarneau.ca\/index.php\/accueil\/outils-de-recherche\/images-films-emissions-de-tele\/","name":"Images, films, \u00e9missions de t\u00e9l\u00e9vision - Biblioth\u00e8que C\u00e9gep Garneau","isPartOf":{"@id":"https:\/\/bibliotheque.cegepgarneau.ca\/#website"},"primaryImageOfPage":{"@id":"https:\/\/bibliotheque.cegepgarneau.ca\/index.php\/accueil\/outils-de-recherche\/images-films-emissions-de-tele\/#primaryimage"},"image":{"@id":"https:\/\/bibliotheque.cegepgarneau.ca\/index.php\/accueil\/outils-de-recherche\/images-films-emissions-de-tele\/#primaryimage"},"thumbnailUrl":"https:\/\/bibliotheque.cegepgarneau.ca\/wp-content\/uploads\/2023\/08\/artecampus3.png","datePublished":"2019-06-26T17:10:30+00:00","dateModified":"2026-01-23T15:57:30+00:00","breadcrumb":{"@id":"https:\/\/bibliotheque.cegepgarneau.ca\/index.php\/accueil\/outils-de-recherche\/images-films-emissions-de-tele\/#breadcrumb"},"inLanguage":"fr-FR","potentialAction":[{"@type":"ReadAction","target":["https:\/\/bibliotheque.cegepgarneau.ca\/index.php\/accueil\/outils-de-recherche\/images-films-emissions-de-tele\/"]}]},{"@type":"ImageObject","inLanguage":"fr-FR","@id":"https:\/\/bibliotheque.cegepgarneau.ca\/index.php\/accueil\/outils-de-recherche\/images-films-emissions-de-tele\/#primaryimage","url":"https:\/\/bibliotheque.cegepgarneau.ca\/wp-content\/uploads\/2023\/08\/artecampus3.png","contentUrl":"https:\/\/bibliotheque.cegepgarneau.ca\/wp-content\/uploads\/2023\/08\/artecampus3.png","width":379,"height":192},{"@type":"BreadcrumbList","@id":"https:\/\/bibliotheque.cegepgarneau.ca\/index.php\/accueil\/outils-de-recherche\/images-films-emissions-de-tele\/#breadcrumb","itemListElement":[{"@type":"ListItem","position":1,"name":"Accueil","item":"https:\/\/bibliotheque.cegepgarneau.ca\/"},{"@type":"ListItem","position":2,"name":"Outils de recherche","item":"https:\/\/bibliotheque.cegepgarneau.ca\/index.php\/accueil\/outils-de-recherche\/"},{"@type":"ListItem","position":3,"name":"Images, films, \u00e9missions de t\u00e9l\u00e9vision"}]},{"@type":"WebSite","@id":"https:\/\/bibliotheque.cegepgarneau.ca\/#website","url":"https:\/\/bibliotheque.cegepgarneau.ca\/","name":"Biblioth\u00e8que C\u00e9gep Garneau","description":"","potentialAction":[{"@type":"SearchAction","target":{"@type":"EntryPoint","urlTemplate":"https:\/\/bibliotheque.cegepgarneau.ca\/?s={search_term_string}"},"query-input":{"@type":"PropertyValueSpecification","valueRequired":true,"valueName":"search_term_string"}}],"inLanguage":"fr-FR"}]}},"_links":{"self":[{"href":"https:\/\/bibliotheque.cegepgarneau.ca\/index.php\/wp-json\/wp\/v2\/pages\/4829","targetHints":{"allow":["GET"]}}],"collection":[{"href":"https:\/\/bibliotheque.cegepgarneau.ca\/index.php\/wp-json\/wp\/v2\/pages"}],"about":[{"href":"https:\/\/bibliotheque.cegepgarneau.ca\/index.php\/wp-json\/wp\/v2\/types\/page"}],"author":[{"embeddable":true,"href":"https:\/\/bibliotheque.cegepgarneau.ca\/index.php\/wp-json\/wp\/v2\/users\/1"}],"replies":[{"embeddable":true,"href":"https:\/\/bibliotheque.cegepgarneau.ca\/index.php\/wp-json\/wp\/v2\/comments?post=4829"}],"version-history":[{"count":117,"href":"https:\/\/bibliotheque.cegepgarneau.ca\/index.php\/wp-json\/wp\/v2\/pages\/4829\/revisions"}],"predecessor-version":[{"id":20674,"href":"https:\/\/bibliotheque.cegepgarneau.ca\/index.php\/wp-json\/wp\/v2\/pages\/4829\/revisions\/20674"}],"up":[{"embeddable":true,"href":"https:\/\/bibliotheque.cegepgarneau.ca\/index.php\/wp-json\/wp\/v2\/pages\/4182"}],"wp:attachment":[{"href":"https:\/\/bibliotheque.cegepgarneau.ca\/index.php\/wp-json\/wp\/v2\/media?parent=4829"}],"curies":[{"name":"wp","href":"https:\/\/api.w.org\/{rel}","templated":true}]}}