{"id":4826,"date":"2019-06-26T18:09:56","date_gmt":"2019-06-26T17:09:56","guid":{"rendered":"http:\/\/cdm.cegepgarneau.ca\/?page_id=4826"},"modified":"2026-02-26T17:47:13","modified_gmt":"2026-02-26T16:47:13","slug":"atlas-dictionnaires-encyclopedies","status":"publish","type":"page","link":"https:\/\/bibliotheque.cegepgarneau.ca\/index.php\/accueil\/outils-de-recherche\/atlas-dictionnaires-encyclopedies\/","title":{"rendered":"Atlas, dictionnaires, encyclop\u00e9dies"},"content":{"rendered":"<table style=\"height: 102px; width: 79.7574%;\" width=\"643\">\n<tbody>\n<tr>\n<td style=\"border: none; width: 15.1106%; text-align: center; vertical-align: middle;\"><img loading=\"lazy\" decoding=\"async\" class=\"alignnone size-full wp-image-4839\" src=\"\/wp-content\/uploads\/2019\/06\/loupeavecfond.png\" alt=\"\" width=\"87\" height=\"89\" \/><\/td>\n<td style=\"border: none; width: 31.5398%; text-align: left; vertical-align: middle;\">\n<h2>NOS ABONNEMENTS<\/h2>\n<\/td>\n<td style=\"border: none; width: 21.166%; text-align: center; vertical-align: middle;\"><img loading=\"lazy\" decoding=\"async\" class=\"size-full wp-image-4839 alignright\" src=\"\/wp-content\/uploads\/2019\/06\/loupeavecfond.png\" alt=\"\" width=\"87\" height=\"89\" \/><\/td>\n<td style=\"border: none; width: 67.0131%; text-align: left; vertical-align: middle;\">\n<h2>SUR LE WEB<\/h2>\n<\/td>\n<\/tr>\n<\/tbody>\n<\/table>\n<table style=\"width: 80.8716%; height: 877px;\">\n<tbody>\n<tr style=\"height: 171px;\">\n<td style=\"border: none; width: 51.8846%; height: 171px; text-align: center; vertical-align: top;\" rowspan=\"5\">\n<div class=\"wp-block-image\"><a href=\"https:\/\/asbc-garneau.proxy.collecto.ca\/\" target=\"_blank\" rel=\"noopener\"><img loading=\"lazy\" decoding=\"async\" class=\"alignnone  wp-image-14918\" src=\"https:\/\/bibliotheque.cegepgarneau.ca\/wp-content\/uploads\/2023\/09\/ASBC.png\" alt=\"\" width=\"210\" height=\"149\" srcset=\"https:\/\/bibliotheque.cegepgarneau.ca\/wp-content\/uploads\/2023\/09\/ASBC.png 827w, https:\/\/bibliotheque.cegepgarneau.ca\/wp-content\/uploads\/2023\/09\/ASBC-300x213.png 300w, https:\/\/bibliotheque.cegepgarneau.ca\/wp-content\/uploads\/2023\/09\/ASBC-768x544.png 768w\" sizes=\"auto, (max-width: 210px) 100vw, 210px\" \/><\/a><\/div>\n<ul>\n<li style=\"text-align: left;\">American Society of Brewing Chemists : Methods of Analysis<\/li>\n<li style=\"text-align: left;\">Si vous n&#8217;arrivez pas \u00e0 acc\u00e9der \u00e0 la ressource, communiquez avec nous : <a href=\"mailto:biblio@cegepgarneau.ca\"><span style=\"color: #3366ff;\">biblio@cegepgarneau.ca<\/span><\/a><\/li>\n<\/ul>\n<hr \/>\n<p><a href=\"https:\/\/hbcp-garneau.proxy.collecto.ca\/\" target=\"_blank\" rel=\"noopener noreferrer\"><img loading=\"lazy\" decoding=\"async\" class=\"alignnone wp-image-4841\" src=\"\/wp-content\/uploads\/2020\/07\/CRC.jpg\" alt=\"\" width=\"375\" height=\"44\" \/><\/a><\/p>\n<ul>\n<li style=\"text-align: left;\">Noms chimiques, formules et propri\u00e9t\u00e9s physiques des \u00e9l\u00e9ments (en anglais seulement)<\/li>\n<li style=\"text-align: left;\"><span style=\"color: #3366ff;\"><a style=\"color: #3366ff;\" href=\"https:\/\/bibliotheque.cegepgarneau.ca\/index.php\/accueil\/outils-de-recherche\/atlas-dictionnaires-encyclopedies\/crc-handbook-of-chemistry-and-physics-tutoriel\/\">Tutoriel<\/a><\/span><\/li>\n<\/ul>\n<hr \/>\n<p><a href=\"https:\/\/histoirealacarte-garneau.proxy.collecto.ca\/connect-ip\" target=\"_blank\" rel=\"noopener noreferrer\"><img loading=\"lazy\" decoding=\"async\" class=\"alignnone wp-image-4202 aligncenter\" src=\"\/wp-content\/uploads\/2019\/06\/histoire_a_la_carte.jpg\" alt=\"\" width=\"220\" height=\"37\" \/><\/a><\/p>\n<ul>\n<li style=\"text-align: left;\">Atlas historique constitu\u00e9 de cartes anim\u00e9es<\/li>\n<\/ul>\n<hr \/>\n<div class=\"wp-block-image\">\n<div class=\"wp-block-image\">\n<div class=\"wp-block-image\"><a href=\"https:\/\/rxad.vigilance.ca\/service\/rxphotosid\" target=\"_blank\" rel=\"noopener\"><img loading=\"lazy\" decoding=\"async\" class=\"wpa-warning wpa-image-missing-alt alignnone  wp-image-18064\" src=\"https:\/\/bibliotheque.cegepgarneau.ca\/wp-content\/uploads\/2024\/08\/Groupe-RxPhotos-1-2.png\" alt=\"\" width=\"193\" height=\"185\" data-warning=\"Missing alt text\" \/><\/a><\/div>\n<\/div>\n<\/div>\n<ul>\n<li style=\"text-align: left;\">Outil de recherche et d\u2019identification de m\u00e9dicaments<\/li>\n<li style=\"text-align: left;\">Permets la recherche par apparence ou par produit<\/li>\n<li style=\"text-align: left;\">50 000 photos de m\u00e9dicaments et emballages<\/li>\n<\/ul>\n<hr \/>\n<div class=\"wp-block-image\"><a href=\"https:\/\/rxad.vigilance.ca\" target=\"_blank\" rel=\"noopener\"><img loading=\"lazy\" decoding=\"async\" class=\"wpa-warning wpa-image-missing-alt alignnone  wp-image-18065\" src=\"https:\/\/bibliotheque.cegepgarneau.ca\/wp-content\/uploads\/2024\/08\/Groupe-RxVigilance-1-3.png\" alt=\"\" width=\"210\" height=\"181\" data-warning=\"Missing alt text\" \/><\/a><\/div>\n<ul>\n<li style=\"text-align: left;\">Description des m\u00e9dicaments, vaccins et produits naturels<\/li>\n<li style=\"text-align: left;\"><span style=\"color: #3366ff;\"><a style=\"color: #3366ff;\" href=\"https:\/\/bibliotheque.cegepgarneau.ca\/index.php\/accueil\/outils-de-recherche\/atlas-dictionnaires-encyclopedies\/rxvigilance-tutoriel\/\">Tutoriel<\/a><\/span><\/li>\n<\/ul>\n<hr \/>\n<p><a href=\"https:\/\/universalis-garneau.proxy.collecto.ca\/accueil\" target=\"_blank\" rel=\"noopener noreferrer\"><img loading=\"lazy\" decoding=\"async\" class=\"alignnone wp-image-4841\" src=\"\/wp-content\/uploads\/2019\/08\/Universalis.edu_.png\" alt=\"\" width=\"274\" height=\"67\" \/><\/a><\/p>\n<ul>\n<li style=\"text-align: left;\">Articles couvrant l&#8217;ensemble des domaines de la connaissance<\/li>\n<li style=\"text-align: left;\">Comprend un dictionnaire et un atlas<\/li>\n<\/ul>\n<\/td>\n<td style=\"border: none; width: 76.8505%; height: 171px; text-align: center; vertical-align: top;\" rowspan=\"6\">\n<p><a href=\"https:\/\/bescherelle.com\/le-conjugueur-bescherelle\" target=\"_blank\" rel=\"noopener noreferrer\"><img loading=\"lazy\" decoding=\"async\" class=\"alignnone wp-image-5068\" src=\"\/wp-content\/uploads\/2022\/02\/Bescherellelogo_0.png\" alt=\"\" width=\"240\" height=\"36\" \/><\/a><\/p>\n<ul style=\"text-align: left;\">\n<li style=\"text-align: left;\">Outil de conjugaison<\/li>\n<\/ul>\n<hr \/>\n<p><a href=\"https:\/\/www.britannica.com\/\" target=\"_blank\" rel=\"noopener noreferrer\"><img loading=\"lazy\" decoding=\"async\" class=\"alignnone wp-image-5068\" src=\"\/wp-content\/uploads\/2023\/02\/britannica_logo.jpg\" alt=\"\" width=\"240\" height=\"36\" \/><\/a><\/p>\n<ul style=\"text-align: left;\">\n<li style=\"text-align: left;\">Articles en anglais couvrant l&#8217;ensemble des domaines de la connaissance<\/li>\n<li style=\"text-align: left;\">Comprend un dictionnaire<\/li>\n<\/ul>\n<hr \/>\n<p><a href=\"https:\/\/www.caij.qc.ca\/\" target=\"_blank\" rel=\"noopener\"><img loading=\"lazy\" decoding=\"async\" class=\"alignnone wp-image-12486\" src=\"https:\/\/bibliotheque.cegepgarneau.ca\/wp-content\/uploads\/2022\/08\/caij.png\" alt=\"\" width=\"239\" height=\"77\" srcset=\"https:\/\/bibliotheque.cegepgarneau.ca\/wp-content\/uploads\/2022\/08\/caij.png 903w, https:\/\/bibliotheque.cegepgarneau.ca\/wp-content\/uploads\/2022\/08\/caij-300x96.png 300w, https:\/\/bibliotheque.cegepgarneau.ca\/wp-content\/uploads\/2022\/08\/caij-768x246.png 768w\" sizes=\"auto, (max-width: 239px) 100vw, 239px\" \/><\/a><\/p>\n<ul>\n<li style=\"text-align: left;\">Toute l&#8217;information juridique pertinente diffus\u00e9e aux niveaux f\u00e9d\u00e9ral et provincial partout au Canada.<\/li>\n<li style=\"text-align: left;\">Doctrine, l\u00e9gislation, jurisprudence, mod\u00e8les et formulaires, etc.<\/li>\n<\/ul>\n<hr \/>\n<p><a href=\"https:\/\/www.collinsdictionary.com\/\" target=\"_blank\" rel=\"noopener noreferrer\"><img loading=\"lazy\" decoding=\"async\" class=\"alignnone wp-image-4846\" src=\"\/wp-content\/uploads\/2022\/02\/collinslogo.png\" alt=\"\" width=\"215\" height=\"80\" \/><\/a><\/p>\n<ul style=\"text-align: left;\">\n<li style=\"text-align: left;\"><span class=\"st\">Dictionnaire de langues<\/span><\/li>\n<li style=\"text-align: left;\">Contenu en anglais<\/li>\n<\/ul>\n<hr \/>\n<p><a href=\"http:\/\/www.biographi.ca\/fr\/index.php\" target=\"_blank\" rel=\"noopener noreferrer\"><img loading=\"lazy\" decoding=\"async\" class=\"alignnone wp-image-4846\" src=\"\/wp-content\/uploads\/2019\/06\/dictbiocanada.png\" alt=\"\" width=\"236\" height=\"52\" \/><\/a><\/p>\n<ul style=\"text-align: left;\">\n<li>Biographies de personnalit\u00e9s ayant contribu\u00e9es \u00e0 l&#8217;histoire du Canada<\/li>\n<\/ul>\n<hr \/>\n<p><a href=\"https:\/\/www.thecanadianencyclopedia.ca\/fr\" target=\"_blank\" rel=\"noopener\"><img loading=\"lazy\" decoding=\"async\" class=\"size-full wp-image-9976 aligncenter\" src=\"\/wp-content\/uploads\/2019\/06\/thecanadianencyclopedia.jpg\" alt=\"\" width=\"236\" height=\"58\" \/><\/a><\/p>\n<ul style=\"text-align: left;\">\n<li style=\"text-align: left;\">Plus de 14 000 articles sur l&#8217;histoire et la culture canadienne<\/li>\n<li style=\"text-align: left;\">Disponible en fran\u00e7ais et en anglais<\/li>\n<\/ul>\n<hr \/>\n<p><a href=\"https:\/\/vitrinelinguistique.oqlf.gouv.qc.ca\/\" target=\"_blank\" rel=\"noopener noreferrer\"><img loading=\"lazy\" decoding=\"async\" class=\"alignnone wp-image-4846\" src=\"\/wp-content\/uploads\/2019\/06\/granddictionnaire.png\" alt=\"\" width=\"238\" height=\"120\" \/><\/a><\/p>\n<ul style=\"text-align: left;\">\n<li style=\"text-align: left;\">Banque de fiches terminologiques<\/li>\n<li style=\"text-align: left;\"><span style=\"color: #3366ff;\"><a style=\"color: #3366ff;\" href=\"\/index.php\/accueil\/outils-de-recherche\/atlas-dictionnaires-encyclopedies\/le-grand-dictionnaire-terminologique-gdt-tutoriel\/\">Tutoriel<\/a><\/span><\/li>\n<\/ul>\n<hr \/>\n<p><a href=\"https:\/\/www.larousse.fr\/dictionnaires\/francais\" target=\"_blank\" rel=\"noopener noreferrer\"><img loading=\"lazy\" decoding=\"async\" class=\"alignnone wp-image-4846\" src=\"\/wp-content\/uploads\/2019\/06\/Larousse.png\" alt=\"\" width=\"225\" height=\"142\" \/><\/a><\/p>\n<ul style=\"text-align: left;\">\n<li style=\"text-align: left;\">135 000 d\u00e9finitions, 90 000 articles, 92 000 synonymes<\/li>\n<\/ul>\n<hr \/>\n<p><a href=\"http:\/\/legisquebec.gouv.qc.ca\/\" target=\"_blank\" rel=\"noopener noreferrer\"><img loading=\"lazy\" decoding=\"async\" class=\"alignnone wp-image-4846\" src=\"\/wp-content\/uploads\/2019\/06\/legisqc.png\" alt=\"\" width=\"237\" height=\"73\" \/><\/a><\/p>\n<ul style=\"text-align: left;\">\n<li style=\"text-align: left;\"><span class=\"st\">Lois et r\u00e8glements du Qu\u00e9bec<\/span><\/li>\n<li style=\"text-align: left;\"><span style=\"color: #3366ff;\"><a style=\"color: #3366ff;\" href=\"https:\/\/bibliotheque.cegepgarneau.ca\/index.php\/accueil\/outils-de-recherche\/atlas-dictionnaires-encyclopedies\/legisquebec-tutoriel\/\">Tutoriel<\/a><\/span><\/li>\n<\/ul>\n<hr \/>\n<p><a href=\"https:\/\/lois-laws.justice.gc.ca\/fra\/index.html\" target=\"_blank\" rel=\"noopener noreferrer\"><img loading=\"lazy\" decoding=\"async\" class=\"alignnone wp-image-4846\" src=\"\/wp-content\/uploads\/2020\/10\/SiteWebLegislationCanada.png\" alt=\"\" width=\"251\" height=\"76\" \/><\/a><\/p>\n<ul style=\"text-align: left;\">\n<li style=\"text-align: left;\">Site Web de la l\u00e9gislation (Justice)<\/li>\n<li style=\"text-align: left;\">Lois et r\u00e8glements codifi\u00e9s du Canada<\/li>\n<\/ul>\n<hr \/>\n<p><a href=\"https:\/\/francais-innu.lexique-cegepbc.ca\/\" target=\"_blank\" rel=\"noopener noreferrer\"><img loading=\"lazy\" decoding=\"async\" class=\"alignnone wp-image-4846\" src=\"\/wp-content\/uploads\/2022\/11\/lexique.jpg\" alt=\"\" width=\"236\" height=\"60\" \/><\/a><\/p>\n<ul style=\"text-align: left;\">\n<li>Lexique sp\u00e9cialis\u00e9 des \u00e9tudes coll\u00e9giales en fran\u00e7ais-innu<\/li>\n<\/ul>\n<hr \/>\n<p><a href=\"https:\/\/openfactbook.org\/\" target=\"_blank\" rel=\"noopener noreferrer\"><img loading=\"lazy\" decoding=\"async\" class=\"alignnone wp-image-4846\" src=\"\/wp-content\/uploads\/2026\/02\/logoOFB.png\" alt=\"\" width=\"236\" height=\"60\" \/><\/a><\/p>\n<ul style=\"text-align: left;\">\n<li>Donn\u00e9es, en anglais, sur les pays et territoires du monde<\/li>\n<\/ul>\n<hr \/>\n<p><a href=\"http:\/\/www.synonymes.com\/\" target=\"_blank\" rel=\"noopener noreferrer\"><img loading=\"lazy\" decoding=\"async\" class=\"alignnone wp-image-4846\" src=\"\/wp-content\/uploads\/2019\/06\/synonymes.png\" alt=\"\" width=\"236\" height=\"60\" \/><\/a><\/p>\n<ul style=\"text-align: left;\">\n<li>Disponible en fran\u00e7ais, en anglais et en espagnol<\/li>\n<\/ul>\n<hr \/>\n<p><a href=\"https:\/\/www.btb.termiumplus.gc.ca\/tpv2alpha\/alpha-fra.html?lang=fra\" target=\"_blank\" rel=\"noopener noreferrer\"><img loading=\"lazy\" decoding=\"async\" class=\"alignnone wp-image-4846\" src=\"https:\/\/bibliotheque.cegepgarneau.ca\/wp-content\/uploads\/2019\/06\/termium.png\" alt=\"\" width=\"165\" height=\"147\" \/><\/a><\/p>\n<ul style=\"text-align: left;\">\n<li style=\"text-align: left;\"><span class=\"st\">Banques de donn\u00e9es terminologiques et linguistiques<\/span><\/li>\n<li style=\"text-align: left;\"><span style=\"color: #3366ff;\"><a style=\"color: #3366ff;\" href=\"\/index.php\/accueil\/outils-de-recherche\/atlas-dictionnaires-encyclopedies\/termium-plus-tutoriel\/\">Tutoriel<\/a><\/span><\/li>\n<\/ul>\n<hr \/>\n<p><a href=\"https:\/\/usito.usherbrooke.ca\/\" target=\"_blank\" rel=\"noopener noreferrer\"><img loading=\"lazy\" decoding=\"async\" class=\"alignnone wp-image-4844\" src=\"\/wp-content\/uploads\/2021\/03\/logoUsito-og_image.png\" alt=\"\" width=\"269\" height=\"127\" \/><\/a><\/p>\n<ul style=\"text-align: left;\">\n<li style=\"text-align: left;\"><span class=\"st\">Dictionnaire qu\u00e9b\u00e9cois de langue fran\u00e7aise<\/span><\/li>\n<\/ul>\n<\/td>\n<\/tr>\n<tr style=\"height: 144px;\">\n<td style=\"border: none; width: 44.4434%; vertical-align: middle; height: 171px; text-align: center;\">\u00a0<\/td>\n<\/tr>\n<\/tbody>\n<\/table>\n","protected":false},"excerpt":{"rendered":"<p>NOS ABONNEMENTS SUR LE WEB American Society of Brewing Chemists : Methods of Analysis Si vous n&#8217;arrivez pas \u00e0 acc\u00e9der \u00e0 la ressource, communiquez avec nous : biblio@cegepgarneau.ca Noms chimiques, formules et propri\u00e9t\u00e9s physiques des \u00e9l\u00e9ments (en anglais seulement) Tutoriel Atlas historique constitu\u00e9 de cartes anim\u00e9es Outil de recherche et d\u2019identification de m\u00e9dicaments Permets la [&hellip;]<\/p>\n","protected":false},"author":1,"featured_media":0,"parent":4182,"menu_order":0,"comment_status":"closed","ping_status":"closed","template":"","meta":{"_exactmetrics_skip_tracking":false,"_exactmetrics_sitenote_active":false,"_exactmetrics_sitenote_note":"","_exactmetrics_sitenote_category":0,"footnotes":""},"class_list":["post-4826","page","type-page","status-publish","hentry"],"yoast_head":"<!-- This site is optimized with the Yoast SEO plugin v26.8 - https:\/\/yoast.com\/product\/yoast-seo-wordpress\/ -->\n<title>Atlas, dictionnaires, encyclop\u00e9dies - Biblioth\u00e8que C\u00e9gep Garneau<\/title>\n<meta name=\"robots\" content=\"index, follow, max-snippet:-1, max-image-preview:large, max-video-preview:-1\" \/>\n<link rel=\"canonical\" href=\"https:\/\/bibliotheque.cegepgarneau.ca\/index.php\/accueil\/outils-de-recherche\/atlas-dictionnaires-encyclopedies\/\" \/>\n<meta property=\"og:locale\" content=\"fr_FR\" \/>\n<meta property=\"og:type\" content=\"article\" \/>\n<meta property=\"og:title\" content=\"Atlas, dictionnaires, encyclop\u00e9dies - Biblioth\u00e8que C\u00e9gep Garneau\" \/>\n<meta property=\"og:description\" content=\"NOS ABONNEMENTS SUR LE WEB American Society of Brewing Chemists : Methods of Analysis Si vous n&#8217;arrivez pas \u00e0 acc\u00e9der \u00e0 la ressource, communiquez avec nous : biblio@cegepgarneau.ca Noms chimiques, formules et propri\u00e9t\u00e9s physiques des \u00e9l\u00e9ments (en anglais seulement) Tutoriel Atlas historique constitu\u00e9 de cartes anim\u00e9es Outil de recherche et d\u2019identification de m\u00e9dicaments Permets la [&hellip;]\" \/>\n<meta property=\"og:url\" content=\"https:\/\/bibliotheque.cegepgarneau.ca\/index.php\/accueil\/outils-de-recherche\/atlas-dictionnaires-encyclopedies\/\" \/>\n<meta property=\"og:site_name\" content=\"Biblioth\u00e8que C\u00e9gep Garneau\" \/>\n<meta property=\"article:modified_time\" content=\"2026-02-26T16:47:13+00:00\" \/>\n<meta property=\"og:image\" content=\"https:\/\/bibliotheque.cegepgarneau.ca\/wp-content\/uploads\/2023\/09\/ASBC.png\" \/>\n<meta name=\"twitter:card\" content=\"summary_large_image\" \/>\n<meta name=\"twitter:label1\" content=\"Dur\u00e9e de lecture estim\u00e9e\" \/>\n\t<meta name=\"twitter:data1\" content=\"6 minutes\" \/>\n<script type=\"application\/ld+json\" class=\"yoast-schema-graph\">{\"@context\":\"https:\/\/schema.org\",\"@graph\":[{\"@type\":\"WebPage\",\"@id\":\"https:\/\/bibliotheque.cegepgarneau.ca\/index.php\/accueil\/outils-de-recherche\/atlas-dictionnaires-encyclopedies\/\",\"url\":\"https:\/\/bibliotheque.cegepgarneau.ca\/index.php\/accueil\/outils-de-recherche\/atlas-dictionnaires-encyclopedies\/\",\"name\":\"Atlas, dictionnaires, encyclop\u00e9dies - Biblioth\u00e8que C\u00e9gep Garneau\",\"isPartOf\":{\"@id\":\"https:\/\/bibliotheque.cegepgarneau.ca\/#website\"},\"primaryImageOfPage\":{\"@id\":\"https:\/\/bibliotheque.cegepgarneau.ca\/index.php\/accueil\/outils-de-recherche\/atlas-dictionnaires-encyclopedies\/#primaryimage\"},\"image\":{\"@id\":\"https:\/\/bibliotheque.cegepgarneau.ca\/index.php\/accueil\/outils-de-recherche\/atlas-dictionnaires-encyclopedies\/#primaryimage\"},\"thumbnailUrl\":\"https:\/\/bibliotheque.cegepgarneau.ca\/wp-content\/uploads\/2023\/09\/ASBC.png\",\"datePublished\":\"2019-06-26T17:09:56+00:00\",\"dateModified\":\"2026-02-26T16:47:13+00:00\",\"breadcrumb\":{\"@id\":\"https:\/\/bibliotheque.cegepgarneau.ca\/index.php\/accueil\/outils-de-recherche\/atlas-dictionnaires-encyclopedies\/#breadcrumb\"},\"inLanguage\":\"fr-FR\",\"potentialAction\":[{\"@type\":\"ReadAction\",\"target\":[\"https:\/\/bibliotheque.cegepgarneau.ca\/index.php\/accueil\/outils-de-recherche\/atlas-dictionnaires-encyclopedies\/\"]}]},{\"@type\":\"ImageObject\",\"inLanguage\":\"fr-FR\",\"@id\":\"https:\/\/bibliotheque.cegepgarneau.ca\/index.php\/accueil\/outils-de-recherche\/atlas-dictionnaires-encyclopedies\/#primaryimage\",\"url\":\"https:\/\/bibliotheque.cegepgarneau.ca\/wp-content\/uploads\/2023\/09\/ASBC.png\",\"contentUrl\":\"https:\/\/bibliotheque.cegepgarneau.ca\/wp-content\/uploads\/2023\/09\/ASBC.png\",\"width\":827,\"height\":586},{\"@type\":\"BreadcrumbList\",\"@id\":\"https:\/\/bibliotheque.cegepgarneau.ca\/index.php\/accueil\/outils-de-recherche\/atlas-dictionnaires-encyclopedies\/#breadcrumb\",\"itemListElement\":[{\"@type\":\"ListItem\",\"position\":1,\"name\":\"Accueil\",\"item\":\"https:\/\/bibliotheque.cegepgarneau.ca\/\"},{\"@type\":\"ListItem\",\"position\":2,\"name\":\"Outils de recherche\",\"item\":\"https:\/\/bibliotheque.cegepgarneau.ca\/index.php\/accueil\/outils-de-recherche\/\"},{\"@type\":\"ListItem\",\"position\":3,\"name\":\"Atlas, dictionnaires, encyclop\u00e9dies\"}]},{\"@type\":\"WebSite\",\"@id\":\"https:\/\/bibliotheque.cegepgarneau.ca\/#website\",\"url\":\"https:\/\/bibliotheque.cegepgarneau.ca\/\",\"name\":\"Biblioth\u00e8que C\u00e9gep Garneau\",\"description\":\"\",\"potentialAction\":[{\"@type\":\"SearchAction\",\"target\":{\"@type\":\"EntryPoint\",\"urlTemplate\":\"https:\/\/bibliotheque.cegepgarneau.ca\/?s={search_term_string}\"},\"query-input\":{\"@type\":\"PropertyValueSpecification\",\"valueRequired\":true,\"valueName\":\"search_term_string\"}}],\"inLanguage\":\"fr-FR\"}]}<\/script>\n<!-- \/ Yoast SEO plugin. -->","yoast_head_json":{"title":"Atlas, dictionnaires, encyclop\u00e9dies - Biblioth\u00e8que C\u00e9gep Garneau","robots":{"index":"index","follow":"follow","max-snippet":"max-snippet:-1","max-image-preview":"max-image-preview:large","max-video-preview":"max-video-preview:-1"},"canonical":"https:\/\/bibliotheque.cegepgarneau.ca\/index.php\/accueil\/outils-de-recherche\/atlas-dictionnaires-encyclopedies\/","og_locale":"fr_FR","og_type":"article","og_title":"Atlas, dictionnaires, encyclop\u00e9dies - Biblioth\u00e8que C\u00e9gep Garneau","og_description":"NOS ABONNEMENTS SUR LE WEB American Society of Brewing Chemists : Methods of Analysis Si vous n&#8217;arrivez pas \u00e0 acc\u00e9der \u00e0 la ressource, communiquez avec nous : biblio@cegepgarneau.ca Noms chimiques, formules et propri\u00e9t\u00e9s physiques des \u00e9l\u00e9ments (en anglais seulement) Tutoriel Atlas historique constitu\u00e9 de cartes anim\u00e9es Outil de recherche et d\u2019identification de m\u00e9dicaments Permets la [&hellip;]","og_url":"https:\/\/bibliotheque.cegepgarneau.ca\/index.php\/accueil\/outils-de-recherche\/atlas-dictionnaires-encyclopedies\/","og_site_name":"Biblioth\u00e8que C\u00e9gep Garneau","article_modified_time":"2026-02-26T16:47:13+00:00","og_image":[{"url":"https:\/\/bibliotheque.cegepgarneau.ca\/wp-content\/uploads\/2023\/09\/ASBC.png","type":"","width":"","height":""}],"twitter_card":"summary_large_image","twitter_misc":{"Dur\u00e9e de lecture estim\u00e9e":"6 minutes"},"schema":{"@context":"https:\/\/schema.org","@graph":[{"@type":"WebPage","@id":"https:\/\/bibliotheque.cegepgarneau.ca\/index.php\/accueil\/outils-de-recherche\/atlas-dictionnaires-encyclopedies\/","url":"https:\/\/bibliotheque.cegepgarneau.ca\/index.php\/accueil\/outils-de-recherche\/atlas-dictionnaires-encyclopedies\/","name":"Atlas, dictionnaires, encyclop\u00e9dies - Biblioth\u00e8que C\u00e9gep Garneau","isPartOf":{"@id":"https:\/\/bibliotheque.cegepgarneau.ca\/#website"},"primaryImageOfPage":{"@id":"https:\/\/bibliotheque.cegepgarneau.ca\/index.php\/accueil\/outils-de-recherche\/atlas-dictionnaires-encyclopedies\/#primaryimage"},"image":{"@id":"https:\/\/bibliotheque.cegepgarneau.ca\/index.php\/accueil\/outils-de-recherche\/atlas-dictionnaires-encyclopedies\/#primaryimage"},"thumbnailUrl":"https:\/\/bibliotheque.cegepgarneau.ca\/wp-content\/uploads\/2023\/09\/ASBC.png","datePublished":"2019-06-26T17:09:56+00:00","dateModified":"2026-02-26T16:47:13+00:00","breadcrumb":{"@id":"https:\/\/bibliotheque.cegepgarneau.ca\/index.php\/accueil\/outils-de-recherche\/atlas-dictionnaires-encyclopedies\/#breadcrumb"},"inLanguage":"fr-FR","potentialAction":[{"@type":"ReadAction","target":["https:\/\/bibliotheque.cegepgarneau.ca\/index.php\/accueil\/outils-de-recherche\/atlas-dictionnaires-encyclopedies\/"]}]},{"@type":"ImageObject","inLanguage":"fr-FR","@id":"https:\/\/bibliotheque.cegepgarneau.ca\/index.php\/accueil\/outils-de-recherche\/atlas-dictionnaires-encyclopedies\/#primaryimage","url":"https:\/\/bibliotheque.cegepgarneau.ca\/wp-content\/uploads\/2023\/09\/ASBC.png","contentUrl":"https:\/\/bibliotheque.cegepgarneau.ca\/wp-content\/uploads\/2023\/09\/ASBC.png","width":827,"height":586},{"@type":"BreadcrumbList","@id":"https:\/\/bibliotheque.cegepgarneau.ca\/index.php\/accueil\/outils-de-recherche\/atlas-dictionnaires-encyclopedies\/#breadcrumb","itemListElement":[{"@type":"ListItem","position":1,"name":"Accueil","item":"https:\/\/bibliotheque.cegepgarneau.ca\/"},{"@type":"ListItem","position":2,"name":"Outils de recherche","item":"https:\/\/bibliotheque.cegepgarneau.ca\/index.php\/accueil\/outils-de-recherche\/"},{"@type":"ListItem","position":3,"name":"Atlas, dictionnaires, encyclop\u00e9dies"}]},{"@type":"WebSite","@id":"https:\/\/bibliotheque.cegepgarneau.ca\/#website","url":"https:\/\/bibliotheque.cegepgarneau.ca\/","name":"Biblioth\u00e8que C\u00e9gep Garneau","description":"","potentialAction":[{"@type":"SearchAction","target":{"@type":"EntryPoint","urlTemplate":"https:\/\/bibliotheque.cegepgarneau.ca\/?s={search_term_string}"},"query-input":{"@type":"PropertyValueSpecification","valueRequired":true,"valueName":"search_term_string"}}],"inLanguage":"fr-FR"}]}},"_links":{"self":[{"href":"https:\/\/bibliotheque.cegepgarneau.ca\/index.php\/wp-json\/wp\/v2\/pages\/4826","targetHints":{"allow":["GET"]}}],"collection":[{"href":"https:\/\/bibliotheque.cegepgarneau.ca\/index.php\/wp-json\/wp\/v2\/pages"}],"about":[{"href":"https:\/\/bibliotheque.cegepgarneau.ca\/index.php\/wp-json\/wp\/v2\/types\/page"}],"author":[{"embeddable":true,"href":"https:\/\/bibliotheque.cegepgarneau.ca\/index.php\/wp-json\/wp\/v2\/users\/1"}],"replies":[{"embeddable":true,"href":"https:\/\/bibliotheque.cegepgarneau.ca\/index.php\/wp-json\/wp\/v2\/comments?post=4826"}],"version-history":[{"count":88,"href":"https:\/\/bibliotheque.cegepgarneau.ca\/index.php\/wp-json\/wp\/v2\/pages\/4826\/revisions"}],"predecessor-version":[{"id":20815,"href":"https:\/\/bibliotheque.cegepgarneau.ca\/index.php\/wp-json\/wp\/v2\/pages\/4826\/revisions\/20815"}],"up":[{"embeddable":true,"href":"https:\/\/bibliotheque.cegepgarneau.ca\/index.php\/wp-json\/wp\/v2\/pages\/4182"}],"wp:attachment":[{"href":"https:\/\/bibliotheque.cegepgarneau.ca\/index.php\/wp-json\/wp\/v2\/media?parent=4826"}],"curies":[{"name":"wp","href":"https:\/\/api.w.org\/{rel}","templated":true}]}}