{"id":4823,"date":"2019-06-26T18:08:27","date_gmt":"2019-06-26T17:08:27","guid":{"rendered":"http:\/\/cdm.cegepgarneau.ca\/?page_id=4823"},"modified":"2026-03-30T14:54:54","modified_gmt":"2026-03-30T13:54:54","slug":"articles-de-revues-et-de-journaux","status":"publish","type":"page","link":"https:\/\/bibliotheque.cegepgarneau.ca\/index.php\/accueil\/outils-de-recherche\/articles-de-revues-et-de-journaux\/","title":{"rendered":"Articles de revues et de journaux"},"content":{"rendered":"<table style=\"height: 102px; width: 79.7574%;\" width=\"643\">\n<tbody>\n<tr>\n<td style=\"border: none; width: 15.1106%; text-align: center; vertical-align: middle;\"><img loading=\"lazy\" decoding=\"async\" class=\"alignnone size-full wp-image-4839\" src=\"\/wp-content\/uploads\/2019\/06\/loupeavecfond.png\" alt=\"\" width=\"87\" height=\"89\" \/><\/td>\n<td style=\"border: none; width: 31.5398%; text-align: left; vertical-align: middle;\">\n<h2>NOS ABONNEMENTS<\/h2>\n<\/td>\n<td style=\"border: none; width: 21.166%; text-align: center; vertical-align: middle;\"><img loading=\"lazy\" decoding=\"async\" class=\"size-full wp-image-4839 alignright\" src=\"\/wp-content\/uploads\/2019\/06\/loupeavecfond.png\" alt=\"\" width=\"87\" height=\"89\" \/><\/td>\n<td style=\"border: none; width: 67.0131%; text-align: left; vertical-align: middle;\">\n<h2>SUR LE WEB<\/h2>\n<\/td>\n<\/tr>\n<\/tbody>\n<\/table>\n<table style=\"width: 80.8716%; height: 877px;\">\n<tbody>\n<tr style=\"height: 171px;\">\n<td style=\"border: none; width: 51.8846%; height: 171px; text-align: center; vertical-align: top;\" rowspan=\"5\">\n<p><a href=\"https:\/\/cairn-garneau.proxy.collecto.ca\" target=\"_blank\" rel=\"noopener noreferrer\"><img loading=\"lazy\" decoding=\"async\" class=\"alignnone wp-image-4841\" src=\"\/wp-content\/uploads\/2019\/06\/cairn.jpg\" alt=\"\" width=\"238\" height=\"65\" \/><\/a><\/p>\n<ul>\n<li style=\"text-align: left;\">Revues acad\u00e9miques<\/li>\n<li style=\"text-align: left;\">Texte int\u00e9gral<\/li>\n<li style=\"text-align: left;\"><a href=\"https:\/\/www.youtube.com\/playlist?list=PL-QsQXn3CqdwrQqsSE-hpmBBSllTEXG3j\" target=\"_blank\" rel=\"noopener noreferrer\"><span style=\"color: #3366ff;\">Tutoriels de Cairn<\/span><\/a><\/li>\n<li style=\"text-align: left;\"><span style=\"color: #3366ff;\"><a style=\"color: #3366ff;\" href=\"https:\/\/bibliotheque.cegepgarneau.ca\/wp-content\/uploads\/2020\/10\/Fiche-Technique-CairnF.pdf\" target=\"_blank\" rel=\"noopener noreferrer\">Trucs de recherche<\/a><\/span><\/li>\n<\/ul>\n<hr \/>\n<p><a href=\"https:\/\/ebsco-garneau.proxy.collecto.ca\/\" target=\"_blank\" rel=\"noopener noreferrer\"><img loading=\"lazy\" decoding=\"async\" class=\"wp-image-4202 aligncenter\" src=\"\/wp-content\/uploads\/2015\/05\/EBSCOhost4.png\" alt=\"\" width=\"239\" height=\"53\" \/><\/a><\/p>\n<ul>\n<li style=\"text-align: left;\">Base de donn\u00e9es multidisciplinaire<\/li>\n<li style=\"text-align: left;\">Nombreuses revues scientifiques<\/li>\n<li style=\"text-align: left;\">R\u00e9f\u00e9rences bibliographiques et souvent, texte int\u00e9gral<\/li>\n<li style=\"text-align: left;\">Contenu en anglais<\/li>\n<li style=\"text-align: left;\"><span style=\"color: #3366ff;\"><a style=\"color: #3366ff;\" href=\"https:\/\/www.youtube.com\/watch?v=deoo7Ajp2mg\" target=\"_blank\" rel=\"noopener noreferrer\">Tutoriel<\/a><\/span><\/li>\n<li style=\"text-align: left;\"><a href=\"https:\/\/bibliotheque.cegepgarneau.ca\/wp-content\/uploads\/2022\/02\/Fiche-Technique-EbscoF.pdf\" target=\"_blank\" rel=\"noopener noreferrer\"><span style=\"color: #3366ff;\">Trucs de recherche<\/span><\/a><\/li>\n<\/ul>\n<hr \/>\n<p><a href=\"https:\/\/erudit-garneau.proxy.collecto.ca\/\" target=\"_blank\" rel=\"noopener noreferrer\"><img loading=\"lazy\" decoding=\"async\" class=\"alignnone wp-image-4707 aligncenter\" src=\"\/wp-content\/uploads\/2019\/05\/erudit2.png\" alt=\"\" width=\"199\" height=\"63\" \/><\/a><\/p>\n<ul>\n<li style=\"text-align: left;\">Revues scientifiques et culturelles<\/li>\n<li style=\"text-align: left;\">Th\u00e8ses et m\u00e9moires de plusieurs universit\u00e9s canadiennes<\/li>\n<li style=\"text-align: left;\">Texte int\u00e9gral<\/li>\n<li style=\"text-align: left;\"><span style=\"color: #3366ff;\"><a style=\"color: #3366ff;\" href=\"https:\/\/www.youtube.com\/watch?v=_ThmnQn9bpA\" target=\"_blank\" rel=\"noopener noreferrer\">Tutoriel<\/a><\/span><\/li>\n<li style=\"text-align: left;\"><a href=\"https:\/\/bibliotheque.cegepgarneau.ca\/wp-content\/uploads\/2020\/09\/Fiche-Technique-\u00c9ruditF.pdf\" target=\"_blank\" rel=\"noopener noreferrer\"><span style=\"color: #3366ff;\">Trucs de recherche<\/span><\/a><\/li>\n<\/ul>\n<hr \/>\n<p><a href=\"https:\/\/eureka-garneau.proxy.collecto.ca\/access\/ip\/default.aspx?un=cfxg\" target=\"_blank\" rel=\"noopener noreferrer\"><img loading=\"lazy\" decoding=\"async\" class=\"alignnone wp-image-4127 aligncenter\" src=\"\/wp-content\/uploads\/2018\/11\/eureka.png\" alt=\"\" width=\"202\" height=\"50\" \/><\/a><\/p>\n<ul>\n<li style=\"text-align: left;\">Banque internationale d\u2019articles de journaux et de revues<\/li>\n<li style=\"text-align: left;\">Acc\u00e8s \u00e0 tous les grands quotidiens<\/li>\n<li style=\"text-align: left;\">Texte int\u00e9gral<\/li>\n<li style=\"text-align: left;\">Contenu principalement en fran\u00e7ais et en anglais<\/li>\n<li style=\"text-align: left;\"><a href=\"https:\/\/www.youtube.com\/watch?v=ttrmfVJD514\" target=\"_blank\" rel=\"noopener noreferrer\"><span style=\"color: #3366ff;\">Tutoriel<\/span><\/a><\/li>\n<li style=\"text-align: left;\"><a href=\"https:\/\/bibliotheque.cegepgarneau.ca\/wp-content\/uploads\/2020\/09\/Fiche-Technique-EurekaF.pdf\" target=\"_blank\" rel=\"noopener noreferrer\"><span style=\"color: #3366ff;\">Trucs de recherche<\/span><\/a><\/li>\n<\/ul>\n<\/td>\n<td style=\"border: none; width: 76.8505%; height: 171px; text-align: center; vertical-align: top;\" rowspan=\"6\">\n<p><a href=\"http:\/\/www.banq.qc.ca\/ressources_en_ligne\/index.html\" target=\"_blank\" rel=\"noopener noreferrer\"><img loading=\"lazy\" decoding=\"async\" class=\"alignnone wp-image-5068\" src=\"\/wp-content\/uploads\/2019\/07\/banq.jpg\" alt=\"\" width=\"217\" height=\"43\" srcset=\"https:\/\/bibliotheque.cegepgarneau.ca\/wp-content\/uploads\/2019\/07\/banq.jpg 331w, https:\/\/bibliotheque.cegepgarneau.ca\/wp-content\/uploads\/2019\/07\/banq-300x60.jpg 300w\" sizes=\"auto, (max-width: 217px) 100vw, 217px\" \/><\/a><\/p>\n<ul style=\"text-align: left;\">\n<li>Acc\u00e8s gratuit \u00e0 de nombreuses bases de donn\u00e9es<\/li>\n<li>Inscription obligatoire via le <a href=\"https:\/\/www.banq.qc.ca\/formulaires\/abonnement\/index.html\" target=\"_blank\" rel=\"noopener noreferrer\"><span style=\"color: #0000ff;\"><span style=\"color: #4371cc;\"><span style=\"color: #3366ff;\">formulaire en ligne<\/span><\/span><\/span><\/a><br \/>\n<hr \/>\n<p><a href=\"https:\/\/www.biomedcentral.com\/\" target=\"_blank\" rel=\"noopener noreferrer\"><img loading=\"lazy\" decoding=\"async\" class=\"wp-image-4843 aligncenter\" src=\"\/wp-content\/uploads\/2019\/09\/BMC.jpg\" alt=\"\" width=\"202\" height=\"72\" \/><\/a><\/p>\n<\/li>\n<\/ul>\n<ul style=\"text-align: left;\">\n<li>Articles de revues<\/li>\n<li>Texte int\u00e9gral<\/li>\n<li>Contenu principalement en anglais<br \/>\n<hr \/>\n<\/li>\n<\/ul>\n<p><a href=\"https:\/\/www.cochranelibrary.com\/\" target=\"_blank\" rel=\"noopener noreferrer\"><img loading=\"lazy\" decoding=\"async\" class=\"alignnone wp-image-4846\" src=\"\/wp-content\/uploads\/2023\/08\/Cochrane.jpg\" alt=\"\" width=\"200\" height=\"56\" \/><\/a><\/p>\n<ul>\n<li style=\"text-align: left;\">R\u00e9f\u00e9rences bibliographiques et parfois, texte int\u00e9gral<\/li>\n<li style=\"text-align: left;\">Contenu sp\u00e9cialis\u00e9 en soins de la sant\u00e9<\/li>\n<\/ul>\n<hr \/>\n<p><a href=\"https:\/\/scholar.google.fr\/\" target=\"_blank\" rel=\"noopener noreferrer\"><img loading=\"lazy\" decoding=\"async\" class=\"alignnone wp-image-4846\" src=\"\/wp-content\/uploads\/2019\/06\/google-scholar-png.png\" alt=\"\" width=\"200\" height=\"56\" srcset=\"https:\/\/bibliotheque.cegepgarneau.ca\/wp-content\/uploads\/2019\/06\/google-scholar-png.png 658w, https:\/\/bibliotheque.cegepgarneau.ca\/wp-content\/uploads\/2019\/06\/google-scholar-png-300x85.png 300w\" sizes=\"auto, (max-width: 200px) 100vw, 200px\" \/><\/a><\/p>\n<ul style=\"text-align: left;\">\n<li>Articles de revues scientifiques<\/li>\n<li>Th\u00e8ses<\/li>\n<li>Texte int\u00e9gral et r\u00e9f\u00e9rences bibliographiques<\/li>\n<li>Contenu multilingue<\/li>\n<li><span style=\"color: #3366ff;\"><a style=\"color: #3366ff;\" href=\"https:\/\/bibliotheque.cegepgarneau.ca\/wp-content\/uploads\/2020\/09\/Fiche-Technique-Google-ScholarF.pdf\" target=\"_blank\" rel=\"noopener noreferrer\">Trucs de recherche<\/a><\/span><br \/>\n<hr \/>\n<p><a href=\"https:\/\/www.persee.fr\/\" target=\"_blank\" rel=\"noopener\"><img loading=\"lazy\" decoding=\"async\" class=\"size-full wp-image-9976 aligncenter\" src=\"https:\/\/bibliotheque.cegepgarneau.ca\/wp-content\/uploads\/2021\/09\/Persee_logo.png\" alt=\"\" width=\"150\" height=\"150\" srcset=\"https:\/\/bibliotheque.cegepgarneau.ca\/wp-content\/uploads\/2021\/09\/Persee_logo.png 296w, https:\/\/bibliotheque.cegepgarneau.ca\/wp-content\/uploads\/2021\/09\/Persee_logo-150x150.png 150w\" sizes=\"auto, (max-width: 150px) 100vw, 150px\" \/><\/a><\/p>\n<\/li>\n<\/ul>\n<ul>\n<li style=\"text-align: left;\" data-tadv-p=\"keep\">Acc\u00e8s libre et gratuit \u00e0 des collections compl\u00e8tes de publications scientifiques<\/li>\n<li style=\"text-align: left;\" data-tadv-p=\"keep\">Revues, livres, actes de colloques, publications en s\u00e9rie, sources primaires, etc.<br \/>\n<hr \/>\n<\/li>\n<\/ul>\n<p><a href=\"https:\/\/journals.plos.org\/plosone\/\" target=\"_blank\" rel=\"noopener noreferrer\"><img loading=\"lazy\" decoding=\"async\" class=\"alignnone wp-image-4844\" src=\"\/wp-content\/uploads\/2019\/06\/plos.png\" alt=\"\" width=\"201\" height=\"58\" srcset=\"https:\/\/bibliotheque.cegepgarneau.ca\/wp-content\/uploads\/2019\/06\/plos.png 416w, https:\/\/bibliotheque.cegepgarneau.ca\/wp-content\/uploads\/2019\/06\/plos-300x87.png 300w\" sizes=\"auto, (max-width: 201px) 100vw, 201px\" \/><\/a><\/p>\n<ul style=\"text-align: left;\">\n<li>Articles de revues scientifiques (principalement en anglais)<\/li>\n<li>Texte int\u00e9gral<\/li>\n<li><span style=\"color: #3366ff;\"><a style=\"color: #3366ff;\" href=\"https:\/\/bibliotheque.cegepgarneau.ca\/index.php\/accueil\/outils-de-recherche\/articles-de-revues-et-de-journaux\/plos-one-tutoriel\/\">Tutoriel<\/a><\/span><\/li>\n<li><span style=\"color: #3366ff;\"><a style=\"color: #3366ff;\" href=\"https:\/\/bibliotheque.cegepgarneau.ca\/wp-content\/uploads\/2020\/10\/Fiche-Technique-Plos-oneF.pdf\" target=\"_blank\" rel=\"noopener noreferrer\">Trucs de recherche<\/a><\/span><br \/>\n<hr \/>\n<p><a href=\"https:\/\/pubmed.ncbi.nlm.nih.gov\/\" target=\"_blank\" rel=\"noopener noreferrer\"><img loading=\"lazy\" decoding=\"async\" class=\"size-full wp-image-6756 aligncenter\" src=\"https:\/\/bibliotheque.cegepgarneau.ca\/wp-content\/uploads\/2020\/06\/pubmedlogo.png\" alt=\"\" width=\"202\" height=\"71\" \/><\/a><\/p>\n<\/li>\n<\/ul>\n<ul style=\"text-align: left;\">\n<li>Articles de revues scientifiques en g\u00e9nie biom\u00e9dical et dans les sciences de la vie<\/li>\n<li>Texte int\u00e9gral (principalement en anglais)<\/li>\n<li><span style=\"color: #3366ff;\"><a style=\"color: #3366ff;\" href=\"https:\/\/www.youtube.com\/playlist?list=PL7dF9e2qSW0YkmxDTsUG6p4hJjYOPT0Uj\">Tutoriels<\/a><\/span><\/li>\n<li><span style=\"color: #3366ff;\"><a style=\"color: #3366ff;\" href=\"https:\/\/bibliotheque.cegepgarneau.ca\/wp-content\/uploads\/2020\/09\/Fiche-Technique-PubmedF.pdf\" target=\"_blank\" rel=\"noopener noreferrer\">Trucs de recherche<\/a><\/span><\/li>\n<\/ul>\n<\/td>\n<\/tr>\n<tr style=\"height: 144px;\">\n<td style=\"border: none; width: 44.4434%; vertical-align: middle; height: 171px; text-align: center;\">\u00a0<\/td>\n<\/tr>\n<\/tbody>\n<\/table>\n","protected":false},"excerpt":{"rendered":"<p>NOS ABONNEMENTS SUR LE WEB Revues acad\u00e9miques Texte int\u00e9gral Tutoriels de Cairn Trucs de recherche Base de donn\u00e9es multidisciplinaire Nombreuses revues scientifiques R\u00e9f\u00e9rences bibliographiques et souvent, texte int\u00e9gral Contenu en anglais Tutoriel Trucs de recherche Revues scientifiques et culturelles Th\u00e8ses et m\u00e9moires de plusieurs universit\u00e9s canadiennes Texte int\u00e9gral Tutoriel Trucs de recherche Banque internationale d\u2019articles [&hellip;]<\/p>\n","protected":false},"author":1,"featured_media":0,"parent":4182,"menu_order":0,"comment_status":"closed","ping_status":"closed","template":"","meta":{"_exactmetrics_skip_tracking":false,"_exactmetrics_sitenote_active":false,"_exactmetrics_sitenote_note":"","_exactmetrics_sitenote_category":0,"footnotes":""},"class_list":["post-4823","page","type-page","status-publish","hentry"],"yoast_head":"<!-- This site is optimized with the Yoast SEO plugin v26.8 - https:\/\/yoast.com\/product\/yoast-seo-wordpress\/ -->\n<title>Articles de revues et de journaux - Biblioth\u00e8que C\u00e9gep Garneau<\/title>\n<meta name=\"robots\" content=\"index, follow, max-snippet:-1, max-image-preview:large, max-video-preview:-1\" \/>\n<link rel=\"canonical\" href=\"https:\/\/bibliotheque.cegepgarneau.ca\/index.php\/accueil\/outils-de-recherche\/articles-de-revues-et-de-journaux\/\" \/>\n<meta property=\"og:locale\" content=\"fr_FR\" \/>\n<meta property=\"og:type\" content=\"article\" \/>\n<meta property=\"og:title\" content=\"Articles de revues et de journaux - Biblioth\u00e8que C\u00e9gep Garneau\" \/>\n<meta property=\"og:description\" content=\"NOS ABONNEMENTS SUR LE WEB Revues acad\u00e9miques Texte int\u00e9gral Tutoriels de Cairn Trucs de recherche Base de donn\u00e9es multidisciplinaire Nombreuses revues scientifiques R\u00e9f\u00e9rences bibliographiques et souvent, texte int\u00e9gral Contenu en anglais Tutoriel Trucs de recherche Revues scientifiques et culturelles Th\u00e8ses et m\u00e9moires de plusieurs universit\u00e9s canadiennes Texte int\u00e9gral Tutoriel Trucs de recherche Banque internationale d\u2019articles [&hellip;]\" \/>\n<meta property=\"og:url\" content=\"https:\/\/bibliotheque.cegepgarneau.ca\/index.php\/accueil\/outils-de-recherche\/articles-de-revues-et-de-journaux\/\" \/>\n<meta property=\"og:site_name\" content=\"Biblioth\u00e8que C\u00e9gep Garneau\" \/>\n<meta property=\"article:modified_time\" content=\"2026-03-30T13:54:54+00:00\" \/>\n<meta property=\"og:image\" content=\"https:\/\/bibliotheque.cegepgarneau.ca\/wp-content\/uploads\/2021\/09\/Persee_logo.png\" \/>\n<meta name=\"twitter:card\" content=\"summary_large_image\" \/>\n<meta name=\"twitter:label1\" content=\"Dur\u00e9e de lecture estim\u00e9e\" \/>\n\t<meta name=\"twitter:data1\" content=\"4 minutes\" \/>\n<script type=\"application\/ld+json\" class=\"yoast-schema-graph\">{\"@context\":\"https:\/\/schema.org\",\"@graph\":[{\"@type\":\"WebPage\",\"@id\":\"https:\/\/bibliotheque.cegepgarneau.ca\/index.php\/accueil\/outils-de-recherche\/articles-de-revues-et-de-journaux\/\",\"url\":\"https:\/\/bibliotheque.cegepgarneau.ca\/index.php\/accueil\/outils-de-recherche\/articles-de-revues-et-de-journaux\/\",\"name\":\"Articles de revues et de journaux - Biblioth\u00e8que C\u00e9gep Garneau\",\"isPartOf\":{\"@id\":\"https:\/\/bibliotheque.cegepgarneau.ca\/#website\"},\"primaryImageOfPage\":{\"@id\":\"https:\/\/bibliotheque.cegepgarneau.ca\/index.php\/accueil\/outils-de-recherche\/articles-de-revues-et-de-journaux\/#primaryimage\"},\"image\":{\"@id\":\"https:\/\/bibliotheque.cegepgarneau.ca\/index.php\/accueil\/outils-de-recherche\/articles-de-revues-et-de-journaux\/#primaryimage\"},\"thumbnailUrl\":\"https:\/\/bibliotheque.cegepgarneau.ca\/wp-content\/uploads\/2021\/09\/Persee_logo.png\",\"datePublished\":\"2019-06-26T17:08:27+00:00\",\"dateModified\":\"2026-03-30T13:54:54+00:00\",\"breadcrumb\":{\"@id\":\"https:\/\/bibliotheque.cegepgarneau.ca\/index.php\/accueil\/outils-de-recherche\/articles-de-revues-et-de-journaux\/#breadcrumb\"},\"inLanguage\":\"fr-FR\",\"potentialAction\":[{\"@type\":\"ReadAction\",\"target\":[\"https:\/\/bibliotheque.cegepgarneau.ca\/index.php\/accueil\/outils-de-recherche\/articles-de-revues-et-de-journaux\/\"]}]},{\"@type\":\"ImageObject\",\"inLanguage\":\"fr-FR\",\"@id\":\"https:\/\/bibliotheque.cegepgarneau.ca\/index.php\/accueil\/outils-de-recherche\/articles-de-revues-et-de-journaux\/#primaryimage\",\"url\":\"https:\/\/bibliotheque.cegepgarneau.ca\/wp-content\/uploads\/2021\/09\/Persee_logo.png\",\"contentUrl\":\"https:\/\/bibliotheque.cegepgarneau.ca\/wp-content\/uploads\/2021\/09\/Persee_logo.png\",\"width\":296,\"height\":296},{\"@type\":\"BreadcrumbList\",\"@id\":\"https:\/\/bibliotheque.cegepgarneau.ca\/index.php\/accueil\/outils-de-recherche\/articles-de-revues-et-de-journaux\/#breadcrumb\",\"itemListElement\":[{\"@type\":\"ListItem\",\"position\":1,\"name\":\"Accueil\",\"item\":\"https:\/\/bibliotheque.cegepgarneau.ca\/\"},{\"@type\":\"ListItem\",\"position\":2,\"name\":\"Outils de recherche\",\"item\":\"https:\/\/bibliotheque.cegepgarneau.ca\/index.php\/accueil\/outils-de-recherche\/\"},{\"@type\":\"ListItem\",\"position\":3,\"name\":\"Articles de revues et de journaux\"}]},{\"@type\":\"WebSite\",\"@id\":\"https:\/\/bibliotheque.cegepgarneau.ca\/#website\",\"url\":\"https:\/\/bibliotheque.cegepgarneau.ca\/\",\"name\":\"Biblioth\u00e8que C\u00e9gep Garneau\",\"description\":\"\",\"potentialAction\":[{\"@type\":\"SearchAction\",\"target\":{\"@type\":\"EntryPoint\",\"urlTemplate\":\"https:\/\/bibliotheque.cegepgarneau.ca\/?s={search_term_string}\"},\"query-input\":{\"@type\":\"PropertyValueSpecification\",\"valueRequired\":true,\"valueName\":\"search_term_string\"}}],\"inLanguage\":\"fr-FR\"}]}<\/script>\n<!-- \/ Yoast SEO plugin. -->","yoast_head_json":{"title":"Articles de revues et de journaux - Biblioth\u00e8que C\u00e9gep Garneau","robots":{"index":"index","follow":"follow","max-snippet":"max-snippet:-1","max-image-preview":"max-image-preview:large","max-video-preview":"max-video-preview:-1"},"canonical":"https:\/\/bibliotheque.cegepgarneau.ca\/index.php\/accueil\/outils-de-recherche\/articles-de-revues-et-de-journaux\/","og_locale":"fr_FR","og_type":"article","og_title":"Articles de revues et de journaux - Biblioth\u00e8que C\u00e9gep Garneau","og_description":"NOS ABONNEMENTS SUR LE WEB Revues acad\u00e9miques Texte int\u00e9gral Tutoriels de Cairn Trucs de recherche Base de donn\u00e9es multidisciplinaire Nombreuses revues scientifiques R\u00e9f\u00e9rences bibliographiques et souvent, texte int\u00e9gral Contenu en anglais Tutoriel Trucs de recherche Revues scientifiques et culturelles Th\u00e8ses et m\u00e9moires de plusieurs universit\u00e9s canadiennes Texte int\u00e9gral Tutoriel Trucs de recherche Banque internationale d\u2019articles [&hellip;]","og_url":"https:\/\/bibliotheque.cegepgarneau.ca\/index.php\/accueil\/outils-de-recherche\/articles-de-revues-et-de-journaux\/","og_site_name":"Biblioth\u00e8que C\u00e9gep Garneau","article_modified_time":"2026-03-30T13:54:54+00:00","og_image":[{"url":"https:\/\/bibliotheque.cegepgarneau.ca\/wp-content\/uploads\/2021\/09\/Persee_logo.png","type":"","width":"","height":""}],"twitter_card":"summary_large_image","twitter_misc":{"Dur\u00e9e de lecture estim\u00e9e":"4 minutes"},"schema":{"@context":"https:\/\/schema.org","@graph":[{"@type":"WebPage","@id":"https:\/\/bibliotheque.cegepgarneau.ca\/index.php\/accueil\/outils-de-recherche\/articles-de-revues-et-de-journaux\/","url":"https:\/\/bibliotheque.cegepgarneau.ca\/index.php\/accueil\/outils-de-recherche\/articles-de-revues-et-de-journaux\/","name":"Articles de revues et de journaux - Biblioth\u00e8que C\u00e9gep Garneau","isPartOf":{"@id":"https:\/\/bibliotheque.cegepgarneau.ca\/#website"},"primaryImageOfPage":{"@id":"https:\/\/bibliotheque.cegepgarneau.ca\/index.php\/accueil\/outils-de-recherche\/articles-de-revues-et-de-journaux\/#primaryimage"},"image":{"@id":"https:\/\/bibliotheque.cegepgarneau.ca\/index.php\/accueil\/outils-de-recherche\/articles-de-revues-et-de-journaux\/#primaryimage"},"thumbnailUrl":"https:\/\/bibliotheque.cegepgarneau.ca\/wp-content\/uploads\/2021\/09\/Persee_logo.png","datePublished":"2019-06-26T17:08:27+00:00","dateModified":"2026-03-30T13:54:54+00:00","breadcrumb":{"@id":"https:\/\/bibliotheque.cegepgarneau.ca\/index.php\/accueil\/outils-de-recherche\/articles-de-revues-et-de-journaux\/#breadcrumb"},"inLanguage":"fr-FR","potentialAction":[{"@type":"ReadAction","target":["https:\/\/bibliotheque.cegepgarneau.ca\/index.php\/accueil\/outils-de-recherche\/articles-de-revues-et-de-journaux\/"]}]},{"@type":"ImageObject","inLanguage":"fr-FR","@id":"https:\/\/bibliotheque.cegepgarneau.ca\/index.php\/accueil\/outils-de-recherche\/articles-de-revues-et-de-journaux\/#primaryimage","url":"https:\/\/bibliotheque.cegepgarneau.ca\/wp-content\/uploads\/2021\/09\/Persee_logo.png","contentUrl":"https:\/\/bibliotheque.cegepgarneau.ca\/wp-content\/uploads\/2021\/09\/Persee_logo.png","width":296,"height":296},{"@type":"BreadcrumbList","@id":"https:\/\/bibliotheque.cegepgarneau.ca\/index.php\/accueil\/outils-de-recherche\/articles-de-revues-et-de-journaux\/#breadcrumb","itemListElement":[{"@type":"ListItem","position":1,"name":"Accueil","item":"https:\/\/bibliotheque.cegepgarneau.ca\/"},{"@type":"ListItem","position":2,"name":"Outils de recherche","item":"https:\/\/bibliotheque.cegepgarneau.ca\/index.php\/accueil\/outils-de-recherche\/"},{"@type":"ListItem","position":3,"name":"Articles de revues et de journaux"}]},{"@type":"WebSite","@id":"https:\/\/bibliotheque.cegepgarneau.ca\/#website","url":"https:\/\/bibliotheque.cegepgarneau.ca\/","name":"Biblioth\u00e8que C\u00e9gep Garneau","description":"","potentialAction":[{"@type":"SearchAction","target":{"@type":"EntryPoint","urlTemplate":"https:\/\/bibliotheque.cegepgarneau.ca\/?s={search_term_string}"},"query-input":{"@type":"PropertyValueSpecification","valueRequired":true,"valueName":"search_term_string"}}],"inLanguage":"fr-FR"}]}},"_links":{"self":[{"href":"https:\/\/bibliotheque.cegepgarneau.ca\/index.php\/wp-json\/wp\/v2\/pages\/4823","targetHints":{"allow":["GET"]}}],"collection":[{"href":"https:\/\/bibliotheque.cegepgarneau.ca\/index.php\/wp-json\/wp\/v2\/pages"}],"about":[{"href":"https:\/\/bibliotheque.cegepgarneau.ca\/index.php\/wp-json\/wp\/v2\/types\/page"}],"author":[{"embeddable":true,"href":"https:\/\/bibliotheque.cegepgarneau.ca\/index.php\/wp-json\/wp\/v2\/users\/1"}],"replies":[{"embeddable":true,"href":"https:\/\/bibliotheque.cegepgarneau.ca\/index.php\/wp-json\/wp\/v2\/comments?post=4823"}],"version-history":[{"count":106,"href":"https:\/\/bibliotheque.cegepgarneau.ca\/index.php\/wp-json\/wp\/v2\/pages\/4823\/revisions"}],"predecessor-version":[{"id":20947,"href":"https:\/\/bibliotheque.cegepgarneau.ca\/index.php\/wp-json\/wp\/v2\/pages\/4823\/revisions\/20947"}],"up":[{"embeddable":true,"href":"https:\/\/bibliotheque.cegepgarneau.ca\/index.php\/wp-json\/wp\/v2\/pages\/4182"}],"wp:attachment":[{"href":"https:\/\/bibliotheque.cegepgarneau.ca\/index.php\/wp-json\/wp\/v2\/media?parent=4823"}],"curies":[{"name":"wp","href":"https:\/\/api.w.org\/{rel}","templated":true}]}}