{"id":4805,"date":"2019-06-26T14:05:29","date_gmt":"2019-06-26T13:05:29","guid":{"rendered":"http:\/\/cdm.cegepgarneau.ca\/?page_id=4805"},"modified":"2022-06-23T16:26:13","modified_gmt":"2022-06-23T15:26:13","slug":"collection-numerique","status":"publish","type":"page","link":"https:\/\/bibliotheque.cegepgarneau.ca\/index.php\/accueil\/espaces-et-collections\/collection-numerique\/","title":{"rendered":"Collection num\u00e9rique"},"content":{"rendered":"\r\n<h4><img loading=\"lazy\" decoding=\"async\" class=\"alignnone size-full wp-image-5652\" src=\"\/wp-content\/uploads\/2019\/08\/Collections-num\u00e9riques-2.jpg\" alt=\"\" width=\"840\" height=\"290\" srcset=\"https:\/\/bibliotheque.cegepgarneau.ca\/wp-content\/uploads\/2019\/08\/Collections-num\u00e9riques-2.jpg 840w, https:\/\/bibliotheque.cegepgarneau.ca\/wp-content\/uploads\/2019\/08\/Collections-num\u00e9riques-2-300x104.jpg 300w, https:\/\/bibliotheque.cegepgarneau.ca\/wp-content\/uploads\/2019\/08\/Collections-num\u00e9riques-2-768x265.jpg 768w\" sizes=\"auto, (max-width: 840px) 100vw, 840px\" \/><\/h4>\r\n<h4><a href=\"https:\/\/bibliotheque.cegepgarneau.ca\/index.php\/accueil\/outils-de-recherche\/images-films-emissions-de-tele\/\"><span style=\"color: #0000ff;\"><span style=\"color: #3366ff;\">Films<\/span><\/span><\/a><\/h4>\r\n<p>Diverses productions audiovisuelles sont diffus\u00e9es en ligne via nos bases de donn\u00e9es. Ces plateformes pr\u00e9sentent des documentaires \u00e9ducatifs, des \u0153uvres de fiction, des \u00e9missions de t\u00e9l\u00e9, des reportages, etc. Le contenu est accessible en tout temps et sans limites.<\/p>\r\n<h4><br \/>\r\n<a href=\"https:\/\/bibliotheque.cegepgarneau.ca\/index.php\/accueil\/outils-de-recherche\/livres\/\"><span style=\"color: #0000ff;\"><span style=\"color: #3366ff;\">Livres<\/span><\/span><\/a><\/h4>\r\n<p>L\u2019offre de livres num\u00e9riques \u00e0 la biblioth\u00e8que est vari\u00e9e. On en trouve en grand nombre dans la biblioth\u00e8que num\u00e9rique ScholarVox, mais aussi dans le catalogue de la biblioth\u00e8que, dans Cairn et sur des liseuses. Toutes les disciplines enseign\u00e9es au c\u00e9gep y sont repr\u00e9sent\u00e9es. La collection comprend m\u00eame des romans et des bandes dessin\u00e9es.<\/p>\r\n<h4><br \/>\r\n<a href=\"https:\/\/bibliotheque.cegepgarneau.ca\/index.php\/accueil\/outils-de-recherche\/articles-de-revues-et-de-journaux\/\"><span style=\"color: #0000ff;\"><span style=\"color: #3366ff;\">Revues et journaux<\/span><\/span><\/a><\/h4>\r\n<p>La collection de revues et de journaux num\u00e9riques est compos\u00e9e d\u2019articles et de revues provenant de plusieurs outils de recherche auxquels la biblioth\u00e8que est abonn\u00e9e. Une grande vari\u00e9t\u00e9 de sujets sont couverts comme la science, l\u2019\u00e9conomie, la politique, le cin\u00e9ma, la psychologie, les arts visuels, etc.<\/p>\r\n<p><a href=\"https:\/\/bibliotheque.cegepgarneau.ca\/index.php\/accueil\/revues-numeriques-par-disciplines\/\" target=\"_blank\" rel=\"noopener\"><span style=\"color: #0000ff;\"><span style=\"color: #3366ff;\">Cliquez ici pour consulter l&#8217;index des revues et journaux num\u00e9riques par discipline.<\/span><\/span><\/a><\/p>\r\n<p><\/p>","protected":false},"excerpt":{"rendered":"<p>Films Diverses productions audiovisuelles sont diffus\u00e9es en ligne via nos bases de donn\u00e9es. Ces plateformes pr\u00e9sentent des documentaires \u00e9ducatifs, des \u0153uvres de fiction, des \u00e9missions de t\u00e9l\u00e9, des reportages, etc. Le contenu est accessible en tout temps et sans limites. Livres L\u2019offre de livres num\u00e9riques \u00e0 la biblioth\u00e8que est vari\u00e9e. On en trouve en grand [&hellip;]<\/p>\n","protected":false},"author":1,"featured_media":0,"parent":4336,"menu_order":0,"comment_status":"closed","ping_status":"closed","template":"","meta":{"_exactmetrics_skip_tracking":false,"_exactmetrics_sitenote_active":false,"_exactmetrics_sitenote_note":"","_exactmetrics_sitenote_category":0,"footnotes":""},"class_list":["post-4805","page","type-page","status-publish","hentry"],"yoast_head":"<!-- This site is optimized with the Yoast SEO plugin v26.8 - https:\/\/yoast.com\/product\/yoast-seo-wordpress\/ -->\n<title>Collection num\u00e9rique - Biblioth\u00e8que C\u00e9gep Garneau<\/title>\n<meta name=\"robots\" content=\"index, follow, max-snippet:-1, max-image-preview:large, max-video-preview:-1\" \/>\n<link rel=\"canonical\" href=\"https:\/\/bibliotheque.cegepgarneau.ca\/index.php\/accueil\/espaces-et-collections\/collection-numerique\/\" \/>\n<meta property=\"og:locale\" content=\"fr_FR\" \/>\n<meta property=\"og:type\" content=\"article\" \/>\n<meta property=\"og:title\" content=\"Collection num\u00e9rique - Biblioth\u00e8que C\u00e9gep Garneau\" \/>\n<meta property=\"og:description\" content=\"Films Diverses productions audiovisuelles sont diffus\u00e9es en ligne via nos bases de donn\u00e9es. Ces plateformes pr\u00e9sentent des documentaires \u00e9ducatifs, des \u0153uvres de fiction, des \u00e9missions de t\u00e9l\u00e9, des reportages, etc. Le contenu est accessible en tout temps et sans limites. Livres L\u2019offre de livres num\u00e9riques \u00e0 la biblioth\u00e8que est vari\u00e9e. On en trouve en grand [&hellip;]\" \/>\n<meta property=\"og:url\" content=\"https:\/\/bibliotheque.cegepgarneau.ca\/index.php\/accueil\/espaces-et-collections\/collection-numerique\/\" \/>\n<meta property=\"og:site_name\" content=\"Biblioth\u00e8que C\u00e9gep Garneau\" \/>\n<meta property=\"article:modified_time\" content=\"2022-06-23T15:26:13+00:00\" \/>\n<meta name=\"twitter:card\" content=\"summary_large_image\" \/>\n<meta name=\"twitter:label1\" content=\"Dur\u00e9e de lecture estim\u00e9e\" \/>\n\t<meta name=\"twitter:data1\" content=\"1 minute\" \/>\n<script type=\"application\/ld+json\" class=\"yoast-schema-graph\">{\"@context\":\"https:\/\/schema.org\",\"@graph\":[{\"@type\":\"WebPage\",\"@id\":\"https:\/\/bibliotheque.cegepgarneau.ca\/index.php\/accueil\/espaces-et-collections\/collection-numerique\/\",\"url\":\"https:\/\/bibliotheque.cegepgarneau.ca\/index.php\/accueil\/espaces-et-collections\/collection-numerique\/\",\"name\":\"Collection num\u00e9rique - Biblioth\u00e8que C\u00e9gep Garneau\",\"isPartOf\":{\"@id\":\"https:\/\/bibliotheque.cegepgarneau.ca\/#website\"},\"datePublished\":\"2019-06-26T13:05:29+00:00\",\"dateModified\":\"2022-06-23T15:26:13+00:00\",\"breadcrumb\":{\"@id\":\"https:\/\/bibliotheque.cegepgarneau.ca\/index.php\/accueil\/espaces-et-collections\/collection-numerique\/#breadcrumb\"},\"inLanguage\":\"fr-FR\",\"potentialAction\":[{\"@type\":\"ReadAction\",\"target\":[\"https:\/\/bibliotheque.cegepgarneau.ca\/index.php\/accueil\/espaces-et-collections\/collection-numerique\/\"]}]},{\"@type\":\"BreadcrumbList\",\"@id\":\"https:\/\/bibliotheque.cegepgarneau.ca\/index.php\/accueil\/espaces-et-collections\/collection-numerique\/#breadcrumb\",\"itemListElement\":[{\"@type\":\"ListItem\",\"position\":1,\"name\":\"Accueil\",\"item\":\"https:\/\/bibliotheque.cegepgarneau.ca\/\"},{\"@type\":\"ListItem\",\"position\":2,\"name\":\"Espaces et collections\",\"item\":\"https:\/\/bibliotheque.cegepgarneau.ca\/index.php\/accueil\/espaces-et-collections\/\"},{\"@type\":\"ListItem\",\"position\":3,\"name\":\"Collection num\u00e9rique\"}]},{\"@type\":\"WebSite\",\"@id\":\"https:\/\/bibliotheque.cegepgarneau.ca\/#website\",\"url\":\"https:\/\/bibliotheque.cegepgarneau.ca\/\",\"name\":\"Biblioth\u00e8que C\u00e9gep Garneau\",\"description\":\"\",\"potentialAction\":[{\"@type\":\"SearchAction\",\"target\":{\"@type\":\"EntryPoint\",\"urlTemplate\":\"https:\/\/bibliotheque.cegepgarneau.ca\/?s={search_term_string}\"},\"query-input\":{\"@type\":\"PropertyValueSpecification\",\"valueRequired\":true,\"valueName\":\"search_term_string\"}}],\"inLanguage\":\"fr-FR\"}]}<\/script>\n<!-- \/ Yoast SEO plugin. -->","yoast_head_json":{"title":"Collection num\u00e9rique - Biblioth\u00e8que C\u00e9gep Garneau","robots":{"index":"index","follow":"follow","max-snippet":"max-snippet:-1","max-image-preview":"max-image-preview:large","max-video-preview":"max-video-preview:-1"},"canonical":"https:\/\/bibliotheque.cegepgarneau.ca\/index.php\/accueil\/espaces-et-collections\/collection-numerique\/","og_locale":"fr_FR","og_type":"article","og_title":"Collection num\u00e9rique - Biblioth\u00e8que C\u00e9gep Garneau","og_description":"Films Diverses productions audiovisuelles sont diffus\u00e9es en ligne via nos bases de donn\u00e9es. Ces plateformes pr\u00e9sentent des documentaires \u00e9ducatifs, des \u0153uvres de fiction, des \u00e9missions de t\u00e9l\u00e9, des reportages, etc. Le contenu est accessible en tout temps et sans limites. Livres L\u2019offre de livres num\u00e9riques \u00e0 la biblioth\u00e8que est vari\u00e9e. On en trouve en grand [&hellip;]","og_url":"https:\/\/bibliotheque.cegepgarneau.ca\/index.php\/accueil\/espaces-et-collections\/collection-numerique\/","og_site_name":"Biblioth\u00e8que C\u00e9gep Garneau","article_modified_time":"2022-06-23T15:26:13+00:00","twitter_card":"summary_large_image","twitter_misc":{"Dur\u00e9e de lecture estim\u00e9e":"1 minute"},"schema":{"@context":"https:\/\/schema.org","@graph":[{"@type":"WebPage","@id":"https:\/\/bibliotheque.cegepgarneau.ca\/index.php\/accueil\/espaces-et-collections\/collection-numerique\/","url":"https:\/\/bibliotheque.cegepgarneau.ca\/index.php\/accueil\/espaces-et-collections\/collection-numerique\/","name":"Collection num\u00e9rique - Biblioth\u00e8que C\u00e9gep Garneau","isPartOf":{"@id":"https:\/\/bibliotheque.cegepgarneau.ca\/#website"},"datePublished":"2019-06-26T13:05:29+00:00","dateModified":"2022-06-23T15:26:13+00:00","breadcrumb":{"@id":"https:\/\/bibliotheque.cegepgarneau.ca\/index.php\/accueil\/espaces-et-collections\/collection-numerique\/#breadcrumb"},"inLanguage":"fr-FR","potentialAction":[{"@type":"ReadAction","target":["https:\/\/bibliotheque.cegepgarneau.ca\/index.php\/accueil\/espaces-et-collections\/collection-numerique\/"]}]},{"@type":"BreadcrumbList","@id":"https:\/\/bibliotheque.cegepgarneau.ca\/index.php\/accueil\/espaces-et-collections\/collection-numerique\/#breadcrumb","itemListElement":[{"@type":"ListItem","position":1,"name":"Accueil","item":"https:\/\/bibliotheque.cegepgarneau.ca\/"},{"@type":"ListItem","position":2,"name":"Espaces et collections","item":"https:\/\/bibliotheque.cegepgarneau.ca\/index.php\/accueil\/espaces-et-collections\/"},{"@type":"ListItem","position":3,"name":"Collection num\u00e9rique"}]},{"@type":"WebSite","@id":"https:\/\/bibliotheque.cegepgarneau.ca\/#website","url":"https:\/\/bibliotheque.cegepgarneau.ca\/","name":"Biblioth\u00e8que C\u00e9gep Garneau","description":"","potentialAction":[{"@type":"SearchAction","target":{"@type":"EntryPoint","urlTemplate":"https:\/\/bibliotheque.cegepgarneau.ca\/?s={search_term_string}"},"query-input":{"@type":"PropertyValueSpecification","valueRequired":true,"valueName":"search_term_string"}}],"inLanguage":"fr-FR"}]}},"_links":{"self":[{"href":"https:\/\/bibliotheque.cegepgarneau.ca\/index.php\/wp-json\/wp\/v2\/pages\/4805","targetHints":{"allow":["GET"]}}],"collection":[{"href":"https:\/\/bibliotheque.cegepgarneau.ca\/index.php\/wp-json\/wp\/v2\/pages"}],"about":[{"href":"https:\/\/bibliotheque.cegepgarneau.ca\/index.php\/wp-json\/wp\/v2\/types\/page"}],"author":[{"embeddable":true,"href":"https:\/\/bibliotheque.cegepgarneau.ca\/index.php\/wp-json\/wp\/v2\/users\/1"}],"replies":[{"embeddable":true,"href":"https:\/\/bibliotheque.cegepgarneau.ca\/index.php\/wp-json\/wp\/v2\/comments?post=4805"}],"version-history":[{"count":21,"href":"https:\/\/bibliotheque.cegepgarneau.ca\/index.php\/wp-json\/wp\/v2\/pages\/4805\/revisions"}],"predecessor-version":[{"id":12250,"href":"https:\/\/bibliotheque.cegepgarneau.ca\/index.php\/wp-json\/wp\/v2\/pages\/4805\/revisions\/12250"}],"up":[{"embeddable":true,"href":"https:\/\/bibliotheque.cegepgarneau.ca\/index.php\/wp-json\/wp\/v2\/pages\/4336"}],"wp:attachment":[{"href":"https:\/\/bibliotheque.cegepgarneau.ca\/index.php\/wp-json\/wp\/v2\/media?parent=4805"}],"curies":[{"name":"wp","href":"https:\/\/api.w.org\/{rel}","templated":true}]}}