{"id":4702,"date":"2019-05-29T15:31:31","date_gmt":"2019-05-29T14:31:31","guid":{"rendered":"http:\/\/cdm.cegepgarneau.ca\/?page_id=4702"},"modified":"2024-06-28T13:52:14","modified_gmt":"2024-06-28T12:52:14","slug":"aide-a-la-recherche","status":"publish","type":"page","link":"https:\/\/bibliotheque.cegepgarneau.ca\/index.php\/accueil\/aide-a-la-recherche\/","title":{"rendered":"Aide \u00e0 la recherche"},"content":{"rendered":"<table style=\"width: 99.5239%; height: 608px;\">\n<tbody>\n<td style=\"border: none; text-align: left; vertical-align: high; height: 300px; width: 49.6174%;\">\n<h3><span style=\"font-size: 16px; font-weight: 400;\"><strong>Service d&#8217;aide \u00e0 la recherche<\/strong><\/span><\/h3>\n<p>Vous avez besoin d&#8217;aide pour :<\/p>\n<ul>\n<li>Rechercher des documents dans le catalogue Koha<\/li>\n<li>Rechercher des articles de revues dans les bases de donn\u00e9es<\/li>\n<li>Am\u00e9liorer vos recherches sur le Web<\/li>\n<li>Rep\u00e9rer des documents sur les rayonnages de la biblioth\u00e8que<\/li>\n<li>Toute autre demande<\/li>\n<\/ul>\n<p>Pour gagner du temps dans vos travaux de recherche, consultez le personnel du Service d&#8217;aide \u00e0 la recherche :<\/p>\n<ul>\n<li>Au 2e \u00e9tage de la biblioth\u00e8que<\/li>\n<li>Lundi au jeudi : 8h \u00e0 21h et vendredi : 8h \u00e0 18h<\/li>\n<li>418-688-8310, poste 2217<\/li>\n<li>MIO : Biblioth\u00e8que<\/li>\n<li><a style=\"color: #3366ff;\" href=\"mailto:reference@cegepgarneau.ca\" target=\"_blank\" rel=\"noopener noreferrer\">reference@cegepgarneau.ca<\/a><\/li>\n<\/ul>\n<\/td>\n<td style=\"border: none; text-align: center; vertical-align: high; height: 300px; width: 61.3022%;\">\n<p style=\"text-align: center;\"><img loading=\"lazy\" decoding=\"async\" class=\"alignnone  wp-image-11678\" src=\"\/wp-content\/uploads\/2023\/02\/Equipe-comptoir_esc_redim1.exc_-scaled.jpg\" alt=\"\" width=\"350\" height=\"400\" \/><\/p>\n<\/td>\n<\/tr>\n<\/tbody>\n<\/table>\n","protected":false},"excerpt":{"rendered":"<p>Service d&#8217;aide \u00e0 la recherche Vous avez besoin d&#8217;aide pour : Rechercher des documents dans le catalogue Koha Rechercher des articles de revues dans les bases de donn\u00e9es Am\u00e9liorer vos recherches sur le Web Rep\u00e9rer des documents sur les rayonnages de la biblioth\u00e8que Toute autre demande Pour gagner du temps dans vos travaux de recherche, [&hellip;]<\/p>\n","protected":false},"author":1,"featured_media":0,"parent":134,"menu_order":0,"comment_status":"closed","ping_status":"closed","template":"","meta":{"_exactmetrics_skip_tracking":false,"_exactmetrics_sitenote_active":false,"_exactmetrics_sitenote_note":"","_exactmetrics_sitenote_category":0,"footnotes":""},"class_list":["post-4702","page","type-page","status-publish","hentry"],"yoast_head":"<!-- This site is optimized with the Yoast SEO plugin v26.8 - https:\/\/yoast.com\/product\/yoast-seo-wordpress\/ -->\n<title>Aide \u00e0 la recherche - Biblioth\u00e8que C\u00e9gep Garneau<\/title>\n<meta name=\"robots\" content=\"index, follow, max-snippet:-1, max-image-preview:large, max-video-preview:-1\" \/>\n<link rel=\"canonical\" href=\"https:\/\/bibliotheque.cegepgarneau.ca\/index.php\/accueil\/aide-a-la-recherche\/\" \/>\n<meta property=\"og:locale\" content=\"fr_FR\" \/>\n<meta property=\"og:type\" content=\"article\" \/>\n<meta property=\"og:title\" content=\"Aide \u00e0 la recherche - Biblioth\u00e8que C\u00e9gep Garneau\" \/>\n<meta property=\"og:description\" content=\"Service d&#8217;aide \u00e0 la recherche Vous avez besoin d&#8217;aide pour : Rechercher des documents dans le catalogue Koha Rechercher des articles de revues dans les bases de donn\u00e9es Am\u00e9liorer vos recherches sur le Web Rep\u00e9rer des documents sur les rayonnages de la biblioth\u00e8que Toute autre demande Pour gagner du temps dans vos travaux de recherche, [&hellip;]\" \/>\n<meta property=\"og:url\" content=\"https:\/\/bibliotheque.cegepgarneau.ca\/index.php\/accueil\/aide-a-la-recherche\/\" \/>\n<meta property=\"og:site_name\" content=\"Biblioth\u00e8que C\u00e9gep Garneau\" \/>\n<meta property=\"article:modified_time\" content=\"2024-06-28T12:52:14+00:00\" \/>\n<meta name=\"twitter:card\" content=\"summary_large_image\" \/>\n<meta name=\"twitter:label1\" content=\"Dur\u00e9e de lecture estim\u00e9e\" \/>\n\t<meta name=\"twitter:data1\" content=\"1 minute\" \/>\n<script type=\"application\/ld+json\" class=\"yoast-schema-graph\">{\"@context\":\"https:\/\/schema.org\",\"@graph\":[{\"@type\":\"WebPage\",\"@id\":\"https:\/\/bibliotheque.cegepgarneau.ca\/index.php\/accueil\/aide-a-la-recherche\/\",\"url\":\"https:\/\/bibliotheque.cegepgarneau.ca\/index.php\/accueil\/aide-a-la-recherche\/\",\"name\":\"Aide \u00e0 la recherche - Biblioth\u00e8que C\u00e9gep Garneau\",\"isPartOf\":{\"@id\":\"https:\/\/bibliotheque.cegepgarneau.ca\/#website\"},\"datePublished\":\"2019-05-29T14:31:31+00:00\",\"dateModified\":\"2024-06-28T12:52:14+00:00\",\"breadcrumb\":{\"@id\":\"https:\/\/bibliotheque.cegepgarneau.ca\/index.php\/accueil\/aide-a-la-recherche\/#breadcrumb\"},\"inLanguage\":\"fr-FR\",\"potentialAction\":[{\"@type\":\"ReadAction\",\"target\":[\"https:\/\/bibliotheque.cegepgarneau.ca\/index.php\/accueil\/aide-a-la-recherche\/\"]}]},{\"@type\":\"BreadcrumbList\",\"@id\":\"https:\/\/bibliotheque.cegepgarneau.ca\/index.php\/accueil\/aide-a-la-recherche\/#breadcrumb\",\"itemListElement\":[{\"@type\":\"ListItem\",\"position\":1,\"name\":\"Accueil\",\"item\":\"https:\/\/bibliotheque.cegepgarneau.ca\/\"},{\"@type\":\"ListItem\",\"position\":2,\"name\":\"Aide \u00e0 la recherche\"}]},{\"@type\":\"WebSite\",\"@id\":\"https:\/\/bibliotheque.cegepgarneau.ca\/#website\",\"url\":\"https:\/\/bibliotheque.cegepgarneau.ca\/\",\"name\":\"Biblioth\u00e8que C\u00e9gep Garneau\",\"description\":\"\",\"potentialAction\":[{\"@type\":\"SearchAction\",\"target\":{\"@type\":\"EntryPoint\",\"urlTemplate\":\"https:\/\/bibliotheque.cegepgarneau.ca\/?s={search_term_string}\"},\"query-input\":{\"@type\":\"PropertyValueSpecification\",\"valueRequired\":true,\"valueName\":\"search_term_string\"}}],\"inLanguage\":\"fr-FR\"}]}<\/script>\n<!-- \/ Yoast SEO plugin. -->","yoast_head_json":{"title":"Aide \u00e0 la recherche - Biblioth\u00e8que C\u00e9gep Garneau","robots":{"index":"index","follow":"follow","max-snippet":"max-snippet:-1","max-image-preview":"max-image-preview:large","max-video-preview":"max-video-preview:-1"},"canonical":"https:\/\/bibliotheque.cegepgarneau.ca\/index.php\/accueil\/aide-a-la-recherche\/","og_locale":"fr_FR","og_type":"article","og_title":"Aide \u00e0 la recherche - Biblioth\u00e8que C\u00e9gep Garneau","og_description":"Service d&#8217;aide \u00e0 la recherche Vous avez besoin d&#8217;aide pour : Rechercher des documents dans le catalogue Koha Rechercher des articles de revues dans les bases de donn\u00e9es Am\u00e9liorer vos recherches sur le Web Rep\u00e9rer des documents sur les rayonnages de la biblioth\u00e8que Toute autre demande Pour gagner du temps dans vos travaux de recherche, [&hellip;]","og_url":"https:\/\/bibliotheque.cegepgarneau.ca\/index.php\/accueil\/aide-a-la-recherche\/","og_site_name":"Biblioth\u00e8que C\u00e9gep Garneau","article_modified_time":"2024-06-28T12:52:14+00:00","twitter_card":"summary_large_image","twitter_misc":{"Dur\u00e9e de lecture estim\u00e9e":"1 minute"},"schema":{"@context":"https:\/\/schema.org","@graph":[{"@type":"WebPage","@id":"https:\/\/bibliotheque.cegepgarneau.ca\/index.php\/accueil\/aide-a-la-recherche\/","url":"https:\/\/bibliotheque.cegepgarneau.ca\/index.php\/accueil\/aide-a-la-recherche\/","name":"Aide \u00e0 la recherche - Biblioth\u00e8que C\u00e9gep Garneau","isPartOf":{"@id":"https:\/\/bibliotheque.cegepgarneau.ca\/#website"},"datePublished":"2019-05-29T14:31:31+00:00","dateModified":"2024-06-28T12:52:14+00:00","breadcrumb":{"@id":"https:\/\/bibliotheque.cegepgarneau.ca\/index.php\/accueil\/aide-a-la-recherche\/#breadcrumb"},"inLanguage":"fr-FR","potentialAction":[{"@type":"ReadAction","target":["https:\/\/bibliotheque.cegepgarneau.ca\/index.php\/accueil\/aide-a-la-recherche\/"]}]},{"@type":"BreadcrumbList","@id":"https:\/\/bibliotheque.cegepgarneau.ca\/index.php\/accueil\/aide-a-la-recherche\/#breadcrumb","itemListElement":[{"@type":"ListItem","position":1,"name":"Accueil","item":"https:\/\/bibliotheque.cegepgarneau.ca\/"},{"@type":"ListItem","position":2,"name":"Aide \u00e0 la recherche"}]},{"@type":"WebSite","@id":"https:\/\/bibliotheque.cegepgarneau.ca\/#website","url":"https:\/\/bibliotheque.cegepgarneau.ca\/","name":"Biblioth\u00e8que C\u00e9gep Garneau","description":"","potentialAction":[{"@type":"SearchAction","target":{"@type":"EntryPoint","urlTemplate":"https:\/\/bibliotheque.cegepgarneau.ca\/?s={search_term_string}"},"query-input":{"@type":"PropertyValueSpecification","valueRequired":true,"valueName":"search_term_string"}}],"inLanguage":"fr-FR"}]}},"_links":{"self":[{"href":"https:\/\/bibliotheque.cegepgarneau.ca\/index.php\/wp-json\/wp\/v2\/pages\/4702","targetHints":{"allow":["GET"]}}],"collection":[{"href":"https:\/\/bibliotheque.cegepgarneau.ca\/index.php\/wp-json\/wp\/v2\/pages"}],"about":[{"href":"https:\/\/bibliotheque.cegepgarneau.ca\/index.php\/wp-json\/wp\/v2\/types\/page"}],"author":[{"embeddable":true,"href":"https:\/\/bibliotheque.cegepgarneau.ca\/index.php\/wp-json\/wp\/v2\/users\/1"}],"replies":[{"embeddable":true,"href":"https:\/\/bibliotheque.cegepgarneau.ca\/index.php\/wp-json\/wp\/v2\/comments?post=4702"}],"version-history":[{"count":33,"href":"https:\/\/bibliotheque.cegepgarneau.ca\/index.php\/wp-json\/wp\/v2\/pages\/4702\/revisions"}],"predecessor-version":[{"id":15822,"href":"https:\/\/bibliotheque.cegepgarneau.ca\/index.php\/wp-json\/wp\/v2\/pages\/4702\/revisions\/15822"}],"up":[{"embeddable":true,"href":"https:\/\/bibliotheque.cegepgarneau.ca\/index.php\/wp-json\/wp\/v2\/pages\/134"}],"wp:attachment":[{"href":"https:\/\/bibliotheque.cegepgarneau.ca\/index.php\/wp-json\/wp\/v2\/media?parent=4702"}],"curies":[{"name":"wp","href":"https:\/\/api.w.org\/{rel}","templated":true}]}}