{"id":4418,"date":"2019-03-14T14:50:15","date_gmt":"2019-03-14T13:50:15","guid":{"rendered":"http:\/\/cdm.cegepgarneau.ca\/?page_id=4418"},"modified":"2022-06-23T16:27:04","modified_gmt":"2022-06-23T15:27:04","slug":"dons-de-livres","status":"publish","type":"page","link":"https:\/\/bibliotheque.cegepgarneau.ca\/index.php\/accueil\/nous-joindre\/dons-de-livres\/","title":{"rendered":"Dons de livres"},"content":{"rendered":"\r\n<p>La Biblioth\u00e8que du C\u00e9gep Garneau est heureuse d\u2019accepter les dons de livres de particuliers car cela enrichit ses collections. Cependant, certaines conditions s\u2019appliquent.<\/p>\r\n\r\n\r\n<p><strong>Exigences pour la biblioth\u00e8que<\/strong><\/p>\r\n\r\n\r\n<ul class=\"wp-block-list\">\r\n\t<li>Seuls les livres sont accept\u00e9s comme type de documents.<\/li>\r\n\t<li>Seuls les livres \u00e0 l\u2019\u00e9tat neuf peuvent \u00eatre retenus (pas de livres ab\u00eem\u00e9s, ratur\u00e9s, surlign\u00e9s ou autrement endommag\u00e9s).<\/li>\r\n\t<li>La biblioth\u00e8que impose ses d\u00e9lais de mise en circulation pour les documents re\u00e7us.<\/li>\r\n\t<li>Les documents retenus demeurent \u00e0 la discr\u00e9tion de la biblioth\u00e8que qui valide ses choix en fonction de sa politique de d\u00e9veloppement de collections.<\/li>\r\n<\/ul>\r\n\r\n\r\n<p><strong>Exigences pour le donateur<\/strong><\/p>\r\n\r\n\r\n<ul class=\"wp-block-list\">\r\n\t<li>Accepter que la biblioth\u00e8que dispose des documents non retenus selon ses pratiques habituelles.<\/li>\r\n\t<li>Accepter de c\u00e9der la propri\u00e9t\u00e9 de ses livres \u00e0 la biblioth\u00e8que qui devient ainsi l\u2019unique propri\u00e9taire.<\/li>\r\n\t<li>Ne pas imposer de modalit\u00e9s d\u2019acc\u00e8s pour les documents retenus par la biblioth\u00e8que.<\/li>\r\n<\/ul>\r\n\r\n\r\n<h4 class=\"wp-block-heading\">Pour plus d\u2019information, contactez la biblioth\u00e8que au 418-688-8310, poste 2220 ou <span style=\"color: #3366ff;\"><a style=\"color: #3366ff;\" href=\"mailto:biblio@cegepgarneau.ca\">biblio@cegepgarneau.ca<\/a><\/span><\/h4>\r\n","protected":false},"excerpt":{"rendered":"<p>La Biblioth\u00e8que du C\u00e9gep Garneau est heureuse d\u2019accepter les dons de livres de particuliers car cela enrichit ses collections. Cependant, certaines conditions s\u2019appliquent. Exigences pour la biblioth\u00e8que Seuls les livres sont accept\u00e9s comme type de documents. Seuls les livres \u00e0 l\u2019\u00e9tat neuf peuvent \u00eatre retenus (pas de livres ab\u00eem\u00e9s, ratur\u00e9s, surlign\u00e9s ou autrement endommag\u00e9s). La [&hellip;]<\/p>\n","protected":false},"author":1,"featured_media":0,"parent":102,"menu_order":0,"comment_status":"closed","ping_status":"closed","template":"","meta":{"_exactmetrics_skip_tracking":false,"_exactmetrics_sitenote_active":false,"_exactmetrics_sitenote_note":"","_exactmetrics_sitenote_category":0,"footnotes":""},"class_list":["post-4418","page","type-page","status-publish","hentry"],"yoast_head":"<!-- This site is optimized with the Yoast SEO plugin v26.8 - https:\/\/yoast.com\/product\/yoast-seo-wordpress\/ -->\n<title>Dons de livres - Biblioth\u00e8que C\u00e9gep Garneau<\/title>\n<meta name=\"robots\" content=\"index, follow, max-snippet:-1, max-image-preview:large, max-video-preview:-1\" \/>\n<link rel=\"canonical\" href=\"https:\/\/bibliotheque.cegepgarneau.ca\/index.php\/accueil\/nous-joindre\/dons-de-livres\/\" \/>\n<meta property=\"og:locale\" content=\"fr_FR\" \/>\n<meta property=\"og:type\" content=\"article\" \/>\n<meta property=\"og:title\" content=\"Dons de livres - Biblioth\u00e8que C\u00e9gep Garneau\" \/>\n<meta property=\"og:description\" content=\"La Biblioth\u00e8que du C\u00e9gep Garneau est heureuse d\u2019accepter les dons de livres de particuliers car cela enrichit ses collections. Cependant, certaines conditions s\u2019appliquent. Exigences pour la biblioth\u00e8que Seuls les livres sont accept\u00e9s comme type de documents. Seuls les livres \u00e0 l\u2019\u00e9tat neuf peuvent \u00eatre retenus (pas de livres ab\u00eem\u00e9s, ratur\u00e9s, surlign\u00e9s ou autrement endommag\u00e9s). La [&hellip;]\" \/>\n<meta property=\"og:url\" content=\"https:\/\/bibliotheque.cegepgarneau.ca\/index.php\/accueil\/nous-joindre\/dons-de-livres\/\" \/>\n<meta property=\"og:site_name\" content=\"Biblioth\u00e8que C\u00e9gep Garneau\" \/>\n<meta property=\"article:modified_time\" content=\"2022-06-23T15:27:04+00:00\" \/>\n<meta name=\"twitter:card\" content=\"summary_large_image\" \/>\n<meta name=\"twitter:label1\" content=\"Dur\u00e9e de lecture estim\u00e9e\" \/>\n\t<meta name=\"twitter:data1\" content=\"1 minute\" \/>\n<script type=\"application\/ld+json\" class=\"yoast-schema-graph\">{\"@context\":\"https:\/\/schema.org\",\"@graph\":[{\"@type\":\"WebPage\",\"@id\":\"https:\/\/bibliotheque.cegepgarneau.ca\/index.php\/accueil\/nous-joindre\/dons-de-livres\/\",\"url\":\"https:\/\/bibliotheque.cegepgarneau.ca\/index.php\/accueil\/nous-joindre\/dons-de-livres\/\",\"name\":\"Dons de livres - Biblioth\u00e8que C\u00e9gep Garneau\",\"isPartOf\":{\"@id\":\"https:\/\/bibliotheque.cegepgarneau.ca\/#website\"},\"datePublished\":\"2019-03-14T13:50:15+00:00\",\"dateModified\":\"2022-06-23T15:27:04+00:00\",\"breadcrumb\":{\"@id\":\"https:\/\/bibliotheque.cegepgarneau.ca\/index.php\/accueil\/nous-joindre\/dons-de-livres\/#breadcrumb\"},\"inLanguage\":\"fr-FR\",\"potentialAction\":[{\"@type\":\"ReadAction\",\"target\":[\"https:\/\/bibliotheque.cegepgarneau.ca\/index.php\/accueil\/nous-joindre\/dons-de-livres\/\"]}]},{\"@type\":\"BreadcrumbList\",\"@id\":\"https:\/\/bibliotheque.cegepgarneau.ca\/index.php\/accueil\/nous-joindre\/dons-de-livres\/#breadcrumb\",\"itemListElement\":[{\"@type\":\"ListItem\",\"position\":1,\"name\":\"Accueil\",\"item\":\"https:\/\/bibliotheque.cegepgarneau.ca\/\"},{\"@type\":\"ListItem\",\"position\":2,\"name\":\"Contacts\",\"item\":\"https:\/\/bibliotheque.cegepgarneau.ca\/index.php\/accueil\/nous-joindre\/\"},{\"@type\":\"ListItem\",\"position\":3,\"name\":\"Dons de livres\"}]},{\"@type\":\"WebSite\",\"@id\":\"https:\/\/bibliotheque.cegepgarneau.ca\/#website\",\"url\":\"https:\/\/bibliotheque.cegepgarneau.ca\/\",\"name\":\"Biblioth\u00e8que C\u00e9gep Garneau\",\"description\":\"\",\"potentialAction\":[{\"@type\":\"SearchAction\",\"target\":{\"@type\":\"EntryPoint\",\"urlTemplate\":\"https:\/\/bibliotheque.cegepgarneau.ca\/?s={search_term_string}\"},\"query-input\":{\"@type\":\"PropertyValueSpecification\",\"valueRequired\":true,\"valueName\":\"search_term_string\"}}],\"inLanguage\":\"fr-FR\"}]}<\/script>\n<!-- \/ Yoast SEO plugin. -->","yoast_head_json":{"title":"Dons de livres - Biblioth\u00e8que C\u00e9gep Garneau","robots":{"index":"index","follow":"follow","max-snippet":"max-snippet:-1","max-image-preview":"max-image-preview:large","max-video-preview":"max-video-preview:-1"},"canonical":"https:\/\/bibliotheque.cegepgarneau.ca\/index.php\/accueil\/nous-joindre\/dons-de-livres\/","og_locale":"fr_FR","og_type":"article","og_title":"Dons de livres - Biblioth\u00e8que C\u00e9gep Garneau","og_description":"La Biblioth\u00e8que du C\u00e9gep Garneau est heureuse d\u2019accepter les dons de livres de particuliers car cela enrichit ses collections. Cependant, certaines conditions s\u2019appliquent. Exigences pour la biblioth\u00e8que Seuls les livres sont accept\u00e9s comme type de documents. Seuls les livres \u00e0 l\u2019\u00e9tat neuf peuvent \u00eatre retenus (pas de livres ab\u00eem\u00e9s, ratur\u00e9s, surlign\u00e9s ou autrement endommag\u00e9s). La [&hellip;]","og_url":"https:\/\/bibliotheque.cegepgarneau.ca\/index.php\/accueil\/nous-joindre\/dons-de-livres\/","og_site_name":"Biblioth\u00e8que C\u00e9gep Garneau","article_modified_time":"2022-06-23T15:27:04+00:00","twitter_card":"summary_large_image","twitter_misc":{"Dur\u00e9e de lecture estim\u00e9e":"1 minute"},"schema":{"@context":"https:\/\/schema.org","@graph":[{"@type":"WebPage","@id":"https:\/\/bibliotheque.cegepgarneau.ca\/index.php\/accueil\/nous-joindre\/dons-de-livres\/","url":"https:\/\/bibliotheque.cegepgarneau.ca\/index.php\/accueil\/nous-joindre\/dons-de-livres\/","name":"Dons de livres - Biblioth\u00e8que C\u00e9gep Garneau","isPartOf":{"@id":"https:\/\/bibliotheque.cegepgarneau.ca\/#website"},"datePublished":"2019-03-14T13:50:15+00:00","dateModified":"2022-06-23T15:27:04+00:00","breadcrumb":{"@id":"https:\/\/bibliotheque.cegepgarneau.ca\/index.php\/accueil\/nous-joindre\/dons-de-livres\/#breadcrumb"},"inLanguage":"fr-FR","potentialAction":[{"@type":"ReadAction","target":["https:\/\/bibliotheque.cegepgarneau.ca\/index.php\/accueil\/nous-joindre\/dons-de-livres\/"]}]},{"@type":"BreadcrumbList","@id":"https:\/\/bibliotheque.cegepgarneau.ca\/index.php\/accueil\/nous-joindre\/dons-de-livres\/#breadcrumb","itemListElement":[{"@type":"ListItem","position":1,"name":"Accueil","item":"https:\/\/bibliotheque.cegepgarneau.ca\/"},{"@type":"ListItem","position":2,"name":"Contacts","item":"https:\/\/bibliotheque.cegepgarneau.ca\/index.php\/accueil\/nous-joindre\/"},{"@type":"ListItem","position":3,"name":"Dons de livres"}]},{"@type":"WebSite","@id":"https:\/\/bibliotheque.cegepgarneau.ca\/#website","url":"https:\/\/bibliotheque.cegepgarneau.ca\/","name":"Biblioth\u00e8que C\u00e9gep Garneau","description":"","potentialAction":[{"@type":"SearchAction","target":{"@type":"EntryPoint","urlTemplate":"https:\/\/bibliotheque.cegepgarneau.ca\/?s={search_term_string}"},"query-input":{"@type":"PropertyValueSpecification","valueRequired":true,"valueName":"search_term_string"}}],"inLanguage":"fr-FR"}]}},"_links":{"self":[{"href":"https:\/\/bibliotheque.cegepgarneau.ca\/index.php\/wp-json\/wp\/v2\/pages\/4418","targetHints":{"allow":["GET"]}}],"collection":[{"href":"https:\/\/bibliotheque.cegepgarneau.ca\/index.php\/wp-json\/wp\/v2\/pages"}],"about":[{"href":"https:\/\/bibliotheque.cegepgarneau.ca\/index.php\/wp-json\/wp\/v2\/types\/page"}],"author":[{"embeddable":true,"href":"https:\/\/bibliotheque.cegepgarneau.ca\/index.php\/wp-json\/wp\/v2\/users\/1"}],"replies":[{"embeddable":true,"href":"https:\/\/bibliotheque.cegepgarneau.ca\/index.php\/wp-json\/wp\/v2\/comments?post=4418"}],"version-history":[{"count":3,"href":"https:\/\/bibliotheque.cegepgarneau.ca\/index.php\/wp-json\/wp\/v2\/pages\/4418\/revisions"}],"predecessor-version":[{"id":12252,"href":"https:\/\/bibliotheque.cegepgarneau.ca\/index.php\/wp-json\/wp\/v2\/pages\/4418\/revisions\/12252"}],"up":[{"embeddable":true,"href":"https:\/\/bibliotheque.cegepgarneau.ca\/index.php\/wp-json\/wp\/v2\/pages\/102"}],"wp:attachment":[{"href":"https:\/\/bibliotheque.cegepgarneau.ca\/index.php\/wp-json\/wp\/v2\/media?parent=4418"}],"curies":[{"name":"wp","href":"https:\/\/api.w.org\/{rel}","templated":true}]}}