{"id":4386,"date":"2019-03-14T14:15:22","date_gmt":"2019-03-14T13:15:22","guid":{"rendered":"http:\/\/cdm.cegepgarneau.ca\/?page_id=4386"},"modified":"2026-02-09T14:11:38","modified_gmt":"2026-02-09T13:11:38","slug":"espaces-collaboratifs","status":"publish","type":"page","link":"https:\/\/bibliotheque.cegepgarneau.ca\/index.php\/accueil\/espaces-et-collections\/espaces-collaboratifs\/","title":{"rendered":"Espaces de travail collaboratifs"},"content":{"rendered":"\r\n<figure class=\"wp-block-image\"><img loading=\"lazy\" decoding=\"async\" width=\"842\" height=\"290\" class=\"wp-image-4479\" src=\"\/wp-content\/uploads\/2019\/03\/salle_travail.jpg\" alt=\"\" srcset=\"https:\/\/bibliotheque.cegepgarneau.ca\/wp-content\/uploads\/2019\/03\/salle_travail.jpg 842w, https:\/\/bibliotheque.cegepgarneau.ca\/wp-content\/uploads\/2019\/03\/salle_travail-300x103.jpg 300w, https:\/\/bibliotheque.cegepgarneau.ca\/wp-content\/uploads\/2019\/03\/salle_travail-768x265.jpg 768w\" sizes=\"auto, (max-width: 842px) 100vw, 842px\" \/><\/figure>\r\n\r\n\r\n<p><strong>Salles de travail ferm\u00e9es<\/strong><\/p>\r\n\r\n\r\n<p>Au nombre de 6, les salles de travail d\u2019\u00e9quipe sont am\u00e9nag\u00e9es pour recevoir de 3 personnes et plus. Toutes ces salles sont munies d\u2019un grand \u00e9cran plat qui sert d\u2019extension \u00e0 l\u2019\u00e9cran d\u2019un portable. Une autre grande salle permet quant \u00e0 elle d\u2019accueillir jusqu\u2019\u00e0 15 personnes.<\/p>\r\n\r\n\r\n<p><strong>Localisation\u00a0: niveau 2000<\/strong><\/p>\r\n\r\n\r\n<hr class=\"wp-block-separator\" \/>\r\n\r\n<figure class=\"wp-block-image\"><img loading=\"lazy\" decoding=\"async\" width=\"841\" height=\"290\" class=\"wp-image-4482\" src=\"\/wp-content\/uploads\/2019\/03\/salle_multi.jpg\" alt=\"\" srcset=\"https:\/\/bibliotheque.cegepgarneau.ca\/wp-content\/uploads\/2019\/03\/salle_multi.jpg 841w, https:\/\/bibliotheque.cegepgarneau.ca\/wp-content\/uploads\/2019\/03\/salle_multi-300x103.jpg 300w, https:\/\/bibliotheque.cegepgarneau.ca\/wp-content\/uploads\/2019\/03\/salle_multi-768x265.jpg 768w\" sizes=\"auto, (max-width: 841px) 100vw, 841px\" \/><\/figure>\r\n\r\n\r\n<p><strong>Salle multi<\/strong><\/p>\r\n\r\n\r\n<p>La salle multi est compos\u00e9e de 44 places assises, le Comit\u00e9 d\u2019animation de la biblioth\u00e8que y pr\u00e9sente diverses activit\u00e9s \u00e0 saveur culturelle, intellectuelle ou scientifique. Aussi, la salle multi est tout indiqu\u00e9e pour accueillir une classe dans le cadre d\u2019une activit\u00e9 sp\u00e9ciale. La salle multi se convertit en salle d\u2019\u00e9tude lorsqu\u2019elle est inoccup\u00e9e.<\/p>\r\n\r\n\r\n<p><strong>Localisation\u00a0: niveau 2000<\/strong><\/p>\r\n\r\n\r\n<hr class=\"wp-block-separator\" \/>\r\n\r\n<figure class=\"wp-block-image\"><img loading=\"lazy\" decoding=\"async\" width=\"842\" height=\"289\" class=\"wp-image-4537\" src=\"\/wp-content\/uploads\/2019\/04\/tutorat.jpg\" alt=\"\" srcset=\"https:\/\/bibliotheque.cegepgarneau.ca\/wp-content\/uploads\/2019\/04\/tutorat.jpg 842w, https:\/\/bibliotheque.cegepgarneau.ca\/wp-content\/uploads\/2019\/04\/tutorat-300x103.jpg 300w, https:\/\/bibliotheque.cegepgarneau.ca\/wp-content\/uploads\/2019\/04\/tutorat-768x264.jpg 768w\" sizes=\"auto, (max-width: 842px) 100vw, 842px\" \/><\/figure>\r\n\r\n\r\n<p><strong>Tutorat par les pairs<\/strong><\/p>\r\n\r\n\r\n<p>Le Tutorat par les pairs est une mesure d\u2019aide offerte gratuitement aux \u00e9tudiants et ses activit\u00e9s se d\u00e9roulent dans une salle qui lui est d\u00e9di\u00e9e \u00e0 la biblioth\u00e8que, au c\u0153ur des ressources documentaires.<\/p>\r\n\r\n\r\n<p><strong>Localisation\u00a0: niveau 2000<\/strong><\/p>\r\n","protected":false},"excerpt":{"rendered":"<p>Salles de travail ferm\u00e9es Au nombre de 6, les salles de travail d\u2019\u00e9quipe sont am\u00e9nag\u00e9es pour recevoir de 3 personnes et plus. Toutes ces salles sont munies d\u2019un grand \u00e9cran plat qui sert d\u2019extension \u00e0 l\u2019\u00e9cran d\u2019un portable. Une autre grande salle permet quant \u00e0 elle d\u2019accueillir jusqu\u2019\u00e0 15 personnes. Localisation\u00a0: niveau 2000 Salle multi [&hellip;]<\/p>\n","protected":false},"author":1,"featured_media":0,"parent":4336,"menu_order":0,"comment_status":"closed","ping_status":"closed","template":"","meta":{"_exactmetrics_skip_tracking":false,"_exactmetrics_sitenote_active":false,"_exactmetrics_sitenote_note":"","_exactmetrics_sitenote_category":0,"footnotes":""},"class_list":["post-4386","page","type-page","status-publish","hentry"],"yoast_head":"<!-- This site is optimized with the Yoast SEO plugin v26.8 - https:\/\/yoast.com\/product\/yoast-seo-wordpress\/ -->\n<title>Espaces de travail collaboratifs - Biblioth\u00e8que C\u00e9gep Garneau<\/title>\n<meta name=\"robots\" content=\"index, follow, max-snippet:-1, max-image-preview:large, max-video-preview:-1\" \/>\n<link rel=\"canonical\" href=\"https:\/\/bibliotheque.cegepgarneau.ca\/index.php\/accueil\/espaces-et-collections\/espaces-collaboratifs\/\" \/>\n<meta property=\"og:locale\" content=\"fr_FR\" \/>\n<meta property=\"og:type\" content=\"article\" \/>\n<meta property=\"og:title\" content=\"Espaces de travail collaboratifs - Biblioth\u00e8que C\u00e9gep Garneau\" \/>\n<meta property=\"og:description\" content=\"Salles de travail ferm\u00e9es Au nombre de 6, les salles de travail d\u2019\u00e9quipe sont am\u00e9nag\u00e9es pour recevoir de 3 personnes et plus. Toutes ces salles sont munies d\u2019un grand \u00e9cran plat qui sert d\u2019extension \u00e0 l\u2019\u00e9cran d\u2019un portable. Une autre grande salle permet quant \u00e0 elle d\u2019accueillir jusqu\u2019\u00e0 15 personnes. Localisation\u00a0: niveau 2000 Salle multi [&hellip;]\" \/>\n<meta property=\"og:url\" content=\"https:\/\/bibliotheque.cegepgarneau.ca\/index.php\/accueil\/espaces-et-collections\/espaces-collaboratifs\/\" \/>\n<meta property=\"og:site_name\" content=\"Biblioth\u00e8que C\u00e9gep Garneau\" \/>\n<meta property=\"article:modified_time\" content=\"2026-02-09T13:11:38+00:00\" \/>\n<meta name=\"twitter:card\" content=\"summary_large_image\" \/>\n<meta name=\"twitter:label1\" content=\"Dur\u00e9e de lecture estim\u00e9e\" \/>\n\t<meta name=\"twitter:data1\" content=\"2 minutes\" \/>\n<script type=\"application\/ld+json\" class=\"yoast-schema-graph\">{\"@context\":\"https:\/\/schema.org\",\"@graph\":[{\"@type\":\"WebPage\",\"@id\":\"https:\/\/bibliotheque.cegepgarneau.ca\/index.php\/accueil\/espaces-et-collections\/espaces-collaboratifs\/\",\"url\":\"https:\/\/bibliotheque.cegepgarneau.ca\/index.php\/accueil\/espaces-et-collections\/espaces-collaboratifs\/\",\"name\":\"Espaces de travail collaboratifs - Biblioth\u00e8que C\u00e9gep Garneau\",\"isPartOf\":{\"@id\":\"https:\/\/bibliotheque.cegepgarneau.ca\/#website\"},\"datePublished\":\"2019-03-14T13:15:22+00:00\",\"dateModified\":\"2026-02-09T13:11:38+00:00\",\"breadcrumb\":{\"@id\":\"https:\/\/bibliotheque.cegepgarneau.ca\/index.php\/accueil\/espaces-et-collections\/espaces-collaboratifs\/#breadcrumb\"},\"inLanguage\":\"fr-FR\",\"potentialAction\":[{\"@type\":\"ReadAction\",\"target\":[\"https:\/\/bibliotheque.cegepgarneau.ca\/index.php\/accueil\/espaces-et-collections\/espaces-collaboratifs\/\"]}]},{\"@type\":\"BreadcrumbList\",\"@id\":\"https:\/\/bibliotheque.cegepgarneau.ca\/index.php\/accueil\/espaces-et-collections\/espaces-collaboratifs\/#breadcrumb\",\"itemListElement\":[{\"@type\":\"ListItem\",\"position\":1,\"name\":\"Accueil\",\"item\":\"https:\/\/bibliotheque.cegepgarneau.ca\/\"},{\"@type\":\"ListItem\",\"position\":2,\"name\":\"Espaces et collections\",\"item\":\"https:\/\/bibliotheque.cegepgarneau.ca\/index.php\/accueil\/espaces-et-collections\/\"},{\"@type\":\"ListItem\",\"position\":3,\"name\":\"Espaces de travail collaboratifs\"}]},{\"@type\":\"WebSite\",\"@id\":\"https:\/\/bibliotheque.cegepgarneau.ca\/#website\",\"url\":\"https:\/\/bibliotheque.cegepgarneau.ca\/\",\"name\":\"Biblioth\u00e8que C\u00e9gep Garneau\",\"description\":\"\",\"potentialAction\":[{\"@type\":\"SearchAction\",\"target\":{\"@type\":\"EntryPoint\",\"urlTemplate\":\"https:\/\/bibliotheque.cegepgarneau.ca\/?s={search_term_string}\"},\"query-input\":{\"@type\":\"PropertyValueSpecification\",\"valueRequired\":true,\"valueName\":\"search_term_string\"}}],\"inLanguage\":\"fr-FR\"}]}<\/script>\n<!-- \/ Yoast SEO plugin. -->","yoast_head_json":{"title":"Espaces de travail collaboratifs - Biblioth\u00e8que C\u00e9gep Garneau","robots":{"index":"index","follow":"follow","max-snippet":"max-snippet:-1","max-image-preview":"max-image-preview:large","max-video-preview":"max-video-preview:-1"},"canonical":"https:\/\/bibliotheque.cegepgarneau.ca\/index.php\/accueil\/espaces-et-collections\/espaces-collaboratifs\/","og_locale":"fr_FR","og_type":"article","og_title":"Espaces de travail collaboratifs - Biblioth\u00e8que C\u00e9gep Garneau","og_description":"Salles de travail ferm\u00e9es Au nombre de 6, les salles de travail d\u2019\u00e9quipe sont am\u00e9nag\u00e9es pour recevoir de 3 personnes et plus. Toutes ces salles sont munies d\u2019un grand \u00e9cran plat qui sert d\u2019extension \u00e0 l\u2019\u00e9cran d\u2019un portable. Une autre grande salle permet quant \u00e0 elle d\u2019accueillir jusqu\u2019\u00e0 15 personnes. Localisation\u00a0: niveau 2000 Salle multi [&hellip;]","og_url":"https:\/\/bibliotheque.cegepgarneau.ca\/index.php\/accueil\/espaces-et-collections\/espaces-collaboratifs\/","og_site_name":"Biblioth\u00e8que C\u00e9gep Garneau","article_modified_time":"2026-02-09T13:11:38+00:00","twitter_card":"summary_large_image","twitter_misc":{"Dur\u00e9e de lecture estim\u00e9e":"2 minutes"},"schema":{"@context":"https:\/\/schema.org","@graph":[{"@type":"WebPage","@id":"https:\/\/bibliotheque.cegepgarneau.ca\/index.php\/accueil\/espaces-et-collections\/espaces-collaboratifs\/","url":"https:\/\/bibliotheque.cegepgarneau.ca\/index.php\/accueil\/espaces-et-collections\/espaces-collaboratifs\/","name":"Espaces de travail collaboratifs - Biblioth\u00e8que C\u00e9gep Garneau","isPartOf":{"@id":"https:\/\/bibliotheque.cegepgarneau.ca\/#website"},"datePublished":"2019-03-14T13:15:22+00:00","dateModified":"2026-02-09T13:11:38+00:00","breadcrumb":{"@id":"https:\/\/bibliotheque.cegepgarneau.ca\/index.php\/accueil\/espaces-et-collections\/espaces-collaboratifs\/#breadcrumb"},"inLanguage":"fr-FR","potentialAction":[{"@type":"ReadAction","target":["https:\/\/bibliotheque.cegepgarneau.ca\/index.php\/accueil\/espaces-et-collections\/espaces-collaboratifs\/"]}]},{"@type":"BreadcrumbList","@id":"https:\/\/bibliotheque.cegepgarneau.ca\/index.php\/accueil\/espaces-et-collections\/espaces-collaboratifs\/#breadcrumb","itemListElement":[{"@type":"ListItem","position":1,"name":"Accueil","item":"https:\/\/bibliotheque.cegepgarneau.ca\/"},{"@type":"ListItem","position":2,"name":"Espaces et collections","item":"https:\/\/bibliotheque.cegepgarneau.ca\/index.php\/accueil\/espaces-et-collections\/"},{"@type":"ListItem","position":3,"name":"Espaces de travail collaboratifs"}]},{"@type":"WebSite","@id":"https:\/\/bibliotheque.cegepgarneau.ca\/#website","url":"https:\/\/bibliotheque.cegepgarneau.ca\/","name":"Biblioth\u00e8que C\u00e9gep Garneau","description":"","potentialAction":[{"@type":"SearchAction","target":{"@type":"EntryPoint","urlTemplate":"https:\/\/bibliotheque.cegepgarneau.ca\/?s={search_term_string}"},"query-input":{"@type":"PropertyValueSpecification","valueRequired":true,"valueName":"search_term_string"}}],"inLanguage":"fr-FR"}]}},"_links":{"self":[{"href":"https:\/\/bibliotheque.cegepgarneau.ca\/index.php\/wp-json\/wp\/v2\/pages\/4386","targetHints":{"allow":["GET"]}}],"collection":[{"href":"https:\/\/bibliotheque.cegepgarneau.ca\/index.php\/wp-json\/wp\/v2\/pages"}],"about":[{"href":"https:\/\/bibliotheque.cegepgarneau.ca\/index.php\/wp-json\/wp\/v2\/types\/page"}],"author":[{"embeddable":true,"href":"https:\/\/bibliotheque.cegepgarneau.ca\/index.php\/wp-json\/wp\/v2\/users\/1"}],"replies":[{"embeddable":true,"href":"https:\/\/bibliotheque.cegepgarneau.ca\/index.php\/wp-json\/wp\/v2\/comments?post=4386"}],"version-history":[{"count":17,"href":"https:\/\/bibliotheque.cegepgarneau.ca\/index.php\/wp-json\/wp\/v2\/pages\/4386\/revisions"}],"predecessor-version":[{"id":20742,"href":"https:\/\/bibliotheque.cegepgarneau.ca\/index.php\/wp-json\/wp\/v2\/pages\/4386\/revisions\/20742"}],"up":[{"embeddable":true,"href":"https:\/\/bibliotheque.cegepgarneau.ca\/index.php\/wp-json\/wp\/v2\/pages\/4336"}],"wp:attachment":[{"href":"https:\/\/bibliotheque.cegepgarneau.ca\/index.php\/wp-json\/wp\/v2\/media?parent=4386"}],"curies":[{"name":"wp","href":"https:\/\/api.w.org\/{rel}","templated":true}]}}