{"id":4383,"date":"2019-03-14T14:13:53","date_gmt":"2019-03-14T13:13:53","guid":{"rendered":"http:\/\/cdm.cegepgarneau.ca\/?page_id=4383"},"modified":"2024-12-13T19:59:13","modified_gmt":"2024-12-13T18:59:13","slug":"espaces-silencieux","status":"publish","type":"page","link":"https:\/\/bibliotheque.cegepgarneau.ca\/index.php\/accueil\/espaces-et-collections\/espaces-silencieux\/","title":{"rendered":"Espaces de travail silencieux"},"content":{"rendered":"\r\n<figure class=\"wp-block-image\"><img loading=\"lazy\" decoding=\"async\" class=\"alignnone size-full wp-image-5645\" src=\"\/wp-content\/uploads\/2019\/08\/Espaces-silencieux-place-centrale-2.jpg\" alt=\"\" width=\"840\" height=\"290\" srcset=\"https:\/\/bibliotheque.cegepgarneau.ca\/wp-content\/uploads\/2019\/08\/Espaces-silencieux-place-centrale-2.jpg 840w, https:\/\/bibliotheque.cegepgarneau.ca\/wp-content\/uploads\/2019\/08\/Espaces-silencieux-place-centrale-2-300x104.jpg 300w, https:\/\/bibliotheque.cegepgarneau.ca\/wp-content\/uploads\/2019\/08\/Espaces-silencieux-place-centrale-2-768x265.jpg 768w\" sizes=\"auto, (max-width: 840px) 100vw, 840px\" \/><\/figure>\r\n\r\n\r\n<p><strong>Place centrale<\/strong><\/p>\r\n\r\n\r\n<p>Pr\u00e8s de 300 places assises sont assign\u00e9es pour le travail individuel \u00e0 la biblioth\u00e8que.<\/p>\r\n\r\n\r\n<p>Des tables de travail spacieuses offrant une prise \u00e9lectrique pour chaque place et une vue imprenable sur la cha\u00eene de montagnes des Laurentides.<\/p>\r\n\r\n\r\n<p><strong>Localisation\u00a0: niveaux\u00a02000 et 3000<\/strong><\/p>\r\n\r\n\r\n<hr class=\"wp-block-separator\" \/>\r\n\r\n<figure class=\"wp-block-image\"><img loading=\"lazy\" decoding=\"async\" width=\"842\" height=\"290\" class=\"wp-image-4468\" src=\"\/wp-content\/uploads\/2019\/03\/centrale2.jpg\" alt=\"\" srcset=\"https:\/\/bibliotheque.cegepgarneau.ca\/wp-content\/uploads\/2019\/03\/centrale2.jpg 842w, https:\/\/bibliotheque.cegepgarneau.ca\/wp-content\/uploads\/2019\/03\/centrale2-300x103.jpg 300w, https:\/\/bibliotheque.cegepgarneau.ca\/wp-content\/uploads\/2019\/03\/centrale2-768x265.jpg 768w\" sizes=\"auto, (max-width: 842px) 100vw, 842px\" \/><\/figure>\r\n\r\n\r\n<p><strong>Place centrale<\/strong><\/p>\r\n\r\n\r\n<p>Fauteuils avec ou sans tablette et isoloirs plac\u00e9s pr\u00e8s des fen\u00eatres, tout pour offrir aux \u00e9tudiants un environnement d\u00e9bordant de lumi\u00e8re naturelle.<\/p>\r\n\r\n\r\n<p><strong>Localisation\u00a0: niveaux\u00a0 2000 et 3000<\/strong><\/p>\r\n\r\n\r\n<hr class=\"wp-block-separator\" \/>\r\n\r\n<figure class=\"wp-block-image\"><img loading=\"lazy\" decoding=\"async\" width=\"842\" height=\"290\" class=\"wp-image-4472\" src=\"\/wp-content\/uploads\/2019\/03\/actualite.jpg\" alt=\"\" srcset=\"https:\/\/bibliotheque.cegepgarneau.ca\/wp-content\/uploads\/2019\/03\/actualite.jpg 842w, https:\/\/bibliotheque.cegepgarneau.ca\/wp-content\/uploads\/2019\/03\/actualite-300x103.jpg 300w, https:\/\/bibliotheque.cegepgarneau.ca\/wp-content\/uploads\/2019\/03\/actualite-768x265.jpg 768w\" sizes=\"auto, (max-width: 842px) 100vw, 842px\" \/><\/figure>\r\n\r\n\r\n<p><strong>Actualit\u00e9s<\/strong><\/p>\r\n\r\n\r\n<p>Cet espace est principalement d\u00e9di\u00e9 aux m\u00e9dias de la presse. Plusieurs places assises conviennent parfaitement pour \u00e9tudier dans un d\u00e9cor branch\u00e9 et urbain.<\/p>\r\n\r\n\r\n<p><strong>Localisation\u00a0: niveau 2000<\/strong><\/p>\r\n\r\n\r\n<hr class=\"wp-block-separator\" \/>\r\n\r\n<figure class=\"wp-block-image\"><img loading=\"lazy\" decoding=\"async\" class=\"alignnone size-full wp-image-5644\" src=\"\/wp-content\/uploads\/2019\/08\/Espace-silencieux-FXG-2.jpg\" alt=\"\" width=\"840\" height=\"290\" srcset=\"https:\/\/bibliotheque.cegepgarneau.ca\/wp-content\/uploads\/2019\/08\/Espace-silencieux-FXG-2.jpg 840w, https:\/\/bibliotheque.cegepgarneau.ca\/wp-content\/uploads\/2019\/08\/Espace-silencieux-FXG-2-300x104.jpg 300w, https:\/\/bibliotheque.cegepgarneau.ca\/wp-content\/uploads\/2019\/08\/Espace-silencieux-FXG-2-768x265.jpg 768w\" sizes=\"auto, (max-width: 840px) 100vw, 840px\" \/><\/figure>\r\n\r\n\r\n<p><strong><em>Le Pass\u00e9 simple<\/em><\/strong><\/p>\r\n\r\n\r\n<p>La collection <em>Le Pass\u00e9 simple<\/em> est un h\u00e9ritage de la biblioth\u00e8que de l\u2019\u00c9cole Normale Laval qui occupait ces lieux de 1959 \u00e0 1969. Pour mettre en valeur cette collection riche d\u2019histoire, un espace convivial et chaleureux a \u00e9t\u00e9 sp\u00e9cialement am\u00e9nag\u00e9 pour \u00e9tudier ou lire en toute tranquillit\u00e9.<\/p>\r\n\r\n\r\n<p><strong>Localisation\u00a0: niveau 3000<\/strong><\/p>\r\n","protected":false},"excerpt":{"rendered":"<p>Place centrale Pr\u00e8s de 300 places assises sont assign\u00e9es pour le travail individuel \u00e0 la biblioth\u00e8que. Des tables de travail spacieuses offrant une prise \u00e9lectrique pour chaque place et une vue imprenable sur la cha\u00eene de montagnes des Laurentides. Localisation\u00a0: niveaux\u00a02000 et 3000 Place centrale Fauteuils avec ou sans tablette et isoloirs plac\u00e9s pr\u00e8s des [&hellip;]<\/p>\n","protected":false},"author":1,"featured_media":0,"parent":4336,"menu_order":0,"comment_status":"closed","ping_status":"closed","template":"","meta":{"_exactmetrics_skip_tracking":false,"_exactmetrics_sitenote_active":false,"_exactmetrics_sitenote_note":"","_exactmetrics_sitenote_category":0,"footnotes":""},"class_list":["post-4383","page","type-page","status-publish","hentry"],"yoast_head":"<!-- This site is optimized with the Yoast SEO plugin v26.8 - https:\/\/yoast.com\/product\/yoast-seo-wordpress\/ -->\n<title>Espaces de travail silencieux - Biblioth\u00e8que C\u00e9gep Garneau<\/title>\n<meta name=\"robots\" content=\"index, follow, max-snippet:-1, max-image-preview:large, max-video-preview:-1\" \/>\n<link rel=\"canonical\" href=\"https:\/\/bibliotheque.cegepgarneau.ca\/index.php\/accueil\/espaces-et-collections\/espaces-silencieux\/\" \/>\n<meta property=\"og:locale\" content=\"fr_FR\" \/>\n<meta property=\"og:type\" content=\"article\" \/>\n<meta property=\"og:title\" content=\"Espaces de travail silencieux - Biblioth\u00e8que C\u00e9gep Garneau\" \/>\n<meta property=\"og:description\" content=\"Place centrale Pr\u00e8s de 300 places assises sont assign\u00e9es pour le travail individuel \u00e0 la biblioth\u00e8que. Des tables de travail spacieuses offrant une prise \u00e9lectrique pour chaque place et une vue imprenable sur la cha\u00eene de montagnes des Laurentides. Localisation\u00a0: niveaux\u00a02000 et 3000 Place centrale Fauteuils avec ou sans tablette et isoloirs plac\u00e9s pr\u00e8s des [&hellip;]\" \/>\n<meta property=\"og:url\" content=\"https:\/\/bibliotheque.cegepgarneau.ca\/index.php\/accueil\/espaces-et-collections\/espaces-silencieux\/\" \/>\n<meta property=\"og:site_name\" content=\"Biblioth\u00e8que C\u00e9gep Garneau\" \/>\n<meta property=\"article:modified_time\" content=\"2024-12-13T18:59:13+00:00\" \/>\n<meta name=\"twitter:card\" content=\"summary_large_image\" \/>\n<meta name=\"twitter:label1\" content=\"Dur\u00e9e de lecture estim\u00e9e\" \/>\n\t<meta name=\"twitter:data1\" content=\"2 minutes\" \/>\n<script type=\"application\/ld+json\" class=\"yoast-schema-graph\">{\"@context\":\"https:\/\/schema.org\",\"@graph\":[{\"@type\":\"WebPage\",\"@id\":\"https:\/\/bibliotheque.cegepgarneau.ca\/index.php\/accueil\/espaces-et-collections\/espaces-silencieux\/\",\"url\":\"https:\/\/bibliotheque.cegepgarneau.ca\/index.php\/accueil\/espaces-et-collections\/espaces-silencieux\/\",\"name\":\"Espaces de travail silencieux - Biblioth\u00e8que C\u00e9gep Garneau\",\"isPartOf\":{\"@id\":\"https:\/\/bibliotheque.cegepgarneau.ca\/#website\"},\"datePublished\":\"2019-03-14T13:13:53+00:00\",\"dateModified\":\"2024-12-13T18:59:13+00:00\",\"breadcrumb\":{\"@id\":\"https:\/\/bibliotheque.cegepgarneau.ca\/index.php\/accueil\/espaces-et-collections\/espaces-silencieux\/#breadcrumb\"},\"inLanguage\":\"fr-FR\",\"potentialAction\":[{\"@type\":\"ReadAction\",\"target\":[\"https:\/\/bibliotheque.cegepgarneau.ca\/index.php\/accueil\/espaces-et-collections\/espaces-silencieux\/\"]}]},{\"@type\":\"BreadcrumbList\",\"@id\":\"https:\/\/bibliotheque.cegepgarneau.ca\/index.php\/accueil\/espaces-et-collections\/espaces-silencieux\/#breadcrumb\",\"itemListElement\":[{\"@type\":\"ListItem\",\"position\":1,\"name\":\"Accueil\",\"item\":\"https:\/\/bibliotheque.cegepgarneau.ca\/\"},{\"@type\":\"ListItem\",\"position\":2,\"name\":\"Espaces et collections\",\"item\":\"https:\/\/bibliotheque.cegepgarneau.ca\/index.php\/accueil\/espaces-et-collections\/\"},{\"@type\":\"ListItem\",\"position\":3,\"name\":\"Espaces de travail silencieux\"}]},{\"@type\":\"WebSite\",\"@id\":\"https:\/\/bibliotheque.cegepgarneau.ca\/#website\",\"url\":\"https:\/\/bibliotheque.cegepgarneau.ca\/\",\"name\":\"Biblioth\u00e8que C\u00e9gep Garneau\",\"description\":\"\",\"potentialAction\":[{\"@type\":\"SearchAction\",\"target\":{\"@type\":\"EntryPoint\",\"urlTemplate\":\"https:\/\/bibliotheque.cegepgarneau.ca\/?s={search_term_string}\"},\"query-input\":{\"@type\":\"PropertyValueSpecification\",\"valueRequired\":true,\"valueName\":\"search_term_string\"}}],\"inLanguage\":\"fr-FR\"}]}<\/script>\n<!-- \/ Yoast SEO plugin. -->","yoast_head_json":{"title":"Espaces de travail silencieux - Biblioth\u00e8que C\u00e9gep Garneau","robots":{"index":"index","follow":"follow","max-snippet":"max-snippet:-1","max-image-preview":"max-image-preview:large","max-video-preview":"max-video-preview:-1"},"canonical":"https:\/\/bibliotheque.cegepgarneau.ca\/index.php\/accueil\/espaces-et-collections\/espaces-silencieux\/","og_locale":"fr_FR","og_type":"article","og_title":"Espaces de travail silencieux - Biblioth\u00e8que C\u00e9gep Garneau","og_description":"Place centrale Pr\u00e8s de 300 places assises sont assign\u00e9es pour le travail individuel \u00e0 la biblioth\u00e8que. Des tables de travail spacieuses offrant une prise \u00e9lectrique pour chaque place et une vue imprenable sur la cha\u00eene de montagnes des Laurentides. Localisation\u00a0: niveaux\u00a02000 et 3000 Place centrale Fauteuils avec ou sans tablette et isoloirs plac\u00e9s pr\u00e8s des [&hellip;]","og_url":"https:\/\/bibliotheque.cegepgarneau.ca\/index.php\/accueil\/espaces-et-collections\/espaces-silencieux\/","og_site_name":"Biblioth\u00e8que C\u00e9gep Garneau","article_modified_time":"2024-12-13T18:59:13+00:00","twitter_card":"summary_large_image","twitter_misc":{"Dur\u00e9e de lecture estim\u00e9e":"2 minutes"},"schema":{"@context":"https:\/\/schema.org","@graph":[{"@type":"WebPage","@id":"https:\/\/bibliotheque.cegepgarneau.ca\/index.php\/accueil\/espaces-et-collections\/espaces-silencieux\/","url":"https:\/\/bibliotheque.cegepgarneau.ca\/index.php\/accueil\/espaces-et-collections\/espaces-silencieux\/","name":"Espaces de travail silencieux - Biblioth\u00e8que C\u00e9gep Garneau","isPartOf":{"@id":"https:\/\/bibliotheque.cegepgarneau.ca\/#website"},"datePublished":"2019-03-14T13:13:53+00:00","dateModified":"2024-12-13T18:59:13+00:00","breadcrumb":{"@id":"https:\/\/bibliotheque.cegepgarneau.ca\/index.php\/accueil\/espaces-et-collections\/espaces-silencieux\/#breadcrumb"},"inLanguage":"fr-FR","potentialAction":[{"@type":"ReadAction","target":["https:\/\/bibliotheque.cegepgarneau.ca\/index.php\/accueil\/espaces-et-collections\/espaces-silencieux\/"]}]},{"@type":"BreadcrumbList","@id":"https:\/\/bibliotheque.cegepgarneau.ca\/index.php\/accueil\/espaces-et-collections\/espaces-silencieux\/#breadcrumb","itemListElement":[{"@type":"ListItem","position":1,"name":"Accueil","item":"https:\/\/bibliotheque.cegepgarneau.ca\/"},{"@type":"ListItem","position":2,"name":"Espaces et collections","item":"https:\/\/bibliotheque.cegepgarneau.ca\/index.php\/accueil\/espaces-et-collections\/"},{"@type":"ListItem","position":3,"name":"Espaces de travail silencieux"}]},{"@type":"WebSite","@id":"https:\/\/bibliotheque.cegepgarneau.ca\/#website","url":"https:\/\/bibliotheque.cegepgarneau.ca\/","name":"Biblioth\u00e8que C\u00e9gep Garneau","description":"","potentialAction":[{"@type":"SearchAction","target":{"@type":"EntryPoint","urlTemplate":"https:\/\/bibliotheque.cegepgarneau.ca\/?s={search_term_string}"},"query-input":{"@type":"PropertyValueSpecification","valueRequired":true,"valueName":"search_term_string"}}],"inLanguage":"fr-FR"}]}},"_links":{"self":[{"href":"https:\/\/bibliotheque.cegepgarneau.ca\/index.php\/wp-json\/wp\/v2\/pages\/4383","targetHints":{"allow":["GET"]}}],"collection":[{"href":"https:\/\/bibliotheque.cegepgarneau.ca\/index.php\/wp-json\/wp\/v2\/pages"}],"about":[{"href":"https:\/\/bibliotheque.cegepgarneau.ca\/index.php\/wp-json\/wp\/v2\/types\/page"}],"author":[{"embeddable":true,"href":"https:\/\/bibliotheque.cegepgarneau.ca\/index.php\/wp-json\/wp\/v2\/users\/1"}],"replies":[{"embeddable":true,"href":"https:\/\/bibliotheque.cegepgarneau.ca\/index.php\/wp-json\/wp\/v2\/comments?post=4383"}],"version-history":[{"count":20,"href":"https:\/\/bibliotheque.cegepgarneau.ca\/index.php\/wp-json\/wp\/v2\/pages\/4383\/revisions"}],"predecessor-version":[{"id":18871,"href":"https:\/\/bibliotheque.cegepgarneau.ca\/index.php\/wp-json\/wp\/v2\/pages\/4383\/revisions\/18871"}],"up":[{"embeddable":true,"href":"https:\/\/bibliotheque.cegepgarneau.ca\/index.php\/wp-json\/wp\/v2\/pages\/4336"}],"wp:attachment":[{"href":"https:\/\/bibliotheque.cegepgarneau.ca\/index.php\/wp-json\/wp\/v2\/media?parent=4383"}],"curies":[{"name":"wp","href":"https:\/\/api.w.org\/{rel}","templated":true}]}}