{"id":4336,"date":"2019-03-13T14:52:13","date_gmt":"2019-03-13T13:52:13","guid":{"rendered":"http:\/\/cdm.cegepgarneau.ca\/?page_id=4336"},"modified":"2019-11-27T13:47:57","modified_gmt":"2019-11-27T12:47:57","slug":"espaces-et-collections","status":"publish","type":"page","link":"https:\/\/bibliotheque.cegepgarneau.ca\/index.php\/accueil\/espaces-et-collections\/","title":{"rendered":"Espaces et collections"},"content":{"rendered":"\r\n<figure class=\"wp-block-image\"><img loading=\"lazy\" decoding=\"async\" width=\"842\" height=\"289\" src=\"\/wp-content\/uploads\/2019\/03\/espaces_intro.jpg\" alt=\"\" class=\"wp-image-4462\" srcset=\"https:\/\/bibliotheque.cegepgarneau.ca\/wp-content\/uploads\/2019\/03\/espaces_intro.jpg 842w, https:\/\/bibliotheque.cegepgarneau.ca\/wp-content\/uploads\/2019\/03\/espaces_intro-300x103.jpg 300w, https:\/\/bibliotheque.cegepgarneau.ca\/wp-content\/uploads\/2019\/03\/espaces_intro-768x264.jpg 768w\" sizes=\"auto, (max-width: 842px) 100vw, 842px\" \/><\/figure>\r\n\r\n\r\n\r\n<p><strong>\u00c9tudier \u00e0 la biblioth\u00e8que<\/strong><\/p>\r\n\r\n\r\n\r\n<p>Certains \u00e9tudiants ont besoin de tranquillit\u00e9 pour bien se concentrer lorsqu\u2019ils \u00e9tudient. D\u2019autres apprennent mieux en r\u00e9visant en \u00e9quipe ou en expliquant \u00e0 autrui les notions apprises. La biblioth\u00e8que r\u00e9pond aux besoins de chacun en offrant diff\u00e9rents espaces de travail.<\/p>\r\n","protected":false},"excerpt":{"rendered":"<p>\u00c9tudier \u00e0 la biblioth\u00e8que Certains \u00e9tudiants ont besoin de tranquillit\u00e9 pour bien se concentrer lorsqu\u2019ils \u00e9tudient. D\u2019autres apprennent mieux en r\u00e9visant en \u00e9quipe ou en expliquant \u00e0 autrui les notions apprises. La biblioth\u00e8que r\u00e9pond aux besoins de chacun en offrant diff\u00e9rents espaces de travail.<\/p>\n","protected":false},"author":1,"featured_media":0,"parent":134,"menu_order":0,"comment_status":"closed","ping_status":"closed","template":"","meta":{"_exactmetrics_skip_tracking":false,"_exactmetrics_sitenote_active":false,"_exactmetrics_sitenote_note":"","_exactmetrics_sitenote_category":0,"footnotes":""},"class_list":["post-4336","page","type-page","status-publish","hentry"],"yoast_head":"<!-- This site is optimized with the Yoast SEO plugin v26.8 - https:\/\/yoast.com\/product\/yoast-seo-wordpress\/ -->\n<title>Espaces et collections - Biblioth\u00e8que C\u00e9gep Garneau<\/title>\n<meta name=\"robots\" content=\"index, follow, max-snippet:-1, max-image-preview:large, max-video-preview:-1\" \/>\n<link rel=\"canonical\" href=\"https:\/\/bibliotheque.cegepgarneau.ca\/index.php\/accueil\/espaces-et-collections\/\" \/>\n<meta property=\"og:locale\" content=\"fr_FR\" \/>\n<meta property=\"og:type\" content=\"article\" \/>\n<meta property=\"og:title\" content=\"Espaces et collections - Biblioth\u00e8que C\u00e9gep Garneau\" \/>\n<meta property=\"og:description\" content=\"\u00c9tudier \u00e0 la biblioth\u00e8que Certains \u00e9tudiants ont besoin de tranquillit\u00e9 pour bien se concentrer lorsqu\u2019ils \u00e9tudient. D\u2019autres apprennent mieux en r\u00e9visant en \u00e9quipe ou en expliquant \u00e0 autrui les notions apprises. La biblioth\u00e8que r\u00e9pond aux besoins de chacun en offrant diff\u00e9rents espaces de travail.\" \/>\n<meta property=\"og:url\" content=\"https:\/\/bibliotheque.cegepgarneau.ca\/index.php\/accueil\/espaces-et-collections\/\" \/>\n<meta property=\"og:site_name\" content=\"Biblioth\u00e8que C\u00e9gep Garneau\" \/>\n<meta property=\"article:modified_time\" content=\"2019-11-27T12:47:57+00:00\" \/>\n<meta property=\"og:image\" content=\"https:\/\/bibliotheque.cegepgarneau.ca\/wp-content\/uploads\/2019\/03\/espaces_intro.jpg\" \/>\n<meta name=\"twitter:card\" content=\"summary_large_image\" \/>\n<script type=\"application\/ld+json\" class=\"yoast-schema-graph\">{\"@context\":\"https:\/\/schema.org\",\"@graph\":[{\"@type\":\"WebPage\",\"@id\":\"https:\/\/bibliotheque.cegepgarneau.ca\/index.php\/accueil\/espaces-et-collections\/\",\"url\":\"https:\/\/bibliotheque.cegepgarneau.ca\/index.php\/accueil\/espaces-et-collections\/\",\"name\":\"Espaces et collections - Biblioth\u00e8que C\u00e9gep Garneau\",\"isPartOf\":{\"@id\":\"https:\/\/bibliotheque.cegepgarneau.ca\/#website\"},\"datePublished\":\"2019-03-13T13:52:13+00:00\",\"dateModified\":\"2019-11-27T12:47:57+00:00\",\"breadcrumb\":{\"@id\":\"https:\/\/bibliotheque.cegepgarneau.ca\/index.php\/accueil\/espaces-et-collections\/#breadcrumb\"},\"inLanguage\":\"fr-FR\",\"potentialAction\":[{\"@type\":\"ReadAction\",\"target\":[\"https:\/\/bibliotheque.cegepgarneau.ca\/index.php\/accueil\/espaces-et-collections\/\"]}]},{\"@type\":\"BreadcrumbList\",\"@id\":\"https:\/\/bibliotheque.cegepgarneau.ca\/index.php\/accueil\/espaces-et-collections\/#breadcrumb\",\"itemListElement\":[{\"@type\":\"ListItem\",\"position\":1,\"name\":\"Accueil\",\"item\":\"https:\/\/bibliotheque.cegepgarneau.ca\/\"},{\"@type\":\"ListItem\",\"position\":2,\"name\":\"Espaces et collections\"}]},{\"@type\":\"WebSite\",\"@id\":\"https:\/\/bibliotheque.cegepgarneau.ca\/#website\",\"url\":\"https:\/\/bibliotheque.cegepgarneau.ca\/\",\"name\":\"Biblioth\u00e8que C\u00e9gep Garneau\",\"description\":\"\",\"potentialAction\":[{\"@type\":\"SearchAction\",\"target\":{\"@type\":\"EntryPoint\",\"urlTemplate\":\"https:\/\/bibliotheque.cegepgarneau.ca\/?s={search_term_string}\"},\"query-input\":{\"@type\":\"PropertyValueSpecification\",\"valueRequired\":true,\"valueName\":\"search_term_string\"}}],\"inLanguage\":\"fr-FR\"}]}<\/script>\n<!-- \/ Yoast SEO plugin. -->","yoast_head_json":{"title":"Espaces et collections - Biblioth\u00e8que C\u00e9gep Garneau","robots":{"index":"index","follow":"follow","max-snippet":"max-snippet:-1","max-image-preview":"max-image-preview:large","max-video-preview":"max-video-preview:-1"},"canonical":"https:\/\/bibliotheque.cegepgarneau.ca\/index.php\/accueil\/espaces-et-collections\/","og_locale":"fr_FR","og_type":"article","og_title":"Espaces et collections - Biblioth\u00e8que C\u00e9gep Garneau","og_description":"\u00c9tudier \u00e0 la biblioth\u00e8que Certains \u00e9tudiants ont besoin de tranquillit\u00e9 pour bien se concentrer lorsqu\u2019ils \u00e9tudient. D\u2019autres apprennent mieux en r\u00e9visant en \u00e9quipe ou en expliquant \u00e0 autrui les notions apprises. La biblioth\u00e8que r\u00e9pond aux besoins de chacun en offrant diff\u00e9rents espaces de travail.","og_url":"https:\/\/bibliotheque.cegepgarneau.ca\/index.php\/accueil\/espaces-et-collections\/","og_site_name":"Biblioth\u00e8que C\u00e9gep Garneau","article_modified_time":"2019-11-27T12:47:57+00:00","og_image":[{"url":"https:\/\/bibliotheque.cegepgarneau.ca\/wp-content\/uploads\/2019\/03\/espaces_intro.jpg","type":"","width":"","height":""}],"twitter_card":"summary_large_image","schema":{"@context":"https:\/\/schema.org","@graph":[{"@type":"WebPage","@id":"https:\/\/bibliotheque.cegepgarneau.ca\/index.php\/accueil\/espaces-et-collections\/","url":"https:\/\/bibliotheque.cegepgarneau.ca\/index.php\/accueil\/espaces-et-collections\/","name":"Espaces et collections - Biblioth\u00e8que C\u00e9gep Garneau","isPartOf":{"@id":"https:\/\/bibliotheque.cegepgarneau.ca\/#website"},"datePublished":"2019-03-13T13:52:13+00:00","dateModified":"2019-11-27T12:47:57+00:00","breadcrumb":{"@id":"https:\/\/bibliotheque.cegepgarneau.ca\/index.php\/accueil\/espaces-et-collections\/#breadcrumb"},"inLanguage":"fr-FR","potentialAction":[{"@type":"ReadAction","target":["https:\/\/bibliotheque.cegepgarneau.ca\/index.php\/accueil\/espaces-et-collections\/"]}]},{"@type":"BreadcrumbList","@id":"https:\/\/bibliotheque.cegepgarneau.ca\/index.php\/accueil\/espaces-et-collections\/#breadcrumb","itemListElement":[{"@type":"ListItem","position":1,"name":"Accueil","item":"https:\/\/bibliotheque.cegepgarneau.ca\/"},{"@type":"ListItem","position":2,"name":"Espaces et collections"}]},{"@type":"WebSite","@id":"https:\/\/bibliotheque.cegepgarneau.ca\/#website","url":"https:\/\/bibliotheque.cegepgarneau.ca\/","name":"Biblioth\u00e8que C\u00e9gep Garneau","description":"","potentialAction":[{"@type":"SearchAction","target":{"@type":"EntryPoint","urlTemplate":"https:\/\/bibliotheque.cegepgarneau.ca\/?s={search_term_string}"},"query-input":{"@type":"PropertyValueSpecification","valueRequired":true,"valueName":"search_term_string"}}],"inLanguage":"fr-FR"}]}},"_links":{"self":[{"href":"https:\/\/bibliotheque.cegepgarneau.ca\/index.php\/wp-json\/wp\/v2\/pages\/4336","targetHints":{"allow":["GET"]}}],"collection":[{"href":"https:\/\/bibliotheque.cegepgarneau.ca\/index.php\/wp-json\/wp\/v2\/pages"}],"about":[{"href":"https:\/\/bibliotheque.cegepgarneau.ca\/index.php\/wp-json\/wp\/v2\/types\/page"}],"author":[{"embeddable":true,"href":"https:\/\/bibliotheque.cegepgarneau.ca\/index.php\/wp-json\/wp\/v2\/users\/1"}],"replies":[{"embeddable":true,"href":"https:\/\/bibliotheque.cegepgarneau.ca\/index.php\/wp-json\/wp\/v2\/comments?post=4336"}],"version-history":[{"count":9,"href":"https:\/\/bibliotheque.cegepgarneau.ca\/index.php\/wp-json\/wp\/v2\/pages\/4336\/revisions"}],"predecessor-version":[{"id":9035,"href":"https:\/\/bibliotheque.cegepgarneau.ca\/index.php\/wp-json\/wp\/v2\/pages\/4336\/revisions\/9035"}],"up":[{"embeddable":true,"href":"https:\/\/bibliotheque.cegepgarneau.ca\/index.php\/wp-json\/wp\/v2\/pages\/134"}],"wp:attachment":[{"href":"https:\/\/bibliotheque.cegepgarneau.ca\/index.php\/wp-json\/wp\/v2\/media?parent=4336"}],"curies":[{"name":"wp","href":"https:\/\/api.w.org\/{rel}","templated":true}]}}