{"id":4279,"date":"2019-02-27T14:21:25","date_gmt":"2019-02-27T13:21:25","guid":{"rendered":"http:\/\/cdm.cegepgarneau.ca\/?page_id=4279"},"modified":"2024-07-08T12:29:57","modified_gmt":"2024-07-08T11:29:57","slug":"activites-et-expositions","status":"publish","type":"page","link":"https:\/\/bibliotheque.cegepgarneau.ca\/index.php\/accueil\/services\/activites-et-expositions\/","title":{"rendered":"Activit\u00e9s et expositions"},"content":{"rendered":"<table style=\"border-collapse: collapse; width: 100%;\">\n<tbody>\n<tr>\n<td style=\"border: none; width: 68.7966%; vertical-align: bottom;\">\n<h3><strong><span style=\"color: #008000;\">Activit\u00e9s\u00a0<\/span><\/strong><\/h3>\n<p>La Semaine de la Biblioth\u00e8que\u00a0 est d\u00e9di\u00e9e au bien-\u00eatre et \u00e0 la d\u00e9tente. Rejoignez-nous pour une multitude d&#8217;activit\u00e9s con\u00e7ues pour apaiser l&#8217;esprit et le corps, que vous soyez seul(e) ou accompagn\u00e9(e) d&#8217;ami(e)s. D\u00e9couvrez des exp\u00e9riences uniques telles que la zooth\u00e9rapie, des ateliers de cr\u00e9ation autochtone&#8230;<\/p>\n<p><iframe loading=\"lazy\" src=\"\/\/www.youtube.com\/embed\/eAwaCs90wBQ\" width=\"560\" height=\"314\" allowfullscreen=\"allowfullscreen\" data-mce-fragment=\"1\"><\/iframe><\/p>\n<\/td>\n<td style=\"border: none; width: 31.2034%; text-align: center; vertical-align: top;\">\n<p><a href=\"https:\/\/bibliotheque.cegepgarneau.ca\/wp-content\/uploads\/2024\/05\/Green-Brown-Minimalist-Shield-Hand-Logo-1.png\"><img loading=\"lazy\" decoding=\"async\" class=\"wpa-warning wpa-image-missing-alt  wp-image-17467 alignleft\" src=\"https:\/\/bibliotheque.cegepgarneau.ca\/wp-content\/uploads\/2024\/05\/Green-Brown-Minimalist-Shield-Hand-Logo-1-300x300.png\" alt=\"\" width=\"145\" height=\"145\" data-warning=\"Missing alt text\" srcset=\"https:\/\/bibliotheque.cegepgarneau.ca\/wp-content\/uploads\/2024\/05\/Green-Brown-Minimalist-Shield-Hand-Logo-1-300x300.png 300w, https:\/\/bibliotheque.cegepgarneau.ca\/wp-content\/uploads\/2024\/05\/Green-Brown-Minimalist-Shield-Hand-Logo-1-150x150.png 150w, https:\/\/bibliotheque.cegepgarneau.ca\/wp-content\/uploads\/2024\/05\/Green-Brown-Minimalist-Shield-Hand-Logo-1-768x768.png 768w, https:\/\/bibliotheque.cegepgarneau.ca\/wp-content\/uploads\/2024\/05\/Green-Brown-Minimalist-Shield-Hand-Logo-1.png 800w\" sizes=\"auto, (max-width: 145px) 100vw, 145px\" \/><\/a><\/p>\n<p>&nbsp;<\/p>\n<p style=\"text-align: left;\">\u00a0<\/p>\n<\/td>\n<\/tr>\n<\/tbody>\n<\/table>\n<div class=\"wp-block-image\">\u00a0<\/div>\n<p>Voici quelques photos qui vous donnent un aper\u00e7u de cet \u00e9v\u00e9nement :\u00a0<\/p>\n<table style=\"border: none; border-collapse: collapse; width: 100%; height: 162px;\">\n<tbody>\n<tr style=\"border: none; height: 162px;\">\n<td style=\"border: none; width: 25%; height: 162px; text-align: center;\">\n<div class=\"wp-block-image\">\n<div id=\"attachment_17442\" style=\"width: 204px\" class=\"wp-caption alignnone\"><a href=\"https:\/\/bibliotheque.cegepgarneau.ca\/wp-content\/uploads\/2024\/05\/DSC_0151-scaled.jpg\"><img loading=\"lazy\" decoding=\"async\" aria-describedby=\"caption-attachment-17442\" class=\"wpa-warning wpa-image-missing-alt wp-image-17442 \" src=\"https:\/\/bibliotheque.cegepgarneau.ca\/wp-content\/uploads\/2024\/05\/DSC_0151-300x200.jpg\" alt=\"\" width=\"194\" height=\"129\" data-warning=\"Missing alt text\" srcset=\"https:\/\/bibliotheque.cegepgarneau.ca\/wp-content\/uploads\/2024\/05\/DSC_0151-300x200.jpg 300w, https:\/\/bibliotheque.cegepgarneau.ca\/wp-content\/uploads\/2024\/05\/DSC_0151-1024x683.jpg 1024w, https:\/\/bibliotheque.cegepgarneau.ca\/wp-content\/uploads\/2024\/05\/DSC_0151-768x512.jpg 768w, https:\/\/bibliotheque.cegepgarneau.ca\/wp-content\/uploads\/2024\/05\/DSC_0151-1536x1024.jpg 1536w, https:\/\/bibliotheque.cegepgarneau.ca\/wp-content\/uploads\/2024\/05\/DSC_0151-2048x1365.jpg 2048w\" sizes=\"auto, (max-width: 194px) 100vw, 194px\" \/><\/a><p id=\"caption-attachment-17442\" class=\"wp-caption-text\">Zooth\u00e9rapie<\/p><\/div>\n<\/div>\n<\/td>\n<td style=\"border: none; width: 25%; height: 162px; text-align: center;\">\n<div class=\"wp-block-image\">\n<div id=\"attachment_17529\" style=\"width: 209px\" class=\"wp-caption alignnone\"><a href=\"https:\/\/bibliotheque.cegepgarneau.ca\/wp-content\/uploads\/2024\/05\/DSC_0022-scaled.jpg\"><img loading=\"lazy\" decoding=\"async\" aria-describedby=\"caption-attachment-17529\" class=\"wpa-warning wpa-image-missing-alt  wp-image-17529\" src=\"https:\/\/bibliotheque.cegepgarneau.ca\/wp-content\/uploads\/2024\/05\/DSC_0022-300x200.jpg\" alt=\"\" width=\"199\" height=\"133\" data-warning=\"Missing alt text\" srcset=\"https:\/\/bibliotheque.cegepgarneau.ca\/wp-content\/uploads\/2024\/05\/DSC_0022-300x200.jpg 300w, https:\/\/bibliotheque.cegepgarneau.ca\/wp-content\/uploads\/2024\/05\/DSC_0022-1024x683.jpg 1024w, https:\/\/bibliotheque.cegepgarneau.ca\/wp-content\/uploads\/2024\/05\/DSC_0022-768x512.jpg 768w, https:\/\/bibliotheque.cegepgarneau.ca\/wp-content\/uploads\/2024\/05\/DSC_0022-1536x1024.jpg 1536w, https:\/\/bibliotheque.cegepgarneau.ca\/wp-content\/uploads\/2024\/05\/DSC_0022-2048x1365.jpg 2048w\" sizes=\"auto, (max-width: 199px) 100vw, 199px\" \/><\/a><p id=\"caption-attachment-17529\" class=\"wp-caption-text\">Artisanat autochtone<\/p><\/div>\n<\/div>\n<\/td>\n<td style=\"border: none; width: 25%; height: 162px; text-align: center;\">\n<div class=\"wp-block-image\">\n<div id=\"attachment_17532\" style=\"width: 208px\" class=\"wp-caption alignnone\"><a href=\"https:\/\/bibliotheque.cegepgarneau.ca\/wp-content\/uploads\/2024\/05\/DSC_0027-scaled.jpg\"><img loading=\"lazy\" decoding=\"async\" aria-describedby=\"caption-attachment-17532\" class=\"wpa-warning wpa-image-missing-alt  wp-image-17532\" src=\"https:\/\/bibliotheque.cegepgarneau.ca\/wp-content\/uploads\/2024\/05\/DSC_0027-300x200.jpg\" alt=\"\" width=\"198\" height=\"132\" data-warning=\"Missing alt text\" srcset=\"https:\/\/bibliotheque.cegepgarneau.ca\/wp-content\/uploads\/2024\/05\/DSC_0027-300x200.jpg 300w, https:\/\/bibliotheque.cegepgarneau.ca\/wp-content\/uploads\/2024\/05\/DSC_0027-1024x683.jpg 1024w, https:\/\/bibliotheque.cegepgarneau.ca\/wp-content\/uploads\/2024\/05\/DSC_0027-768x512.jpg 768w, https:\/\/bibliotheque.cegepgarneau.ca\/wp-content\/uploads\/2024\/05\/DSC_0027-1536x1024.jpg 1536w, https:\/\/bibliotheque.cegepgarneau.ca\/wp-content\/uploads\/2024\/05\/DSC_0027-2048x1365.jpg 2048w\" sizes=\"auto, (max-width: 198px) 100vw, 198px\" \/><\/a><p id=\"caption-attachment-17532\" class=\"wp-caption-text\">Artisanat autochtone<\/p><\/div>\n<\/div>\n<\/td>\n<td style=\"border: none; width: 25%; height: 162px; text-align: center;\">\n<div class=\"wp-block-image\">\n<div id=\"attachment_17533\" style=\"width: 213px\" class=\"wp-caption alignnone\"><a href=\"https:\/\/bibliotheque.cegepgarneau.ca\/wp-content\/uploads\/2024\/05\/DSC_0099-1-scaled.jpg\"><img loading=\"lazy\" decoding=\"async\" aria-describedby=\"caption-attachment-17533\" class=\"wpa-warning wpa-image-missing-alt wp-image-17533 \" src=\"https:\/\/bibliotheque.cegepgarneau.ca\/wp-content\/uploads\/2024\/05\/DSC_0099-1-300x200.jpg\" alt=\"M\u00e9ditation pleine conscience \" width=\"203\" height=\"135\" data-warning=\"Missing alt text\" srcset=\"https:\/\/bibliotheque.cegepgarneau.ca\/wp-content\/uploads\/2024\/05\/DSC_0099-1-300x200.jpg 300w, https:\/\/bibliotheque.cegepgarneau.ca\/wp-content\/uploads\/2024\/05\/DSC_0099-1-1024x683.jpg 1024w, https:\/\/bibliotheque.cegepgarneau.ca\/wp-content\/uploads\/2024\/05\/DSC_0099-1-768x512.jpg 768w, https:\/\/bibliotheque.cegepgarneau.ca\/wp-content\/uploads\/2024\/05\/DSC_0099-1-1536x1024.jpg 1536w, https:\/\/bibliotheque.cegepgarneau.ca\/wp-content\/uploads\/2024\/05\/DSC_0099-1-2048x1365.jpg 2048w\" sizes=\"auto, (max-width: 203px) 100vw, 203px\" \/><\/a><p id=\"caption-attachment-17533\" class=\"wp-caption-text\">M\u00e9ditation pleine conscience<\/p><\/div>\n<\/div>\n<\/td>\n<\/tr>\n<\/tbody>\n<\/table>\n<hr \/>\n<table style=\"border-collapse: collapse; width: 100%;\">\n<tbody>\n<tr>\n<td style=\"border: none; width: 100%;\" colspan=\"2\">\n<h3><span style=\"color: #008000;\"><strong>Expositions<\/strong><\/span><\/h3>\n<p>Venez partager votre talent en montant une exposition \u00e0 la biblioth\u00e8que, dans l&#8217;espace con\u00e7u \u00e0 cet effet.<\/p>\n<\/td>\n<\/tr>\n<tr>\n<td style=\"border: none; width: 50%;\">\n<div id=\"attachment_10654\" style=\"width: 420px\" class=\"wp-caption alignnone\"><img loading=\"lazy\" decoding=\"async\" aria-describedby=\"caption-attachment-10654\" class=\"wp-image-10654\" src=\"https:\/\/bibliotheque.cegepgarneau.ca\/wp-content\/uploads\/2020\/11\/CV-scaled.jpg\" alt=\"\" width=\"410\" height=\"273\" srcset=\"https:\/\/bibliotheque.cegepgarneau.ca\/wp-content\/uploads\/2020\/11\/CV-scaled.jpg 2560w, https:\/\/bibliotheque.cegepgarneau.ca\/wp-content\/uploads\/2020\/11\/CV-300x200.jpg 300w, https:\/\/bibliotheque.cegepgarneau.ca\/wp-content\/uploads\/2020\/11\/CV-1024x683.jpg 1024w, https:\/\/bibliotheque.cegepgarneau.ca\/wp-content\/uploads\/2020\/11\/CV-768x512.jpg 768w, https:\/\/bibliotheque.cegepgarneau.ca\/wp-content\/uploads\/2020\/11\/CV-1536x1024.jpg 1536w, https:\/\/bibliotheque.cegepgarneau.ca\/wp-content\/uploads\/2020\/11\/CV-2048x1365.jpg 2048w\" sizes=\"auto, (max-width: 410px) 100vw, 410px\" \/><p id=\"caption-attachment-10654\" class=\"wp-caption-text\"><span style=\"color: #000000;\">Finissants en Arts, Lettres et Communication, profil Cr\u00e9ation visuelle<\/span><br \/>\n<span style=\"color: #000000;\">Exposition d\u2019\u0153uvres \u00e0 travers les arts visuels : peintures, dessins, photographies, sculptures, etc.<\/span><\/p><\/div>\n<\/td>\n<td style=\"border: none; width: 50%;\">\n<div id=\"attachment_10656\" style=\"width: 420px\" class=\"wp-caption alignnone\"><img loading=\"lazy\" decoding=\"async\" aria-describedby=\"caption-attachment-10656\" class=\"wp-image-10656\" src=\"https:\/\/bibliotheque.cegepgarneau.ca\/wp-content\/uploads\/2020\/11\/IMG_2139-scaled.jpg\" alt=\"\" width=\"410\" height=\"273\" srcset=\"https:\/\/bibliotheque.cegepgarneau.ca\/wp-content\/uploads\/2020\/11\/IMG_2139-scaled.jpg 2560w, https:\/\/bibliotheque.cegepgarneau.ca\/wp-content\/uploads\/2020\/11\/IMG_2139-300x200.jpg 300w, https:\/\/bibliotheque.cegepgarneau.ca\/wp-content\/uploads\/2020\/11\/IMG_2139-1024x683.jpg 1024w, https:\/\/bibliotheque.cegepgarneau.ca\/wp-content\/uploads\/2020\/11\/IMG_2139-768x512.jpg 768w, https:\/\/bibliotheque.cegepgarneau.ca\/wp-content\/uploads\/2020\/11\/IMG_2139-1536x1024.jpg 1536w, https:\/\/bibliotheque.cegepgarneau.ca\/wp-content\/uploads\/2020\/11\/IMG_2139-2048x1365.jpg 2048w\" sizes=\"auto, (max-width: 410px) 100vw, 410px\" \/><p id=\"caption-attachment-10656\" class=\"wp-caption-text\"><span style=\"color: #000000;\">Carole Robitaille, enseignante retrait\u00e9e de Garneau<\/span><br \/>\n<span style=\"color: #000000;\">Exposition de photographies :<em> Le monarque et l&#8217;ascl\u00e9piade. Un duo indissociable<\/em><\/span><\/p><\/div>\n<\/td>\n<\/tr>\n<tr>\n<td style=\"border: none; width: 100%;\" colspan=\"2\">\n<p>La biblioth\u00e8que dispose d\u2019une superbe aire d\u2019exposition avec vitrines barr\u00e9es, podiums, panneaux blancs mobiles et syst\u00e8me d\u2019accrochage, de quoi mettre en valeur toutes les formes d\u2019art.<\/p>\n<p>Pour soumettre votre projet, contactez Isabelle Gagn\u00e9, technicienne en documentation<br \/>\nBureau : D2524.01 \/ T\u00e9l\u00e9phone : 418 688-8310, poste 2364 \/ Courriel : <a href=\"mailto:igagne@cegepgarneau.ca\">igagne@cegepgarneau.ca<\/a><\/td>\n<\/tr>\n<\/tbody>\n<\/table>\n<hr \/>\n<table style=\"border-collapse: collapse; width: 100%;\">\n<tbody>\n<tr>\n<td style=\"border: none; width: 100%;\" colspan=\"2\">\n<h3><span style=\"color: #008000;\"><strong>Expositions interactives<\/strong><\/span><\/h3>\n<p>Vous souhaitez sensibiliser les \u00e9tudiants ou piquer leur curiosit\u00e9 en pr\u00e9sentant une exposition interactive?<strong><br \/>\n<\/strong><\/p>\n<\/td>\n<\/tr>\n<tr>\n<td style=\"border: none; width: 50%; text-align: center; vertical-align: middle;\">\n<div id=\"attachment_10662\" style=\"width: 409px\" class=\"wp-caption alignnone\"><img loading=\"lazy\" decoding=\"async\" aria-describedby=\"caption-attachment-10662\" class=\"wp-image-10662\" src=\"https:\/\/bibliotheque.cegepgarneau.ca\/wp-content\/uploads\/2020\/11\/Animation_Expo.png\" alt=\"\" width=\"399\" height=\"138\" srcset=\"https:\/\/bibliotheque.cegepgarneau.ca\/wp-content\/uploads\/2020\/11\/Animation_Expo.png 840w, https:\/\/bibliotheque.cegepgarneau.ca\/wp-content\/uploads\/2020\/11\/Animation_Expo-300x104.png 300w, https:\/\/bibliotheque.cegepgarneau.ca\/wp-content\/uploads\/2020\/11\/Animation_Expo-768x265.png 768w\" sizes=\"auto, (max-width: 399px) 100vw, 399px\" \/><p id=\"caption-attachment-10662\" class=\"wp-caption-text\"><span style=\"color: #000000;\">\u00c9tudiants, professeurs ou Services du C\u00e9gep Garneau<\/span><br \/>\n<span style=\"color: #000000;\"><em>Quel sera votre sujet?<\/em><\/span><\/p><\/div>\n<\/td>\n<td style=\"border: none; width: 50%; text-align: center; vertical-align: middle;\">\n<div id=\"attachment_10664\" style=\"width: 342px\" class=\"wp-caption alignnone\"><img loading=\"lazy\" decoding=\"async\" aria-describedby=\"caption-attachment-10664\" class=\"wp-image-10664\" src=\"https:\/\/bibliotheque.cegepgarneau.ca\/wp-content\/uploads\/2020\/11\/Horreur-18_10_2021_01.png\" alt=\"\" width=\"332\" height=\"209\" srcset=\"https:\/\/bibliotheque.cegepgarneau.ca\/wp-content\/uploads\/2020\/11\/Horreur-18_10_2021_01.png 600w, https:\/\/bibliotheque.cegepgarneau.ca\/wp-content\/uploads\/2020\/11\/Horreur-18_10_2021_01-300x189.png 300w\" sizes=\"auto, (max-width: 332px) 100vw, 332px\" \/><p id=\"caption-attachment-10664\" class=\"wp-caption-text\"><span style=\"color: #000000;\">Halloween \u201cHorreur\u201d<\/span><br \/>\n<span style=\"color: #000000;\"><em>Quel est votre film d\u2019horreur pr\u00e9f\u00e9r\u00e9?<\/em><\/span><\/p><\/div>\n<\/td>\n<\/tr>\n<\/tbody>\n<\/table>\n<p>Les expositions interactives sont une belle vitrine pour partager des id\u00e9es, connaissances, opinions sur divers sujets : <em>Journ\u00e9e de la v\u00e9rit\u00e9 et r\u00e9conciliation, <\/em>\u00ab <em>Fake news<\/em> \u00bb, etc.<\/p>\n<p>Pour discuter de votre projet, contactez Simon Martel, technicien en documentation<\/p>\n<p>Bureau : D2524.01 \/ T\u00e9l\u00e9phone : 418 688-8310, poste 2277 \/ Courriel : <span style=\"text-decoration: underline; color: #3366ff;\"><a style=\"color: #3366ff; text-decoration: underline;\" href=\"mailto:smartel2@cegepgarneau.ca\">smartel2@cegepgarneau.ca<\/a><\/span><\/p>\n<p>Partagez vos talents et votre passion avec toute la communaut\u00e9 coll\u00e9giale!<\/p>\n","protected":false},"excerpt":{"rendered":"<p>Activit\u00e9s\u00a0 La Semaine de la Biblioth\u00e8que\u00a0 est d\u00e9di\u00e9e au bien-\u00eatre et \u00e0 la d\u00e9tente. Rejoignez-nous pour une multitude d&#8217;activit\u00e9s con\u00e7ues pour apaiser l&#8217;esprit et le corps, que vous soyez seul(e) ou accompagn\u00e9(e) d&#8217;ami(e)s. D\u00e9couvrez des exp\u00e9riences uniques telles que la zooth\u00e9rapie, des ateliers de cr\u00e9ation autochtone&#8230; &nbsp; \u00a0 \u00a0 Voici quelques photos qui vous donnent [&hellip;]<\/p>\n","protected":false},"author":1,"featured_media":0,"parent":4180,"menu_order":0,"comment_status":"closed","ping_status":"closed","template":"","meta":{"_exactmetrics_skip_tracking":false,"_exactmetrics_sitenote_active":false,"_exactmetrics_sitenote_note":"","_exactmetrics_sitenote_category":0,"footnotes":""},"class_list":["post-4279","page","type-page","status-publish","hentry"],"yoast_head":"<!-- This site is optimized with the Yoast SEO plugin v26.8 - https:\/\/yoast.com\/product\/yoast-seo-wordpress\/ -->\n<title>Activit\u00e9s et expositions - Biblioth\u00e8que C\u00e9gep Garneau<\/title>\n<meta name=\"robots\" content=\"index, follow, max-snippet:-1, max-image-preview:large, max-video-preview:-1\" \/>\n<link rel=\"canonical\" href=\"https:\/\/bibliotheque.cegepgarneau.ca\/index.php\/accueil\/services\/activites-et-expositions\/\" \/>\n<meta property=\"og:locale\" content=\"fr_FR\" \/>\n<meta property=\"og:type\" content=\"article\" \/>\n<meta property=\"og:title\" content=\"Activit\u00e9s et expositions - Biblioth\u00e8que C\u00e9gep Garneau\" \/>\n<meta property=\"og:description\" content=\"Activit\u00e9s\u00a0 La Semaine de la Biblioth\u00e8que\u00a0 est d\u00e9di\u00e9e au bien-\u00eatre et \u00e0 la d\u00e9tente. Rejoignez-nous pour une multitude d&#8217;activit\u00e9s con\u00e7ues pour apaiser l&#8217;esprit et le corps, que vous soyez seul(e) ou accompagn\u00e9(e) d&#8217;ami(e)s. D\u00e9couvrez des exp\u00e9riences uniques telles que la zooth\u00e9rapie, des ateliers de cr\u00e9ation autochtone&#8230; &nbsp; \u00a0 \u00a0 Voici quelques photos qui vous donnent [&hellip;]\" \/>\n<meta property=\"og:url\" content=\"https:\/\/bibliotheque.cegepgarneau.ca\/index.php\/accueil\/services\/activites-et-expositions\/\" \/>\n<meta property=\"og:site_name\" content=\"Biblioth\u00e8que C\u00e9gep Garneau\" \/>\n<meta property=\"article:modified_time\" content=\"2024-07-08T11:29:57+00:00\" \/>\n<meta property=\"og:image\" content=\"https:\/\/bibliotheque.cegepgarneau.ca\/wp-content\/uploads\/2024\/05\/Green-Brown-Minimalist-Shield-Hand-Logo-1-300x300.png\" \/>\n<meta name=\"twitter:card\" content=\"summary_large_image\" \/>\n<meta name=\"twitter:label1\" content=\"Dur\u00e9e de lecture estim\u00e9e\" \/>\n\t<meta name=\"twitter:data1\" content=\"4 minutes\" \/>\n<script type=\"application\/ld+json\" class=\"yoast-schema-graph\">{\"@context\":\"https:\/\/schema.org\",\"@graph\":[{\"@type\":\"WebPage\",\"@id\":\"https:\/\/bibliotheque.cegepgarneau.ca\/index.php\/accueil\/services\/activites-et-expositions\/\",\"url\":\"https:\/\/bibliotheque.cegepgarneau.ca\/index.php\/accueil\/services\/activites-et-expositions\/\",\"name\":\"Activit\u00e9s et expositions - Biblioth\u00e8que C\u00e9gep Garneau\",\"isPartOf\":{\"@id\":\"https:\/\/bibliotheque.cegepgarneau.ca\/#website\"},\"primaryImageOfPage\":{\"@id\":\"https:\/\/bibliotheque.cegepgarneau.ca\/index.php\/accueil\/services\/activites-et-expositions\/#primaryimage\"},\"image\":{\"@id\":\"https:\/\/bibliotheque.cegepgarneau.ca\/index.php\/accueil\/services\/activites-et-expositions\/#primaryimage\"},\"thumbnailUrl\":\"https:\/\/bibliotheque.cegepgarneau.ca\/wp-content\/uploads\/2024\/05\/Green-Brown-Minimalist-Shield-Hand-Logo-1-300x300.png\",\"datePublished\":\"2019-02-27T13:21:25+00:00\",\"dateModified\":\"2024-07-08T11:29:57+00:00\",\"breadcrumb\":{\"@id\":\"https:\/\/bibliotheque.cegepgarneau.ca\/index.php\/accueil\/services\/activites-et-expositions\/#breadcrumb\"},\"inLanguage\":\"fr-FR\",\"potentialAction\":[{\"@type\":\"ReadAction\",\"target\":[\"https:\/\/bibliotheque.cegepgarneau.ca\/index.php\/accueil\/services\/activites-et-expositions\/\"]}]},{\"@type\":\"ImageObject\",\"inLanguage\":\"fr-FR\",\"@id\":\"https:\/\/bibliotheque.cegepgarneau.ca\/index.php\/accueil\/services\/activites-et-expositions\/#primaryimage\",\"url\":\"https:\/\/bibliotheque.cegepgarneau.ca\/wp-content\/uploads\/2024\/05\/Green-Brown-Minimalist-Shield-Hand-Logo-1.png\",\"contentUrl\":\"https:\/\/bibliotheque.cegepgarneau.ca\/wp-content\/uploads\/2024\/05\/Green-Brown-Minimalist-Shield-Hand-Logo-1.png\",\"width\":800,\"height\":800},{\"@type\":\"BreadcrumbList\",\"@id\":\"https:\/\/bibliotheque.cegepgarneau.ca\/index.php\/accueil\/services\/activites-et-expositions\/#breadcrumb\",\"itemListElement\":[{\"@type\":\"ListItem\",\"position\":1,\"name\":\"Accueil\",\"item\":\"https:\/\/bibliotheque.cegepgarneau.ca\/\"},{\"@type\":\"ListItem\",\"position\":2,\"name\":\"Comptoir d\u2019accueil\ufeff\",\"item\":\"https:\/\/bibliotheque.cegepgarneau.ca\/index.php\/accueil\/services\/\"},{\"@type\":\"ListItem\",\"position\":3,\"name\":\"Activit\u00e9s et expositions\"}]},{\"@type\":\"WebSite\",\"@id\":\"https:\/\/bibliotheque.cegepgarneau.ca\/#website\",\"url\":\"https:\/\/bibliotheque.cegepgarneau.ca\/\",\"name\":\"Biblioth\u00e8que C\u00e9gep Garneau\",\"description\":\"\",\"potentialAction\":[{\"@type\":\"SearchAction\",\"target\":{\"@type\":\"EntryPoint\",\"urlTemplate\":\"https:\/\/bibliotheque.cegepgarneau.ca\/?s={search_term_string}\"},\"query-input\":{\"@type\":\"PropertyValueSpecification\",\"valueRequired\":true,\"valueName\":\"search_term_string\"}}],\"inLanguage\":\"fr-FR\"}]}<\/script>\n<!-- \/ Yoast SEO plugin. -->","yoast_head_json":{"title":"Activit\u00e9s et expositions - Biblioth\u00e8que C\u00e9gep Garneau","robots":{"index":"index","follow":"follow","max-snippet":"max-snippet:-1","max-image-preview":"max-image-preview:large","max-video-preview":"max-video-preview:-1"},"canonical":"https:\/\/bibliotheque.cegepgarneau.ca\/index.php\/accueil\/services\/activites-et-expositions\/","og_locale":"fr_FR","og_type":"article","og_title":"Activit\u00e9s et expositions - Biblioth\u00e8que C\u00e9gep Garneau","og_description":"Activit\u00e9s\u00a0 La Semaine de la Biblioth\u00e8que\u00a0 est d\u00e9di\u00e9e au bien-\u00eatre et \u00e0 la d\u00e9tente. Rejoignez-nous pour une multitude d&#8217;activit\u00e9s con\u00e7ues pour apaiser l&#8217;esprit et le corps, que vous soyez seul(e) ou accompagn\u00e9(e) d&#8217;ami(e)s. D\u00e9couvrez des exp\u00e9riences uniques telles que la zooth\u00e9rapie, des ateliers de cr\u00e9ation autochtone&#8230; &nbsp; \u00a0 \u00a0 Voici quelques photos qui vous donnent [&hellip;]","og_url":"https:\/\/bibliotheque.cegepgarneau.ca\/index.php\/accueil\/services\/activites-et-expositions\/","og_site_name":"Biblioth\u00e8que C\u00e9gep Garneau","article_modified_time":"2024-07-08T11:29:57+00:00","og_image":[{"url":"https:\/\/bibliotheque.cegepgarneau.ca\/wp-content\/uploads\/2024\/05\/Green-Brown-Minimalist-Shield-Hand-Logo-1-300x300.png","type":"","width":"","height":""}],"twitter_card":"summary_large_image","twitter_misc":{"Dur\u00e9e de lecture estim\u00e9e":"4 minutes"},"schema":{"@context":"https:\/\/schema.org","@graph":[{"@type":"WebPage","@id":"https:\/\/bibliotheque.cegepgarneau.ca\/index.php\/accueil\/services\/activites-et-expositions\/","url":"https:\/\/bibliotheque.cegepgarneau.ca\/index.php\/accueil\/services\/activites-et-expositions\/","name":"Activit\u00e9s et expositions - Biblioth\u00e8que C\u00e9gep Garneau","isPartOf":{"@id":"https:\/\/bibliotheque.cegepgarneau.ca\/#website"},"primaryImageOfPage":{"@id":"https:\/\/bibliotheque.cegepgarneau.ca\/index.php\/accueil\/services\/activites-et-expositions\/#primaryimage"},"image":{"@id":"https:\/\/bibliotheque.cegepgarneau.ca\/index.php\/accueil\/services\/activites-et-expositions\/#primaryimage"},"thumbnailUrl":"https:\/\/bibliotheque.cegepgarneau.ca\/wp-content\/uploads\/2024\/05\/Green-Brown-Minimalist-Shield-Hand-Logo-1-300x300.png","datePublished":"2019-02-27T13:21:25+00:00","dateModified":"2024-07-08T11:29:57+00:00","breadcrumb":{"@id":"https:\/\/bibliotheque.cegepgarneau.ca\/index.php\/accueil\/services\/activites-et-expositions\/#breadcrumb"},"inLanguage":"fr-FR","potentialAction":[{"@type":"ReadAction","target":["https:\/\/bibliotheque.cegepgarneau.ca\/index.php\/accueil\/services\/activites-et-expositions\/"]}]},{"@type":"ImageObject","inLanguage":"fr-FR","@id":"https:\/\/bibliotheque.cegepgarneau.ca\/index.php\/accueil\/services\/activites-et-expositions\/#primaryimage","url":"https:\/\/bibliotheque.cegepgarneau.ca\/wp-content\/uploads\/2024\/05\/Green-Brown-Minimalist-Shield-Hand-Logo-1.png","contentUrl":"https:\/\/bibliotheque.cegepgarneau.ca\/wp-content\/uploads\/2024\/05\/Green-Brown-Minimalist-Shield-Hand-Logo-1.png","width":800,"height":800},{"@type":"BreadcrumbList","@id":"https:\/\/bibliotheque.cegepgarneau.ca\/index.php\/accueil\/services\/activites-et-expositions\/#breadcrumb","itemListElement":[{"@type":"ListItem","position":1,"name":"Accueil","item":"https:\/\/bibliotheque.cegepgarneau.ca\/"},{"@type":"ListItem","position":2,"name":"Comptoir d\u2019accueil\ufeff","item":"https:\/\/bibliotheque.cegepgarneau.ca\/index.php\/accueil\/services\/"},{"@type":"ListItem","position":3,"name":"Activit\u00e9s et expositions"}]},{"@type":"WebSite","@id":"https:\/\/bibliotheque.cegepgarneau.ca\/#website","url":"https:\/\/bibliotheque.cegepgarneau.ca\/","name":"Biblioth\u00e8que C\u00e9gep Garneau","description":"","potentialAction":[{"@type":"SearchAction","target":{"@type":"EntryPoint","urlTemplate":"https:\/\/bibliotheque.cegepgarneau.ca\/?s={search_term_string}"},"query-input":{"@type":"PropertyValueSpecification","valueRequired":true,"valueName":"search_term_string"}}],"inLanguage":"fr-FR"}]}},"_links":{"self":[{"href":"https:\/\/bibliotheque.cegepgarneau.ca\/index.php\/wp-json\/wp\/v2\/pages\/4279","targetHints":{"allow":["GET"]}}],"collection":[{"href":"https:\/\/bibliotheque.cegepgarneau.ca\/index.php\/wp-json\/wp\/v2\/pages"}],"about":[{"href":"https:\/\/bibliotheque.cegepgarneau.ca\/index.php\/wp-json\/wp\/v2\/types\/page"}],"author":[{"embeddable":true,"href":"https:\/\/bibliotheque.cegepgarneau.ca\/index.php\/wp-json\/wp\/v2\/users\/1"}],"replies":[{"embeddable":true,"href":"https:\/\/bibliotheque.cegepgarneau.ca\/index.php\/wp-json\/wp\/v2\/comments?post=4279"}],"version-history":[{"count":112,"href":"https:\/\/bibliotheque.cegepgarneau.ca\/index.php\/wp-json\/wp\/v2\/pages\/4279\/revisions"}],"predecessor-version":[{"id":17857,"href":"https:\/\/bibliotheque.cegepgarneau.ca\/index.php\/wp-json\/wp\/v2\/pages\/4279\/revisions\/17857"}],"up":[{"embeddable":true,"href":"https:\/\/bibliotheque.cegepgarneau.ca\/index.php\/wp-json\/wp\/v2\/pages\/4180"}],"wp:attachment":[{"href":"https:\/\/bibliotheque.cegepgarneau.ca\/index.php\/wp-json\/wp\/v2\/media?parent=4279"}],"curies":[{"name":"wp","href":"https:\/\/api.w.org\/{rel}","templated":true}]}}