{"id":4277,"date":"2019-02-27T14:20:34","date_gmt":"2019-02-27T13:20:34","guid":{"rendered":"http:\/\/cdm.cegepgarneau.ca\/?page_id=4277"},"modified":"2024-07-31T15:47:57","modified_gmt":"2024-07-31T14:47:57","slug":"technologies-et-equipements","status":"publish","type":"page","link":"https:\/\/bibliotheque.cegepgarneau.ca\/index.php\/accueil\/services\/technologies-et-equipements\/","title":{"rendered":"Technologies et \u00e9quipements"},"content":{"rendered":"<figure class=\"wp-block-image\"><img loading=\"lazy\" decoding=\"async\" class=\"alignnone size-full wp-image-5085\" src=\"\/wp-content\/uploads\/2019\/07\/A_Laboratoire-informatique-1.jpg\" alt=\"\" width=\"840\" height=\"290\" srcset=\"https:\/\/bibliotheque.cegepgarneau.ca\/wp-content\/uploads\/2019\/07\/A_Laboratoire-informatique-1.jpg 840w, https:\/\/bibliotheque.cegepgarneau.ca\/wp-content\/uploads\/2019\/07\/A_Laboratoire-informatique-1-300x104.jpg 300w, https:\/\/bibliotheque.cegepgarneau.ca\/wp-content\/uploads\/2019\/07\/A_Laboratoire-informatique-1-768x265.jpg 768w\" sizes=\"auto, (max-width: 840px) 100vw, 840px\" \/><\/figure>\n<p><strong>Ordinateurs<\/strong><\/p>\n<ul>\n<li>Quarante ordinateurs sont disponibles dans la salle informatique au D2510.<\/li>\n<li>Certains logiciels sp\u00e9cialis\u00e9s sont install\u00e9s sur ces postes dont Antidote, Maple et ChemDraw.<\/li>\n<li>La salle informatique est strictement r\u00e9serv\u00e9e \u00e0 l\u2019usage des \u00e9tudiants.<\/li>\n<li>Huit ordinateurs en libre-service sont aussi disponibles dans la biblioth\u00e8que : 4 pr\u00e8s du comptoir d&#8217;accueil et 4 pr\u00e8s du comptoir d&#8217;aide \u00e0 la recherche.<\/li>\n<li>L&#8217;utilisation de tous ces ordinateurs est r\u00e9serv\u00e9e \u00e0 la communaut\u00e9 coll\u00e9giale : s&#8217;y connecter, comme sur Omnivox, \u00e0 l&#8217;aide de son num\u00e9ro de demande d&#8217;admission (DA) ou de son identifiant personnel et de son mot de passe.<\/li>\n<li>Des portables sont disponibles au comptoir d&#8217;accueil pour des pr\u00eats de 4 heures.<\/li>\n<li>Des Webcams sont disponibles au comptoir d&#8217;accueil pour des pr\u00eats de 4 heures.<\/li>\n<\/ul>\n<p><strong>Points d&#8217;impression (impression, photocopie, num\u00e9risation)<\/strong><\/p>\n<ul>\n<li>Trois points d&#8217;impression sont localis\u00e9s \u00e0 la biblioth\u00e8que.<\/li>\n<li>Le premier (IMF-014) est situ\u00e9 au niveau 2000, \u00e0 c\u00f4t\u00e9 des 4 ordinateurs en libre-service, pr\u00e8s du comptoir d\u2019accueil. Le deuxi\u00e8me (IMF-022) est localis\u00e9 dans le laboratoire informatique (D2510). Le troisi\u00e8me (IMF-024) est situ\u00e9 au niveau 3000, \u00e0 c\u00f4t\u00e9 des 4 ordinateurs en libre-service, pr\u00e8s du comptoir d\u2019aide \u00e0 la recherche.<\/li>\n<li>Trois formats d&#8217;impression sont disponibles : 8 1\/2 x 11, 8 1\/2 x 14 et 11 x 17. Le format 11 x 17 est disponible seulement pr\u00e8s du comptoir d\u2019accueil et dans la salle informatique.<\/li>\n<li>Seule l&#8217;impression en noir et blanc est disponible aux points d&#8217;impression. Pour imprimer en couleur, l&#8217;usager doit utiliser le service d&#8217;impression payant offert par Coopsco F.-X.-Garneau.<\/li>\n<li>Pour imprimer \u00e0 partir d&#8217;un portable, suivre cette <span style=\"text-decoration: underline; color: #3366ff;\"><a style=\"color: #3366ff; text-decoration: underline;\" href=\"https:\/\/bibliotheque.cegepgarneau.ca\/wp-content\/uploads\/2020\/09\/Procedure_impression_-portable.pdf\" target=\"_blank\" rel=\"noopener noreferrer\">proc\u00e9dure<\/a><\/span>. Sinon, demander l&#8217;aide d&#8217;un technicien en informatique au A-2098.<\/li>\n<li>L&#8217;utilisation des trois points d&#8217;impression est r\u00e9serv\u00e9e \u00e0 la communaut\u00e9 coll\u00e9giale de Garneau : tout membre de cette communaut\u00e9\u00a0 poss\u00e8de un compte d&#8217;impression (Papercut) qui peut \u00eatre bonifi\u00e9 au besoin (pour les \u00e9tudiants, achat possible de cr\u00e9dits d&#8217;impression chez Coopsco F.-X.-Garneau).<\/li>\n<li>Il est possible d\u2019imprimer un document enregistr\u00e9 sur une cl\u00e9 USB \u00e0 partir des 3 points d&#8217;impression (soustrait directement du compte PaperCut).<\/li>\n<li>Il est possible de photocopier des documents \u00e0 partir des 3 points d&#8217;impression (soustrait directement du compte PaperCut).<\/li>\n<li>Il est possible de num\u00e9riser des documents \u00e0 partir des 3 points d&#8217;impression. La num\u00e9risation est gratuite, mais vous devez avoir un solde d&#8217;au moins 0,10 $ dans votre compte PaperCut pour acc\u00e9der \u00e0 la fonction. Veuillez enregistrer les documents sur votre espace r\u00e9seau du C\u00e9gep (Socrate, commun\u00e9ment appel\u00e9 le U) ou sur une cl\u00e9 USB. Le service par courriel \u00e0 l&#8217;ext\u00e9rieur du C\u00e9gep n&#8217;est pas activ\u00e9.<\/li>\n<\/ul>\n<p><strong>Soutien \u00e0 l&#8217;utilisation des technologies<\/strong><\/p>\n<ul>\n<li>Un <a style=\"color: #3366ff;\" href=\"https:\/\/outilsnumeriquesetudiants.ca\/\" target=\"_blank\" rel=\"noopener noreferrer\">site Web <\/span><\/a>a \u00e9t\u00e9 con\u00e7u pour accompagner la communaut\u00e9 \u00e9tudiante du C\u00e9gep Garneau lors de l&#8217;utilisation des outils technologiques.<\/li>\n<\/ul>\n<p><strong style=\"font-size: inherit;\">Lecteur portatif Blu-Ray<\/strong><\/p>\n<ul>\n<li>Un <span style=\"color: #3366ff;\"><a style=\"color: #3366ff;\" href=\"https:\/\/fxg.koha.collecto.ca\/cgi-bin\/koha\/opac-detail.pl?biblionumber=141101\" target=\"_blank\" rel=\"noopener noreferrer\">lecteur Blu-Ray<\/a><\/span> est disponible pour le pr\u00eat au comptoir d&#8217;accueil.<\/li>\n<\/ul>\n<p><strong>Liseuses \u00e9lectroniques<\/strong><\/p>\n<ul>\n<li>Des <a href=\"https:\/\/fxg.koha.collecto.ca\/cgi-bin\/koha\/opac-search.pl?idx=kw&amp;q=liseuses&amp;op=not&amp;idx=ti&amp;q=cables&amp;op=and&amp;idx=ti&amp;limit=mc-loc%3AM27&amp;sort_by=relevance\" target=\"_blank\" rel=\"noopener noreferrer\">liseuses<\/a> sont disponibles pour le pr\u00eat au comptoir d&#8217;accueil.<\/li>\n<li>Elles contiennent une s\u00e9lection de titres classiques et contemporains :<span style=\"color: #3366ff;\"> <a style=\"color: #3366ff;\" href=\"https:\/\/fxg.koha.collecto.ca\/cgi-bin\/koha\/opac-shelves.pl?page=1&amp;op=view&amp;direction=asc&amp;shelfnumber=4524&amp;sortfield=title\" target=\"_blank\" rel=\"noopener noreferrer\">liseuses 1 \u00e0 5<\/a><\/span> ; <span style=\"color: #3366ff;\"><a style=\"color: #3366ff;\" href=\"https:\/\/fxg.koha.collecto.ca\/cgi-bin\/koha\/opac-shelves.pl?op=view&amp;shelfnumber=4530\" target=\"_blank\" rel=\"noopener noreferrer\">liseuses 6 \u00e0 10<\/a><\/span>.<\/li>\n<li>Une liseuse audio est aussi disponible, mais r\u00e9serv\u00e9e \u00e0 l&#8217;usage des \u00e9tudiant.e.s inscrit.e.s sur une liste fournie par les services adapt\u00e9s.<\/li>\n<\/ul>\n<p><strong>Lampes de luminoth\u00e9rapie<\/strong><\/p>\n<ul>\n<li>Des <span style=\"color: #3366ff;\"><a style=\"color: #3366ff;\" href=\"https:\/\/fxg.koha.collecto.ca\/cgi-bin\/koha\/opac-detail.pl?biblionumber=193748\" target=\"_blank\" rel=\"noopener noreferrer\">lampes d&#8217;\u00e9nergie DEL<\/a><\/span> sont disponibles pour le pr\u00eat au comptoir d&#8217;accueil.<\/li>\n<\/ul>\n<p><strong>Autres \u00e9quipements \u00e9galement disponibles pour le pr\u00eat.<\/strong><\/p>\n<ul>\n<li>C\u00e2ble et adaptateur HDMI<\/li>\n<li>Calculatrice<\/li>\n<li>Casque d&#8217;\u00e9coute<\/li>\n<li>Crayons pour les salles de travail<\/li>\n<\/ul>\n","protected":false},"excerpt":{"rendered":"<p>Ordinateurs Quarante ordinateurs sont disponibles dans la salle informatique au D2510. Certains logiciels sp\u00e9cialis\u00e9s sont install\u00e9s sur ces postes dont Antidote, Maple et ChemDraw. La salle informatique est strictement r\u00e9serv\u00e9e \u00e0 l\u2019usage des \u00e9tudiants. Huit ordinateurs en libre-service sont aussi disponibles dans la biblioth\u00e8que : 4 pr\u00e8s du comptoir d&#8217;accueil et 4 pr\u00e8s du comptoir [&hellip;]<\/p>\n","protected":false},"author":1,"featured_media":0,"parent":4180,"menu_order":0,"comment_status":"closed","ping_status":"closed","template":"","meta":{"_exactmetrics_skip_tracking":false,"_exactmetrics_sitenote_active":false,"_exactmetrics_sitenote_note":"","_exactmetrics_sitenote_category":0,"footnotes":""},"class_list":["post-4277","page","type-page","status-publish","hentry"],"yoast_head":"<!-- This site is optimized with the Yoast SEO plugin v26.8 - https:\/\/yoast.com\/product\/yoast-seo-wordpress\/ -->\n<title>Technologies et \u00e9quipements - Biblioth\u00e8que C\u00e9gep Garneau<\/title>\n<meta name=\"robots\" content=\"index, follow, max-snippet:-1, max-image-preview:large, max-video-preview:-1\" \/>\n<link rel=\"canonical\" href=\"https:\/\/bibliotheque.cegepgarneau.ca\/index.php\/accueil\/services\/technologies-et-equipements\/\" \/>\n<meta property=\"og:locale\" content=\"fr_FR\" \/>\n<meta property=\"og:type\" content=\"article\" \/>\n<meta property=\"og:title\" content=\"Technologies et \u00e9quipements - Biblioth\u00e8que C\u00e9gep Garneau\" \/>\n<meta property=\"og:description\" content=\"Ordinateurs Quarante ordinateurs sont disponibles dans la salle informatique au D2510. Certains logiciels sp\u00e9cialis\u00e9s sont install\u00e9s sur ces postes dont Antidote, Maple et ChemDraw. La salle informatique est strictement r\u00e9serv\u00e9e \u00e0 l\u2019usage des \u00e9tudiants. Huit ordinateurs en libre-service sont aussi disponibles dans la biblioth\u00e8que : 4 pr\u00e8s du comptoir d&#8217;accueil et 4 pr\u00e8s du comptoir [&hellip;]\" \/>\n<meta property=\"og:url\" content=\"https:\/\/bibliotheque.cegepgarneau.ca\/index.php\/accueil\/services\/technologies-et-equipements\/\" \/>\n<meta property=\"og:site_name\" content=\"Biblioth\u00e8que C\u00e9gep Garneau\" \/>\n<meta property=\"article:modified_time\" content=\"2024-07-31T14:47:57+00:00\" \/>\n<meta name=\"twitter:card\" content=\"summary_large_image\" \/>\n<meta name=\"twitter:label1\" content=\"Dur\u00e9e de lecture estim\u00e9e\" \/>\n\t<meta name=\"twitter:data1\" content=\"3 minutes\" \/>\n<script type=\"application\/ld+json\" class=\"yoast-schema-graph\">{\"@context\":\"https:\/\/schema.org\",\"@graph\":[{\"@type\":\"WebPage\",\"@id\":\"https:\/\/bibliotheque.cegepgarneau.ca\/index.php\/accueil\/services\/technologies-et-equipements\/\",\"url\":\"https:\/\/bibliotheque.cegepgarneau.ca\/index.php\/accueil\/services\/technologies-et-equipements\/\",\"name\":\"Technologies et \u00e9quipements - Biblioth\u00e8que C\u00e9gep Garneau\",\"isPartOf\":{\"@id\":\"https:\/\/bibliotheque.cegepgarneau.ca\/#website\"},\"datePublished\":\"2019-02-27T13:20:34+00:00\",\"dateModified\":\"2024-07-31T14:47:57+00:00\",\"breadcrumb\":{\"@id\":\"https:\/\/bibliotheque.cegepgarneau.ca\/index.php\/accueil\/services\/technologies-et-equipements\/#breadcrumb\"},\"inLanguage\":\"fr-FR\",\"potentialAction\":[{\"@type\":\"ReadAction\",\"target\":[\"https:\/\/bibliotheque.cegepgarneau.ca\/index.php\/accueil\/services\/technologies-et-equipements\/\"]}]},{\"@type\":\"BreadcrumbList\",\"@id\":\"https:\/\/bibliotheque.cegepgarneau.ca\/index.php\/accueil\/services\/technologies-et-equipements\/#breadcrumb\",\"itemListElement\":[{\"@type\":\"ListItem\",\"position\":1,\"name\":\"Accueil\",\"item\":\"https:\/\/bibliotheque.cegepgarneau.ca\/\"},{\"@type\":\"ListItem\",\"position\":2,\"name\":\"Comptoir d\u2019accueil\ufeff\",\"item\":\"https:\/\/bibliotheque.cegepgarneau.ca\/index.php\/accueil\/services\/\"},{\"@type\":\"ListItem\",\"position\":3,\"name\":\"Technologies et \u00e9quipements\"}]},{\"@type\":\"WebSite\",\"@id\":\"https:\/\/bibliotheque.cegepgarneau.ca\/#website\",\"url\":\"https:\/\/bibliotheque.cegepgarneau.ca\/\",\"name\":\"Biblioth\u00e8que C\u00e9gep Garneau\",\"description\":\"\",\"potentialAction\":[{\"@type\":\"SearchAction\",\"target\":{\"@type\":\"EntryPoint\",\"urlTemplate\":\"https:\/\/bibliotheque.cegepgarneau.ca\/?s={search_term_string}\"},\"query-input\":{\"@type\":\"PropertyValueSpecification\",\"valueRequired\":true,\"valueName\":\"search_term_string\"}}],\"inLanguage\":\"fr-FR\"}]}<\/script>\n<!-- \/ Yoast SEO plugin. -->","yoast_head_json":{"title":"Technologies et \u00e9quipements - Biblioth\u00e8que C\u00e9gep Garneau","robots":{"index":"index","follow":"follow","max-snippet":"max-snippet:-1","max-image-preview":"max-image-preview:large","max-video-preview":"max-video-preview:-1"},"canonical":"https:\/\/bibliotheque.cegepgarneau.ca\/index.php\/accueil\/services\/technologies-et-equipements\/","og_locale":"fr_FR","og_type":"article","og_title":"Technologies et \u00e9quipements - Biblioth\u00e8que C\u00e9gep Garneau","og_description":"Ordinateurs Quarante ordinateurs sont disponibles dans la salle informatique au D2510. Certains logiciels sp\u00e9cialis\u00e9s sont install\u00e9s sur ces postes dont Antidote, Maple et ChemDraw. La salle informatique est strictement r\u00e9serv\u00e9e \u00e0 l\u2019usage des \u00e9tudiants. Huit ordinateurs en libre-service sont aussi disponibles dans la biblioth\u00e8que : 4 pr\u00e8s du comptoir d&#8217;accueil et 4 pr\u00e8s du comptoir [&hellip;]","og_url":"https:\/\/bibliotheque.cegepgarneau.ca\/index.php\/accueil\/services\/technologies-et-equipements\/","og_site_name":"Biblioth\u00e8que C\u00e9gep Garneau","article_modified_time":"2024-07-31T14:47:57+00:00","twitter_card":"summary_large_image","twitter_misc":{"Dur\u00e9e de lecture estim\u00e9e":"3 minutes"},"schema":{"@context":"https:\/\/schema.org","@graph":[{"@type":"WebPage","@id":"https:\/\/bibliotheque.cegepgarneau.ca\/index.php\/accueil\/services\/technologies-et-equipements\/","url":"https:\/\/bibliotheque.cegepgarneau.ca\/index.php\/accueil\/services\/technologies-et-equipements\/","name":"Technologies et \u00e9quipements - Biblioth\u00e8que C\u00e9gep Garneau","isPartOf":{"@id":"https:\/\/bibliotheque.cegepgarneau.ca\/#website"},"datePublished":"2019-02-27T13:20:34+00:00","dateModified":"2024-07-31T14:47:57+00:00","breadcrumb":{"@id":"https:\/\/bibliotheque.cegepgarneau.ca\/index.php\/accueil\/services\/technologies-et-equipements\/#breadcrumb"},"inLanguage":"fr-FR","potentialAction":[{"@type":"ReadAction","target":["https:\/\/bibliotheque.cegepgarneau.ca\/index.php\/accueil\/services\/technologies-et-equipements\/"]}]},{"@type":"BreadcrumbList","@id":"https:\/\/bibliotheque.cegepgarneau.ca\/index.php\/accueil\/services\/technologies-et-equipements\/#breadcrumb","itemListElement":[{"@type":"ListItem","position":1,"name":"Accueil","item":"https:\/\/bibliotheque.cegepgarneau.ca\/"},{"@type":"ListItem","position":2,"name":"Comptoir d\u2019accueil\ufeff","item":"https:\/\/bibliotheque.cegepgarneau.ca\/index.php\/accueil\/services\/"},{"@type":"ListItem","position":3,"name":"Technologies et \u00e9quipements"}]},{"@type":"WebSite","@id":"https:\/\/bibliotheque.cegepgarneau.ca\/#website","url":"https:\/\/bibliotheque.cegepgarneau.ca\/","name":"Biblioth\u00e8que C\u00e9gep Garneau","description":"","potentialAction":[{"@type":"SearchAction","target":{"@type":"EntryPoint","urlTemplate":"https:\/\/bibliotheque.cegepgarneau.ca\/?s={search_term_string}"},"query-input":{"@type":"PropertyValueSpecification","valueRequired":true,"valueName":"search_term_string"}}],"inLanguage":"fr-FR"}]}},"_links":{"self":[{"href":"https:\/\/bibliotheque.cegepgarneau.ca\/index.php\/wp-json\/wp\/v2\/pages\/4277","targetHints":{"allow":["GET"]}}],"collection":[{"href":"https:\/\/bibliotheque.cegepgarneau.ca\/index.php\/wp-json\/wp\/v2\/pages"}],"about":[{"href":"https:\/\/bibliotheque.cegepgarneau.ca\/index.php\/wp-json\/wp\/v2\/types\/page"}],"author":[{"embeddable":true,"href":"https:\/\/bibliotheque.cegepgarneau.ca\/index.php\/wp-json\/wp\/v2\/users\/1"}],"replies":[{"embeddable":true,"href":"https:\/\/bibliotheque.cegepgarneau.ca\/index.php\/wp-json\/wp\/v2\/comments?post=4277"}],"version-history":[{"count":61,"href":"https:\/\/bibliotheque.cegepgarneau.ca\/index.php\/wp-json\/wp\/v2\/pages\/4277\/revisions"}],"predecessor-version":[{"id":18028,"href":"https:\/\/bibliotheque.cegepgarneau.ca\/index.php\/wp-json\/wp\/v2\/pages\/4277\/revisions\/18028"}],"up":[{"embeddable":true,"href":"https:\/\/bibliotheque.cegepgarneau.ca\/index.php\/wp-json\/wp\/v2\/pages\/4180"}],"wp:attachment":[{"href":"https:\/\/bibliotheque.cegepgarneau.ca\/index.php\/wp-json\/wp\/v2\/media?parent=4277"}],"curies":[{"name":"wp","href":"https:\/\/api.w.org\/{rel}","templated":true}]}}