{"id":4275,"date":"2019-02-27T14:19:37","date_gmt":"2019-02-27T13:19:37","guid":{"rendered":"http:\/\/cdm.cegepgarneau.ca\/?page_id=4275"},"modified":"2022-02-01T17:47:53","modified_gmt":"2022-02-01T16:47:53","slug":"perte-et-bris-de-documents","status":"publish","type":"page","link":"https:\/\/bibliotheque.cegepgarneau.ca\/index.php\/accueil\/services\/perte-et-bris-de-documents\/","title":{"rendered":"Perte et bris de documents"},"content":{"rendered":"\n<p><strong>Document perdu&nbsp;&nbsp;&nbsp;&nbsp;&nbsp;&nbsp;&nbsp;&nbsp;&nbsp;&nbsp;&nbsp; <\/strong><\/p>\n\n\n\n<ul class=\"wp-block-list\"><li>Lorsqu&#8217;un document emprunt\u00e9 est perdu, il est pr\u00e9f\u00e9rable de nous en aviser le plus t\u00f4t possible.<\/li><li>Les frais reli\u00e9s \u00e0 la perte du document sont inscrits au dossier de l&#8217;usager.<\/li><li>Une facture comprenant les frais suivants est exp\u00e9di\u00e9e \u00e0 l\u2019usager :<br>\u2013 Prix d\u2019achat du document,<br>\u2013 Frais d\u2019administration (10,00 $ par facture),<br>&#8211; Frais de reliure (variable, mais en moyenne 12,00 $), s&#8217;il y a lieu.<\/li><\/ul>\n\n\n\n<p><strong>Document retrouv\u00e9<\/strong><\/p>\n\n\n\n<ul class=\"wp-block-list\"><li>L\u2019usager qui retourne un document qu\u2019il a pay\u00e9 se voit rembourser la valeur du document, si celui-ci est remis en bon \u00e9tat.<\/li><li>Il est \u00e0 noter que les frais d\u2019administration ne sont pas remboursables (10,00 $ par facture).<\/li><\/ul>\n\n\n\n<p><strong>Document endommag\u00e9<\/strong><\/p>\n\n\n\n<ul class=\"wp-block-list\"><li>L\u2019usager qui endommage un document (jug\u00e9 irr\u00e9cup\u00e9rable par la biblioth\u00e8que) doit payer la valeur de celui-ci ainsi que des frais d\u2019administration.<\/li><li>Une facture comprenant les frais suivants est exp\u00e9di\u00e9e \u00e0 l\u2019usager:<br>\u2013 Prix d\u2019achat du document (variable),<br>\u2013 Frais d\u2019administration (10,00 $ par facture).<br>\u2013 Frais de reliure (variable, mais en moyenne 12,00 $), s&#8217;il y a lieu.<\/li><li>Les frais sont payables comptant au comptoir d&#8217;accueil de la biblioth\u00e8que. Sinon, voici les options qui s\u2019offrent \u00e0 l&#8217;usager pour effectuer le paiement :<br>&#8211; Cartes de cr\u00e9dit (Visa ou Mastercard) en appelant au 418-688-8310 poste 2472,<br>&#8211; D\u00e9bit, cr\u00e9dit ou argent en se pr\u00e9sentant au local K-2915 du Service des finances,<br>&#8211; Ch\u00e8que libell\u00e9 au nom du \u00ab C\u00e9gep Garneau \u00bb,<br>&#8211; D\u00e9p\u00f4t bancaire.<\/li><li>Le privil\u00e8ge d\u2019emprunter des documents est suspendu jusqu\u2019au retour des documents, s&#8217;il y a lieu, et jusqu&#8217;au paiement total des frais.<\/li><\/ul>\n\n\n\n<p><\/p>\n","protected":false},"excerpt":{"rendered":"<p>Document perdu&nbsp;&nbsp;&nbsp;&nbsp;&nbsp;&nbsp;&nbsp;&nbsp;&nbsp;&nbsp;&nbsp; Lorsqu&#8217;un document emprunt\u00e9 est perdu, il est pr\u00e9f\u00e9rable de nous en aviser le plus t\u00f4t possible. Les frais reli\u00e9s \u00e0 la perte du document sont inscrits au dossier de l&#8217;usager. Une facture comprenant les frais suivants est exp\u00e9di\u00e9e \u00e0 l\u2019usager :\u2013 Prix d\u2019achat du document,\u2013 Frais d\u2019administration (10,00 $ par facture),&#8211; Frais de [&hellip;]<\/p>\n","protected":false},"author":1,"featured_media":0,"parent":4180,"menu_order":0,"comment_status":"closed","ping_status":"closed","template":"","meta":{"_exactmetrics_skip_tracking":false,"_exactmetrics_sitenote_active":false,"_exactmetrics_sitenote_note":"","_exactmetrics_sitenote_category":0,"footnotes":""},"class_list":["post-4275","page","type-page","status-publish","hentry"],"yoast_head":"<!-- This site is optimized with the Yoast SEO plugin v26.8 - https:\/\/yoast.com\/product\/yoast-seo-wordpress\/ -->\n<title>Perte et bris de documents - Biblioth\u00e8que C\u00e9gep Garneau<\/title>\n<meta name=\"robots\" content=\"index, follow, max-snippet:-1, max-image-preview:large, max-video-preview:-1\" \/>\n<link rel=\"canonical\" href=\"https:\/\/bibliotheque.cegepgarneau.ca\/index.php\/accueil\/services\/perte-et-bris-de-documents\/\" \/>\n<meta property=\"og:locale\" content=\"fr_FR\" \/>\n<meta property=\"og:type\" content=\"article\" \/>\n<meta property=\"og:title\" content=\"Perte et bris de documents - Biblioth\u00e8que C\u00e9gep Garneau\" \/>\n<meta property=\"og:description\" content=\"Document perdu&nbsp;&nbsp;&nbsp;&nbsp;&nbsp;&nbsp;&nbsp;&nbsp;&nbsp;&nbsp;&nbsp; Lorsqu&#8217;un document emprunt\u00e9 est perdu, il est pr\u00e9f\u00e9rable de nous en aviser le plus t\u00f4t possible. Les frais reli\u00e9s \u00e0 la perte du document sont inscrits au dossier de l&#8217;usager. Une facture comprenant les frais suivants est exp\u00e9di\u00e9e \u00e0 l\u2019usager :\u2013 Prix d\u2019achat du document,\u2013 Frais d\u2019administration (10,00 $ par facture),&#8211; Frais de [&hellip;]\" \/>\n<meta property=\"og:url\" content=\"https:\/\/bibliotheque.cegepgarneau.ca\/index.php\/accueil\/services\/perte-et-bris-de-documents\/\" \/>\n<meta property=\"og:site_name\" content=\"Biblioth\u00e8que C\u00e9gep Garneau\" \/>\n<meta property=\"article:modified_time\" content=\"2022-02-01T16:47:53+00:00\" \/>\n<meta name=\"twitter:card\" content=\"summary_large_image\" \/>\n<meta name=\"twitter:label1\" content=\"Dur\u00e9e de lecture estim\u00e9e\" \/>\n\t<meta name=\"twitter:data1\" content=\"2 minutes\" \/>\n<script type=\"application\/ld+json\" class=\"yoast-schema-graph\">{\"@context\":\"https:\/\/schema.org\",\"@graph\":[{\"@type\":\"WebPage\",\"@id\":\"https:\/\/bibliotheque.cegepgarneau.ca\/index.php\/accueil\/services\/perte-et-bris-de-documents\/\",\"url\":\"https:\/\/bibliotheque.cegepgarneau.ca\/index.php\/accueil\/services\/perte-et-bris-de-documents\/\",\"name\":\"Perte et bris de documents - Biblioth\u00e8que C\u00e9gep Garneau\",\"isPartOf\":{\"@id\":\"https:\/\/bibliotheque.cegepgarneau.ca\/#website\"},\"datePublished\":\"2019-02-27T13:19:37+00:00\",\"dateModified\":\"2022-02-01T16:47:53+00:00\",\"breadcrumb\":{\"@id\":\"https:\/\/bibliotheque.cegepgarneau.ca\/index.php\/accueil\/services\/perte-et-bris-de-documents\/#breadcrumb\"},\"inLanguage\":\"fr-FR\",\"potentialAction\":[{\"@type\":\"ReadAction\",\"target\":[\"https:\/\/bibliotheque.cegepgarneau.ca\/index.php\/accueil\/services\/perte-et-bris-de-documents\/\"]}]},{\"@type\":\"BreadcrumbList\",\"@id\":\"https:\/\/bibliotheque.cegepgarneau.ca\/index.php\/accueil\/services\/perte-et-bris-de-documents\/#breadcrumb\",\"itemListElement\":[{\"@type\":\"ListItem\",\"position\":1,\"name\":\"Accueil\",\"item\":\"https:\/\/bibliotheque.cegepgarneau.ca\/\"},{\"@type\":\"ListItem\",\"position\":2,\"name\":\"Comptoir d\u2019accueil\ufeff\",\"item\":\"https:\/\/bibliotheque.cegepgarneau.ca\/index.php\/accueil\/services\/\"},{\"@type\":\"ListItem\",\"position\":3,\"name\":\"Perte et bris de documents\"}]},{\"@type\":\"WebSite\",\"@id\":\"https:\/\/bibliotheque.cegepgarneau.ca\/#website\",\"url\":\"https:\/\/bibliotheque.cegepgarneau.ca\/\",\"name\":\"Biblioth\u00e8que C\u00e9gep Garneau\",\"description\":\"\",\"potentialAction\":[{\"@type\":\"SearchAction\",\"target\":{\"@type\":\"EntryPoint\",\"urlTemplate\":\"https:\/\/bibliotheque.cegepgarneau.ca\/?s={search_term_string}\"},\"query-input\":{\"@type\":\"PropertyValueSpecification\",\"valueRequired\":true,\"valueName\":\"search_term_string\"}}],\"inLanguage\":\"fr-FR\"}]}<\/script>\n<!-- \/ Yoast SEO plugin. -->","yoast_head_json":{"title":"Perte et bris de documents - Biblioth\u00e8que C\u00e9gep Garneau","robots":{"index":"index","follow":"follow","max-snippet":"max-snippet:-1","max-image-preview":"max-image-preview:large","max-video-preview":"max-video-preview:-1"},"canonical":"https:\/\/bibliotheque.cegepgarneau.ca\/index.php\/accueil\/services\/perte-et-bris-de-documents\/","og_locale":"fr_FR","og_type":"article","og_title":"Perte et bris de documents - Biblioth\u00e8que C\u00e9gep Garneau","og_description":"Document perdu&nbsp;&nbsp;&nbsp;&nbsp;&nbsp;&nbsp;&nbsp;&nbsp;&nbsp;&nbsp;&nbsp; Lorsqu&#8217;un document emprunt\u00e9 est perdu, il est pr\u00e9f\u00e9rable de nous en aviser le plus t\u00f4t possible. Les frais reli\u00e9s \u00e0 la perte du document sont inscrits au dossier de l&#8217;usager. Une facture comprenant les frais suivants est exp\u00e9di\u00e9e \u00e0 l\u2019usager :\u2013 Prix d\u2019achat du document,\u2013 Frais d\u2019administration (10,00 $ par facture),&#8211; Frais de [&hellip;]","og_url":"https:\/\/bibliotheque.cegepgarneau.ca\/index.php\/accueil\/services\/perte-et-bris-de-documents\/","og_site_name":"Biblioth\u00e8que C\u00e9gep Garneau","article_modified_time":"2022-02-01T16:47:53+00:00","twitter_card":"summary_large_image","twitter_misc":{"Dur\u00e9e de lecture estim\u00e9e":"2 minutes"},"schema":{"@context":"https:\/\/schema.org","@graph":[{"@type":"WebPage","@id":"https:\/\/bibliotheque.cegepgarneau.ca\/index.php\/accueil\/services\/perte-et-bris-de-documents\/","url":"https:\/\/bibliotheque.cegepgarneau.ca\/index.php\/accueil\/services\/perte-et-bris-de-documents\/","name":"Perte et bris de documents - Biblioth\u00e8que C\u00e9gep Garneau","isPartOf":{"@id":"https:\/\/bibliotheque.cegepgarneau.ca\/#website"},"datePublished":"2019-02-27T13:19:37+00:00","dateModified":"2022-02-01T16:47:53+00:00","breadcrumb":{"@id":"https:\/\/bibliotheque.cegepgarneau.ca\/index.php\/accueil\/services\/perte-et-bris-de-documents\/#breadcrumb"},"inLanguage":"fr-FR","potentialAction":[{"@type":"ReadAction","target":["https:\/\/bibliotheque.cegepgarneau.ca\/index.php\/accueil\/services\/perte-et-bris-de-documents\/"]}]},{"@type":"BreadcrumbList","@id":"https:\/\/bibliotheque.cegepgarneau.ca\/index.php\/accueil\/services\/perte-et-bris-de-documents\/#breadcrumb","itemListElement":[{"@type":"ListItem","position":1,"name":"Accueil","item":"https:\/\/bibliotheque.cegepgarneau.ca\/"},{"@type":"ListItem","position":2,"name":"Comptoir d\u2019accueil\ufeff","item":"https:\/\/bibliotheque.cegepgarneau.ca\/index.php\/accueil\/services\/"},{"@type":"ListItem","position":3,"name":"Perte et bris de documents"}]},{"@type":"WebSite","@id":"https:\/\/bibliotheque.cegepgarneau.ca\/#website","url":"https:\/\/bibliotheque.cegepgarneau.ca\/","name":"Biblioth\u00e8que C\u00e9gep Garneau","description":"","potentialAction":[{"@type":"SearchAction","target":{"@type":"EntryPoint","urlTemplate":"https:\/\/bibliotheque.cegepgarneau.ca\/?s={search_term_string}"},"query-input":{"@type":"PropertyValueSpecification","valueRequired":true,"valueName":"search_term_string"}}],"inLanguage":"fr-FR"}]}},"_links":{"self":[{"href":"https:\/\/bibliotheque.cegepgarneau.ca\/index.php\/wp-json\/wp\/v2\/pages\/4275","targetHints":{"allow":["GET"]}}],"collection":[{"href":"https:\/\/bibliotheque.cegepgarneau.ca\/index.php\/wp-json\/wp\/v2\/pages"}],"about":[{"href":"https:\/\/bibliotheque.cegepgarneau.ca\/index.php\/wp-json\/wp\/v2\/types\/page"}],"author":[{"embeddable":true,"href":"https:\/\/bibliotheque.cegepgarneau.ca\/index.php\/wp-json\/wp\/v2\/users\/1"}],"replies":[{"embeddable":true,"href":"https:\/\/bibliotheque.cegepgarneau.ca\/index.php\/wp-json\/wp\/v2\/comments?post=4275"}],"version-history":[{"count":18,"href":"https:\/\/bibliotheque.cegepgarneau.ca\/index.php\/wp-json\/wp\/v2\/pages\/4275\/revisions"}],"predecessor-version":[{"id":10762,"href":"https:\/\/bibliotheque.cegepgarneau.ca\/index.php\/wp-json\/wp\/v2\/pages\/4275\/revisions\/10762"}],"up":[{"embeddable":true,"href":"https:\/\/bibliotheque.cegepgarneau.ca\/index.php\/wp-json\/wp\/v2\/pages\/4180"}],"wp:attachment":[{"href":"https:\/\/bibliotheque.cegepgarneau.ca\/index.php\/wp-json\/wp\/v2\/media?parent=4275"}],"curies":[{"name":"wp","href":"https:\/\/api.w.org\/{rel}","templated":true}]}}