{"id":4271,"date":"2019-02-27T14:18:07","date_gmt":"2019-02-27T13:18:07","guid":{"rendered":"http:\/\/cdm.cegepgarneau.ca\/?page_id=4271"},"modified":"2021-07-19T18:54:06","modified_gmt":"2021-07-19T17:54:06","slug":"retour-de-documents","status":"publish","type":"page","link":"https:\/\/bibliotheque.cegepgarneau.ca\/index.php\/accueil\/services\/retour-de-documents\/","title":{"rendered":"Retour de documents"},"content":{"rendered":"<p><strong>Retour de documents<\/strong><\/p>\n<ul>\n<li>Les documents emprunt\u00e9s doivent \u00eatre retourn\u00e9s \u00e0 la biblioth\u00e8que au plus tard \u00e0 la date d\u2019\u00e9ch\u00e9ance de l\u2019emprunt.<\/li>\n<li>Pour conna\u00eetre la date d\u2019\u00e9ch\u00e9ance des emprunts, il faut consulter son dossier d\u2019usager via <a href=\"https:\/\/fxg.koha.ccsr.qc.ca\/\">Koha.<\/a><\/li>\n<li>Pendant les heures d&#8217;ouverture, les documents doivent \u00eatre remis dans la chute \u00e0 documents situ\u00e9e au bout du comptoir d\u2019accueil.<\/li>\n<li>En dehors des heures d&#8217;ouverture, les documents doivent \u00eatre remis dans la chute \u00e0 documents situ\u00e9e \u00e0 gauche de l\u2019entr\u00e9e de la biblioth\u00e8que.<\/li>\n<li>Les documents emprunt\u00e9s via le pr\u00eat entre biblioth\u00e8ques (PEB) doivent \u00eatre remis en main propre au comptoir d\u2019accueil.<\/li>\n<\/ul>\n<p><strong>Document incomplet<\/strong><\/p>\n<ul>\n<li>Au moment du retour, s&#8217;assurer que les documents sont complets.<\/li>\n<li>Si un document est remis incomplet (par exemple, un boitier de film sans le DVD), ce document demeure en pr\u00eat dans le dossier d\u2019usager.<\/li>\n<li>L&#8217;usager recevra un message par courriel pour l&#8217;aviser de rapporter ledit document.<\/li>\n<\/ul>\n","protected":false},"excerpt":{"rendered":"<p>Retour de documents Les documents emprunt\u00e9s doivent \u00eatre retourn\u00e9s \u00e0 la biblioth\u00e8que au plus tard \u00e0 la date d\u2019\u00e9ch\u00e9ance de l\u2019emprunt. Pour conna\u00eetre la date d\u2019\u00e9ch\u00e9ance des emprunts, il faut consulter son dossier d\u2019usager via Koha. Pendant les heures d&#8217;ouverture, les documents doivent \u00eatre remis dans la chute \u00e0 documents situ\u00e9e au bout du comptoir [&hellip;]<\/p>\n","protected":false},"author":1,"featured_media":0,"parent":4180,"menu_order":0,"comment_status":"closed","ping_status":"closed","template":"","meta":{"_exactmetrics_skip_tracking":false,"_exactmetrics_sitenote_active":false,"_exactmetrics_sitenote_note":"","_exactmetrics_sitenote_category":0,"footnotes":""},"class_list":["post-4271","page","type-page","status-publish","hentry"],"yoast_head":"<!-- This site is optimized with the Yoast SEO plugin v26.8 - https:\/\/yoast.com\/product\/yoast-seo-wordpress\/ -->\n<title>Retour de documents - Biblioth\u00e8que C\u00e9gep Garneau<\/title>\n<meta name=\"robots\" content=\"index, follow, max-snippet:-1, max-image-preview:large, max-video-preview:-1\" \/>\n<link rel=\"canonical\" href=\"https:\/\/bibliotheque.cegepgarneau.ca\/index.php\/accueil\/services\/retour-de-documents\/\" \/>\n<meta property=\"og:locale\" content=\"fr_FR\" \/>\n<meta property=\"og:type\" content=\"article\" \/>\n<meta property=\"og:title\" content=\"Retour de documents - Biblioth\u00e8que C\u00e9gep Garneau\" \/>\n<meta property=\"og:description\" content=\"Retour de documents Les documents emprunt\u00e9s doivent \u00eatre retourn\u00e9s \u00e0 la biblioth\u00e8que au plus tard \u00e0 la date d\u2019\u00e9ch\u00e9ance de l\u2019emprunt. Pour conna\u00eetre la date d\u2019\u00e9ch\u00e9ance des emprunts, il faut consulter son dossier d\u2019usager via Koha. Pendant les heures d&#8217;ouverture, les documents doivent \u00eatre remis dans la chute \u00e0 documents situ\u00e9e au bout du comptoir [&hellip;]\" \/>\n<meta property=\"og:url\" content=\"https:\/\/bibliotheque.cegepgarneau.ca\/index.php\/accueil\/services\/retour-de-documents\/\" \/>\n<meta property=\"og:site_name\" content=\"Biblioth\u00e8que C\u00e9gep Garneau\" \/>\n<meta property=\"article:modified_time\" content=\"2021-07-19T17:54:06+00:00\" \/>\n<meta name=\"twitter:card\" content=\"summary_large_image\" \/>\n<meta name=\"twitter:label1\" content=\"Dur\u00e9e de lecture estim\u00e9e\" \/>\n\t<meta name=\"twitter:data1\" content=\"1 minute\" \/>\n<script type=\"application\/ld+json\" class=\"yoast-schema-graph\">{\"@context\":\"https:\/\/schema.org\",\"@graph\":[{\"@type\":\"WebPage\",\"@id\":\"https:\/\/bibliotheque.cegepgarneau.ca\/index.php\/accueil\/services\/retour-de-documents\/\",\"url\":\"https:\/\/bibliotheque.cegepgarneau.ca\/index.php\/accueil\/services\/retour-de-documents\/\",\"name\":\"Retour de documents - Biblioth\u00e8que C\u00e9gep Garneau\",\"isPartOf\":{\"@id\":\"https:\/\/bibliotheque.cegepgarneau.ca\/#website\"},\"datePublished\":\"2019-02-27T13:18:07+00:00\",\"dateModified\":\"2021-07-19T17:54:06+00:00\",\"breadcrumb\":{\"@id\":\"https:\/\/bibliotheque.cegepgarneau.ca\/index.php\/accueil\/services\/retour-de-documents\/#breadcrumb\"},\"inLanguage\":\"fr-FR\",\"potentialAction\":[{\"@type\":\"ReadAction\",\"target\":[\"https:\/\/bibliotheque.cegepgarneau.ca\/index.php\/accueil\/services\/retour-de-documents\/\"]}]},{\"@type\":\"BreadcrumbList\",\"@id\":\"https:\/\/bibliotheque.cegepgarneau.ca\/index.php\/accueil\/services\/retour-de-documents\/#breadcrumb\",\"itemListElement\":[{\"@type\":\"ListItem\",\"position\":1,\"name\":\"Accueil\",\"item\":\"https:\/\/bibliotheque.cegepgarneau.ca\/\"},{\"@type\":\"ListItem\",\"position\":2,\"name\":\"Comptoir d\u2019accueil\ufeff\",\"item\":\"https:\/\/bibliotheque.cegepgarneau.ca\/index.php\/accueil\/services\/\"},{\"@type\":\"ListItem\",\"position\":3,\"name\":\"Retour de documents\"}]},{\"@type\":\"WebSite\",\"@id\":\"https:\/\/bibliotheque.cegepgarneau.ca\/#website\",\"url\":\"https:\/\/bibliotheque.cegepgarneau.ca\/\",\"name\":\"Biblioth\u00e8que C\u00e9gep Garneau\",\"description\":\"\",\"potentialAction\":[{\"@type\":\"SearchAction\",\"target\":{\"@type\":\"EntryPoint\",\"urlTemplate\":\"https:\/\/bibliotheque.cegepgarneau.ca\/?s={search_term_string}\"},\"query-input\":{\"@type\":\"PropertyValueSpecification\",\"valueRequired\":true,\"valueName\":\"search_term_string\"}}],\"inLanguage\":\"fr-FR\"}]}<\/script>\n<!-- \/ Yoast SEO plugin. -->","yoast_head_json":{"title":"Retour de documents - Biblioth\u00e8que C\u00e9gep Garneau","robots":{"index":"index","follow":"follow","max-snippet":"max-snippet:-1","max-image-preview":"max-image-preview:large","max-video-preview":"max-video-preview:-1"},"canonical":"https:\/\/bibliotheque.cegepgarneau.ca\/index.php\/accueil\/services\/retour-de-documents\/","og_locale":"fr_FR","og_type":"article","og_title":"Retour de documents - Biblioth\u00e8que C\u00e9gep Garneau","og_description":"Retour de documents Les documents emprunt\u00e9s doivent \u00eatre retourn\u00e9s \u00e0 la biblioth\u00e8que au plus tard \u00e0 la date d\u2019\u00e9ch\u00e9ance de l\u2019emprunt. Pour conna\u00eetre la date d\u2019\u00e9ch\u00e9ance des emprunts, il faut consulter son dossier d\u2019usager via Koha. Pendant les heures d&#8217;ouverture, les documents doivent \u00eatre remis dans la chute \u00e0 documents situ\u00e9e au bout du comptoir [&hellip;]","og_url":"https:\/\/bibliotheque.cegepgarneau.ca\/index.php\/accueil\/services\/retour-de-documents\/","og_site_name":"Biblioth\u00e8que C\u00e9gep Garneau","article_modified_time":"2021-07-19T17:54:06+00:00","twitter_card":"summary_large_image","twitter_misc":{"Dur\u00e9e de lecture estim\u00e9e":"1 minute"},"schema":{"@context":"https:\/\/schema.org","@graph":[{"@type":"WebPage","@id":"https:\/\/bibliotheque.cegepgarneau.ca\/index.php\/accueil\/services\/retour-de-documents\/","url":"https:\/\/bibliotheque.cegepgarneau.ca\/index.php\/accueil\/services\/retour-de-documents\/","name":"Retour de documents - Biblioth\u00e8que C\u00e9gep Garneau","isPartOf":{"@id":"https:\/\/bibliotheque.cegepgarneau.ca\/#website"},"datePublished":"2019-02-27T13:18:07+00:00","dateModified":"2021-07-19T17:54:06+00:00","breadcrumb":{"@id":"https:\/\/bibliotheque.cegepgarneau.ca\/index.php\/accueil\/services\/retour-de-documents\/#breadcrumb"},"inLanguage":"fr-FR","potentialAction":[{"@type":"ReadAction","target":["https:\/\/bibliotheque.cegepgarneau.ca\/index.php\/accueil\/services\/retour-de-documents\/"]}]},{"@type":"BreadcrumbList","@id":"https:\/\/bibliotheque.cegepgarneau.ca\/index.php\/accueil\/services\/retour-de-documents\/#breadcrumb","itemListElement":[{"@type":"ListItem","position":1,"name":"Accueil","item":"https:\/\/bibliotheque.cegepgarneau.ca\/"},{"@type":"ListItem","position":2,"name":"Comptoir d\u2019accueil\ufeff","item":"https:\/\/bibliotheque.cegepgarneau.ca\/index.php\/accueil\/services\/"},{"@type":"ListItem","position":3,"name":"Retour de documents"}]},{"@type":"WebSite","@id":"https:\/\/bibliotheque.cegepgarneau.ca\/#website","url":"https:\/\/bibliotheque.cegepgarneau.ca\/","name":"Biblioth\u00e8que C\u00e9gep Garneau","description":"","potentialAction":[{"@type":"SearchAction","target":{"@type":"EntryPoint","urlTemplate":"https:\/\/bibliotheque.cegepgarneau.ca\/?s={search_term_string}"},"query-input":{"@type":"PropertyValueSpecification","valueRequired":true,"valueName":"search_term_string"}}],"inLanguage":"fr-FR"}]}},"_links":{"self":[{"href":"https:\/\/bibliotheque.cegepgarneau.ca\/index.php\/wp-json\/wp\/v2\/pages\/4271","targetHints":{"allow":["GET"]}}],"collection":[{"href":"https:\/\/bibliotheque.cegepgarneau.ca\/index.php\/wp-json\/wp\/v2\/pages"}],"about":[{"href":"https:\/\/bibliotheque.cegepgarneau.ca\/index.php\/wp-json\/wp\/v2\/types\/page"}],"author":[{"embeddable":true,"href":"https:\/\/bibliotheque.cegepgarneau.ca\/index.php\/wp-json\/wp\/v2\/users\/1"}],"replies":[{"embeddable":true,"href":"https:\/\/bibliotheque.cegepgarneau.ca\/index.php\/wp-json\/wp\/v2\/comments?post=4271"}],"version-history":[{"count":11,"href":"https:\/\/bibliotheque.cegepgarneau.ca\/index.php\/wp-json\/wp\/v2\/pages\/4271\/revisions"}],"predecessor-version":[{"id":9410,"href":"https:\/\/bibliotheque.cegepgarneau.ca\/index.php\/wp-json\/wp\/v2\/pages\/4271\/revisions\/9410"}],"up":[{"embeddable":true,"href":"https:\/\/bibliotheque.cegepgarneau.ca\/index.php\/wp-json\/wp\/v2\/pages\/4180"}],"wp:attachment":[{"href":"https:\/\/bibliotheque.cegepgarneau.ca\/index.php\/wp-json\/wp\/v2\/media?parent=4271"}],"curies":[{"name":"wp","href":"https:\/\/api.w.org\/{rel}","templated":true}]}}