{"id":4269,"date":"2019-02-27T14:17:01","date_gmt":"2019-02-27T13:17:01","guid":{"rendered":"http:\/\/cdm.cegepgarneau.ca\/?page_id=4269"},"modified":"2024-06-28T14:39:45","modified_gmt":"2024-06-28T13:39:45","slug":"renouvellement-et-reservation-de-documents","status":"publish","type":"page","link":"https:\/\/bibliotheque.cegepgarneau.ca\/index.php\/accueil\/services\/renouvellement-et-reservation-de-documents\/","title":{"rendered":"Renouvellement et r\u00e9servation de documents"},"content":{"rendered":"\r\n<p><strong>Renouvellement de documents<\/strong><\/p>\r\n\r\n\r\n<ul class=\"wp-block-list\">\r\n\t<li>Le pr\u00eat des documents peut habituellement \u00eatre renouvel\u00e9 jusqu\u2019\u00e0 5 fois. Consultez les <a href=\"\/index.php\/accueil\/services\/regles-de-pret\/\" target=\"_blank\" rel=\"noopener\"><span style=\"color: #3366ff;\">r\u00e8gles de pr\u00eat<\/span> <\/a>pour votre cat\u00e9gorie d&#8217;usager, pour en savoir plus.<\/li>\r\n<\/ul>\r\n\r\n\r\n<p><strong>Causes de l&#8217;\u00e9chec d&#8217;un renouvellement<\/strong><\/p>\r\n\r\n\r\n<ul class=\"wp-block-list\">\r\n\t<li>Le document est r\u00e9serv\u00e9 par un autre usager.<\/li>\r\n\t<li>Le nombre maximum de renouvellements permis est atteint.<\/li>\r\n\t<li>L\u2019usager a des frais \u00e0 payer dans son dossier.<\/li>\r\n<\/ul>\r\n\r\n<p><strong>R\u00e9servation de documents<\/strong><\/p>\r\n<ul>\r\n\t<li>Il est possible de r\u00e9server un document pr\u00eat\u00e9 ou disponible dans le catalogue.<\/li>\r\n\t<li>D\u00e8s que le document est mis de c\u00f4t\u00e9 pour l&#8217;usager, un avis de disponibilit\u00e9 lui est envoy\u00e9 par courriel. Il b\u00e9n\u00e9ficie alors de 4 jours ouvrables pour venir chercher le document au comptoir d&#8217;accueil, pendant les heures d&#8217;ouverture de la biblioth\u00e8que. Apr\u00e8s cette p\u00e9riode, le document est reclass\u00e9 sur les rayons.<\/li>\r\n<\/ul>\r\n<p><iframe loading=\"lazy\" title=\"YouTube video player\" src=\"https:\/\/www.youtube.com\/embed\/ewetnp1J1mI\" width=\"560\" height=\"315\" frameborder=\"0\" allowfullscreen=\"allowfullscreen\"><\/iframe><\/p>","protected":false},"excerpt":{"rendered":"<p>Renouvellement de documents Le pr\u00eat des documents peut habituellement \u00eatre renouvel\u00e9 jusqu\u2019\u00e0 5 fois. Consultez les r\u00e8gles de pr\u00eat pour votre cat\u00e9gorie d&#8217;usager, pour en savoir plus. Causes de l&#8217;\u00e9chec d&#8217;un renouvellement Le document est r\u00e9serv\u00e9 par un autre usager. Le nombre maximum de renouvellements permis est atteint. L\u2019usager a des frais \u00e0 payer dans [&hellip;]<\/p>\n","protected":false},"author":1,"featured_media":0,"parent":4180,"menu_order":0,"comment_status":"closed","ping_status":"closed","template":"","meta":{"_exactmetrics_skip_tracking":false,"_exactmetrics_sitenote_active":false,"_exactmetrics_sitenote_note":"","_exactmetrics_sitenote_category":0,"footnotes":""},"class_list":["post-4269","page","type-page","status-publish","hentry"],"yoast_head":"<!-- This site is optimized with the Yoast SEO plugin v26.8 - https:\/\/yoast.com\/product\/yoast-seo-wordpress\/ -->\n<title>Renouvellement et r\u00e9servation de documents - Biblioth\u00e8que C\u00e9gep Garneau<\/title>\n<meta name=\"robots\" content=\"index, follow, max-snippet:-1, max-image-preview:large, max-video-preview:-1\" \/>\n<link rel=\"canonical\" href=\"https:\/\/bibliotheque.cegepgarneau.ca\/index.php\/accueil\/services\/renouvellement-et-reservation-de-documents\/\" \/>\n<meta property=\"og:locale\" content=\"fr_FR\" \/>\n<meta property=\"og:type\" content=\"article\" \/>\n<meta property=\"og:title\" content=\"Renouvellement et r\u00e9servation de documents - Biblioth\u00e8que C\u00e9gep Garneau\" \/>\n<meta property=\"og:description\" content=\"Renouvellement de documents Le pr\u00eat des documents peut habituellement \u00eatre renouvel\u00e9 jusqu\u2019\u00e0 5 fois. Consultez les r\u00e8gles de pr\u00eat pour votre cat\u00e9gorie d&#8217;usager, pour en savoir plus. Causes de l&#8217;\u00e9chec d&#8217;un renouvellement Le document est r\u00e9serv\u00e9 par un autre usager. Le nombre maximum de renouvellements permis est atteint. L\u2019usager a des frais \u00e0 payer dans [&hellip;]\" \/>\n<meta property=\"og:url\" content=\"https:\/\/bibliotheque.cegepgarneau.ca\/index.php\/accueil\/services\/renouvellement-et-reservation-de-documents\/\" \/>\n<meta property=\"og:site_name\" content=\"Biblioth\u00e8que C\u00e9gep Garneau\" \/>\n<meta property=\"article:modified_time\" content=\"2024-06-28T13:39:45+00:00\" \/>\n<meta name=\"twitter:card\" content=\"summary_large_image\" \/>\n<meta name=\"twitter:label1\" content=\"Dur\u00e9e de lecture estim\u00e9e\" \/>\n\t<meta name=\"twitter:data1\" content=\"1 minute\" \/>\n<script type=\"application\/ld+json\" class=\"yoast-schema-graph\">{\"@context\":\"https:\/\/schema.org\",\"@graph\":[{\"@type\":\"WebPage\",\"@id\":\"https:\/\/bibliotheque.cegepgarneau.ca\/index.php\/accueil\/services\/renouvellement-et-reservation-de-documents\/\",\"url\":\"https:\/\/bibliotheque.cegepgarneau.ca\/index.php\/accueil\/services\/renouvellement-et-reservation-de-documents\/\",\"name\":\"Renouvellement et r\u00e9servation de documents - Biblioth\u00e8que C\u00e9gep Garneau\",\"isPartOf\":{\"@id\":\"https:\/\/bibliotheque.cegepgarneau.ca\/#website\"},\"datePublished\":\"2019-02-27T13:17:01+00:00\",\"dateModified\":\"2024-06-28T13:39:45+00:00\",\"breadcrumb\":{\"@id\":\"https:\/\/bibliotheque.cegepgarneau.ca\/index.php\/accueil\/services\/renouvellement-et-reservation-de-documents\/#breadcrumb\"},\"inLanguage\":\"fr-FR\",\"potentialAction\":[{\"@type\":\"ReadAction\",\"target\":[\"https:\/\/bibliotheque.cegepgarneau.ca\/index.php\/accueil\/services\/renouvellement-et-reservation-de-documents\/\"]}]},{\"@type\":\"BreadcrumbList\",\"@id\":\"https:\/\/bibliotheque.cegepgarneau.ca\/index.php\/accueil\/services\/renouvellement-et-reservation-de-documents\/#breadcrumb\",\"itemListElement\":[{\"@type\":\"ListItem\",\"position\":1,\"name\":\"Accueil\",\"item\":\"https:\/\/bibliotheque.cegepgarneau.ca\/\"},{\"@type\":\"ListItem\",\"position\":2,\"name\":\"Comptoir d\u2019accueil\ufeff\",\"item\":\"https:\/\/bibliotheque.cegepgarneau.ca\/index.php\/accueil\/services\/\"},{\"@type\":\"ListItem\",\"position\":3,\"name\":\"Renouvellement et r\u00e9servation de documents\"}]},{\"@type\":\"WebSite\",\"@id\":\"https:\/\/bibliotheque.cegepgarneau.ca\/#website\",\"url\":\"https:\/\/bibliotheque.cegepgarneau.ca\/\",\"name\":\"Biblioth\u00e8que C\u00e9gep Garneau\",\"description\":\"\",\"potentialAction\":[{\"@type\":\"SearchAction\",\"target\":{\"@type\":\"EntryPoint\",\"urlTemplate\":\"https:\/\/bibliotheque.cegepgarneau.ca\/?s={search_term_string}\"},\"query-input\":{\"@type\":\"PropertyValueSpecification\",\"valueRequired\":true,\"valueName\":\"search_term_string\"}}],\"inLanguage\":\"fr-FR\"}]}<\/script>\n<!-- \/ Yoast SEO plugin. -->","yoast_head_json":{"title":"Renouvellement et r\u00e9servation de documents - Biblioth\u00e8que C\u00e9gep Garneau","robots":{"index":"index","follow":"follow","max-snippet":"max-snippet:-1","max-image-preview":"max-image-preview:large","max-video-preview":"max-video-preview:-1"},"canonical":"https:\/\/bibliotheque.cegepgarneau.ca\/index.php\/accueil\/services\/renouvellement-et-reservation-de-documents\/","og_locale":"fr_FR","og_type":"article","og_title":"Renouvellement et r\u00e9servation de documents - Biblioth\u00e8que C\u00e9gep Garneau","og_description":"Renouvellement de documents Le pr\u00eat des documents peut habituellement \u00eatre renouvel\u00e9 jusqu\u2019\u00e0 5 fois. Consultez les r\u00e8gles de pr\u00eat pour votre cat\u00e9gorie d&#8217;usager, pour en savoir plus. Causes de l&#8217;\u00e9chec d&#8217;un renouvellement Le document est r\u00e9serv\u00e9 par un autre usager. Le nombre maximum de renouvellements permis est atteint. L\u2019usager a des frais \u00e0 payer dans [&hellip;]","og_url":"https:\/\/bibliotheque.cegepgarneau.ca\/index.php\/accueil\/services\/renouvellement-et-reservation-de-documents\/","og_site_name":"Biblioth\u00e8que C\u00e9gep Garneau","article_modified_time":"2024-06-28T13:39:45+00:00","twitter_card":"summary_large_image","twitter_misc":{"Dur\u00e9e de lecture estim\u00e9e":"1 minute"},"schema":{"@context":"https:\/\/schema.org","@graph":[{"@type":"WebPage","@id":"https:\/\/bibliotheque.cegepgarneau.ca\/index.php\/accueil\/services\/renouvellement-et-reservation-de-documents\/","url":"https:\/\/bibliotheque.cegepgarneau.ca\/index.php\/accueil\/services\/renouvellement-et-reservation-de-documents\/","name":"Renouvellement et r\u00e9servation de documents - Biblioth\u00e8que C\u00e9gep Garneau","isPartOf":{"@id":"https:\/\/bibliotheque.cegepgarneau.ca\/#website"},"datePublished":"2019-02-27T13:17:01+00:00","dateModified":"2024-06-28T13:39:45+00:00","breadcrumb":{"@id":"https:\/\/bibliotheque.cegepgarneau.ca\/index.php\/accueil\/services\/renouvellement-et-reservation-de-documents\/#breadcrumb"},"inLanguage":"fr-FR","potentialAction":[{"@type":"ReadAction","target":["https:\/\/bibliotheque.cegepgarneau.ca\/index.php\/accueil\/services\/renouvellement-et-reservation-de-documents\/"]}]},{"@type":"BreadcrumbList","@id":"https:\/\/bibliotheque.cegepgarneau.ca\/index.php\/accueil\/services\/renouvellement-et-reservation-de-documents\/#breadcrumb","itemListElement":[{"@type":"ListItem","position":1,"name":"Accueil","item":"https:\/\/bibliotheque.cegepgarneau.ca\/"},{"@type":"ListItem","position":2,"name":"Comptoir d\u2019accueil\ufeff","item":"https:\/\/bibliotheque.cegepgarneau.ca\/index.php\/accueil\/services\/"},{"@type":"ListItem","position":3,"name":"Renouvellement et r\u00e9servation de documents"}]},{"@type":"WebSite","@id":"https:\/\/bibliotheque.cegepgarneau.ca\/#website","url":"https:\/\/bibliotheque.cegepgarneau.ca\/","name":"Biblioth\u00e8que C\u00e9gep Garneau","description":"","potentialAction":[{"@type":"SearchAction","target":{"@type":"EntryPoint","urlTemplate":"https:\/\/bibliotheque.cegepgarneau.ca\/?s={search_term_string}"},"query-input":{"@type":"PropertyValueSpecification","valueRequired":true,"valueName":"search_term_string"}}],"inLanguage":"fr-FR"}]}},"_links":{"self":[{"href":"https:\/\/bibliotheque.cegepgarneau.ca\/index.php\/wp-json\/wp\/v2\/pages\/4269","targetHints":{"allow":["GET"]}}],"collection":[{"href":"https:\/\/bibliotheque.cegepgarneau.ca\/index.php\/wp-json\/wp\/v2\/pages"}],"about":[{"href":"https:\/\/bibliotheque.cegepgarneau.ca\/index.php\/wp-json\/wp\/v2\/types\/page"}],"author":[{"embeddable":true,"href":"https:\/\/bibliotheque.cegepgarneau.ca\/index.php\/wp-json\/wp\/v2\/users\/1"}],"replies":[{"embeddable":true,"href":"https:\/\/bibliotheque.cegepgarneau.ca\/index.php\/wp-json\/wp\/v2\/comments?post=4269"}],"version-history":[{"count":23,"href":"https:\/\/bibliotheque.cegepgarneau.ca\/index.php\/wp-json\/wp\/v2\/pages\/4269\/revisions"}],"predecessor-version":[{"id":17889,"href":"https:\/\/bibliotheque.cegepgarneau.ca\/index.php\/wp-json\/wp\/v2\/pages\/4269\/revisions\/17889"}],"up":[{"embeddable":true,"href":"https:\/\/bibliotheque.cegepgarneau.ca\/index.php\/wp-json\/wp\/v2\/pages\/4180"}],"wp:attachment":[{"href":"https:\/\/bibliotheque.cegepgarneau.ca\/index.php\/wp-json\/wp\/v2\/media?parent=4269"}],"curies":[{"name":"wp","href":"https:\/\/api.w.org\/{rel}","templated":true}]}}