{"id":4266,"date":"2019-02-27T14:15:27","date_gmt":"2019-02-27T13:15:27","guid":{"rendered":"http:\/\/cdm.cegepgarneau.ca\/?page_id=4266"},"modified":"2021-08-06T19:18:06","modified_gmt":"2021-08-06T18:18:06","slug":"regles-de-pret","status":"publish","type":"page","link":"https:\/\/bibliotheque.cegepgarneau.ca\/index.php\/accueil\/services\/regles-de-pret\/","title":{"rendered":"R\u00e8gles de pr\u00eat"},"content":{"rendered":"<p><!-- \/wp:post-content --><\/p>\r\n\r\n\r\n<hr \/>\r\n<div id=\"faq-9369\" class=\"arconix-faq-wrap\"><div id=\"faq-CATGORIESD8217ABONNS\" class=\"arconix-faq-title faq-closed\">CAT\u00c9GORIES D&#8217;ABONN\u00c9S<\/div><div class=\"arconix-faq-content faq-closed\"><p><strong>Cat\u00e9gories d&#8217;abonn\u00e9s<\/strong><\/p>\r\n<p><br \/>\r\n1. \u00c9TUDIANT :<\/p>\r\n<ul>\r\n\t<li>Tout \u00e9tudiant inscrit \u00e0 un programme offert au C\u00e9gep Garneau est abonn\u00e9, par d\u00e9faut, \u00e0 la biblioth\u00e8que.<\/li>\r\n\t<li>Les \u00e9tudiants inscrits \u00e0 la formation continue du C\u00e9gep Garneau et ceux inscrits \u00e0 l&#8217;Universit\u00e9 du Qu\u00e9bec \u00e0 Trois-Rivi\u00e8res font partie de cette cat\u00e9gorie.<\/li>\r\n\t<li>La carte \u00e9tudiante du C\u00e9gep Garneau avec photo (format num\u00e9rique ou plastique) est obligatoire pour toute op\u00e9ration au comptoir d&#8217;accueil: emprunter des documents ou du mat\u00e9riel, r\u00e9server ou renouveler un document, etc.<\/li>\r\n\t<li>La carte \u00e9tudiante en format num\u00e9rique est disponible avec l\u2019application \u00ab Omnivox mobile \u00bb. La carte se trouve dans le menu \u00ab Services \u00bb sous le nom \u00ab Carte \u00e9tudiante \u00bb. La carte num\u00e9rique est pr\u00eate instantan\u00e9ment. \u00c0 noter que les \u00e9tudiants de la Formation continue n\u2019ont pas acc\u00e8s \u00e0 la version num\u00e9rique de la carte.<\/li>\r\n\t<li>Pour obtenir une carte \u00e9tudiante en plastique, se pr\u00e9senter au local A-2185. Des frais de dix dollars (10,00 $) peuvent \u00eatre exig\u00e9s pour sa production ou son remplacement.<\/li>\r\n\t<li>Pour un \u00e9tudiant de deuxi\u00e8me (2e) ou troisi\u00e8me (3e) ann\u00e9e, la carte en plastique est encore valide \u00e0 condition de se procurer un autocollant (\u00e9tudiant \u00e0 temps plein seulement) au local A-2185.<\/li>\r\n\t<li>La prise de photo s\u2019effectue de deux (2) mani\u00e8res :<br \/>\r\n&#8211; La voie rapide : sur Omnivox, cliquer en haut \u00e0 droite sur &#8220;Soumettre votre photo&#8221;. <em>Attention, il faut respecter les crit\u00e8res pour que celle-ci soit approuv\u00e9e.<\/em><br \/>\r\n&#8211; La voie classique : se pr\u00e9senter au local A-2185. La carte \u00e9tudiante sera imprim\u00e9e sur place. Des frais de dix dollars (10,00 $) sont exig\u00e9s pour son remplacement.<\/li>\r\n<\/ul>\r\n<p>2. EMPLOY\u00c9 :<\/p>\r\n<ul>\r\n\t<li>Tout employ\u00e9 du C\u00e9gep Garneau b\u00e9n\u00e9ficie des services de la biblioth\u00e8que en fournissant son num\u00e9ro d\u2019employ\u00e9.<\/li>\r\n\t<li>Tout stagiaire ou tuteur externe fait partie de cette cat\u00e9gorie.<\/li>\r\n<\/ul>\r\n<p>3. RETRAIT\u00c9 :<\/p>\r\n<ul>\r\n\t<li>Un employ\u00e9 retrait\u00e9 du C\u00e9gep Garneau peut s&#8217;abonner sans frais \u00e0 la biblioth\u00e8que. Une carte d&#8217;abonn\u00e9 lui est remise.<\/li>\r\n<\/ul>\r\n<p>4. ABONN\u00c9 EXTERNE :<\/p>\r\n<ul>\r\n\t<li>Tout r\u00e9sident de la ville de Qu\u00e9bec (preuve de r\u00e9sidence \u00e0 l&#8217;appui) peut devenir un abonn\u00e9 externe.<\/li>\r\n\t<li>Tout employ\u00e9 contractuel du C\u00e9gep (personnel de la Coop, agent de s\u00e9curit\u00e9, personnel de l&#8217;entretien m\u00e9nager ou de la caf\u00e9t\u00e9ria) fait partie de cette cat\u00e9gorie.<\/li>\r\n\t<li>L&#8217;abonnement co\u00fbte vingt-cinq dollars (25,00 $) et s&#8217;\u00e9chelonne du 1er jour de la session d&#8217;automne au dernier jour de la session d&#8217;hiver.<\/li>\r\n\t<li>Une carte d&#8217;abonn\u00e9 est remise \u00e0 un nouvel abonn\u00e9.<\/li>\r\n<\/ul>\r\n<p>&nbsp;<\/p>\r\n<p>&nbsp;<\/p><\/div><\/div>\r\n<div id=\"faq-8355\" class=\"arconix-faq-wrap\"><div id=\"faq-TUDIANTS\" class=\"arconix-faq-title faq-closed\">\u00c9TUDIANTS<\/div><div class=\"arconix-faq-content faq-closed\"><p><img loading=\"lazy\" decoding=\"async\" class=\"alignnone size-full wp-image-9715\" src=\"\/wp-content\/uploads\/2022\/07\/pret_etudiants.2022.jpg\" alt=\"\" width=\"808\" height=\"830\" \/><\/p>\n<\/div><\/div>\r\n<div id=\"faq-8365\" class=\"arconix-faq-wrap\"><div id=\"faq-EMPLOYS\" class=\"arconix-faq-title faq-closed\">EMPLOY\u00c9S<\/div><div class=\"arconix-faq-content faq-closed\"><p><img loading=\"lazy\" decoding=\"async\" class=\"alignnone size-full wp-image-9713\" src=\"\/wp-content\/uploads\/2022\/07\/pret_employes.2022.jpg\" alt=\"\" width=\"808\" height=\"732\" \/><\/p>\n<\/div><\/div>\r\n<div id=\"faq-9679\" class=\"arconix-faq-wrap\"><div id=\"faq-RETRAITS\" class=\"arconix-faq-title faq-closed\">RETRAIT\u00c9S<\/div><div class=\"arconix-faq-content faq-closed\"><p><img loading=\"lazy\" decoding=\"async\" class=\"alignnone size-full wp-image-9718\" src=\"\/wp-content\/uploads\/2022\/07\/pret_retraites.2022.jpg\" alt=\"\" width=\"808\" height=\"519\" \/><\/p>\n<\/div><\/div>\r\n<div id=\"faq-8369\" class=\"arconix-faq-wrap\"><div id=\"faq-ABONNSEXTERNES\" class=\"arconix-faq-title faq-closed\">ABONN\u00c9S EXTERNES<\/div><div class=\"arconix-faq-content faq-closed\"><p><img loading=\"lazy\" decoding=\"async\" class=\"alignnone size-full wp-image-9717\" src=\"\/wp-content\/uploads\/2022\/07\/abonne.png\" alt=\"\" width=\"808\" height=\"577\" \/><\/p>\n<\/div><\/div>\r\n<p><!-- wp:tadv\/classic-paragraph \/--><\/p>\r\n<p><map id=\"map1565977373893\" name=\"map1565977373893\"> \r\n<area title=\"\" alt=\"\" coords=\"330,867,488,887\" shape=\"rect\" href=\"mailto:peb@cegepgarneau.ca\" target=\"_self\" \/>\r\n <\/map><\/p>\r\n<p><\/p>","protected":false},"excerpt":{"rendered":"","protected":false},"author":1,"featured_media":0,"parent":4180,"menu_order":0,"comment_status":"closed","ping_status":"closed","template":"","meta":{"_exactmetrics_skip_tracking":false,"_exactmetrics_sitenote_active":false,"_exactmetrics_sitenote_note":"","_exactmetrics_sitenote_category":0,"footnotes":""},"class_list":["post-4266","page","type-page","status-publish","hentry"],"yoast_head":"<!-- This site is optimized with the Yoast SEO plugin v26.8 - https:\/\/yoast.com\/product\/yoast-seo-wordpress\/ -->\n<title>R\u00e8gles de pr\u00eat - Biblioth\u00e8que C\u00e9gep Garneau<\/title>\n<meta name=\"robots\" content=\"index, follow, max-snippet:-1, max-image-preview:large, max-video-preview:-1\" \/>\n<link rel=\"canonical\" href=\"https:\/\/bibliotheque.cegepgarneau.ca\/index.php\/accueil\/services\/regles-de-pret\/\" \/>\n<meta property=\"og:locale\" content=\"fr_FR\" \/>\n<meta property=\"og:type\" content=\"article\" \/>\n<meta property=\"og:title\" content=\"R\u00e8gles de pr\u00eat - Biblioth\u00e8que C\u00e9gep Garneau\" \/>\n<meta property=\"og:url\" content=\"https:\/\/bibliotheque.cegepgarneau.ca\/index.php\/accueil\/services\/regles-de-pret\/\" \/>\n<meta property=\"og:site_name\" content=\"Biblioth\u00e8que C\u00e9gep Garneau\" \/>\n<meta property=\"article:modified_time\" content=\"2021-08-06T18:18:06+00:00\" \/>\n<meta name=\"twitter:card\" content=\"summary_large_image\" \/>\n<meta name=\"twitter:label1\" content=\"Dur\u00e9e de lecture estim\u00e9e\" \/>\n\t<meta name=\"twitter:data1\" content=\"1 minute\" \/>\n<script type=\"application\/ld+json\" class=\"yoast-schema-graph\">{\"@context\":\"https:\/\/schema.org\",\"@graph\":[{\"@type\":\"WebPage\",\"@id\":\"https:\/\/bibliotheque.cegepgarneau.ca\/index.php\/accueil\/services\/regles-de-pret\/\",\"url\":\"https:\/\/bibliotheque.cegepgarneau.ca\/index.php\/accueil\/services\/regles-de-pret\/\",\"name\":\"R\u00e8gles de pr\u00eat - Biblioth\u00e8que C\u00e9gep Garneau\",\"isPartOf\":{\"@id\":\"https:\/\/bibliotheque.cegepgarneau.ca\/#website\"},\"datePublished\":\"2019-02-27T13:15:27+00:00\",\"dateModified\":\"2021-08-06T18:18:06+00:00\",\"breadcrumb\":{\"@id\":\"https:\/\/bibliotheque.cegepgarneau.ca\/index.php\/accueil\/services\/regles-de-pret\/#breadcrumb\"},\"inLanguage\":\"fr-FR\",\"potentialAction\":[{\"@type\":\"ReadAction\",\"target\":[\"https:\/\/bibliotheque.cegepgarneau.ca\/index.php\/accueil\/services\/regles-de-pret\/\"]}]},{\"@type\":\"BreadcrumbList\",\"@id\":\"https:\/\/bibliotheque.cegepgarneau.ca\/index.php\/accueil\/services\/regles-de-pret\/#breadcrumb\",\"itemListElement\":[{\"@type\":\"ListItem\",\"position\":1,\"name\":\"Accueil\",\"item\":\"https:\/\/bibliotheque.cegepgarneau.ca\/\"},{\"@type\":\"ListItem\",\"position\":2,\"name\":\"Comptoir d\u2019accueil\ufeff\",\"item\":\"https:\/\/bibliotheque.cegepgarneau.ca\/index.php\/accueil\/services\/\"},{\"@type\":\"ListItem\",\"position\":3,\"name\":\"R\u00e8gles de pr\u00eat\"}]},{\"@type\":\"WebSite\",\"@id\":\"https:\/\/bibliotheque.cegepgarneau.ca\/#website\",\"url\":\"https:\/\/bibliotheque.cegepgarneau.ca\/\",\"name\":\"Biblioth\u00e8que C\u00e9gep Garneau\",\"description\":\"\",\"potentialAction\":[{\"@type\":\"SearchAction\",\"target\":{\"@type\":\"EntryPoint\",\"urlTemplate\":\"https:\/\/bibliotheque.cegepgarneau.ca\/?s={search_term_string}\"},\"query-input\":{\"@type\":\"PropertyValueSpecification\",\"valueRequired\":true,\"valueName\":\"search_term_string\"}}],\"inLanguage\":\"fr-FR\"}]}<\/script>\n<!-- \/ Yoast SEO plugin. -->","yoast_head_json":{"title":"R\u00e8gles de pr\u00eat - Biblioth\u00e8que C\u00e9gep Garneau","robots":{"index":"index","follow":"follow","max-snippet":"max-snippet:-1","max-image-preview":"max-image-preview:large","max-video-preview":"max-video-preview:-1"},"canonical":"https:\/\/bibliotheque.cegepgarneau.ca\/index.php\/accueil\/services\/regles-de-pret\/","og_locale":"fr_FR","og_type":"article","og_title":"R\u00e8gles de pr\u00eat - Biblioth\u00e8que C\u00e9gep Garneau","og_url":"https:\/\/bibliotheque.cegepgarneau.ca\/index.php\/accueil\/services\/regles-de-pret\/","og_site_name":"Biblioth\u00e8que C\u00e9gep Garneau","article_modified_time":"2021-08-06T18:18:06+00:00","twitter_card":"summary_large_image","twitter_misc":{"Dur\u00e9e de lecture estim\u00e9e":"1 minute"},"schema":{"@context":"https:\/\/schema.org","@graph":[{"@type":"WebPage","@id":"https:\/\/bibliotheque.cegepgarneau.ca\/index.php\/accueil\/services\/regles-de-pret\/","url":"https:\/\/bibliotheque.cegepgarneau.ca\/index.php\/accueil\/services\/regles-de-pret\/","name":"R\u00e8gles de pr\u00eat - Biblioth\u00e8que C\u00e9gep Garneau","isPartOf":{"@id":"https:\/\/bibliotheque.cegepgarneau.ca\/#website"},"datePublished":"2019-02-27T13:15:27+00:00","dateModified":"2021-08-06T18:18:06+00:00","breadcrumb":{"@id":"https:\/\/bibliotheque.cegepgarneau.ca\/index.php\/accueil\/services\/regles-de-pret\/#breadcrumb"},"inLanguage":"fr-FR","potentialAction":[{"@type":"ReadAction","target":["https:\/\/bibliotheque.cegepgarneau.ca\/index.php\/accueil\/services\/regles-de-pret\/"]}]},{"@type":"BreadcrumbList","@id":"https:\/\/bibliotheque.cegepgarneau.ca\/index.php\/accueil\/services\/regles-de-pret\/#breadcrumb","itemListElement":[{"@type":"ListItem","position":1,"name":"Accueil","item":"https:\/\/bibliotheque.cegepgarneau.ca\/"},{"@type":"ListItem","position":2,"name":"Comptoir d\u2019accueil\ufeff","item":"https:\/\/bibliotheque.cegepgarneau.ca\/index.php\/accueil\/services\/"},{"@type":"ListItem","position":3,"name":"R\u00e8gles de pr\u00eat"}]},{"@type":"WebSite","@id":"https:\/\/bibliotheque.cegepgarneau.ca\/#website","url":"https:\/\/bibliotheque.cegepgarneau.ca\/","name":"Biblioth\u00e8que C\u00e9gep Garneau","description":"","potentialAction":[{"@type":"SearchAction","target":{"@type":"EntryPoint","urlTemplate":"https:\/\/bibliotheque.cegepgarneau.ca\/?s={search_term_string}"},"query-input":{"@type":"PropertyValueSpecification","valueRequired":true,"valueName":"search_term_string"}}],"inLanguage":"fr-FR"}]}},"_links":{"self":[{"href":"https:\/\/bibliotheque.cegepgarneau.ca\/index.php\/wp-json\/wp\/v2\/pages\/4266","targetHints":{"allow":["GET"]}}],"collection":[{"href":"https:\/\/bibliotheque.cegepgarneau.ca\/index.php\/wp-json\/wp\/v2\/pages"}],"about":[{"href":"https:\/\/bibliotheque.cegepgarneau.ca\/index.php\/wp-json\/wp\/v2\/types\/page"}],"author":[{"embeddable":true,"href":"https:\/\/bibliotheque.cegepgarneau.ca\/index.php\/wp-json\/wp\/v2\/users\/1"}],"replies":[{"embeddable":true,"href":"https:\/\/bibliotheque.cegepgarneau.ca\/index.php\/wp-json\/wp\/v2\/comments?post=4266"}],"version-history":[{"count":72,"href":"https:\/\/bibliotheque.cegepgarneau.ca\/index.php\/wp-json\/wp\/v2\/pages\/4266\/revisions"}],"predecessor-version":[{"id":9685,"href":"https:\/\/bibliotheque.cegepgarneau.ca\/index.php\/wp-json\/wp\/v2\/pages\/4266\/revisions\/9685"}],"up":[{"embeddable":true,"href":"https:\/\/bibliotheque.cegepgarneau.ca\/index.php\/wp-json\/wp\/v2\/pages\/4180"}],"wp:attachment":[{"href":"https:\/\/bibliotheque.cegepgarneau.ca\/index.php\/wp-json\/wp\/v2\/media?parent=4266"}],"curies":[{"name":"wp","href":"https:\/\/api.w.org\/{rel}","templated":true}]}}