{"id":4186,"date":"2018-11-08T19:06:20","date_gmt":"2018-11-08T18:06:20","guid":{"rendered":"http:\/\/cdm.cegepgarneau.ca\/?page_id=4186"},"modified":"2024-05-22T13:20:38","modified_gmt":"2024-05-22T12:20:38","slug":"faq","status":"publish","type":"page","link":"https:\/\/bibliotheque.cegepgarneau.ca\/index.php\/accueil\/faq-2\/faq\/","title":{"rendered":"FAQ &#8211; Catalogue Koha"},"content":{"rendered":"<p><strong>Comment trouver un document \u00e0 la biblioth\u00e8que?<\/strong><\/p>\n<ul>\n<li>Dans le <a href=\"https:\/\/fxg.koha.collecto.ca\/\" target=\"_blank\" rel=\"noopener\"><span style=\"color: #3366ff;\">catalogue de la biblioth\u00e8que (Koha)<\/span><\/a>, inscrire un mot-cl\u00e9 ou une expression dans la bo\u00eete de recherche (cela peut \u00eatre le titre d&#8217;un document, un auteur ou un sujet de recherche) puis lancer la recherche;<\/li>\n<li>Dans l&#8217;exemplaire du document, v\u00e9rifier la localisation et le statut du document d\u00e9sir\u00e9, puis noter sa cote afin de le rep\u00e9rer sur les rayonnages de la biblioth\u00e8que.<\/li>\n<\/ul>\n<p>&nbsp;<\/p>\n<p><strong>Je n\u2019ai pas trouv\u00e9 de documents sur un sujet. Que faire?<\/strong><\/p>\n<ul>\n<li>V\u00e9rifier l\u2019orthographe du mot-cl\u00e9 ou de l\u2019expression inscrite dans la bo\u00eete de recherche;<\/li>\n<li>Essayer, si c\u2019est le cas, avec un seul mot-cl\u00e9 ou une seule expression;<\/li>\n<li>Inscrire un synonyme du sujet ou un terme plus g\u00e9n\u00e9ral qui englobe le sujet recherch\u00e9;<\/li>\n<li>Communiquer avec le personnel du <a href=\"https:\/\/bibliotheque.cegepgarneau.ca\/index.php\/accueil\/aide-a-la-recherche\/\"><span style=\"color: #3366ff;\">service d&#8217;aide \u00e0 la recherche<\/span><\/a><a href=\"\/index.php\/accueil\/aide-a-la-recherche\/\" target=\"_blank\" rel=\"noopener noreferrer\">,<\/a> au besoin.<\/li>\n<\/ul>\n<p>&nbsp;<\/p>\n<p><strong>Dois-je tenir compte des lettres devant la cote (R, FXG, BD, C, \u2026)?<\/strong><\/p>\n<ul>\n<li>Ces lettres r\u00e9f\u00e8rent \u00e0 un type de document particulier ou \u00e0 une localisation sp\u00e9cifique dans la biblioth\u00e8que. Elles facilitent le rep\u00e9rage;<\/li>\n<li>Le \u201cR\u201d devant une cote signifie qu\u2019il s\u2019agit d\u2019un ouvrage de r\u00e9f\u00e9rence et qu\u2019il ne peut pas \u00eatre emprunt\u00e9, mais seulement consult\u00e9 sur place. Un collant jaune, au-dessus de la cote, appara\u00eet sur le dos de ce livre;<\/li>\n<li>Le \u201cC\u201d devant une cote 800 signifie qu\u2019il s\u2019agit de litt\u00e9rature canadienne;<\/li>\n<li>Le \u201cFXG\u201d devant une cote signifie qu\u2019il s\u2019agit d&#8217;un document de la collection &#8220;Le pass\u00e9 simple&#8221;, localis\u00e9 au 2e \u00e9tage, dans la salle du m\u00eame nom.<\/li>\n<\/ul>\n<p>&nbsp;<\/p>\n<p><strong>Comment r\u00e9server un document?<\/strong><\/p>\n<ul>\n<li>Se connecter \u00e0 son compte personnel dans\u00a0<a href=\"https:\/\/fxg.koha.collecto.ca\/\" target=\"_blank\" rel=\"noopener\"><span style=\"text-decoration: underline;\"><span style=\"color: #3366ff; text-decoration: underline;\">Koha<\/span><\/span><\/a>, le catalogue de la biblioth\u00e8que, en suivant les instructions sur la page d&#8217;accueil, \u00e0 droite;<\/li>\n<li>Effectuer la recherche du document souhait\u00e9;<\/li>\n<li>Cliquer sur le titre du document d\u00e9sir\u00e9. Cliquer ensuite sur l&#8217;onglet \u201cR\u00e9server\u201d qui appara\u00eet \u00e0 droite de l\u2019\u00e9cran. Finalement, cliquer sur l&#8217;onglet &#8220;Confirmer la r\u00e9servation&#8221;;<\/li>\n<li>Si vous n\u2019\u00eates pas connect\u00e9 \u00e0 votre compte, une fen\u00eatre s\u2019affichera afin de proc\u00e9der \u00e0 la connexion;<\/li>\n<li>Il est aussi possible de r\u00e9server \u00e0 partir de la liste de r\u00e9sultats. Cliquer sur l\u2019onglet \u201cR\u00e9server\u201d en bas du r\u00e9sultat souhait\u00e9, puis cliquer sur &#8220;Confirmer la r\u00e9servation&#8221;.<\/li>\n<\/ul>\n<p><iframe loading=\"lazy\" title=\"YouTube video player\" src=\"https:\/\/www.youtube.com\/embed\/ewetnp1J1mI\" width=\"560\" height=\"315\" frameborder=\"0\" allowfullscreen=\"allowfullscreen\"><\/iframe><\/p>\n<p><iframe loading=\"lazy\" title=\"YouTube video player\" src=\"https:\/\/www.youtube.com\/embed\/Uc5txoT2lic\" width=\"560\" height=\"315\" frameborder=\"0\" allowfullscreen=\"allowfullscreen\"><\/iframe><br \/>\n\u00a0<\/p>\n<p><strong>Comment renouveler mes pr\u00eats de documents?<\/strong><\/p>\n<ul>\n<li>Se connecter \u00e0 son compte personnel dans\u00a0<a href=\"https:\/\/fxg.koha.collecto.ca\/\" target=\"_blank\" rel=\"noopener\"><span style=\"color: #3366ff;\">Koha<\/span><\/a>, le catalogue de la biblioth\u00e8que, en suivant les instructions sur la page d&#8217;accueil, \u00e0 droite;<\/li>\n<li>Dans la liste des documents en pr\u00eat, cocher, sous la colonne \u201cRenouveler\u201d, les documents \u00e0 renouveler;<\/li>\n<li>Cliquer ensuite sur \u201cRenouveler la s\u00e9lection\u201d, en bas du tableau de pr\u00eats;<\/li>\n<li>V\u00e9rifier la nouvelle date de retour, s\u2019il y a lieu;<\/li>\n<li>Si tous les documents sont \u00e0 renouveler, il n\u2019est pas n\u00e9cessaire de tous les cocher. Cliquer simplement sur \u201cTout renouveler\u201d, en bas du tableau des pr\u00eats.<\/li>\n<\/ul>\n<p>&nbsp;<\/p>\n<p><strong>Mon mot de passe ne fonctionne pas dans Koha. Que faire?<\/strong><\/p>\n<ul>\n<li>Essayer votre date de naissance sous la forme AAAAMMJJ (et non pas le mot de passe utilis\u00e9 pour se connecter au r\u00e9seau du C\u00e9gep). Sinon, cliquer sur &#8220;Mot de passe oubli\u00e9&#8221; en bas, \u00e0 droite sur la page d&#8217;accueil;<\/li>\n<p><img loading=\"lazy\" decoding=\"async\" class=\"alignnone size-full wp-image-8121\" src=\"\/wp-content\/uploads\/2024\/05\/koha_accueil.jpg\" alt=\"\" width=\"560\" height=\"315\"\/><\/p>\n<li>Une fois connect\u00e9 dans Koha, il est possible de modifier ce mot de passe. Cliquer sur &#8220;Changer le mot de passe&#8221; dans le menu, \u00e0 gauche.<\/li>\n<\/ul>\n","protected":false},"excerpt":{"rendered":"<p>Comment trouver un document \u00e0 la biblioth\u00e8que? Dans le catalogue de la biblioth\u00e8que (Koha), inscrire un mot-cl\u00e9 ou une expression dans la bo\u00eete de recherche (cela peut \u00eatre le titre d&#8217;un document, un auteur ou un sujet de recherche) puis lancer la recherche; Dans l&#8217;exemplaire du document, v\u00e9rifier la localisation et le statut du document [&hellip;]<\/p>\n","protected":false},"author":1,"featured_media":0,"parent":5494,"menu_order":0,"comment_status":"closed","ping_status":"closed","template":"","meta":{"_exactmetrics_skip_tracking":false,"_exactmetrics_sitenote_active":false,"_exactmetrics_sitenote_note":"","_exactmetrics_sitenote_category":0,"footnotes":""},"class_list":["post-4186","page","type-page","status-publish","hentry"],"yoast_head":"<!-- This site is optimized with the Yoast SEO plugin v26.8 - https:\/\/yoast.com\/product\/yoast-seo-wordpress\/ -->\n<title>FAQ - Catalogue Koha - Biblioth\u00e8que C\u00e9gep Garneau<\/title>\n<meta name=\"robots\" content=\"index, follow, max-snippet:-1, max-image-preview:large, max-video-preview:-1\" \/>\n<link rel=\"canonical\" href=\"https:\/\/bibliotheque.cegepgarneau.ca\/index.php\/accueil\/faq-2\/faq\/\" \/>\n<meta property=\"og:locale\" content=\"fr_FR\" \/>\n<meta property=\"og:type\" content=\"article\" \/>\n<meta property=\"og:title\" content=\"FAQ - Catalogue Koha - Biblioth\u00e8que C\u00e9gep Garneau\" \/>\n<meta property=\"og:description\" content=\"Comment trouver un document \u00e0 la biblioth\u00e8que? Dans le catalogue de la biblioth\u00e8que (Koha), inscrire un mot-cl\u00e9 ou une expression dans la bo\u00eete de recherche (cela peut \u00eatre le titre d&#8217;un document, un auteur ou un sujet de recherche) puis lancer la recherche; Dans l&#8217;exemplaire du document, v\u00e9rifier la localisation et le statut du document [&hellip;]\" \/>\n<meta property=\"og:url\" content=\"https:\/\/bibliotheque.cegepgarneau.ca\/index.php\/accueil\/faq-2\/faq\/\" \/>\n<meta property=\"og:site_name\" content=\"Biblioth\u00e8que C\u00e9gep Garneau\" \/>\n<meta property=\"article:modified_time\" content=\"2024-05-22T12:20:38+00:00\" \/>\n<meta name=\"twitter:card\" content=\"summary_large_image\" \/>\n<meta name=\"twitter:label1\" content=\"Dur\u00e9e de lecture estim\u00e9e\" \/>\n\t<meta name=\"twitter:data1\" content=\"3 minutes\" \/>\n<script type=\"application\/ld+json\" class=\"yoast-schema-graph\">{\"@context\":\"https:\/\/schema.org\",\"@graph\":[{\"@type\":\"WebPage\",\"@id\":\"https:\/\/bibliotheque.cegepgarneau.ca\/index.php\/accueil\/faq-2\/faq\/\",\"url\":\"https:\/\/bibliotheque.cegepgarneau.ca\/index.php\/accueil\/faq-2\/faq\/\",\"name\":\"FAQ - Catalogue Koha - Biblioth\u00e8que C\u00e9gep Garneau\",\"isPartOf\":{\"@id\":\"https:\/\/bibliotheque.cegepgarneau.ca\/#website\"},\"datePublished\":\"2018-11-08T18:06:20+00:00\",\"dateModified\":\"2024-05-22T12:20:38+00:00\",\"breadcrumb\":{\"@id\":\"https:\/\/bibliotheque.cegepgarneau.ca\/index.php\/accueil\/faq-2\/faq\/#breadcrumb\"},\"inLanguage\":\"fr-FR\",\"potentialAction\":[{\"@type\":\"ReadAction\",\"target\":[\"https:\/\/bibliotheque.cegepgarneau.ca\/index.php\/accueil\/faq-2\/faq\/\"]}]},{\"@type\":\"BreadcrumbList\",\"@id\":\"https:\/\/bibliotheque.cegepgarneau.ca\/index.php\/accueil\/faq-2\/faq\/#breadcrumb\",\"itemListElement\":[{\"@type\":\"ListItem\",\"position\":1,\"name\":\"Accueil\",\"item\":\"https:\/\/bibliotheque.cegepgarneau.ca\/\"},{\"@type\":\"ListItem\",\"position\":2,\"name\":\"FAQ\",\"item\":\"https:\/\/bibliotheque.cegepgarneau.ca\/index.php\/accueil\/faq-2\/\"},{\"@type\":\"ListItem\",\"position\":3,\"name\":\"FAQ &#8211; Catalogue Koha\"}]},{\"@type\":\"WebSite\",\"@id\":\"https:\/\/bibliotheque.cegepgarneau.ca\/#website\",\"url\":\"https:\/\/bibliotheque.cegepgarneau.ca\/\",\"name\":\"Biblioth\u00e8que C\u00e9gep Garneau\",\"description\":\"\",\"potentialAction\":[{\"@type\":\"SearchAction\",\"target\":{\"@type\":\"EntryPoint\",\"urlTemplate\":\"https:\/\/bibliotheque.cegepgarneau.ca\/?s={search_term_string}\"},\"query-input\":{\"@type\":\"PropertyValueSpecification\",\"valueRequired\":true,\"valueName\":\"search_term_string\"}}],\"inLanguage\":\"fr-FR\"}]}<\/script>\n<!-- \/ Yoast SEO plugin. -->","yoast_head_json":{"title":"FAQ - Catalogue Koha - Biblioth\u00e8que C\u00e9gep Garneau","robots":{"index":"index","follow":"follow","max-snippet":"max-snippet:-1","max-image-preview":"max-image-preview:large","max-video-preview":"max-video-preview:-1"},"canonical":"https:\/\/bibliotheque.cegepgarneau.ca\/index.php\/accueil\/faq-2\/faq\/","og_locale":"fr_FR","og_type":"article","og_title":"FAQ - Catalogue Koha - Biblioth\u00e8que C\u00e9gep Garneau","og_description":"Comment trouver un document \u00e0 la biblioth\u00e8que? Dans le catalogue de la biblioth\u00e8que (Koha), inscrire un mot-cl\u00e9 ou une expression dans la bo\u00eete de recherche (cela peut \u00eatre le titre d&#8217;un document, un auteur ou un sujet de recherche) puis lancer la recherche; Dans l&#8217;exemplaire du document, v\u00e9rifier la localisation et le statut du document [&hellip;]","og_url":"https:\/\/bibliotheque.cegepgarneau.ca\/index.php\/accueil\/faq-2\/faq\/","og_site_name":"Biblioth\u00e8que C\u00e9gep Garneau","article_modified_time":"2024-05-22T12:20:38+00:00","twitter_card":"summary_large_image","twitter_misc":{"Dur\u00e9e de lecture estim\u00e9e":"3 minutes"},"schema":{"@context":"https:\/\/schema.org","@graph":[{"@type":"WebPage","@id":"https:\/\/bibliotheque.cegepgarneau.ca\/index.php\/accueil\/faq-2\/faq\/","url":"https:\/\/bibliotheque.cegepgarneau.ca\/index.php\/accueil\/faq-2\/faq\/","name":"FAQ - Catalogue Koha - Biblioth\u00e8que C\u00e9gep Garneau","isPartOf":{"@id":"https:\/\/bibliotheque.cegepgarneau.ca\/#website"},"datePublished":"2018-11-08T18:06:20+00:00","dateModified":"2024-05-22T12:20:38+00:00","breadcrumb":{"@id":"https:\/\/bibliotheque.cegepgarneau.ca\/index.php\/accueil\/faq-2\/faq\/#breadcrumb"},"inLanguage":"fr-FR","potentialAction":[{"@type":"ReadAction","target":["https:\/\/bibliotheque.cegepgarneau.ca\/index.php\/accueil\/faq-2\/faq\/"]}]},{"@type":"BreadcrumbList","@id":"https:\/\/bibliotheque.cegepgarneau.ca\/index.php\/accueil\/faq-2\/faq\/#breadcrumb","itemListElement":[{"@type":"ListItem","position":1,"name":"Accueil","item":"https:\/\/bibliotheque.cegepgarneau.ca\/"},{"@type":"ListItem","position":2,"name":"FAQ","item":"https:\/\/bibliotheque.cegepgarneau.ca\/index.php\/accueil\/faq-2\/"},{"@type":"ListItem","position":3,"name":"FAQ &#8211; Catalogue Koha"}]},{"@type":"WebSite","@id":"https:\/\/bibliotheque.cegepgarneau.ca\/#website","url":"https:\/\/bibliotheque.cegepgarneau.ca\/","name":"Biblioth\u00e8que C\u00e9gep Garneau","description":"","potentialAction":[{"@type":"SearchAction","target":{"@type":"EntryPoint","urlTemplate":"https:\/\/bibliotheque.cegepgarneau.ca\/?s={search_term_string}"},"query-input":{"@type":"PropertyValueSpecification","valueRequired":true,"valueName":"search_term_string"}}],"inLanguage":"fr-FR"}]}},"_links":{"self":[{"href":"https:\/\/bibliotheque.cegepgarneau.ca\/index.php\/wp-json\/wp\/v2\/pages\/4186","targetHints":{"allow":["GET"]}}],"collection":[{"href":"https:\/\/bibliotheque.cegepgarneau.ca\/index.php\/wp-json\/wp\/v2\/pages"}],"about":[{"href":"https:\/\/bibliotheque.cegepgarneau.ca\/index.php\/wp-json\/wp\/v2\/types\/page"}],"author":[{"embeddable":true,"href":"https:\/\/bibliotheque.cegepgarneau.ca\/index.php\/wp-json\/wp\/v2\/users\/1"}],"replies":[{"embeddable":true,"href":"https:\/\/bibliotheque.cegepgarneau.ca\/index.php\/wp-json\/wp\/v2\/comments?post=4186"}],"version-history":[{"count":43,"href":"https:\/\/bibliotheque.cegepgarneau.ca\/index.php\/wp-json\/wp\/v2\/pages\/4186\/revisions"}],"predecessor-version":[{"id":17337,"href":"https:\/\/bibliotheque.cegepgarneau.ca\/index.php\/wp-json\/wp\/v2\/pages\/4186\/revisions\/17337"}],"up":[{"embeddable":true,"href":"https:\/\/bibliotheque.cegepgarneau.ca\/index.php\/wp-json\/wp\/v2\/pages\/5494"}],"wp:attachment":[{"href":"https:\/\/bibliotheque.cegepgarneau.ca\/index.php\/wp-json\/wp\/v2\/media?parent=4186"}],"curies":[{"name":"wp","href":"https:\/\/api.w.org\/{rel}","templated":true}]}}