{"id":19296,"date":"2025-02-17T14:39:18","date_gmt":"2025-02-17T13:39:18","guid":{"rendered":"https:\/\/bibliotheque.cegepgarneau.ca\/?page_id=19296"},"modified":"2025-09-05T16:10:37","modified_gmt":"2025-09-05T15:10:37","slug":"histoire-de-lart-des-styles-et-du-design","status":"publish","type":"page","link":"https:\/\/bibliotheque.cegepgarneau.ca\/index.php\/dossiers-thematiques\/histoire-de-lart-des-styles-et-du-design\/","title":{"rendered":"Histoire de l\u2019art des styles et du design"},"content":{"rendered":"<table style=\"width: 99.5239%; height: 1508px;\">\r\n<tbody>\r\n<tr>\r\n<td style=\"border: none; text-align: center; vertical-align: middle; width: 140.102%;\" colspan=\"2\">\r\n<p style=\"text-align: left;\">Cr\u00e9\u00e9e en collaboration avec les enseignant(e)s de la discipline Histoire de l\u2019art, la m\u00e9diagraphie suivante vous servira de point de d\u00e9part pour approfondir vos connaissances personnelles ou d\u00e9velopper un sujet de recherche sur ces diff\u00e9rentes \u00e9poques en histoire de l\u2019art, la m\u00e9diagraphie suivante vous servira de point de d\u00e9part pour approfondir vos connaissances personnelles ou <a href=\"https:\/\/bibliotheque.cegepgarneau.ca\/index.php\/accueil\/comment-chercher\/1-preparer\/\" target=\"_blank\" rel=\"noopener\"><span style=\"color: #3366ff;\">d\u00e9velopper un sujet de recherche<\/span><\/a> en lien avec cette th\u00e9matique.<\/p>\r\n<p style=\"text-align: left;\"><strong>Recherche d&#8217;information<\/strong><\/p>\r\n<p style=\"text-align: left;\">L\u2019utilisation des bons mots-cl\u00e9s est une \u00e9tape essentielle pour une recherche efficace. Voici les principaux mots-cl\u00e9s utilis\u00e9s pour \u00e9laborer cette m\u00e9diagraphie : Design \/ Designers \/ Meubles \/ D\u00e9coration int\u00e9rieure \/ Style Louis XV \/ Style Louis XVI \/ Architecture rococo \/ Futurisme (Art).<\/p>\r\n<p style=\"text-align: left;\">Pour pr\u00e9ciser davantage votre recherche, \u00ab <a href=\"https:\/\/bibliotheque.cegepgarneau.ca\/index.php\/accueil\/comment-chercher\/2-trouver\/\" target=\"_blank\" rel=\"noopener\"><span style=\"color: #3366ff;\">Formuler une \u00e9quation de recherche<\/span><\/a> \u00bb en combinant deux mots-cl\u00e9s. Par exemple : Design ET Histoire. N\u2019h\u00e9sitez pas \u00e0 les utiliser dans nos diff\u00e9rentes bases de donn\u00e9es via l\u2019onglet <em><a href=\"\/index.php\/accueil\/outils-de-recherche\/\" target=\"_blank\" rel=\"noopener\"><span style=\"color: #3366ff;\">Outils de recherche<\/span><\/a><\/em> pour trouver diff\u00e9rents types de documents.<\/p>\r\n<p style=\"text-align: left;\">Pour en savoir davantage, consultez la section <a href=\"\/index.php\/accueil\/comment-chercher\/\" target=\"_blank\" rel=\"noopener\"><span style=\"color: #3366ff;\"><em>Faire une recherche<\/em>.<\/span><\/a><\/p>\r\n<\/td>\r\n<\/tr>\r\n<tr style=\"height: 300px;\">\r\n<td style=\"border: none; text-align: center; vertical-align: middle; height: 200px; width: 50.4497%; font-size: 10px;\">\r\n<div class=\"wp-block-image\">\r\n<div class=\"wp-block-image\"><img loading=\"lazy\" decoding=\"async\" class=\"wpa-warning wpa-image-missing-alt alignnone  wp-image-19983\" src=\"https:\/\/bibliotheque.cegepgarneau.ca\/wp-content\/uploads\/2025\/09\/Styles-et-design-avant-1950-2-239x300.png\" alt=\"\" width=\"294\" height=\"369\" data-warning=\"Missing alt text\" srcset=\"https:\/\/bibliotheque.cegepgarneau.ca\/wp-content\/uploads\/2025\/09\/Styles-et-design-avant-1950-2-239x300.png 239w, https:\/\/bibliotheque.cegepgarneau.ca\/wp-content\/uploads\/2025\/09\/Styles-et-design-avant-1950-2.png 447w\" sizes=\"auto, (max-width: 294px) 100vw, 294px\" \/><\/div>\r\n\r\nRaymond Loewy, designer industriel influent aux \u00c9tats-Unis.<\/div>\r\n<div>\u00a0<\/div>\r\n<div>\u00a0<\/div>\r\n<div>\u00a0<\/div>\r\n<div>\u00a0<\/div>\r\n<div>\r\n<div class=\"wp-block-image\"><img loading=\"lazy\" decoding=\"async\" class=\"wpa-warning wpa-image-missing-alt alignnone  wp-image-19984\" src=\"https:\/\/bibliotheque.cegepgarneau.ca\/wp-content\/uploads\/2025\/09\/Styles-et-design-avant-1950-1-300x255.png\" alt=\"\" width=\"351\" height=\"298\" data-warning=\"Missing alt text\" srcset=\"https:\/\/bibliotheque.cegepgarneau.ca\/wp-content\/uploads\/2025\/09\/Styles-et-design-avant-1950-1-300x255.png 300w, https:\/\/bibliotheque.cegepgarneau.ca\/wp-content\/uploads\/2025\/09\/Styles-et-design-avant-1950-1.png 731w\" sizes=\"auto, (max-width: 351px) 100vw, 351px\" \/><\/div>\r\n\r\nDesign du style Hepplewhite tir\u00e9 de son guide publi\u00e9 en 1787.<\/div>\r\n<\/td>\r\n<td style=\"border: none; height: 200px; width: 89.6519%; text-align: left; vertical-align: middle;\">\r\n<h3><em>Styles et design avant 1950<\/em><\/h3>\r\n<p><strong>Livres<\/strong><\/p>\r\n<ul>\r\n\t<li><a href=\"https:\/\/fxg.koha.collecto.ca\/cgi-bin\/koha\/opac-detail.pl?biblionumber=203095\" target=\"_blank\" rel=\"noopener\">Le style Louis XV \/ Yves Carlier, 2023.<\/a><\/li>\r\n\t<li><a href=\"https:\/\/fxg.koha.collecto.ca\/cgi-bin\/koha\/opac-detail.pl?biblionumber=203097\" target=\"_blank\" rel=\"noopener\">Le guide des styles : les meubles \u00e0 toutes les \u00e9poques \/ Jean-Pierre Constant, 2018.<\/a><\/li>\r\n\t<li><a href=\"https:\/\/cyberlibris-garneau.proxy.collecto.ca\/catalog\/book\/docid\/88821099\" target=\"_blank\" rel=\"noopener\">L&#8217;ameublement fran\u00e7ais : 850 ans d&#8217;histoire \/ Jean-Charles Vogley, 2014.<\/a><\/li>\r\n\t<li><a href=\"https:\/\/fxg.koha.collecto.ca\/cgi-bin\/koha\/opac-detail.pl?biblionumber=168838\" target=\"_blank\" rel=\"noopener\">L&#8217;ABC des styles : [conna\u00eetre et reconna\u00eetre l&#8217;architecture et le mobilier] \/ \u00c9mile Bayard, 2012.<\/a><\/li>\r\n\t<li><a href=\"https:\/\/fxg.koha.collecto.ca\/cgi-bin\/koha\/opac-detail.pl?biblionumber=148581\" target=\"_blank\" rel=\"noopener\">Comment identifier&#8211; le mobilier : de la Renaissance \u00e0 l&#8217;art d\u00e9co \/ Luca Melegati, 2010.<\/a><\/li>\r\n\t<li><a href=\"https:\/\/fxg.koha.collecto.ca\/cgi-bin\/koha\/opac-detail.pl?biblionumber=73595\" target=\"_blank\" rel=\"noopener\">\u00c9tude des styles de mobilier \/ Andr\u00e9 Aussel, Charles Barjonet, 2009.<\/a><\/li>\r\n\t<li><a href=\"https:\/\/fxg.koha.collecto.ca\/cgi-bin\/koha\/opac-detail.pl?biblionumber=148551\" target=\"_blank\" rel=\"noopener\">Les styles Consulat et Empire \/ Christophe Huchet de Qu\u00e9netain, 2005.<\/a><\/li>\r\n\t<li><a href=\"https:\/\/fxg.koha.collecto.ca\/cgi-bin\/koha\/opac-detail.pl?biblionumber=74750\" target=\"_blank\" rel=\"noopener\">Le grand guide des styles \/ Jean Bedel, 2004.<\/a><\/li>\r\n\t<li><a href=\"https:\/\/fxg.koha.collecto.ca\/cgi-bin\/koha\/opac-detail.pl?biblionumber=203096\" target=\"_blank\" rel=\"noopener\">Les styles transition et Louis XVI \/ Anne Droguet, 2004.<\/a><\/li>\r\n\t<li><a href=\"https:\/\/fxg.koha.collecto.ca\/cgi-bin\/koha\/opac-detail.pl?biblionumber=74752\" target=\"_blank\" rel=\"noopener\">Tous les styles du Louis XIII \u00e0 l&#8217;art d\u00e9co \/ Sylvie Chadenet, 2004.<\/a><\/li>\r\n\t<li><a href=\"https:\/\/fxg.koha.collecto.ca\/cgi-bin\/koha\/opac-detail.pl?biblionumber=65734\" target=\"_blank\" rel=\"noopener\">Styles et couleurs : du XVIIIe si\u00e8cle \u00e0 nos jours \/ Judith Miller, 2001.<\/a><\/li>\r\n\t<li><a href=\"https:\/\/fxg.koha.collecto.ca\/cgi-bin\/koha\/opac-detail.pl?biblionumber=58371\" target=\"_blank\" rel=\"noopener\">Les styles du mobilier : ornementation et d\u00e9coration de l&#8217;Antiquit\u00e9 au XXe si\u00e8cle \/ Ernst Rettelbusch, 2000.<\/a><\/li>\r\n\t<li><a href=\"https:\/\/fxg.koha.collecto.ca\/cgi-bin\/koha\/opac-detail.pl?biblionumber=47926\" target=\"_blank\" rel=\"noopener\">Un art de vivre : le meuble de go\u00fbt \u00e0 l&#8217;\u00e9poque victorienne au Qu\u00e9bec, 1993.<\/a><\/li>\r\n\t<li><a href=\"https:\/\/fxg.koha.collecto.ca\/cgi-bin\/koha\/opac-detail.pl?biblionumber=41516\" target=\"_blank\" rel=\"noopener\">Les meubles \/ Guillaume Janneau.<\/a><\/li>\r\n<\/ul>\r\n<p><strong>Articles encyclop\u00e9diques<\/strong><\/p>\r\n<ul>\r\n\t<li><a href=\"https:\/\/universalis-garneau.proxy.collecto.ca\/encyclopedie\/adam-robert-et-james\/\" target=\"_blank\" rel=\"noopener\">Adam Robert (1728-1792) et James (1730-1794) \/ Colombe Samoyault-Verlet.<\/a><\/li>\r\n\t<li><a href=\"https:\/\/universalis-garneau.proxy.collecto.ca\/encyclopedie\/design\" target=\"_blank\" rel=\"noopener\">Design \/ Christine Colin.<\/a><\/li>\r\n\t<li><a href=\"https:\/\/universalis-garneau.proxy.collecto.ca\/encyclopedie\/george-hepplewhite\/\" target=\"_blank\" rel=\"noopener\">Hepplewhite George (mort en 1786).<\/a><\/li>\r\n\t<li><a href=\"https:\/\/universalis-garneau.proxy.collecto.ca\/encyclopedie\/mobilier\/\" target=\"_blank\" rel=\"noopener\">Mobilier \/ Colombe Samoyault-Verlet.<\/a><\/li>\r\n\t<li><a href=\"https:\/\/universalis-garneau.proxy.collecto.ca\/encyclopedie\/thomas-sheraton\" target=\"_blank\" rel=\"noopener\">Sheraton Thomas (1751-1806).<\/a><\/li>\r\n<\/ul>\r\n<p><strong>Articles de p\u00e9riodiques<\/strong><\/p>\r\n<ul>\r\n\t<li><a href=\"https:\/\/eureka-garneau.proxy.collecto.ca\/Link\/cfxg\/news%c2%b720230223%c2%b7OB%c2%b7185655314\" target=\"_blank\" rel=\"noopener\">L&#8217;Art d\u00e9co fait le beau \/ Dorane Vignando, 2023.<\/a><\/li>\r\n\t<li><a href=\"https:\/\/erudit-garneau.proxy.collecto.ca\/iderudit\/17331ac\" target=\"_blank\" rel=\"noopener\">Modernisme architectural : simplicit\u00e9 volontaire \/ Martin Dubois, 2008.<\/a><\/li>\r\n\t<li><a href=\"https:\/\/erudit-garneau.proxy.collecto.ca\/iderudit\/6921ac\" target=\"_blank\" rel=\"noopener\">Mobilier de salon victorien \/ Mario B\u00e9land, 2007.<\/a><\/li>\r\n\t<li><a href=\"https:\/\/erudit-garneau.proxy.collecto.ca\/iderudit\/17424ac\" target=\"_blank\" rel=\"noopener\">Mus\u00e9e de la civilisation : une histoire de meubles \/ Andr\u00e9e Gendreau, 2007.<\/a><\/li>\r\n\t<li><a href=\"https:\/\/erudit-garneau.proxy.collecto.ca\/iderudit\/16233ac\" target=\"_blank\" rel=\"noopener\">La dentelle de bois \/ Fran\u00e7ois Varin, 2002.<\/a><\/li>\r\n<\/ul>\r\n<\/td>\r\n<\/tr>\r\n<tr style=\"height: 300px;\">\r\n<td style=\"border: none; text-align: left; vertical-align: middle; height: 300px; width: 50.4497%;\">\r\n<h3><em>Styles et design de l\u2019\u00e9poque contemporaine<\/em><\/h3>\r\n<p><strong>Livres<\/strong><\/p>\r\n<ul>\r\n\t<li><a href=\"https:\/\/fxg.koha.collecto.ca\/cgi-bin\/koha\/opac-detail.pl?biblionumber=203097\" target=\"_blank\" rel=\"noopener\">Le guide des styles : les meubles \u00e0 toutes les \u00e9poques \/ Jean-Pierre Constant, 2018.<\/a><\/li>\r\n\t<li><a href=\"https:\/\/fxg.koha.collecto.ca\/cgi-bin\/koha\/opac-detail.pl?biblionumber=172354\" target=\"_blank\" rel=\"noopener\">Arts d\u00e9coratifs et design au Qu\u00e9bec : guide de collection \/ Paul Bourassa, 2016.<\/a><\/li>\r\n\t<li><a href=\"https:\/\/fxg.koha.collecto.ca\/cgi-bin\/koha\/opac-detail.pl?biblionumber=168838\" target=\"_blank\" rel=\"noopener\">L&#8217;ABC des styles : [conna\u00eetre et reconna\u00eetre l&#8217;architecture et le mobilier] \/ \u00c9mile Bayard, 2012.<\/a><\/li>\r\n\t<li><a href=\"https:\/\/fxg.koha.collecto.ca\/cgi-bin\/koha\/opac-detail.pl?biblionumber=73237\" target=\"_blank\" rel=\"noopener\">Histoire de la d\u00e9coration d&#8217;int\u00e9rieur : la philosophie de l&#8217;ameublement \/ Mario Praz, 2008.<\/a><\/li>\r\n\t<li><a href=\"https:\/\/fxg.koha.collecto.ca\/cgi-bin\/koha\/opac-detail.pl?biblionumber=68509\" target=\"_blank\" rel=\"noopener\">Style Provence \/ Marie-Catherine Chauvaud, 2006.<\/a><\/li>\r\n\t<li><a href=\"https:\/\/fxg.koha.collecto.ca\/cgi-bin\/koha\/opac-detail.pl?biblionumber=65734\" target=\"_blank\" rel=\"noopener\">Styles et couleurs : du XVIIIe si\u00e8cle \u00e0 nos jours \/ Judith Miller, 2001.<\/a><\/li>\r\n\t<li><a href=\"https:\/\/fxg.koha.collecto.ca\/cgi-bin\/koha\/opac-detail.pl?biblionumber=58371\" target=\"_blank\" rel=\"noopener\">Les styles du mobilier : ornementation et d\u00e9coration de l&#8217;Antiquit\u00e9 au XXe si\u00e8cle \/ Ernst Rettelbusch, 2000.<\/a><\/li>\r\n\t<li><a href=\"https:\/\/fxg.koha.collecto.ca\/cgi-bin\/koha\/opac-detail.pl?biblionumber=4700\" target=\"_blank\" rel=\"noopener\">Style brut \/ St\u00e9phane Guibourg\u00e9, 1999.<\/a><\/li>\r\n\t<li style=\"list-style-type: none;\">\u00a0<\/li>\r\n<\/ul>\r\n<p><strong>Article encyclop\u00e9dique<\/strong><\/p>\r\n<ul>\r\n\t<li><a href=\"https:\/\/universalis-garneau.proxy.collecto.ca\/encyclopedie\/design\" target=\"_blank\" rel=\"noopener\">Design \/ Christine Colin.<\/a><\/li>\r\n<\/ul>\r\n<p><strong>Articles de p\u00e9riodiques<\/strong><\/p>\r\n<ul>\r\n\t<li><a href=\"https:\/\/eureka-garneau.proxy.collecto.ca\/Link\/cfxg\/news%c2%b720221020%c2%b7PO%c2%b72620154000\" target=\"_blank\" rel=\"noopener\">La nouvelle vague du design fran\u00e7ais \/ Clara Le Fort, 2022.<\/a><\/li>\r\n\t<li><a href=\"https:\/\/erudit-garneau.proxy.collecto.ca\/iderudit\/1045199ar\" target=\"_blank\" rel=\"noopener\">\u00c0 propos d\u2019un design de proximit\u00e9 : l\u2019ethnodesign \/ Jocelyne Mathieu, 2017.<\/a><\/li>\r\n\t<li><a href=\"https:\/\/erudit-garneau.proxy.collecto.ca\/iderudit\/85836ac\" target=\"_blank\" rel=\"noopener\">De\u0301fricheur du design \/ M\u00e9lanie St-Hilaire, 2017.<\/a><\/li>\r\n\t<li><a href=\"https:\/\/erudit-garneau.proxy.collecto.ca\/iderudit\/79996ac\" target=\"_blank\" rel=\"noopener\">La flamme du design \/ Sylvie Toupin, 2016.<\/a><\/li>\r\n\t<li><a href=\"https:\/\/fxg.koha.collecto.ca\/cgi-bin\/koha\/opac-detail.pl?biblionumber=14764\" target=\"_blank\" rel=\"noopener\">Du dessein au design \/ Vie des arts, 2012.<\/a><\/li>\r\n<\/ul>\r\n<\/td>\r\n<td style=\"border: none; text-align: center; vertical-align: middle; height: 300px; width: 89.6519%; font-size: 10px;\">\r\n<div class=\"wp-block-image\"><br \/>\r\n<div class=\"wp-block-image\">\r\n<div class=\"wp-block-image\"><img loading=\"lazy\" decoding=\"async\" class=\"wpa-warning wpa-image-missing-alt alignnone  wp-image-19985\" src=\"https:\/\/bibliotheque.cegepgarneau.ca\/wp-content\/uploads\/2025\/09\/Styles-et-design-de-lepoque-contemporaine--231x300.png\" alt=\"\" width=\"369\" height=\"479\" data-warning=\"Missing alt text\" srcset=\"https:\/\/bibliotheque.cegepgarneau.ca\/wp-content\/uploads\/2025\/09\/Styles-et-design-de-lepoque-contemporaine--231x300.png 231w, https:\/\/bibliotheque.cegepgarneau.ca\/wp-content\/uploads\/2025\/09\/Styles-et-design-de-lepoque-contemporaine-.png 527w\" sizes=\"auto, (max-width: 369px) 100vw, 369px\" \/><\/div>\r\n<\/div>\r\n<\/div>\r\n<\/td>\r\n<\/tr>\r\n<\/tbody>\r\n<\/table>\r\n<hr \/>\r\n<p style=\"text-align: left; font-size: 11px;\">Source des images : La Biblioth\u00e8que utilise des images dont la licence autorise une utilisation libre et sans attribution. Cependant, notez que l&#8217;utilisation d&#8217;images libres de droits ne signifie pas que vous pouvez les utiliser sans restriction. Il est important de lire les conditions de chaque licence de droits d&#8217;auteur pour savoir si vous devez cr\u00e9diter l&#8217;auteur ou la source de l&#8217;image et comment le faire correctement.<\/p>\r\n","protected":false},"excerpt":{"rendered":"<p>Cr\u00e9\u00e9e en collaboration avec les enseignant(e)s de la discipline Histoire de l\u2019art, la m\u00e9diagraphie suivante vous servira de point de d\u00e9part pour approfondir vos connaissances personnelles ou d\u00e9velopper un sujet de recherche sur ces diff\u00e9rentes \u00e9poques en histoire de l\u2019art, la m\u00e9diagraphie suivante vous servira de point de d\u00e9part pour approfondir vos connaissances personnelles ou [&hellip;]<\/p>\n","protected":false},"author":1,"featured_media":0,"parent":11744,"menu_order":0,"comment_status":"closed","ping_status":"closed","template":"","meta":{"_exactmetrics_skip_tracking":false,"_exactmetrics_sitenote_active":false,"_exactmetrics_sitenote_note":"","_exactmetrics_sitenote_category":0,"footnotes":""},"class_list":["post-19296","page","type-page","status-publish","hentry"],"yoast_head":"<!-- This site is optimized with the Yoast SEO plugin v26.8 - https:\/\/yoast.com\/product\/yoast-seo-wordpress\/ -->\n<title>Histoire de l\u2019art des styles et du design - Biblioth\u00e8que C\u00e9gep Garneau<\/title>\n<meta name=\"robots\" content=\"index, follow, max-snippet:-1, max-image-preview:large, max-video-preview:-1\" \/>\n<link rel=\"canonical\" href=\"https:\/\/bibliotheque.cegepgarneau.ca\/index.php\/dossiers-thematiques\/histoire-de-lart-des-styles-et-du-design\/\" \/>\n<meta property=\"og:locale\" content=\"fr_FR\" \/>\n<meta property=\"og:type\" content=\"article\" \/>\n<meta property=\"og:title\" content=\"Histoire de l\u2019art des styles et du design - Biblioth\u00e8que C\u00e9gep Garneau\" \/>\n<meta property=\"og:description\" content=\"Cr\u00e9\u00e9e en collaboration avec les enseignant(e)s de la discipline Histoire de l\u2019art, la m\u00e9diagraphie suivante vous servira de point de d\u00e9part pour approfondir vos connaissances personnelles ou d\u00e9velopper un sujet de recherche sur ces diff\u00e9rentes \u00e9poques en histoire de l\u2019art, la m\u00e9diagraphie suivante vous servira de point de d\u00e9part pour approfondir vos connaissances personnelles ou [&hellip;]\" \/>\n<meta property=\"og:url\" content=\"https:\/\/bibliotheque.cegepgarneau.ca\/index.php\/dossiers-thematiques\/histoire-de-lart-des-styles-et-du-design\/\" \/>\n<meta property=\"og:site_name\" content=\"Biblioth\u00e8que C\u00e9gep Garneau\" \/>\n<meta property=\"article:modified_time\" content=\"2025-09-05T15:10:37+00:00\" \/>\n<meta property=\"og:image\" content=\"https:\/\/bibliotheque.cegepgarneau.ca\/wp-content\/uploads\/2025\/09\/Styles-et-design-avant-1950-2-239x300.png\" \/>\n<meta name=\"twitter:card\" content=\"summary_large_image\" \/>\n<meta name=\"twitter:label1\" content=\"Dur\u00e9e de lecture estim\u00e9e\" \/>\n\t<meta name=\"twitter:data1\" content=\"4 minutes\" \/>\n<script type=\"application\/ld+json\" class=\"yoast-schema-graph\">{\"@context\":\"https:\/\/schema.org\",\"@graph\":[{\"@type\":\"WebPage\",\"@id\":\"https:\/\/bibliotheque.cegepgarneau.ca\/index.php\/dossiers-thematiques\/histoire-de-lart-des-styles-et-du-design\/\",\"url\":\"https:\/\/bibliotheque.cegepgarneau.ca\/index.php\/dossiers-thematiques\/histoire-de-lart-des-styles-et-du-design\/\",\"name\":\"Histoire de l\u2019art des styles et du design - Biblioth\u00e8que C\u00e9gep Garneau\",\"isPartOf\":{\"@id\":\"https:\/\/bibliotheque.cegepgarneau.ca\/#website\"},\"primaryImageOfPage\":{\"@id\":\"https:\/\/bibliotheque.cegepgarneau.ca\/index.php\/dossiers-thematiques\/histoire-de-lart-des-styles-et-du-design\/#primaryimage\"},\"image\":{\"@id\":\"https:\/\/bibliotheque.cegepgarneau.ca\/index.php\/dossiers-thematiques\/histoire-de-lart-des-styles-et-du-design\/#primaryimage\"},\"thumbnailUrl\":\"https:\/\/bibliotheque.cegepgarneau.ca\/wp-content\/uploads\/2025\/09\/Styles-et-design-avant-1950-2-239x300.png\",\"datePublished\":\"2025-02-17T13:39:18+00:00\",\"dateModified\":\"2025-09-05T15:10:37+00:00\",\"breadcrumb\":{\"@id\":\"https:\/\/bibliotheque.cegepgarneau.ca\/index.php\/dossiers-thematiques\/histoire-de-lart-des-styles-et-du-design\/#breadcrumb\"},\"inLanguage\":\"fr-FR\",\"potentialAction\":[{\"@type\":\"ReadAction\",\"target\":[\"https:\/\/bibliotheque.cegepgarneau.ca\/index.php\/dossiers-thematiques\/histoire-de-lart-des-styles-et-du-design\/\"]}]},{\"@type\":\"ImageObject\",\"inLanguage\":\"fr-FR\",\"@id\":\"https:\/\/bibliotheque.cegepgarneau.ca\/index.php\/dossiers-thematiques\/histoire-de-lart-des-styles-et-du-design\/#primaryimage\",\"url\":\"https:\/\/bibliotheque.cegepgarneau.ca\/wp-content\/uploads\/2025\/09\/Styles-et-design-avant-1950-2.png\",\"contentUrl\":\"https:\/\/bibliotheque.cegepgarneau.ca\/wp-content\/uploads\/2025\/09\/Styles-et-design-avant-1950-2.png\",\"width\":447,\"height\":562},{\"@type\":\"BreadcrumbList\",\"@id\":\"https:\/\/bibliotheque.cegepgarneau.ca\/index.php\/dossiers-thematiques\/histoire-de-lart-des-styles-et-du-design\/#breadcrumb\",\"itemListElement\":[{\"@type\":\"ListItem\",\"position\":1,\"name\":\"Dossiers th\u00e9matiques\",\"item\":\"https:\/\/bibliotheque.cegepgarneau.ca\/index.php\/dossiers-thematiques\/\"},{\"@type\":\"ListItem\",\"position\":2,\"name\":\"Histoire de l\u2019art des styles et du design\"}]},{\"@type\":\"WebSite\",\"@id\":\"https:\/\/bibliotheque.cegepgarneau.ca\/#website\",\"url\":\"https:\/\/bibliotheque.cegepgarneau.ca\/\",\"name\":\"Biblioth\u00e8que C\u00e9gep Garneau\",\"description\":\"\",\"potentialAction\":[{\"@type\":\"SearchAction\",\"target\":{\"@type\":\"EntryPoint\",\"urlTemplate\":\"https:\/\/bibliotheque.cegepgarneau.ca\/?s={search_term_string}\"},\"query-input\":{\"@type\":\"PropertyValueSpecification\",\"valueRequired\":true,\"valueName\":\"search_term_string\"}}],\"inLanguage\":\"fr-FR\"}]}<\/script>\n<!-- \/ Yoast SEO plugin. -->","yoast_head_json":{"title":"Histoire de l\u2019art des styles et du design - Biblioth\u00e8que C\u00e9gep Garneau","robots":{"index":"index","follow":"follow","max-snippet":"max-snippet:-1","max-image-preview":"max-image-preview:large","max-video-preview":"max-video-preview:-1"},"canonical":"https:\/\/bibliotheque.cegepgarneau.ca\/index.php\/dossiers-thematiques\/histoire-de-lart-des-styles-et-du-design\/","og_locale":"fr_FR","og_type":"article","og_title":"Histoire de l\u2019art des styles et du design - Biblioth\u00e8que C\u00e9gep Garneau","og_description":"Cr\u00e9\u00e9e en collaboration avec les enseignant(e)s de la discipline Histoire de l\u2019art, la m\u00e9diagraphie suivante vous servira de point de d\u00e9part pour approfondir vos connaissances personnelles ou d\u00e9velopper un sujet de recherche sur ces diff\u00e9rentes \u00e9poques en histoire de l\u2019art, la m\u00e9diagraphie suivante vous servira de point de d\u00e9part pour approfondir vos connaissances personnelles ou [&hellip;]","og_url":"https:\/\/bibliotheque.cegepgarneau.ca\/index.php\/dossiers-thematiques\/histoire-de-lart-des-styles-et-du-design\/","og_site_name":"Biblioth\u00e8que C\u00e9gep Garneau","article_modified_time":"2025-09-05T15:10:37+00:00","og_image":[{"url":"https:\/\/bibliotheque.cegepgarneau.ca\/wp-content\/uploads\/2025\/09\/Styles-et-design-avant-1950-2-239x300.png","type":"","width":"","height":""}],"twitter_card":"summary_large_image","twitter_misc":{"Dur\u00e9e de lecture estim\u00e9e":"4 minutes"},"schema":{"@context":"https:\/\/schema.org","@graph":[{"@type":"WebPage","@id":"https:\/\/bibliotheque.cegepgarneau.ca\/index.php\/dossiers-thematiques\/histoire-de-lart-des-styles-et-du-design\/","url":"https:\/\/bibliotheque.cegepgarneau.ca\/index.php\/dossiers-thematiques\/histoire-de-lart-des-styles-et-du-design\/","name":"Histoire de l\u2019art des styles et du design - Biblioth\u00e8que C\u00e9gep Garneau","isPartOf":{"@id":"https:\/\/bibliotheque.cegepgarneau.ca\/#website"},"primaryImageOfPage":{"@id":"https:\/\/bibliotheque.cegepgarneau.ca\/index.php\/dossiers-thematiques\/histoire-de-lart-des-styles-et-du-design\/#primaryimage"},"image":{"@id":"https:\/\/bibliotheque.cegepgarneau.ca\/index.php\/dossiers-thematiques\/histoire-de-lart-des-styles-et-du-design\/#primaryimage"},"thumbnailUrl":"https:\/\/bibliotheque.cegepgarneau.ca\/wp-content\/uploads\/2025\/09\/Styles-et-design-avant-1950-2-239x300.png","datePublished":"2025-02-17T13:39:18+00:00","dateModified":"2025-09-05T15:10:37+00:00","breadcrumb":{"@id":"https:\/\/bibliotheque.cegepgarneau.ca\/index.php\/dossiers-thematiques\/histoire-de-lart-des-styles-et-du-design\/#breadcrumb"},"inLanguage":"fr-FR","potentialAction":[{"@type":"ReadAction","target":["https:\/\/bibliotheque.cegepgarneau.ca\/index.php\/dossiers-thematiques\/histoire-de-lart-des-styles-et-du-design\/"]}]},{"@type":"ImageObject","inLanguage":"fr-FR","@id":"https:\/\/bibliotheque.cegepgarneau.ca\/index.php\/dossiers-thematiques\/histoire-de-lart-des-styles-et-du-design\/#primaryimage","url":"https:\/\/bibliotheque.cegepgarneau.ca\/wp-content\/uploads\/2025\/09\/Styles-et-design-avant-1950-2.png","contentUrl":"https:\/\/bibliotheque.cegepgarneau.ca\/wp-content\/uploads\/2025\/09\/Styles-et-design-avant-1950-2.png","width":447,"height":562},{"@type":"BreadcrumbList","@id":"https:\/\/bibliotheque.cegepgarneau.ca\/index.php\/dossiers-thematiques\/histoire-de-lart-des-styles-et-du-design\/#breadcrumb","itemListElement":[{"@type":"ListItem","position":1,"name":"Dossiers th\u00e9matiques","item":"https:\/\/bibliotheque.cegepgarneau.ca\/index.php\/dossiers-thematiques\/"},{"@type":"ListItem","position":2,"name":"Histoire de l\u2019art des styles et du design"}]},{"@type":"WebSite","@id":"https:\/\/bibliotheque.cegepgarneau.ca\/#website","url":"https:\/\/bibliotheque.cegepgarneau.ca\/","name":"Biblioth\u00e8que C\u00e9gep Garneau","description":"","potentialAction":[{"@type":"SearchAction","target":{"@type":"EntryPoint","urlTemplate":"https:\/\/bibliotheque.cegepgarneau.ca\/?s={search_term_string}"},"query-input":{"@type":"PropertyValueSpecification","valueRequired":true,"valueName":"search_term_string"}}],"inLanguage":"fr-FR"}]}},"_links":{"self":[{"href":"https:\/\/bibliotheque.cegepgarneau.ca\/index.php\/wp-json\/wp\/v2\/pages\/19296","targetHints":{"allow":["GET"]}}],"collection":[{"href":"https:\/\/bibliotheque.cegepgarneau.ca\/index.php\/wp-json\/wp\/v2\/pages"}],"about":[{"href":"https:\/\/bibliotheque.cegepgarneau.ca\/index.php\/wp-json\/wp\/v2\/types\/page"}],"author":[{"embeddable":true,"href":"https:\/\/bibliotheque.cegepgarneau.ca\/index.php\/wp-json\/wp\/v2\/users\/1"}],"replies":[{"embeddable":true,"href":"https:\/\/bibliotheque.cegepgarneau.ca\/index.php\/wp-json\/wp\/v2\/comments?post=19296"}],"version-history":[{"count":82,"href":"https:\/\/bibliotheque.cegepgarneau.ca\/index.php\/wp-json\/wp\/v2\/pages\/19296\/revisions"}],"predecessor-version":[{"id":20021,"href":"https:\/\/bibliotheque.cegepgarneau.ca\/index.php\/wp-json\/wp\/v2\/pages\/19296\/revisions\/20021"}],"up":[{"embeddable":true,"href":"https:\/\/bibliotheque.cegepgarneau.ca\/index.php\/wp-json\/wp\/v2\/pages\/11744"}],"wp:attachment":[{"href":"https:\/\/bibliotheque.cegepgarneau.ca\/index.php\/wp-json\/wp\/v2\/media?parent=19296"}],"curies":[{"name":"wp","href":"https:\/\/api.w.org\/{rel}","templated":true}]}}