{"id":15782,"date":"2024-01-18T14:44:04","date_gmt":"2024-01-18T13:44:04","guid":{"rendered":"https:\/\/bibliotheque.cegepgarneau.ca\/?page_id=15782"},"modified":"2025-03-14T20:16:26","modified_gmt":"2025-03-14T19:16:26","slug":"biblio-secours","status":"publish","type":"page","link":"https:\/\/bibliotheque.cegepgarneau.ca\/index.php\/accueil\/biblio-secours\/","title":{"rendered":"Ateliers d&#8217;aide \u00e0 la r\u00e9ussite"},"content":{"rendered":"<table style=\"border-collapse: collapse; width: 100%;\">\n<tbody>\n<tr>\n<td style=\"border: medium; width: 50%; text-align: left; vertical-align: middle;\">\n<h4><strong>Biblio-secours <\/strong><\/h4>\n<p>L\u2019atelier Biblio-Secours est un service personnalis\u00e9 con\u00e7u pour vous assister dans vos travaux de recherche. Nos technicien(ne)s en documentation sont l\u00e0 pour vous aider \u00e0 trouver des sources d&#8217;information fiables et diversifi\u00e9es et \u00e0 citer correctement vos sources.<\/p>\n<p class=\"xelementtoproof\">N\u2019h\u00e9sitez pas \u00e0 vous inscrire si votre travail de recherche vous para\u00eet ardu, si vous avez des doutes ou des questionnements comme\u00a0:<\/p>\n<ul>\n<li>Je n\u2019ai rien trouv\u00e9 sur mon sujet.<\/li>\n<li>J\u2019ai\u00a0417 r\u00e9sultats de recherche, mais je n\u2019arrive pas \u00e0 choisir!<\/li>\n<li>J\u2019ai trouv\u00e9 plusieurs sources, mais je ne sais pas si elles sont fiables.<\/li>\n<li>J\u2019ai besoin d\u2019aide pour citer mes sources et faire ma bibliographie.<\/li>\n<\/ul>\n<p class=\"xelementtoproof\">La dur\u00e9e de l\u2019atelier est d\u2019une (1) heure maximum.<\/p>\n<p>Gr\u00e2ce \u00e0 ce service, vous pourrez \u00e9conomiser du temps, am\u00e9liorer la qualit\u00e9 de vos travaux et d\u00e9velopper vos comp\u00e9tences en recherche documentaire de mani\u00e8re pratique et efficace.<\/p>\n<p>Aussi offert aux \u00e9quipes de 2 \u00e0 6 personnes.<\/p>\n<\/td>\n<td style=\"border: none; width: 50%; text-align: center; vertical-align: middle;\">\n<div class=\"wp-block-image\"><img loading=\"lazy\" decoding=\"async\" class=\"wp-image-16080 aligncenter\" src=\"\/wp-content\/uploads\/2024\/02\/DSC03921-scaled.jpg\" alt=\"\" width=\"406\" height=\"271\" srcset=\"https:\/\/bibliotheque.cegepgarneau.ca\/wp-content\/uploads\/2024\/02\/DSC03921-scaled.jpg 2560w, https:\/\/bibliotheque.cegepgarneau.ca\/wp-content\/uploads\/2024\/02\/DSC03921-300x200.jpg 300w, https:\/\/bibliotheque.cegepgarneau.ca\/wp-content\/uploads\/2024\/02\/DSC03921-1024x683.jpg 1024w, https:\/\/bibliotheque.cegepgarneau.ca\/wp-content\/uploads\/2024\/02\/DSC03921-768x512.jpg 768w, https:\/\/bibliotheque.cegepgarneau.ca\/wp-content\/uploads\/2024\/02\/DSC03921-1536x1025.jpg 1536w, https:\/\/bibliotheque.cegepgarneau.ca\/wp-content\/uploads\/2024\/02\/DSC03921-2048x1366.jpg 2048w\" sizes=\"auto, (max-width: 406px) 100vw, 406px\" \/><\/div>\n<\/td>\n<\/tr>\n<\/tbody>\n<\/table>\n<h4><strong>S\u2019inscrire \u00e0 Biblio-secours :<br \/>\n<\/strong><\/h4>\n<p><span style=\"color: #3366ff;\"><div id=\"faq-16105\" class=\"arconix-faq-wrap\"><div id=\"faq-Formulaired8217inscription\" class=\"arconix-faq-title faq-closed\">Formulaire d&#8217;inscription<\/div><div class=\"arconix-faq-content faq-closed\"><table style=\"border-collapse: collapse; width: 100%;\">\n<tbody>\n<tr>\n<td style=\"border: none; width: 33.3333%; vertical-align: top; font-size: 12px;\"><strong>1.<\/strong> S\u00e9lectionner une date et une heure qui vous conviennent (s\u00e9lectionner une date pour voir les heures disponibles).<\/td>\n<td style=\"border: none; width: 33.3333%; vertical-align: top; font-size: 12px;\"><strong>2.<\/strong> Remplissez le formulaire (*obligatoire)<\/td>\n<td style=\"border: none; width: 33.3333%; vertical-align: top; font-size: 12px;\"><strong>3.<\/strong> Confirmer la r\u00e9servation en cliquant sur &#8220;R\u00e9server&#8221;<\/td>\n<\/tr>\n<\/tbody>\n<\/table>\n<p><iframe loading=\"lazy\" style=\"border: 0;\" src=\"https:\/\/outlook.office365.com\/owa\/calendar\/Biblosecours@edu.cegepgarneau.ca\/bookings\/\" width=\"100%\" height=\"1500px\" scrolling=\"yes\"><span style=\"display: inline-block; width: 0px; overflow: hidden; line-height: 0;\" data-mce-type=\"bookmark\" class=\"mce_SELRES_start\">\ufeff<\/span><\/iframe><\/p>\n<\/div><\/div><\/span><\/p>\n<hr \/>\n","protected":false},"excerpt":{"rendered":"<p>Biblio-secours L\u2019atelier Biblio-Secours est un service personnalis\u00e9 con\u00e7u pour vous assister dans vos travaux de recherche. Nos technicien(ne)s en documentation sont l\u00e0 pour vous aider \u00e0 trouver des sources d&#8217;information fiables et diversifi\u00e9es et \u00e0 citer correctement vos sources. N\u2019h\u00e9sitez pas \u00e0 vous inscrire si votre travail de recherche vous para\u00eet ardu, si vous avez [&hellip;]<\/p>\n","protected":false},"author":1,"featured_media":0,"parent":134,"menu_order":0,"comment_status":"closed","ping_status":"closed","template":"","meta":{"_exactmetrics_skip_tracking":false,"_exactmetrics_sitenote_active":false,"_exactmetrics_sitenote_note":"","_exactmetrics_sitenote_category":0,"footnotes":""},"class_list":["post-15782","page","type-page","status-publish","hentry"],"yoast_head":"<!-- This site is optimized with the Yoast SEO plugin v26.8 - https:\/\/yoast.com\/product\/yoast-seo-wordpress\/ -->\n<title>Ateliers d&#039;aide \u00e0 la r\u00e9ussite - Biblioth\u00e8que C\u00e9gep Garneau<\/title>\n<meta name=\"robots\" content=\"index, follow, max-snippet:-1, max-image-preview:large, max-video-preview:-1\" \/>\n<link rel=\"canonical\" href=\"https:\/\/bibliotheque.cegepgarneau.ca\/index.php\/accueil\/biblio-secours\/\" \/>\n<meta property=\"og:locale\" content=\"fr_FR\" \/>\n<meta property=\"og:type\" content=\"article\" \/>\n<meta property=\"og:title\" content=\"Ateliers d&#039;aide \u00e0 la r\u00e9ussite - Biblioth\u00e8que C\u00e9gep Garneau\" \/>\n<meta property=\"og:description\" content=\"Biblio-secours L\u2019atelier Biblio-Secours est un service personnalis\u00e9 con\u00e7u pour vous assister dans vos travaux de recherche. Nos technicien(ne)s en documentation sont l\u00e0 pour vous aider \u00e0 trouver des sources d&#8217;information fiables et diversifi\u00e9es et \u00e0 citer correctement vos sources. N\u2019h\u00e9sitez pas \u00e0 vous inscrire si votre travail de recherche vous para\u00eet ardu, si vous avez [&hellip;]\" \/>\n<meta property=\"og:url\" content=\"https:\/\/bibliotheque.cegepgarneau.ca\/index.php\/accueil\/biblio-secours\/\" \/>\n<meta property=\"og:site_name\" content=\"Biblioth\u00e8que C\u00e9gep Garneau\" \/>\n<meta property=\"article:modified_time\" content=\"2025-03-14T19:16:26+00:00\" \/>\n<meta name=\"twitter:card\" content=\"summary_large_image\" \/>\n<meta name=\"twitter:label1\" content=\"Dur\u00e9e de lecture estim\u00e9e\" \/>\n\t<meta name=\"twitter:data1\" content=\"1 minute\" \/>\n<script type=\"application\/ld+json\" class=\"yoast-schema-graph\">{\"@context\":\"https:\/\/schema.org\",\"@graph\":[{\"@type\":\"WebPage\",\"@id\":\"https:\/\/bibliotheque.cegepgarneau.ca\/index.php\/accueil\/biblio-secours\/\",\"url\":\"https:\/\/bibliotheque.cegepgarneau.ca\/index.php\/accueil\/biblio-secours\/\",\"name\":\"Ateliers d'aide \u00e0 la r\u00e9ussite - Biblioth\u00e8que C\u00e9gep Garneau\",\"isPartOf\":{\"@id\":\"https:\/\/bibliotheque.cegepgarneau.ca\/#website\"},\"datePublished\":\"2024-01-18T13:44:04+00:00\",\"dateModified\":\"2025-03-14T19:16:26+00:00\",\"breadcrumb\":{\"@id\":\"https:\/\/bibliotheque.cegepgarneau.ca\/index.php\/accueil\/biblio-secours\/#breadcrumb\"},\"inLanguage\":\"fr-FR\",\"potentialAction\":[{\"@type\":\"ReadAction\",\"target\":[\"https:\/\/bibliotheque.cegepgarneau.ca\/index.php\/accueil\/biblio-secours\/\"]}]},{\"@type\":\"BreadcrumbList\",\"@id\":\"https:\/\/bibliotheque.cegepgarneau.ca\/index.php\/accueil\/biblio-secours\/#breadcrumb\",\"itemListElement\":[{\"@type\":\"ListItem\",\"position\":1,\"name\":\"Accueil\",\"item\":\"https:\/\/bibliotheque.cegepgarneau.ca\/\"},{\"@type\":\"ListItem\",\"position\":2,\"name\":\"Ateliers d&#8217;aide \u00e0 la r\u00e9ussite\"}]},{\"@type\":\"WebSite\",\"@id\":\"https:\/\/bibliotheque.cegepgarneau.ca\/#website\",\"url\":\"https:\/\/bibliotheque.cegepgarneau.ca\/\",\"name\":\"Biblioth\u00e8que C\u00e9gep Garneau\",\"description\":\"\",\"potentialAction\":[{\"@type\":\"SearchAction\",\"target\":{\"@type\":\"EntryPoint\",\"urlTemplate\":\"https:\/\/bibliotheque.cegepgarneau.ca\/?s={search_term_string}\"},\"query-input\":{\"@type\":\"PropertyValueSpecification\",\"valueRequired\":true,\"valueName\":\"search_term_string\"}}],\"inLanguage\":\"fr-FR\"}]}<\/script>\n<!-- \/ Yoast SEO plugin. -->","yoast_head_json":{"title":"Ateliers d'aide \u00e0 la r\u00e9ussite - Biblioth\u00e8que C\u00e9gep Garneau","robots":{"index":"index","follow":"follow","max-snippet":"max-snippet:-1","max-image-preview":"max-image-preview:large","max-video-preview":"max-video-preview:-1"},"canonical":"https:\/\/bibliotheque.cegepgarneau.ca\/index.php\/accueil\/biblio-secours\/","og_locale":"fr_FR","og_type":"article","og_title":"Ateliers d'aide \u00e0 la r\u00e9ussite - Biblioth\u00e8que C\u00e9gep Garneau","og_description":"Biblio-secours L\u2019atelier Biblio-Secours est un service personnalis\u00e9 con\u00e7u pour vous assister dans vos travaux de recherche. Nos technicien(ne)s en documentation sont l\u00e0 pour vous aider \u00e0 trouver des sources d&#8217;information fiables et diversifi\u00e9es et \u00e0 citer correctement vos sources. N\u2019h\u00e9sitez pas \u00e0 vous inscrire si votre travail de recherche vous para\u00eet ardu, si vous avez [&hellip;]","og_url":"https:\/\/bibliotheque.cegepgarneau.ca\/index.php\/accueil\/biblio-secours\/","og_site_name":"Biblioth\u00e8que C\u00e9gep Garneau","article_modified_time":"2025-03-14T19:16:26+00:00","twitter_card":"summary_large_image","twitter_misc":{"Dur\u00e9e de lecture estim\u00e9e":"1 minute"},"schema":{"@context":"https:\/\/schema.org","@graph":[{"@type":"WebPage","@id":"https:\/\/bibliotheque.cegepgarneau.ca\/index.php\/accueil\/biblio-secours\/","url":"https:\/\/bibliotheque.cegepgarneau.ca\/index.php\/accueil\/biblio-secours\/","name":"Ateliers d'aide \u00e0 la r\u00e9ussite - Biblioth\u00e8que C\u00e9gep Garneau","isPartOf":{"@id":"https:\/\/bibliotheque.cegepgarneau.ca\/#website"},"datePublished":"2024-01-18T13:44:04+00:00","dateModified":"2025-03-14T19:16:26+00:00","breadcrumb":{"@id":"https:\/\/bibliotheque.cegepgarneau.ca\/index.php\/accueil\/biblio-secours\/#breadcrumb"},"inLanguage":"fr-FR","potentialAction":[{"@type":"ReadAction","target":["https:\/\/bibliotheque.cegepgarneau.ca\/index.php\/accueil\/biblio-secours\/"]}]},{"@type":"BreadcrumbList","@id":"https:\/\/bibliotheque.cegepgarneau.ca\/index.php\/accueil\/biblio-secours\/#breadcrumb","itemListElement":[{"@type":"ListItem","position":1,"name":"Accueil","item":"https:\/\/bibliotheque.cegepgarneau.ca\/"},{"@type":"ListItem","position":2,"name":"Ateliers d&#8217;aide \u00e0 la r\u00e9ussite"}]},{"@type":"WebSite","@id":"https:\/\/bibliotheque.cegepgarneau.ca\/#website","url":"https:\/\/bibliotheque.cegepgarneau.ca\/","name":"Biblioth\u00e8que C\u00e9gep Garneau","description":"","potentialAction":[{"@type":"SearchAction","target":{"@type":"EntryPoint","urlTemplate":"https:\/\/bibliotheque.cegepgarneau.ca\/?s={search_term_string}"},"query-input":{"@type":"PropertyValueSpecification","valueRequired":true,"valueName":"search_term_string"}}],"inLanguage":"fr-FR"}]}},"_links":{"self":[{"href":"https:\/\/bibliotheque.cegepgarneau.ca\/index.php\/wp-json\/wp\/v2\/pages\/15782","targetHints":{"allow":["GET"]}}],"collection":[{"href":"https:\/\/bibliotheque.cegepgarneau.ca\/index.php\/wp-json\/wp\/v2\/pages"}],"about":[{"href":"https:\/\/bibliotheque.cegepgarneau.ca\/index.php\/wp-json\/wp\/v2\/types\/page"}],"author":[{"embeddable":true,"href":"https:\/\/bibliotheque.cegepgarneau.ca\/index.php\/wp-json\/wp\/v2\/users\/1"}],"replies":[{"embeddable":true,"href":"https:\/\/bibliotheque.cegepgarneau.ca\/index.php\/wp-json\/wp\/v2\/comments?post=15782"}],"version-history":[{"count":31,"href":"https:\/\/bibliotheque.cegepgarneau.ca\/index.php\/wp-json\/wp\/v2\/pages\/15782\/revisions"}],"predecessor-version":[{"id":19494,"href":"https:\/\/bibliotheque.cegepgarneau.ca\/index.php\/wp-json\/wp\/v2\/pages\/15782\/revisions\/19494"}],"up":[{"embeddable":true,"href":"https:\/\/bibliotheque.cegepgarneau.ca\/index.php\/wp-json\/wp\/v2\/pages\/134"}],"wp:attachment":[{"href":"https:\/\/bibliotheque.cegepgarneau.ca\/index.php\/wp-json\/wp\/v2\/media?parent=15782"}],"curies":[{"name":"wp","href":"https:\/\/api.w.org\/{rel}","templated":true}]}}