{"id":15300,"date":"2023-11-20T14:33:54","date_gmt":"2023-11-20T13:33:54","guid":{"rendered":"https:\/\/bibliotheque.cegepgarneau.ca\/?page_id=15300"},"modified":"2023-11-20T14:36:04","modified_gmt":"2023-11-20T13:36:04","slug":"acces-a-distance","status":"publish","type":"page","link":"https:\/\/bibliotheque.cegepgarneau.ca\/index.php\/acces-a-distance\/","title":{"rendered":"Acc\u00e8s \u00e0 distance"},"content":{"rendered":"<p>Vous pouvez acc\u00e9der \u00e0 distance aux outils de recherche de la Biblioth\u00e8que, \u00e0 condition de vous identifier avec\u00a0:\u00a0<\/p>\n<ul>\n<li>Identifiant\u00a0: votre adresse courriel <em>@edu.cegepgarneau.ca<\/em> (Microsoft 365)<span style=\"color: #ff0000;\"> *<\/span><\/li>\n<li>Mot de passe\u00a0: le m\u00eame que sur Omnivox<\/li>\n<\/ul>\n<p><span style=\"color: #ff0000;\">*<\/span> Pour conna\u00eetre votre adresse courriel du C\u00e9gep\u202f:\u00a0<\/p>\n<table style=\"border-collapse: collapse; width: 99.6944%;\">\n<tbody>\n<tr>\n<td style=\"border: none; width: 39.8167%;\">\n<div class=\"wp-block-image\"><img loading=\"lazy\" decoding=\"async\" class=\"alignnone size-full wp-image-15308\" src=\"https:\/\/bibliotheque.cegepgarneau.ca\/wp-content\/uploads\/2023\/11\/acces-a-distance2.png\" alt=\"\" width=\"351\" height=\"523\" srcset=\"https:\/\/bibliotheque.cegepgarneau.ca\/wp-content\/uploads\/2023\/11\/acces-a-distance2.png 351w, https:\/\/bibliotheque.cegepgarneau.ca\/wp-content\/uploads\/2023\/11\/acces-a-distance2-201x300.png 201w\" sizes=\"auto, (max-width: 351px) 100vw, 351px\" \/><\/div>\n<\/td>\n<td style=\"border: none; width: 59.8778%; text-align: left; vertical-align: top;\">\n<h4>\u00a0<\/h4>\n<h5>1. Connectez-vous \u00e0 Omnivox<\/h5>\n<h5>\u00a0<\/h5>\n<h5>2. Dans le menu \u00e0 gauche, sous <strong>Services du C\u00e9gep<\/strong>, cliquez sur <strong>Microsoft 365<\/strong>.<\/h5>\n<h5>\u00a0<\/h5>\n<h5>3. Une nouvelle page s\u2019ouvre avec un message indiquant votre adresse courriel du C\u00e9gep.<\/h5>\n<\/td>\n<\/tr>\n<\/tbody>\n<\/table>\n","protected":false},"excerpt":{"rendered":"<p>Vous pouvez acc\u00e9der \u00e0 distance aux outils de recherche de la Biblioth\u00e8que, \u00e0 condition de vous identifier avec\u00a0:\u00a0 Identifiant\u00a0: votre adresse courriel @edu.cegepgarneau.ca (Microsoft 365) * Mot de passe\u00a0: le m\u00eame que sur Omnivox * Pour conna\u00eetre votre adresse courriel du C\u00e9gep\u202f:\u00a0 \u00a0 1. Connectez-vous \u00e0 Omnivox \u00a0 2. Dans le menu \u00e0 gauche, sous [&hellip;]<\/p>\n","protected":false},"author":1,"featured_media":0,"parent":0,"menu_order":0,"comment_status":"closed","ping_status":"closed","template":"","meta":{"_exactmetrics_skip_tracking":false,"_exactmetrics_sitenote_active":false,"_exactmetrics_sitenote_note":"","_exactmetrics_sitenote_category":0,"footnotes":""},"class_list":["post-15300","page","type-page","status-publish","hentry"],"yoast_head":"<!-- This site is optimized with the Yoast SEO plugin v26.8 - https:\/\/yoast.com\/product\/yoast-seo-wordpress\/ -->\n<title>Acc\u00e8s \u00e0 distance - Biblioth\u00e8que C\u00e9gep Garneau<\/title>\n<meta name=\"robots\" content=\"index, follow, max-snippet:-1, max-image-preview:large, max-video-preview:-1\" \/>\n<link rel=\"canonical\" href=\"https:\/\/bibliotheque.cegepgarneau.ca\/index.php\/acces-a-distance\/\" \/>\n<meta property=\"og:locale\" content=\"fr_FR\" \/>\n<meta property=\"og:type\" content=\"article\" \/>\n<meta property=\"og:title\" content=\"Acc\u00e8s \u00e0 distance - Biblioth\u00e8que C\u00e9gep Garneau\" \/>\n<meta property=\"og:description\" content=\"Vous pouvez acc\u00e9der \u00e0 distance aux outils de recherche de la Biblioth\u00e8que, \u00e0 condition de vous identifier avec\u00a0:\u00a0 Identifiant\u00a0: votre adresse courriel @edu.cegepgarneau.ca (Microsoft 365) * Mot de passe\u00a0: le m\u00eame que sur Omnivox * Pour conna\u00eetre votre adresse courriel du C\u00e9gep\u202f:\u00a0 \u00a0 1. Connectez-vous \u00e0 Omnivox \u00a0 2. Dans le menu \u00e0 gauche, sous [&hellip;]\" \/>\n<meta property=\"og:url\" content=\"https:\/\/bibliotheque.cegepgarneau.ca\/index.php\/acces-a-distance\/\" \/>\n<meta property=\"og:site_name\" content=\"Biblioth\u00e8que C\u00e9gep Garneau\" \/>\n<meta property=\"article:modified_time\" content=\"2023-11-20T13:36:04+00:00\" \/>\n<meta property=\"og:image\" content=\"https:\/\/bibliotheque.cegepgarneau.ca\/wp-content\/uploads\/2023\/11\/acces-a-distance2.png\" \/>\n<meta name=\"twitter:card\" content=\"summary_large_image\" \/>\n<meta name=\"twitter:label1\" content=\"Dur\u00e9e de lecture estim\u00e9e\" \/>\n\t<meta name=\"twitter:data1\" content=\"1 minute\" \/>\n<script type=\"application\/ld+json\" class=\"yoast-schema-graph\">{\"@context\":\"https:\/\/schema.org\",\"@graph\":[{\"@type\":\"WebPage\",\"@id\":\"https:\/\/bibliotheque.cegepgarneau.ca\/index.php\/acces-a-distance\/\",\"url\":\"https:\/\/bibliotheque.cegepgarneau.ca\/index.php\/acces-a-distance\/\",\"name\":\"Acc\u00e8s \u00e0 distance - Biblioth\u00e8que C\u00e9gep Garneau\",\"isPartOf\":{\"@id\":\"https:\/\/bibliotheque.cegepgarneau.ca\/#website\"},\"primaryImageOfPage\":{\"@id\":\"https:\/\/bibliotheque.cegepgarneau.ca\/index.php\/acces-a-distance\/#primaryimage\"},\"image\":{\"@id\":\"https:\/\/bibliotheque.cegepgarneau.ca\/index.php\/acces-a-distance\/#primaryimage\"},\"thumbnailUrl\":\"https:\/\/bibliotheque.cegepgarneau.ca\/wp-content\/uploads\/2023\/11\/acces-a-distance2.png\",\"datePublished\":\"2023-11-20T13:33:54+00:00\",\"dateModified\":\"2023-11-20T13:36:04+00:00\",\"inLanguage\":\"fr-FR\",\"potentialAction\":[{\"@type\":\"ReadAction\",\"target\":[\"https:\/\/bibliotheque.cegepgarneau.ca\/index.php\/acces-a-distance\/\"]}]},{\"@type\":\"ImageObject\",\"inLanguage\":\"fr-FR\",\"@id\":\"https:\/\/bibliotheque.cegepgarneau.ca\/index.php\/acces-a-distance\/#primaryimage\",\"url\":\"https:\/\/bibliotheque.cegepgarneau.ca\/wp-content\/uploads\/2023\/11\/acces-a-distance2.png\",\"contentUrl\":\"https:\/\/bibliotheque.cegepgarneau.ca\/wp-content\/uploads\/2023\/11\/acces-a-distance2.png\",\"width\":351,\"height\":523},{\"@type\":\"WebSite\",\"@id\":\"https:\/\/bibliotheque.cegepgarneau.ca\/#website\",\"url\":\"https:\/\/bibliotheque.cegepgarneau.ca\/\",\"name\":\"Biblioth\u00e8que C\u00e9gep Garneau\",\"description\":\"\",\"potentialAction\":[{\"@type\":\"SearchAction\",\"target\":{\"@type\":\"EntryPoint\",\"urlTemplate\":\"https:\/\/bibliotheque.cegepgarneau.ca\/?s={search_term_string}\"},\"query-input\":{\"@type\":\"PropertyValueSpecification\",\"valueRequired\":true,\"valueName\":\"search_term_string\"}}],\"inLanguage\":\"fr-FR\"}]}<\/script>\n<!-- \/ Yoast SEO plugin. -->","yoast_head_json":{"title":"Acc\u00e8s \u00e0 distance - Biblioth\u00e8que C\u00e9gep Garneau","robots":{"index":"index","follow":"follow","max-snippet":"max-snippet:-1","max-image-preview":"max-image-preview:large","max-video-preview":"max-video-preview:-1"},"canonical":"https:\/\/bibliotheque.cegepgarneau.ca\/index.php\/acces-a-distance\/","og_locale":"fr_FR","og_type":"article","og_title":"Acc\u00e8s \u00e0 distance - Biblioth\u00e8que C\u00e9gep Garneau","og_description":"Vous pouvez acc\u00e9der \u00e0 distance aux outils de recherche de la Biblioth\u00e8que, \u00e0 condition de vous identifier avec\u00a0:\u00a0 Identifiant\u00a0: votre adresse courriel @edu.cegepgarneau.ca (Microsoft 365) * Mot de passe\u00a0: le m\u00eame que sur Omnivox * Pour conna\u00eetre votre adresse courriel du C\u00e9gep\u202f:\u00a0 \u00a0 1. Connectez-vous \u00e0 Omnivox \u00a0 2. Dans le menu \u00e0 gauche, sous [&hellip;]","og_url":"https:\/\/bibliotheque.cegepgarneau.ca\/index.php\/acces-a-distance\/","og_site_name":"Biblioth\u00e8que C\u00e9gep Garneau","article_modified_time":"2023-11-20T13:36:04+00:00","og_image":[{"url":"https:\/\/bibliotheque.cegepgarneau.ca\/wp-content\/uploads\/2023\/11\/acces-a-distance2.png","type":"","width":"","height":""}],"twitter_card":"summary_large_image","twitter_misc":{"Dur\u00e9e de lecture estim\u00e9e":"1 minute"},"schema":{"@context":"https:\/\/schema.org","@graph":[{"@type":"WebPage","@id":"https:\/\/bibliotheque.cegepgarneau.ca\/index.php\/acces-a-distance\/","url":"https:\/\/bibliotheque.cegepgarneau.ca\/index.php\/acces-a-distance\/","name":"Acc\u00e8s \u00e0 distance - Biblioth\u00e8que C\u00e9gep Garneau","isPartOf":{"@id":"https:\/\/bibliotheque.cegepgarneau.ca\/#website"},"primaryImageOfPage":{"@id":"https:\/\/bibliotheque.cegepgarneau.ca\/index.php\/acces-a-distance\/#primaryimage"},"image":{"@id":"https:\/\/bibliotheque.cegepgarneau.ca\/index.php\/acces-a-distance\/#primaryimage"},"thumbnailUrl":"https:\/\/bibliotheque.cegepgarneau.ca\/wp-content\/uploads\/2023\/11\/acces-a-distance2.png","datePublished":"2023-11-20T13:33:54+00:00","dateModified":"2023-11-20T13:36:04+00:00","inLanguage":"fr-FR","potentialAction":[{"@type":"ReadAction","target":["https:\/\/bibliotheque.cegepgarneau.ca\/index.php\/acces-a-distance\/"]}]},{"@type":"ImageObject","inLanguage":"fr-FR","@id":"https:\/\/bibliotheque.cegepgarneau.ca\/index.php\/acces-a-distance\/#primaryimage","url":"https:\/\/bibliotheque.cegepgarneau.ca\/wp-content\/uploads\/2023\/11\/acces-a-distance2.png","contentUrl":"https:\/\/bibliotheque.cegepgarneau.ca\/wp-content\/uploads\/2023\/11\/acces-a-distance2.png","width":351,"height":523},{"@type":"WebSite","@id":"https:\/\/bibliotheque.cegepgarneau.ca\/#website","url":"https:\/\/bibliotheque.cegepgarneau.ca\/","name":"Biblioth\u00e8que C\u00e9gep Garneau","description":"","potentialAction":[{"@type":"SearchAction","target":{"@type":"EntryPoint","urlTemplate":"https:\/\/bibliotheque.cegepgarneau.ca\/?s={search_term_string}"},"query-input":{"@type":"PropertyValueSpecification","valueRequired":true,"valueName":"search_term_string"}}],"inLanguage":"fr-FR"}]}},"_links":{"self":[{"href":"https:\/\/bibliotheque.cegepgarneau.ca\/index.php\/wp-json\/wp\/v2\/pages\/15300","targetHints":{"allow":["GET"]}}],"collection":[{"href":"https:\/\/bibliotheque.cegepgarneau.ca\/index.php\/wp-json\/wp\/v2\/pages"}],"about":[{"href":"https:\/\/bibliotheque.cegepgarneau.ca\/index.php\/wp-json\/wp\/v2\/types\/page"}],"author":[{"embeddable":true,"href":"https:\/\/bibliotheque.cegepgarneau.ca\/index.php\/wp-json\/wp\/v2\/users\/1"}],"replies":[{"embeddable":true,"href":"https:\/\/bibliotheque.cegepgarneau.ca\/index.php\/wp-json\/wp\/v2\/comments?post=15300"}],"version-history":[{"count":6,"href":"https:\/\/bibliotheque.cegepgarneau.ca\/index.php\/wp-json\/wp\/v2\/pages\/15300\/revisions"}],"predecessor-version":[{"id":15309,"href":"https:\/\/bibliotheque.cegepgarneau.ca\/index.php\/wp-json\/wp\/v2\/pages\/15300\/revisions\/15309"}],"wp:attachment":[{"href":"https:\/\/bibliotheque.cegepgarneau.ca\/index.php\/wp-json\/wp\/v2\/media?parent=15300"}],"curies":[{"name":"wp","href":"https:\/\/api.w.org\/{rel}","templated":true}]}}