{"id":14713,"date":"2023-08-16T15:59:43","date_gmt":"2023-08-16T14:59:43","guid":{"rendered":"https:\/\/bibliotheque.cegepgarneau.ca\/?page_id=14713"},"modified":"2023-12-21T15:49:54","modified_gmt":"2023-12-21T14:49:54","slug":"echappez-vous-de-la-bibliotheque","status":"publish","type":"page","link":"https:\/\/bibliotheque.cegepgarneau.ca\/index.php\/echappez-vous-de-la-bibliotheque\/","title":{"rendered":"\u00c9chappez-vous de la Biblioth\u00e8que!"},"content":{"rendered":"<h4><a href=\"https:\/\/view.genial.ly\/64404b4e388dba0018c5d450\/interactive-content-echappez-vous-de-la-bibliotheque-2\" target=\"_blank\" rel=\"noopener\"><span style=\"color: #3366ff;\">Jeu d\u2019\u00e9vasion en ligne\u00a0: <\/span><em><span style=\"color: #3366ff;\">\u00c9chappez-vous de la Biblioth\u00e8que!<\/span><\/em><\/a><\/h4>\n<p>Ce jeu d\u2019\u00e9vasion en ligne d\u00e9veloppe certaines habilet\u00e9s de base pour la recherche d\u2019information\u00a0: trouver un livre imprim\u00e9, une ressource \u00e9lectronique, r\u00e9diger une notice bibliographique en utilisant l\u2019Indispensable. Les joueurs et joueuses se prom\u00e8nent dans une version virtuelle de la Biblioth\u00e8que et effectuent des t\u00e2ches de recherche simples, autour d\u2019une th\u00e9matique li\u00e9e \u00e0 la litt\u00e9rature.<\/p>\n<p>Le jeu dure de 30 \u00e0 40 minutes et peut se d\u00e9rouler en classe ou \u00e0 distance. Il est destin\u00e9 aux nouvelles personnes \u00e9tudiantes, plus particuli\u00e8rement celles inscrites au cours de litt\u00e9rature 101.<\/p>\n<p>Le guide des professeur.es contient toutes les informations n\u00e9cessaires \u00e0 la mise en \u0153uvre du jeu dans votre classe, de m\u00eame qu\u2019un guide pas \u00e0 pas pour r\u00e9soudre les \u00e9nigmes du jeu.<\/p>\n<ul>\n<li><span style=\"color: #3366ff;\"><a style=\"color: #3366ff;\" href=\"https:\/\/bibliotheque.cegepgarneau.ca\/wp-content\/uploads\/2023\/12\/Guide-prof-Jeu-devasion-Bibliotheque.pdf\" target=\"_blank\" rel=\"noopener\">Guide des professeur.es<\/a><\/span><\/li>\n<li><span style=\"color: #3366ff;\"><a style=\"color: #3366ff;\" href=\"https:\/\/bibliotheque.cegepgarneau.ca\/wp-content\/uploads\/2023\/12\/Consigne-Echappez-vous-de-la-Bibliotheque.docx\" target=\"_blank\" rel=\"noopener\">Consignes<\/a><\/span><\/li>\n<\/ul>\n<div class=\"wp-block-image\"><a href=\"https:\/\/view.genial.ly\/64404b4e388dba0018c5d450\/interactive-content-echappez-vous-de-la-bibliotheque-2\" target=\"_blank\" rel=\"noopener\"><img loading=\"lazy\" decoding=\"async\" class=\"alignnone size-full wp-image-14726\" src=\"https:\/\/bibliotheque.cegepgarneau.ca\/wp-content\/uploads\/2023\/08\/jeudevasion.png\" alt=\"\" width=\"583\" height=\"325\" srcset=\"https:\/\/bibliotheque.cegepgarneau.ca\/wp-content\/uploads\/2023\/08\/jeudevasion.png 583w, https:\/\/bibliotheque.cegepgarneau.ca\/wp-content\/uploads\/2023\/08\/jeudevasion-300x167.png 300w\" sizes=\"auto, (max-width: 583px) 100vw, 583px\" \/><\/a><\/div>\n","protected":false},"excerpt":{"rendered":"<p>Jeu d\u2019\u00e9vasion en ligne\u00a0: \u00c9chappez-vous de la Biblioth\u00e8que! Ce jeu d\u2019\u00e9vasion en ligne d\u00e9veloppe certaines habilet\u00e9s de base pour la recherche d\u2019information\u00a0: trouver un livre imprim\u00e9, une ressource \u00e9lectronique, r\u00e9diger une notice bibliographique en utilisant l\u2019Indispensable. Les joueurs et joueuses se prom\u00e8nent dans une version virtuelle de la Biblioth\u00e8que et effectuent des t\u00e2ches de recherche [&hellip;]<\/p>\n","protected":false},"author":1,"featured_media":0,"parent":0,"menu_order":0,"comment_status":"closed","ping_status":"closed","template":"","meta":{"_exactmetrics_skip_tracking":false,"_exactmetrics_sitenote_active":false,"_exactmetrics_sitenote_note":"","_exactmetrics_sitenote_category":0,"footnotes":""},"class_list":["post-14713","page","type-page","status-publish","hentry"],"yoast_head":"<!-- This site is optimized with the Yoast SEO plugin v26.8 - https:\/\/yoast.com\/product\/yoast-seo-wordpress\/ -->\n<title>\u00c9chappez-vous de la Biblioth\u00e8que! - Biblioth\u00e8que C\u00e9gep Garneau<\/title>\n<meta name=\"robots\" content=\"index, follow, max-snippet:-1, max-image-preview:large, max-video-preview:-1\" \/>\n<link rel=\"canonical\" href=\"https:\/\/bibliotheque.cegepgarneau.ca\/index.php\/echappez-vous-de-la-bibliotheque\/\" \/>\n<meta property=\"og:locale\" content=\"fr_FR\" \/>\n<meta property=\"og:type\" content=\"article\" \/>\n<meta property=\"og:title\" content=\"\u00c9chappez-vous de la Biblioth\u00e8que! - Biblioth\u00e8que C\u00e9gep Garneau\" \/>\n<meta property=\"og:description\" content=\"Jeu d\u2019\u00e9vasion en ligne\u00a0: \u00c9chappez-vous de la Biblioth\u00e8que! Ce jeu d\u2019\u00e9vasion en ligne d\u00e9veloppe certaines habilet\u00e9s de base pour la recherche d\u2019information\u00a0: trouver un livre imprim\u00e9, une ressource \u00e9lectronique, r\u00e9diger une notice bibliographique en utilisant l\u2019Indispensable. Les joueurs et joueuses se prom\u00e8nent dans une version virtuelle de la Biblioth\u00e8que et effectuent des t\u00e2ches de recherche [&hellip;]\" \/>\n<meta property=\"og:url\" content=\"https:\/\/bibliotheque.cegepgarneau.ca\/index.php\/echappez-vous-de-la-bibliotheque\/\" \/>\n<meta property=\"og:site_name\" content=\"Biblioth\u00e8que C\u00e9gep Garneau\" \/>\n<meta property=\"article:modified_time\" content=\"2023-12-21T14:49:54+00:00\" \/>\n<meta property=\"og:image\" content=\"https:\/\/bibliotheque.cegepgarneau.ca\/wp-content\/uploads\/2023\/08\/jeudevasion.png\" \/>\n<meta name=\"twitter:card\" content=\"summary_large_image\" \/>\n<meta name=\"twitter:label1\" content=\"Dur\u00e9e de lecture estim\u00e9e\" \/>\n\t<meta name=\"twitter:data1\" content=\"1 minute\" \/>\n<script type=\"application\/ld+json\" class=\"yoast-schema-graph\">{\"@context\":\"https:\/\/schema.org\",\"@graph\":[{\"@type\":\"WebPage\",\"@id\":\"https:\/\/bibliotheque.cegepgarneau.ca\/index.php\/echappez-vous-de-la-bibliotheque\/\",\"url\":\"https:\/\/bibliotheque.cegepgarneau.ca\/index.php\/echappez-vous-de-la-bibliotheque\/\",\"name\":\"\u00c9chappez-vous de la Biblioth\u00e8que! - Biblioth\u00e8que C\u00e9gep Garneau\",\"isPartOf\":{\"@id\":\"https:\/\/bibliotheque.cegepgarneau.ca\/#website\"},\"primaryImageOfPage\":{\"@id\":\"https:\/\/bibliotheque.cegepgarneau.ca\/index.php\/echappez-vous-de-la-bibliotheque\/#primaryimage\"},\"image\":{\"@id\":\"https:\/\/bibliotheque.cegepgarneau.ca\/index.php\/echappez-vous-de-la-bibliotheque\/#primaryimage\"},\"thumbnailUrl\":\"https:\/\/bibliotheque.cegepgarneau.ca\/wp-content\/uploads\/2023\/08\/jeudevasion.png\",\"datePublished\":\"2023-08-16T14:59:43+00:00\",\"dateModified\":\"2023-12-21T14:49:54+00:00\",\"inLanguage\":\"fr-FR\",\"potentialAction\":[{\"@type\":\"ReadAction\",\"target\":[\"https:\/\/bibliotheque.cegepgarneau.ca\/index.php\/echappez-vous-de-la-bibliotheque\/\"]}]},{\"@type\":\"ImageObject\",\"inLanguage\":\"fr-FR\",\"@id\":\"https:\/\/bibliotheque.cegepgarneau.ca\/index.php\/echappez-vous-de-la-bibliotheque\/#primaryimage\",\"url\":\"https:\/\/bibliotheque.cegepgarneau.ca\/wp-content\/uploads\/2023\/08\/jeudevasion.png\",\"contentUrl\":\"https:\/\/bibliotheque.cegepgarneau.ca\/wp-content\/uploads\/2023\/08\/jeudevasion.png\",\"width\":583,\"height\":325},{\"@type\":\"WebSite\",\"@id\":\"https:\/\/bibliotheque.cegepgarneau.ca\/#website\",\"url\":\"https:\/\/bibliotheque.cegepgarneau.ca\/\",\"name\":\"Biblioth\u00e8que C\u00e9gep Garneau\",\"description\":\"\",\"potentialAction\":[{\"@type\":\"SearchAction\",\"target\":{\"@type\":\"EntryPoint\",\"urlTemplate\":\"https:\/\/bibliotheque.cegepgarneau.ca\/?s={search_term_string}\"},\"query-input\":{\"@type\":\"PropertyValueSpecification\",\"valueRequired\":true,\"valueName\":\"search_term_string\"}}],\"inLanguage\":\"fr-FR\"}]}<\/script>\n<!-- \/ Yoast SEO plugin. -->","yoast_head_json":{"title":"\u00c9chappez-vous de la Biblioth\u00e8que! - Biblioth\u00e8que C\u00e9gep Garneau","robots":{"index":"index","follow":"follow","max-snippet":"max-snippet:-1","max-image-preview":"max-image-preview:large","max-video-preview":"max-video-preview:-1"},"canonical":"https:\/\/bibliotheque.cegepgarneau.ca\/index.php\/echappez-vous-de-la-bibliotheque\/","og_locale":"fr_FR","og_type":"article","og_title":"\u00c9chappez-vous de la Biblioth\u00e8que! - Biblioth\u00e8que C\u00e9gep Garneau","og_description":"Jeu d\u2019\u00e9vasion en ligne\u00a0: \u00c9chappez-vous de la Biblioth\u00e8que! Ce jeu d\u2019\u00e9vasion en ligne d\u00e9veloppe certaines habilet\u00e9s de base pour la recherche d\u2019information\u00a0: trouver un livre imprim\u00e9, une ressource \u00e9lectronique, r\u00e9diger une notice bibliographique en utilisant l\u2019Indispensable. Les joueurs et joueuses se prom\u00e8nent dans une version virtuelle de la Biblioth\u00e8que et effectuent des t\u00e2ches de recherche [&hellip;]","og_url":"https:\/\/bibliotheque.cegepgarneau.ca\/index.php\/echappez-vous-de-la-bibliotheque\/","og_site_name":"Biblioth\u00e8que C\u00e9gep Garneau","article_modified_time":"2023-12-21T14:49:54+00:00","og_image":[{"url":"https:\/\/bibliotheque.cegepgarneau.ca\/wp-content\/uploads\/2023\/08\/jeudevasion.png","type":"","width":"","height":""}],"twitter_card":"summary_large_image","twitter_misc":{"Dur\u00e9e de lecture estim\u00e9e":"1 minute"},"schema":{"@context":"https:\/\/schema.org","@graph":[{"@type":"WebPage","@id":"https:\/\/bibliotheque.cegepgarneau.ca\/index.php\/echappez-vous-de-la-bibliotheque\/","url":"https:\/\/bibliotheque.cegepgarneau.ca\/index.php\/echappez-vous-de-la-bibliotheque\/","name":"\u00c9chappez-vous de la Biblioth\u00e8que! - Biblioth\u00e8que C\u00e9gep Garneau","isPartOf":{"@id":"https:\/\/bibliotheque.cegepgarneau.ca\/#website"},"primaryImageOfPage":{"@id":"https:\/\/bibliotheque.cegepgarneau.ca\/index.php\/echappez-vous-de-la-bibliotheque\/#primaryimage"},"image":{"@id":"https:\/\/bibliotheque.cegepgarneau.ca\/index.php\/echappez-vous-de-la-bibliotheque\/#primaryimage"},"thumbnailUrl":"https:\/\/bibliotheque.cegepgarneau.ca\/wp-content\/uploads\/2023\/08\/jeudevasion.png","datePublished":"2023-08-16T14:59:43+00:00","dateModified":"2023-12-21T14:49:54+00:00","inLanguage":"fr-FR","potentialAction":[{"@type":"ReadAction","target":["https:\/\/bibliotheque.cegepgarneau.ca\/index.php\/echappez-vous-de-la-bibliotheque\/"]}]},{"@type":"ImageObject","inLanguage":"fr-FR","@id":"https:\/\/bibliotheque.cegepgarneau.ca\/index.php\/echappez-vous-de-la-bibliotheque\/#primaryimage","url":"https:\/\/bibliotheque.cegepgarneau.ca\/wp-content\/uploads\/2023\/08\/jeudevasion.png","contentUrl":"https:\/\/bibliotheque.cegepgarneau.ca\/wp-content\/uploads\/2023\/08\/jeudevasion.png","width":583,"height":325},{"@type":"WebSite","@id":"https:\/\/bibliotheque.cegepgarneau.ca\/#website","url":"https:\/\/bibliotheque.cegepgarneau.ca\/","name":"Biblioth\u00e8que C\u00e9gep Garneau","description":"","potentialAction":[{"@type":"SearchAction","target":{"@type":"EntryPoint","urlTemplate":"https:\/\/bibliotheque.cegepgarneau.ca\/?s={search_term_string}"},"query-input":{"@type":"PropertyValueSpecification","valueRequired":true,"valueName":"search_term_string"}}],"inLanguage":"fr-FR"}]}},"_links":{"self":[{"href":"https:\/\/bibliotheque.cegepgarneau.ca\/index.php\/wp-json\/wp\/v2\/pages\/14713","targetHints":{"allow":["GET"]}}],"collection":[{"href":"https:\/\/bibliotheque.cegepgarneau.ca\/index.php\/wp-json\/wp\/v2\/pages"}],"about":[{"href":"https:\/\/bibliotheque.cegepgarneau.ca\/index.php\/wp-json\/wp\/v2\/types\/page"}],"author":[{"embeddable":true,"href":"https:\/\/bibliotheque.cegepgarneau.ca\/index.php\/wp-json\/wp\/v2\/users\/1"}],"replies":[{"embeddable":true,"href":"https:\/\/bibliotheque.cegepgarneau.ca\/index.php\/wp-json\/wp\/v2\/comments?post=14713"}],"version-history":[{"count":11,"href":"https:\/\/bibliotheque.cegepgarneau.ca\/index.php\/wp-json\/wp\/v2\/pages\/14713\/revisions"}],"predecessor-version":[{"id":14722,"href":"https:\/\/bibliotheque.cegepgarneau.ca\/index.php\/wp-json\/wp\/v2\/pages\/14713\/revisions\/14722"}],"wp:attachment":[{"href":"https:\/\/bibliotheque.cegepgarneau.ca\/index.php\/wp-json\/wp\/v2\/media?parent=14713"}],"curies":[{"name":"wp","href":"https:\/\/api.w.org\/{rel}","templated":true}]}}