{"id":134,"date":"2015-05-12T15:55:33","date_gmt":"2015-05-12T14:55:33","guid":{"rendered":"http:\/\/biblio.cegepgarneau.ca\/wordpress\/?page_id=134"},"modified":"2026-03-16T12:43:43","modified_gmt":"2026-03-16T11:43:43","slug":"accueil","status":"publish","type":"page","link":"https:\/\/bibliotheque.cegepgarneau.ca\/","title":{"rendered":"Accueil"},"content":{"rendered":"<center><br \/>\r\n<div class=\"wp-block-image\"><a href=\"https:\/\/fxg.koha.collecto.ca\/\" target=\"_blank\" rel=\"noopener\"><img loading=\"lazy\" decoding=\"async\" class=\"alignnone  wp-image-4786\" src=\"https:\/\/bibliotheque.cegepgarneau.ca\/wp-content\/uploads\/2019\/06\/KOHA-LOGO.png\" alt=\"\" width=\"216\" height=\"65\" \/><\/a><\/div>\r\n<form id=\"searchform\" action=\"https:\/\/fxg.koha.collecto.ca\/\/cgi-bin\/koha\/opac-search.pl\" method=\"get\" name=\"searchform\"><input id=\"transl1\" style=\"height: 25px; width: 350px;\" name=\"q\" size=\"1\" type=\"text\" placeholder=\"Chercher dans notre catalogue\" \/><select id=\"masthead_search\" name=\"idx\">\r\n<option selected=\"selected\" value=\"\">Tous les champs<\/option>\r\n<option value=\"ti\">Titre<\/option>\r\n<option value=\"au\">Auteur<\/option>\r\n<option value=\"su\">Sujet<\/option>\r\n<option value=\"nb\">ISBN<\/option>\r\n<option value=\"se\">Collection<\/option>\r\n<option value=\"callnum\">Cote<\/option>\r\n<\/select><input id=\"searchsubmit\" type=\"submit\" value=\"Rechercher\" \/><strong><br \/>\r\n<a href=\"https:\/\/fxg.koha.collecto.ca\/cgi-bin\/koha\/opac-search.pl\" target=\"_blank\" rel=\"noopener\">Recherche avanc\u00e9e<\/a> | <a href=\"https:\/\/fxg.koha.collecto.ca\/cgi-bin\/koha\/opac-main.pl\" target=\"_blank\" rel=\"noopener\">Suggestion d&#8217;achat<\/a><br \/>\r\n<\/strong><\/form>\r\n<\/center>\r\n<hr \/>\r\n<div style=\"overflow-x: auto;\">\r\n<table style=\"border-collapse: collapse; width: 100%;\">\r\n<tbody>\r\n<tr>\r\n<td style=\"border: none; width: 100%; text-align: center;\"><!-- Image Map Generated by http:\/\/www.image-map.net\/ --> <img decoding=\"async\" src=\"https:\/\/bibliotheque.cegepgarneau.ca\/wp-content\/uploads\/2024\/07\/Je-recherche-Bibliosecours-2024.png\" usemap=\"#image-map\" \/> \r\n\r\n\r\n<map name=\"image-map\"> \r\n\r\n\r\n\r\n<area title=\"Nos outils de recherche\" alt=\"Nos outils de recherche\" coords=\"1,1,676,49\" shape=\"rect\" href=\"https:\/\/bibliotheque.cegepgarneau.ca\/index.php\/accueil\/outils-de-recherche\/\" target=\"_self\" \/>\r\n \r\n\r\n\r\n\r\n<area title=\"Livres\" alt=\"Livres\" coords=\"2,60,356,215\" shape=\"rect\" href=\"https:\/\/bibliotheque.cegepgarneau.ca\/index.php\/accueil\/outils-de-recherche\/livres\/\" target=\"_self\" \/>\r\n \r\n\r\n\r\n\r\n<area title=\"Images, films, \u00e9missions de t\u00e9l\u00e9vision\" alt=\"Images, films, \u00e9missions de t\u00e9l\u00e9vision\" coords=\"367,61,675,215\" shape=\"rect\" href=\"https:\/\/bibliotheque.cegepgarneau.ca\/index.php\/accueil\/outils-de-recherche\/images-films-emissions-de-tele\/\" target=\"_self\" \/>\r\n \r\n\r\n\r\n\r\n<area title=\"Articles de revues et de journaux\" alt=\"Articles de revues et de journaux\" coords=\"1,224,223,383\" shape=\"rect\" href=\"https:\/\/bibliotheque.cegepgarneau.ca\/index.php\/accueil\/outils-de-recherche\/articles-de-revues-et-de-journaux\/\" target=\"_self\" \/>\r\n \r\n\r\n\r\n\r\n<area title=\"Atlas, dictionnaires, encyclop\u00e9dies\" alt=\"Atlas, dictionnaires, encyclop\u00e9dies\" coords=\"233,225,462,381\" shape=\"rect\" href=\"https:\/\/bibliotheque.cegepgarneau.ca\/index.php\/accueil\/outils-de-recherche\/atlas-dictionnaires-encyclopedies\/\" target=\"_self\" \/>\r\n \r\n\r\n\r\n\r\n<area title=\"Statistiques\" alt=\"Statistiques\" coords=\"471,224,676,383\" shape=\"rect\" href=\"https:\/\/bibliotheque.cegepgarneau.ca\/index.php\/accueil\/outils-de-recherche\/statistiques\/\" target=\"_self\" \/>\r\n \r\n\r\n\r\n\r\n<area title=\"Ateliers Biblio-secours\" alt=\"Ateliers Biblio-secours\" coords=\"292,455,554,472\" shape=\"rect\" href=\"https:\/\/bibliotheque.cegepgarneau.ca\/index.php\/accueil\/biblio-secours\/\" target=\"_self\" \/>\r\n <\/map>\r\n<\/td>\r\n<\/tr>\r\n<\/tbody>\r\n<\/table>\r\n<\/div>\r\n<hr \/>\r\n<div style=\"overflow-x: auto;\"><center>\r\n<table style=\"border-collapse: collapse; width: 676px; height: 125px;\">\r\n<tbody>\r\n<tr>\r\n<td style=\"border: none; width: 100%; text-align: center;\"><a href=\"https:\/\/bibliotheque.cegepgarneau.ca\/index.php\/accueil\/revues-numeriques-par-disciplines\/\"><img loading=\"lazy\" decoding=\"async\" class=\"size-full wp-image-7170 aligncenter\" src=\"https:\/\/bibliotheque.cegepgarneau.ca\/wp-content\/uploads\/2024\/08\/revuesnumerique2.png\" alt=\"\" width=\"676\" height=\"124\" \/><\/a><\/td>\r\n<\/tr>\r\n<\/tbody>\r\n<\/table>\r\n<\/center><\/div>\r\n<p><\/p>","protected":false},"excerpt":{"rendered":"<p>Tous les champsTitreAuteurSujetISBNCollectionCote Recherche avanc\u00e9e | Suggestion d&#8217;achat<\/p>\n","protected":false},"author":1,"featured_media":0,"parent":0,"menu_order":0,"comment_status":"closed","ping_status":"open","template":"","meta":{"_exactmetrics_skip_tracking":false,"_exactmetrics_sitenote_active":false,"_exactmetrics_sitenote_note":"","_exactmetrics_sitenote_category":0,"footnotes":""},"class_list":["post-134","page","type-page","status-publish","hentry"],"yoast_head":"<!-- This site is optimized with the Yoast SEO plugin v26.8 - https:\/\/yoast.com\/product\/yoast-seo-wordpress\/ -->\n<title>Accueil - Biblioth\u00e8que C\u00e9gep Garneau<\/title>\n<meta name=\"description\" content=\"Biblioth\u00e8que C\u00e9gep Garneau\" \/>\n<meta name=\"robots\" content=\"index, follow, max-snippet:-1, max-image-preview:large, max-video-preview:-1\" \/>\n<link rel=\"canonical\" href=\"https:\/\/bibliotheque.cegepgarneau.ca\/\" \/>\n<meta property=\"og:locale\" content=\"fr_FR\" \/>\n<meta property=\"og:type\" content=\"article\" \/>\n<meta property=\"og:title\" content=\"Accueil - Biblioth\u00e8que C\u00e9gep Garneau\" \/>\n<meta property=\"og:description\" content=\"Biblioth\u00e8que C\u00e9gep Garneau\" \/>\n<meta property=\"og:url\" content=\"https:\/\/bibliotheque.cegepgarneau.ca\/\" \/>\n<meta property=\"og:site_name\" content=\"Biblioth\u00e8que C\u00e9gep Garneau\" \/>\n<meta property=\"article:modified_time\" content=\"2026-03-16T11:43:43+00:00\" \/>\n<meta property=\"og:image\" content=\"https:\/\/bibliotheque.cegepgarneau.ca\/wp-content\/uploads\/2019\/06\/KOHA-LOGO.png\" \/>\n\t<meta property=\"og:image:width\" content=\"163\" \/>\n\t<meta property=\"og:image:height\" content=\"49\" \/>\n\t<meta property=\"og:image:type\" content=\"image\/png\" \/>\n<meta name=\"twitter:card\" content=\"summary_large_image\" \/>\n<meta name=\"twitter:label1\" content=\"Dur\u00e9e de lecture estim\u00e9e\" \/>\n\t<meta name=\"twitter:data1\" content=\"1 minute\" \/>\n<script type=\"application\/ld+json\" class=\"yoast-schema-graph\">{\"@context\":\"https:\/\/schema.org\",\"@graph\":[{\"@type\":\"WebPage\",\"@id\":\"https:\/\/bibliotheque.cegepgarneau.ca\/\",\"url\":\"https:\/\/bibliotheque.cegepgarneau.ca\/\",\"name\":\"Accueil - Biblioth\u00e8que C\u00e9gep Garneau\",\"isPartOf\":{\"@id\":\"https:\/\/bibliotheque.cegepgarneau.ca\/#website\"},\"primaryImageOfPage\":{\"@id\":\"https:\/\/bibliotheque.cegepgarneau.ca\/#primaryimage\"},\"image\":{\"@id\":\"https:\/\/bibliotheque.cegepgarneau.ca\/#primaryimage\"},\"thumbnailUrl\":\"https:\/\/bibliotheque.cegepgarneau.ca\/wp-content\/uploads\/2019\/06\/KOHA-LOGO.png\",\"datePublished\":\"2015-05-12T14:55:33+00:00\",\"dateModified\":\"2026-03-16T11:43:43+00:00\",\"description\":\"Biblioth\u00e8que C\u00e9gep Garneau\",\"inLanguage\":\"fr-FR\",\"potentialAction\":[{\"@type\":\"ReadAction\",\"target\":[\"https:\/\/bibliotheque.cegepgarneau.ca\/\"]}]},{\"@type\":\"ImageObject\",\"inLanguage\":\"fr-FR\",\"@id\":\"https:\/\/bibliotheque.cegepgarneau.ca\/#primaryimage\",\"url\":\"https:\/\/bibliotheque.cegepgarneau.ca\/wp-content\/uploads\/2019\/06\/KOHA-LOGO.png\",\"contentUrl\":\"https:\/\/bibliotheque.cegepgarneau.ca\/wp-content\/uploads\/2019\/06\/KOHA-LOGO.png\",\"width\":163,\"height\":49},{\"@type\":\"WebSite\",\"@id\":\"https:\/\/bibliotheque.cegepgarneau.ca\/#website\",\"url\":\"https:\/\/bibliotheque.cegepgarneau.ca\/\",\"name\":\"Biblioth\u00e8que C\u00e9gep Garneau\",\"description\":\"\",\"potentialAction\":[{\"@type\":\"SearchAction\",\"target\":{\"@type\":\"EntryPoint\",\"urlTemplate\":\"https:\/\/bibliotheque.cegepgarneau.ca\/?s={search_term_string}\"},\"query-input\":{\"@type\":\"PropertyValueSpecification\",\"valueRequired\":true,\"valueName\":\"search_term_string\"}}],\"inLanguage\":\"fr-FR\"}]}<\/script>\n<!-- \/ Yoast SEO plugin. -->","yoast_head_json":{"title":"Accueil - Biblioth\u00e8que C\u00e9gep Garneau","description":"Biblioth\u00e8que C\u00e9gep Garneau","robots":{"index":"index","follow":"follow","max-snippet":"max-snippet:-1","max-image-preview":"max-image-preview:large","max-video-preview":"max-video-preview:-1"},"canonical":"https:\/\/bibliotheque.cegepgarneau.ca\/","og_locale":"fr_FR","og_type":"article","og_title":"Accueil - Biblioth\u00e8que C\u00e9gep Garneau","og_description":"Biblioth\u00e8que C\u00e9gep Garneau","og_url":"https:\/\/bibliotheque.cegepgarneau.ca\/","og_site_name":"Biblioth\u00e8que C\u00e9gep Garneau","article_modified_time":"2026-03-16T11:43:43+00:00","og_image":[{"width":163,"height":49,"url":"https:\/\/bibliotheque.cegepgarneau.ca\/wp-content\/uploads\/2019\/06\/KOHA-LOGO.png","type":"image\/png"}],"twitter_card":"summary_large_image","twitter_misc":{"Dur\u00e9e de lecture estim\u00e9e":"1 minute"},"schema":{"@context":"https:\/\/schema.org","@graph":[{"@type":"WebPage","@id":"https:\/\/bibliotheque.cegepgarneau.ca\/","url":"https:\/\/bibliotheque.cegepgarneau.ca\/","name":"Accueil - Biblioth\u00e8que C\u00e9gep Garneau","isPartOf":{"@id":"https:\/\/bibliotheque.cegepgarneau.ca\/#website"},"primaryImageOfPage":{"@id":"https:\/\/bibliotheque.cegepgarneau.ca\/#primaryimage"},"image":{"@id":"https:\/\/bibliotheque.cegepgarneau.ca\/#primaryimage"},"thumbnailUrl":"https:\/\/bibliotheque.cegepgarneau.ca\/wp-content\/uploads\/2019\/06\/KOHA-LOGO.png","datePublished":"2015-05-12T14:55:33+00:00","dateModified":"2026-03-16T11:43:43+00:00","description":"Biblioth\u00e8que C\u00e9gep Garneau","inLanguage":"fr-FR","potentialAction":[{"@type":"ReadAction","target":["https:\/\/bibliotheque.cegepgarneau.ca\/"]}]},{"@type":"ImageObject","inLanguage":"fr-FR","@id":"https:\/\/bibliotheque.cegepgarneau.ca\/#primaryimage","url":"https:\/\/bibliotheque.cegepgarneau.ca\/wp-content\/uploads\/2019\/06\/KOHA-LOGO.png","contentUrl":"https:\/\/bibliotheque.cegepgarneau.ca\/wp-content\/uploads\/2019\/06\/KOHA-LOGO.png","width":163,"height":49},{"@type":"WebSite","@id":"https:\/\/bibliotheque.cegepgarneau.ca\/#website","url":"https:\/\/bibliotheque.cegepgarneau.ca\/","name":"Biblioth\u00e8que C\u00e9gep Garneau","description":"","potentialAction":[{"@type":"SearchAction","target":{"@type":"EntryPoint","urlTemplate":"https:\/\/bibliotheque.cegepgarneau.ca\/?s={search_term_string}"},"query-input":{"@type":"PropertyValueSpecification","valueRequired":true,"valueName":"search_term_string"}}],"inLanguage":"fr-FR"}]}},"_links":{"self":[{"href":"https:\/\/bibliotheque.cegepgarneau.ca\/index.php\/wp-json\/wp\/v2\/pages\/134","targetHints":{"allow":["GET"]}}],"collection":[{"href":"https:\/\/bibliotheque.cegepgarneau.ca\/index.php\/wp-json\/wp\/v2\/pages"}],"about":[{"href":"https:\/\/bibliotheque.cegepgarneau.ca\/index.php\/wp-json\/wp\/v2\/types\/page"}],"author":[{"embeddable":true,"href":"https:\/\/bibliotheque.cegepgarneau.ca\/index.php\/wp-json\/wp\/v2\/users\/1"}],"replies":[{"embeddable":true,"href":"https:\/\/bibliotheque.cegepgarneau.ca\/index.php\/wp-json\/wp\/v2\/comments?post=134"}],"version-history":[{"count":579,"href":"https:\/\/bibliotheque.cegepgarneau.ca\/index.php\/wp-json\/wp\/v2\/pages\/134\/revisions"}],"predecessor-version":[{"id":20883,"href":"https:\/\/bibliotheque.cegepgarneau.ca\/index.php\/wp-json\/wp\/v2\/pages\/134\/revisions\/20883"}],"wp:attachment":[{"href":"https:\/\/bibliotheque.cegepgarneau.ca\/index.php\/wp-json\/wp\/v2\/media?parent=134"}],"curies":[{"name":"wp","href":"https:\/\/api.w.org\/{rel}","templated":true}]}}