{"id":12407,"date":"2022-07-28T19:23:31","date_gmt":"2022-07-28T18:23:31","guid":{"rendered":"https:\/\/bibliotheque.cegepgarneau.ca\/?page_id=12407"},"modified":"2022-12-19T17:49:05","modified_gmt":"2022-12-19T16:49:05","slug":"pause-detente","status":"publish","type":"page","link":"https:\/\/bibliotheque.cegepgarneau.ca\/index.php\/accueil\/services\/pause-detente\/","title":{"rendered":"Pause d\u00e9tente"},"content":{"rendered":"<p>La biblioth\u00e8que vous propose diverses activit\u00e9s pour une pause d\u00e9tente r\u00e9ussie, sans \u00e9cran!<\/p>\n<table style=\"width: 99.5239%; height: 608px;\">\n<tbody>\n<tr style=\"height: 300px;\">\n<td style=\"border: none; text-align: center; height: 300px; width: 49.6174%;\">\n<p style=\"text-align: center;\"><img loading=\"lazy\" decoding=\"async\" class=\"alignnone  wp-image-11678\" src=\"\/wp-content\/uploads\/2022\/07\/echecs-scaled.jpeg\" alt=\"\" width=\"450\" height=\"131\" \/><\/p>\n<\/td>\n<td style=\"border: none; text-align: left; height: 300px; width: 61.3022%;\">Vous pouvez :<\/p>\n<ul>\n<li>Emprunter les pi\u00e8ces pour jouer une partie d&#8217;\u00e9checs<\/li>\n<li>Placer quelques morceaux de casse-t\u00eate<\/li>\n<li>Colorier un mandala<\/li>\n<li>Emprunter une lampe DEL pour profiter d&#8217;une s\u00e9ance de luminoth\u00e9rapie<\/li>\n<li>Lire une revue, un journal, une BD, un manga, une nouvelle, un po\u00e8me, etc.<\/li>\n<\/ul>\n<p>&nbsp;<\/p>\n<\/td>\n<\/tr>\n<\/tbody>\n<\/table>\n","protected":false},"excerpt":{"rendered":"<p>La biblioth\u00e8que vous propose diverses activit\u00e9s pour une pause d\u00e9tente r\u00e9ussie, sans \u00e9cran! Vous pouvez : Emprunter les pi\u00e8ces pour jouer une partie d&#8217;\u00e9checs Placer quelques morceaux de casse-t\u00eate Colorier un mandala Emprunter une lampe DEL pour profiter d&#8217;une s\u00e9ance de luminoth\u00e9rapie Lire une revue, un journal, une BD, un manga, une nouvelle, un po\u00e8me, [&hellip;]<\/p>\n","protected":false},"author":1,"featured_media":0,"parent":4180,"menu_order":12,"comment_status":"closed","ping_status":"closed","template":"","meta":{"_exactmetrics_skip_tracking":false,"_exactmetrics_sitenote_active":false,"_exactmetrics_sitenote_note":"","_exactmetrics_sitenote_category":0,"footnotes":""},"class_list":["post-12407","page","type-page","status-publish","hentry"],"yoast_head":"<!-- This site is optimized with the Yoast SEO plugin v26.8 - https:\/\/yoast.com\/product\/yoast-seo-wordpress\/ -->\n<title>Pause d\u00e9tente - Biblioth\u00e8que C\u00e9gep Garneau<\/title>\n<meta name=\"robots\" content=\"index, follow, max-snippet:-1, max-image-preview:large, max-video-preview:-1\" \/>\n<link rel=\"canonical\" href=\"https:\/\/bibliotheque.cegepgarneau.ca\/index.php\/accueil\/services\/pause-detente\/\" \/>\n<meta property=\"og:locale\" content=\"fr_FR\" \/>\n<meta property=\"og:type\" content=\"article\" \/>\n<meta property=\"og:title\" content=\"Pause d\u00e9tente - Biblioth\u00e8que C\u00e9gep Garneau\" \/>\n<meta property=\"og:description\" content=\"La biblioth\u00e8que vous propose diverses activit\u00e9s pour une pause d\u00e9tente r\u00e9ussie, sans \u00e9cran! Vous pouvez : Emprunter les pi\u00e8ces pour jouer une partie d&#8217;\u00e9checs Placer quelques morceaux de casse-t\u00eate Colorier un mandala Emprunter une lampe DEL pour profiter d&#8217;une s\u00e9ance de luminoth\u00e9rapie Lire une revue, un journal, une BD, un manga, une nouvelle, un po\u00e8me, [&hellip;]\" \/>\n<meta property=\"og:url\" content=\"https:\/\/bibliotheque.cegepgarneau.ca\/index.php\/accueil\/services\/pause-detente\/\" \/>\n<meta property=\"og:site_name\" content=\"Biblioth\u00e8que C\u00e9gep Garneau\" \/>\n<meta property=\"article:modified_time\" content=\"2022-12-19T16:49:05+00:00\" \/>\n<meta name=\"twitter:card\" content=\"summary_large_image\" \/>\n<meta name=\"twitter:label1\" content=\"Dur\u00e9e de lecture estim\u00e9e\" \/>\n\t<meta name=\"twitter:data1\" content=\"1 minute\" \/>\n<script type=\"application\/ld+json\" class=\"yoast-schema-graph\">{\"@context\":\"https:\/\/schema.org\",\"@graph\":[{\"@type\":\"WebPage\",\"@id\":\"https:\/\/bibliotheque.cegepgarneau.ca\/index.php\/accueil\/services\/pause-detente\/\",\"url\":\"https:\/\/bibliotheque.cegepgarneau.ca\/index.php\/accueil\/services\/pause-detente\/\",\"name\":\"Pause d\u00e9tente - Biblioth\u00e8que C\u00e9gep Garneau\",\"isPartOf\":{\"@id\":\"https:\/\/bibliotheque.cegepgarneau.ca\/#website\"},\"datePublished\":\"2022-07-28T18:23:31+00:00\",\"dateModified\":\"2022-12-19T16:49:05+00:00\",\"breadcrumb\":{\"@id\":\"https:\/\/bibliotheque.cegepgarneau.ca\/index.php\/accueil\/services\/pause-detente\/#breadcrumb\"},\"inLanguage\":\"fr-FR\",\"potentialAction\":[{\"@type\":\"ReadAction\",\"target\":[\"https:\/\/bibliotheque.cegepgarneau.ca\/index.php\/accueil\/services\/pause-detente\/\"]}]},{\"@type\":\"BreadcrumbList\",\"@id\":\"https:\/\/bibliotheque.cegepgarneau.ca\/index.php\/accueil\/services\/pause-detente\/#breadcrumb\",\"itemListElement\":[{\"@type\":\"ListItem\",\"position\":1,\"name\":\"Accueil\",\"item\":\"https:\/\/bibliotheque.cegepgarneau.ca\/\"},{\"@type\":\"ListItem\",\"position\":2,\"name\":\"Comptoir d\u2019accueil\ufeff\",\"item\":\"https:\/\/bibliotheque.cegepgarneau.ca\/index.php\/accueil\/services\/\"},{\"@type\":\"ListItem\",\"position\":3,\"name\":\"Pause d\u00e9tente\"}]},{\"@type\":\"WebSite\",\"@id\":\"https:\/\/bibliotheque.cegepgarneau.ca\/#website\",\"url\":\"https:\/\/bibliotheque.cegepgarneau.ca\/\",\"name\":\"Biblioth\u00e8que C\u00e9gep Garneau\",\"description\":\"\",\"potentialAction\":[{\"@type\":\"SearchAction\",\"target\":{\"@type\":\"EntryPoint\",\"urlTemplate\":\"https:\/\/bibliotheque.cegepgarneau.ca\/?s={search_term_string}\"},\"query-input\":{\"@type\":\"PropertyValueSpecification\",\"valueRequired\":true,\"valueName\":\"search_term_string\"}}],\"inLanguage\":\"fr-FR\"}]}<\/script>\n<!-- \/ Yoast SEO plugin. -->","yoast_head_json":{"title":"Pause d\u00e9tente - Biblioth\u00e8que C\u00e9gep Garneau","robots":{"index":"index","follow":"follow","max-snippet":"max-snippet:-1","max-image-preview":"max-image-preview:large","max-video-preview":"max-video-preview:-1"},"canonical":"https:\/\/bibliotheque.cegepgarneau.ca\/index.php\/accueil\/services\/pause-detente\/","og_locale":"fr_FR","og_type":"article","og_title":"Pause d\u00e9tente - Biblioth\u00e8que C\u00e9gep Garneau","og_description":"La biblioth\u00e8que vous propose diverses activit\u00e9s pour une pause d\u00e9tente r\u00e9ussie, sans \u00e9cran! Vous pouvez : Emprunter les pi\u00e8ces pour jouer une partie d&#8217;\u00e9checs Placer quelques morceaux de casse-t\u00eate Colorier un mandala Emprunter une lampe DEL pour profiter d&#8217;une s\u00e9ance de luminoth\u00e9rapie Lire une revue, un journal, une BD, un manga, une nouvelle, un po\u00e8me, [&hellip;]","og_url":"https:\/\/bibliotheque.cegepgarneau.ca\/index.php\/accueil\/services\/pause-detente\/","og_site_name":"Biblioth\u00e8que C\u00e9gep Garneau","article_modified_time":"2022-12-19T16:49:05+00:00","twitter_card":"summary_large_image","twitter_misc":{"Dur\u00e9e de lecture estim\u00e9e":"1 minute"},"schema":{"@context":"https:\/\/schema.org","@graph":[{"@type":"WebPage","@id":"https:\/\/bibliotheque.cegepgarneau.ca\/index.php\/accueil\/services\/pause-detente\/","url":"https:\/\/bibliotheque.cegepgarneau.ca\/index.php\/accueil\/services\/pause-detente\/","name":"Pause d\u00e9tente - Biblioth\u00e8que C\u00e9gep Garneau","isPartOf":{"@id":"https:\/\/bibliotheque.cegepgarneau.ca\/#website"},"datePublished":"2022-07-28T18:23:31+00:00","dateModified":"2022-12-19T16:49:05+00:00","breadcrumb":{"@id":"https:\/\/bibliotheque.cegepgarneau.ca\/index.php\/accueil\/services\/pause-detente\/#breadcrumb"},"inLanguage":"fr-FR","potentialAction":[{"@type":"ReadAction","target":["https:\/\/bibliotheque.cegepgarneau.ca\/index.php\/accueil\/services\/pause-detente\/"]}]},{"@type":"BreadcrumbList","@id":"https:\/\/bibliotheque.cegepgarneau.ca\/index.php\/accueil\/services\/pause-detente\/#breadcrumb","itemListElement":[{"@type":"ListItem","position":1,"name":"Accueil","item":"https:\/\/bibliotheque.cegepgarneau.ca\/"},{"@type":"ListItem","position":2,"name":"Comptoir d\u2019accueil\ufeff","item":"https:\/\/bibliotheque.cegepgarneau.ca\/index.php\/accueil\/services\/"},{"@type":"ListItem","position":3,"name":"Pause d\u00e9tente"}]},{"@type":"WebSite","@id":"https:\/\/bibliotheque.cegepgarneau.ca\/#website","url":"https:\/\/bibliotheque.cegepgarneau.ca\/","name":"Biblioth\u00e8que C\u00e9gep Garneau","description":"","potentialAction":[{"@type":"SearchAction","target":{"@type":"EntryPoint","urlTemplate":"https:\/\/bibliotheque.cegepgarneau.ca\/?s={search_term_string}"},"query-input":{"@type":"PropertyValueSpecification","valueRequired":true,"valueName":"search_term_string"}}],"inLanguage":"fr-FR"}]}},"_links":{"self":[{"href":"https:\/\/bibliotheque.cegepgarneau.ca\/index.php\/wp-json\/wp\/v2\/pages\/12407","targetHints":{"allow":["GET"]}}],"collection":[{"href":"https:\/\/bibliotheque.cegepgarneau.ca\/index.php\/wp-json\/wp\/v2\/pages"}],"about":[{"href":"https:\/\/bibliotheque.cegepgarneau.ca\/index.php\/wp-json\/wp\/v2\/types\/page"}],"author":[{"embeddable":true,"href":"https:\/\/bibliotheque.cegepgarneau.ca\/index.php\/wp-json\/wp\/v2\/users\/1"}],"replies":[{"embeddable":true,"href":"https:\/\/bibliotheque.cegepgarneau.ca\/index.php\/wp-json\/wp\/v2\/comments?post=12407"}],"version-history":[{"count":8,"href":"https:\/\/bibliotheque.cegepgarneau.ca\/index.php\/wp-json\/wp\/v2\/pages\/12407\/revisions"}],"predecessor-version":[{"id":13192,"href":"https:\/\/bibliotheque.cegepgarneau.ca\/index.php\/wp-json\/wp\/v2\/pages\/12407\/revisions\/13192"}],"up":[{"embeddable":true,"href":"https:\/\/bibliotheque.cegepgarneau.ca\/index.php\/wp-json\/wp\/v2\/pages\/4180"}],"wp:attachment":[{"href":"https:\/\/bibliotheque.cegepgarneau.ca\/index.php\/wp-json\/wp\/v2\/media?parent=12407"}],"curies":[{"name":"wp","href":"https:\/\/api.w.org\/{rel}","templated":true}]}}