{"id":10563,"date":"2022-01-20T15:44:43","date_gmt":"2022-01-20T14:44:43","guid":{"rendered":"https:\/\/bibliotheque.cegepgarneau.ca\/?page_id=10563"},"modified":"2026-04-15T18:27:25","modified_gmt":"2026-04-15T17:27:25","slug":"quoi-de-neuf","status":"publish","type":"page","link":"https:\/\/bibliotheque.cegepgarneau.ca\/index.php\/accueil\/quoi-de-neuf\/","title":{"rendered":"Quoi de neuf?"},"content":{"rendered":"<table style=\"width: 99.5239%; height: 600px;\">\n<tbody>\n<tr style=\"height: 300px;\">\n<td style=\"border: none; text-align: left; vertical-align: middle; height: 300px; width: 49.6174%;\">\n<p style=\"text-align: center;\"><a style=\"color: #3366ff;\" href=\"https:\/\/www.cegepgarneau.ca\/programmes\/tous-les-programmes\/documentation-gestion-information\/\" target=\"_blank\" rel=\"noopener noreferrer\"><img loading=\"lazy\" decoding=\"async\" class=\"alignnone  wp-image-11678\" src=\"\/wp-content\/uploads\/2026\/03\/TDO.png\" alt=\"cabane \u00e0 sucre, mythologie, mode, verre, chanson\" width=\"350\" height=\"400\" \/><\/a><\/p>\n<\/td>\n<td style=\"border: none; text-align: left; vertical-align: middle; height: 300px; width: 49.6174%;\">\n<h3><span style=\"font-size: 16px; font-weight: 400;\"><strong>Techniques de documentation<\/strong><\/span><\/h3>\n<h3><span style=\"font-size: 16px; font-weight: 400;\"><strong>Expositions du 30 mars au 24 avril 2026<\/strong><\/span><\/h3>\n<p>Venez d\u00e9couvrir une s\u00e9rie d\u2019expositions originales mettant en valeur une diversit\u00e9 de th\u00e9matiques fascinantes.<\/p>\n<p>Au fil des semaines, vous pourrez explorer la cabane \u00e0 sucre, la mode, l\u2019art du verre, la mythologie grecque, la mythologie pr\u00e9colombienne ainsi que la chanson populaire.<\/p>\n<p>Ces expositions t\u00e9moignent du travail rigoureux et cr\u00e9atif des \u00e9tudiants qui ont su rassembler recherches, objets, documents et mises en sc\u00e8ne pour offrir une exp\u00e9rience culturelle riche et captivante.<\/p>\n<hr \/>\n<\/td>\n<\/tr>\n<tr style=\"height: 300px;\">\n<td style=\"border: none; text-align: left; vertical-align: middle; height: 300px; width: 49.6174%;\">\n<h3><span style=\"font-size: 16px; font-weight: 400;\"><strong>Histoire de l&#8217;art QUEER : un voyage \u00e0 travers le temps<\/strong><\/span><\/h3>\n<h3><span style=\"font-size: 16px; font-weight: 400;\"><strong>Exposition du 7 au 24 avril 2026<\/strong><\/span><\/h3>\n<p>L\u2019art a toujours \u00e9t\u00e9 un espace de libert\u00e9, d\u2019expression et de remise en question. Cette exposition vous invite \u00e0 d\u00e9couvrir comment, depuis des si\u00e8cles, des artistes ont explor\u00e9 le genre, l\u2019identit\u00e9 et l\u2019amour sous toutes leurs formes. <\/p>\n<p>\u00c0 travers des \u0153uvres marquantes provenant de diff\u00e9rentes \u00e9poques et cultures, l\u2019exposition met en lumi\u00e8re des histoires longtemps m\u00e9connues et montrent que la diversit\u00e9 fait partie int\u00e9grante de notre h\u00e9ritage culturel.<\/p>\n<p>Vous pourrez \u00e9galement y d\u00e9couvrir des <a style=\"color: #3366ff;\" href=\"https:\/\/fxg.koha.collecto.ca\/cgi-bin\/koha\/opac-shelves.pl?op=view&#038;shelfnumber=5919&#038;sortfield=itemcallnumber\" target=\"_blank\" rel=\"noopener noreferrer\">suggestions de lectures et de films<\/a>.<\/p>\n<hr \/>\n<\/td>\n<td style=\"border: none; text-align: left; vertical-align: middle; height: 300px; width: 49.6174%;\">\n<p style=\"text-align: center;\"><a style=\"color: #3366ff;\" href=\"https:\/\/www.luniversdemalio.com\/\" target=\"_blank\" rel=\"noopener noreferrer\"><img loading=\"lazy\" decoding=\"async\" class=\"alignnone  wp-image-11678\" src=\"\/wp-content\/uploads\/2026\/04\/queer.png\" alt=\"horloge m\u00e9tallique sur fond du drapeau arc-en-ciel des fiert\u00e9s\" width=\"350\" height=\"400\" \/><\/a><\/p>\n<\/td>\n<\/tr>\n<tr style=\"height: 300px;\">\n<td style=\"border: none; text-align: left; vertical-align: middle; height: 300px; width: 49.6174%;\">\n<p style=\"text-align: center;\"><a style=\"color: #3366ff;\" href=\"\" target=\"_blank\" rel=\"noopener noreferrer\"><img loading=\"lazy\" decoding=\"async\" class=\"alignnone  wp-image-11678\" src=\"\/wp-content\/uploads\/2026\/04\/jardin.png\" alt=\"semis et outils de jardinage \" width=\"350\" height=\"400\" \/><\/a><\/p>\n<\/td>\n<td style=\"border: none; text-align: left; vertical-align: middle; height: 300px; width: 49.6174%;\">\n<h3><span style=\"font-size: 16px; font-weight: 400;\"><strong>Du jardin \u00e0 la table : semer, r\u00e9colter, savourer<\/strong><\/span><\/h3>\n<h3><span style=\"font-size: 16px; font-weight: 400;\"><strong>Exposition du 7 au 24 avril 2026<\/strong><\/span><\/h3>\n<p>Venez d\u00e9couvrir cette exposition sur le jardinage, la r\u00e9colte de l\u00e9gumes et les diff\u00e9rentes fa\u00e7ons de les cuisiner ou les conserver.<\/p>\n<p>La Biblioth\u00e8que vous propose \u00e9galement des <a style=\"color: #3366ff;\" href=\"https:\/\/fxg.koha.collecto.ca\/cgi-bin\/koha\/opac-shelves.pl?op=view&#038;shelfnumber=5919&#038;sortfield=itemcallnumber\" target=\"_blank\" rel=\"noopener noreferrer\">suggestions de lectures<\/a> pour vous aider \u00e0 bien r\u00e9ussir votre potager.<\/p>\n<p>Vous \u00eates \u00e0 la recherche de graines pour partir vos semis, ou vous en avez en trop \u00e0 la maison ? Un espace \u00ab\u202ftroc \u00bb est offert \u00e0 la communaut\u00e9 pour \u00e9changer diff\u00e9rentes semences.<\/p>\n<tr style=\"height: 300px;\">\n<td style=\"border: none; text-align: left; vertical-align: middle; height: 300px; width: 49.6174%;\">\n<h3><span style=\"font-size: 16px; font-weight: 400;\"><strong>Une pause zen \u00e0 la Biblioth\u00e8que<\/strong><\/span><\/h3>\n<h3><span style=\"font-size: 16px; font-weight: 400;\"><strong>Le jeudi 30 avril, de 12h \u00e0 13h45, \u00e0 la Salle multi (D-2512)<\/strong><\/span><\/h3>\n<p>La biblioth\u00e8que vous convie \u00e0 un moment de d\u00e9tente et de d\u00e9couverte \u00e0 l\u2019occasion d\u2019une s\u00e9ance de zooth\u00e9rapie.<\/p>\n<p>Pour l\u2019occasion, l\u2019organisme Zoo la vie sera de passage \u00e0 la Biblioth\u00e8que afin de faire d\u00e9couvrir les bienfaits du contact avec les animaux. Anim\u00e9e par St\u00e9phanie Lemieux, l\u2019activit\u00e9 vous permettra de vivre une rencontre privil\u00e9gi\u00e9e avec ses pr\u00e9cieux compagnons, tout en en apprenant davantage sur leurs particularit\u00e9s, leur comportement et leur r\u00f4le en zooth\u00e9rapie.<\/p>\n<p>Chiens, chats, lapins et autres petits animaux seront pr\u00e9sents pour cr\u00e9er une ambiance apaisante et offrir un moment tout en douceur.<\/p>\n<hr \/>\n<hr \/>\n<\/td>\n<td style=\"border: none; text-align: left; vertical-align: middle; height: 300px; width: 49.6174%;\">\n<p style=\"text-align: center;\"><a style=\"color: #3366ff;\" href=\"https:\/\/fxg.koha.collecto.ca\/\" target=\"_blank\" rel=\"noopener noreferrer\"><img loading=\"lazy\" decoding=\"async\" class=\"alignnone  wp-image-11678\" src=\"\/wp-content\/uploads\/2026\/04\/Zoo.png\" alt=\"diff\u00e9rents animaux de compagnie\" width=\"350\" height=\"400\" \/><\/a><\/p>\n<\/td>\n<\/tr>\n<tr style=\"height: 300px;\">\n<td style=\"border: none; text-align: left; vertical-align: middle; height: 300px; width: 49.6174%;\">\n<p style=\"text-align: center;\"><a style=\"color: #3366ff;\" href=\"https:\/\/fxg.koha.collecto.ca\/\" target=\"_blank\" rel=\"noopener noreferrer\"><img loading=\"lazy\" decoding=\"async\" class=\"alignnone  wp-image-11678\" src=\"\/wp-content\/uploads\/2026\/04\/Creation_visuelle.png\" alt=\"Titre de l'exposition\" width=\"350\" height=\"400\" \/><\/a><\/p>\n<\/td>\n<td style=\"border: none; text-align: left; vertical-align: middle; height: 300px; width: 49.6174%;\">\n<h3><span style=\"font-size: 16px; font-weight: 400;\"><strong>Point de fuite : exposition<\/strong><\/span><\/h3>\n<h3><span style=\"font-size: 16px; font-weight: 400;\"><strong>Du 1er au 11 mai 2026<\/strong><\/span><\/h3>\n<p>Les finissant(e)s du programme Arts, Lettres et Communication, profil Cr\u00e9ation visuelle, sont fier(e)s de vous accueillir pour leur exposition Point de fuite.<\/p>\n<p>Cette exposition pr\u00e9sente les \u0153uvres de leur activit\u00e9 synth\u00e8se de programme. Les \u00e9tudiant(e)s avaient \u00e0 cr\u00e9er une \u0153uvre singuli\u00e8re, issue d\u2019un processus de recherche \u00e9labor\u00e9 qui met en pratique des comp\u00e9tences qu\u2019ils ont d\u00e9velopp\u00e9es tout au long de leur parcours.<\/p>\n<p>Venez d\u00e9couvrir les talents de ces jeunes artistes de la rel\u00e8ve!<\/p>\n<p>Bienvenue \u00e0 toutes et \u00e0 tous!<\/p>\n<hr \/>\n<\/td>\n<\/tr>\n<tr style=\"height: 300px;\">\n<td style=\"border: none; text-align: left; vertical-align: middle; height: 300px; width: 49.6174%;\">\n<h3><span style=\"font-size: 16px; font-weight: 400;\"><strong>Nouvelles acquisitions \u00e0 la Biblioth\u00e8que<\/strong><\/span><\/h3>\n<p>Consultez notre <a style=\"color: #3366ff;\" href=\"https:\/\/fxg.koha.collecto.ca\/\" target=\"_blank\" rel=\"noopener noreferrer\">carrousel des nouveaut\u00e9s<\/a>, mis \u00e0 jour en continu, pour conna\u00eetre nos derniers arrivages.<\/p>\n<hr \/>\n<\/td>\n<td style=\"border: none; text-align: left; vertical-align: middle; height: 300px; width: 49.6174%;\">\n<p style=\"text-align: center;\"><a style=\"color: #3366ff;\" href=\"https:\/\/fxg.koha.collecto.ca\/\" target=\"_blank\" rel=\"noopener noreferrer\"><img loading=\"lazy\" decoding=\"async\" class=\"alignnone  wp-image-11678\" src=\"\/wp-content\/uploads\/2023\/01\/IMG_20230119_154058.jpg\" alt=\"pr\u00e9sentoirs remplis de nouveaux livres\" width=\"350\" height=\"400\" \/><\/a><\/p>\n<\/td>\n<\/tr>\n<\/tbody>\n<\/table>\n","protected":false},"excerpt":{"rendered":"<p>Techniques de documentation Expositions du 30 mars au 24 avril 2026 Venez d\u00e9couvrir une s\u00e9rie d\u2019expositions originales mettant en valeur une diversit\u00e9 de th\u00e9matiques fascinantes. Au fil des semaines, vous pourrez explorer la cabane \u00e0 sucre, la mode, l\u2019art du verre, la mythologie grecque, la mythologie pr\u00e9colombienne ainsi que la chanson populaire. Ces expositions t\u00e9moignent [&hellip;]<\/p>\n","protected":false},"author":1,"featured_media":0,"parent":134,"menu_order":0,"comment_status":"closed","ping_status":"closed","template":"","meta":{"_exactmetrics_skip_tracking":false,"_exactmetrics_sitenote_active":false,"_exactmetrics_sitenote_note":"","_exactmetrics_sitenote_category":0,"footnotes":""},"class_list":["post-10563","page","type-page","status-publish","hentry"],"yoast_head":"<!-- This site is optimized with the Yoast SEO plugin v26.8 - https:\/\/yoast.com\/product\/yoast-seo-wordpress\/ -->\n<title>Quoi de neuf? - Biblioth\u00e8que C\u00e9gep Garneau<\/title>\n<meta name=\"robots\" content=\"index, follow, max-snippet:-1, max-image-preview:large, max-video-preview:-1\" \/>\n<link rel=\"canonical\" href=\"https:\/\/bibliotheque.cegepgarneau.ca\/index.php\/accueil\/quoi-de-neuf\/\" \/>\n<meta property=\"og:locale\" content=\"fr_FR\" \/>\n<meta property=\"og:type\" content=\"article\" \/>\n<meta property=\"og:title\" content=\"Quoi de neuf? - Biblioth\u00e8que C\u00e9gep Garneau\" \/>\n<meta property=\"og:description\" content=\"Techniques de documentation Expositions du 30 mars au 24 avril 2026 Venez d\u00e9couvrir une s\u00e9rie d\u2019expositions originales mettant en valeur une diversit\u00e9 de th\u00e9matiques fascinantes. Au fil des semaines, vous pourrez explorer la cabane \u00e0 sucre, la mode, l\u2019art du verre, la mythologie grecque, la mythologie pr\u00e9colombienne ainsi que la chanson populaire. Ces expositions t\u00e9moignent [&hellip;]\" \/>\n<meta property=\"og:url\" content=\"https:\/\/bibliotheque.cegepgarneau.ca\/index.php\/accueil\/quoi-de-neuf\/\" \/>\n<meta property=\"og:site_name\" content=\"Biblioth\u00e8que C\u00e9gep Garneau\" \/>\n<meta property=\"article:modified_time\" content=\"2026-04-15T17:27:25+00:00\" \/>\n<meta name=\"twitter:card\" content=\"summary_large_image\" \/>\n<meta name=\"twitter:label1\" content=\"Dur\u00e9e de lecture estim\u00e9e\" \/>\n\t<meta name=\"twitter:data1\" content=\"4 minutes\" \/>\n<script type=\"application\/ld+json\" class=\"yoast-schema-graph\">{\"@context\":\"https:\/\/schema.org\",\"@graph\":[{\"@type\":\"WebPage\",\"@id\":\"https:\/\/bibliotheque.cegepgarneau.ca\/index.php\/accueil\/quoi-de-neuf\/\",\"url\":\"https:\/\/bibliotheque.cegepgarneau.ca\/index.php\/accueil\/quoi-de-neuf\/\",\"name\":\"Quoi de neuf? - Biblioth\u00e8que C\u00e9gep Garneau\",\"isPartOf\":{\"@id\":\"https:\/\/bibliotheque.cegepgarneau.ca\/#website\"},\"datePublished\":\"2022-01-20T14:44:43+00:00\",\"dateModified\":\"2026-04-15T17:27:25+00:00\",\"breadcrumb\":{\"@id\":\"https:\/\/bibliotheque.cegepgarneau.ca\/index.php\/accueil\/quoi-de-neuf\/#breadcrumb\"},\"inLanguage\":\"fr-FR\",\"potentialAction\":[{\"@type\":\"ReadAction\",\"target\":[\"https:\/\/bibliotheque.cegepgarneau.ca\/index.php\/accueil\/quoi-de-neuf\/\"]}]},{\"@type\":\"BreadcrumbList\",\"@id\":\"https:\/\/bibliotheque.cegepgarneau.ca\/index.php\/accueil\/quoi-de-neuf\/#breadcrumb\",\"itemListElement\":[{\"@type\":\"ListItem\",\"position\":1,\"name\":\"Accueil\",\"item\":\"https:\/\/bibliotheque.cegepgarneau.ca\/\"},{\"@type\":\"ListItem\",\"position\":2,\"name\":\"Quoi de neuf?\"}]},{\"@type\":\"WebSite\",\"@id\":\"https:\/\/bibliotheque.cegepgarneau.ca\/#website\",\"url\":\"https:\/\/bibliotheque.cegepgarneau.ca\/\",\"name\":\"Biblioth\u00e8que C\u00e9gep Garneau\",\"description\":\"\",\"potentialAction\":[{\"@type\":\"SearchAction\",\"target\":{\"@type\":\"EntryPoint\",\"urlTemplate\":\"https:\/\/bibliotheque.cegepgarneau.ca\/?s={search_term_string}\"},\"query-input\":{\"@type\":\"PropertyValueSpecification\",\"valueRequired\":true,\"valueName\":\"search_term_string\"}}],\"inLanguage\":\"fr-FR\"}]}<\/script>\n<!-- \/ Yoast SEO plugin. -->","yoast_head_json":{"title":"Quoi de neuf? - Biblioth\u00e8que C\u00e9gep Garneau","robots":{"index":"index","follow":"follow","max-snippet":"max-snippet:-1","max-image-preview":"max-image-preview:large","max-video-preview":"max-video-preview:-1"},"canonical":"https:\/\/bibliotheque.cegepgarneau.ca\/index.php\/accueil\/quoi-de-neuf\/","og_locale":"fr_FR","og_type":"article","og_title":"Quoi de neuf? - Biblioth\u00e8que C\u00e9gep Garneau","og_description":"Techniques de documentation Expositions du 30 mars au 24 avril 2026 Venez d\u00e9couvrir une s\u00e9rie d\u2019expositions originales mettant en valeur une diversit\u00e9 de th\u00e9matiques fascinantes. Au fil des semaines, vous pourrez explorer la cabane \u00e0 sucre, la mode, l\u2019art du verre, la mythologie grecque, la mythologie pr\u00e9colombienne ainsi que la chanson populaire. Ces expositions t\u00e9moignent [&hellip;]","og_url":"https:\/\/bibliotheque.cegepgarneau.ca\/index.php\/accueil\/quoi-de-neuf\/","og_site_name":"Biblioth\u00e8que C\u00e9gep Garneau","article_modified_time":"2026-04-15T17:27:25+00:00","twitter_card":"summary_large_image","twitter_misc":{"Dur\u00e9e de lecture estim\u00e9e":"4 minutes"},"schema":{"@context":"https:\/\/schema.org","@graph":[{"@type":"WebPage","@id":"https:\/\/bibliotheque.cegepgarneau.ca\/index.php\/accueil\/quoi-de-neuf\/","url":"https:\/\/bibliotheque.cegepgarneau.ca\/index.php\/accueil\/quoi-de-neuf\/","name":"Quoi de neuf? - Biblioth\u00e8que C\u00e9gep Garneau","isPartOf":{"@id":"https:\/\/bibliotheque.cegepgarneau.ca\/#website"},"datePublished":"2022-01-20T14:44:43+00:00","dateModified":"2026-04-15T17:27:25+00:00","breadcrumb":{"@id":"https:\/\/bibliotheque.cegepgarneau.ca\/index.php\/accueil\/quoi-de-neuf\/#breadcrumb"},"inLanguage":"fr-FR","potentialAction":[{"@type":"ReadAction","target":["https:\/\/bibliotheque.cegepgarneau.ca\/index.php\/accueil\/quoi-de-neuf\/"]}]},{"@type":"BreadcrumbList","@id":"https:\/\/bibliotheque.cegepgarneau.ca\/index.php\/accueil\/quoi-de-neuf\/#breadcrumb","itemListElement":[{"@type":"ListItem","position":1,"name":"Accueil","item":"https:\/\/bibliotheque.cegepgarneau.ca\/"},{"@type":"ListItem","position":2,"name":"Quoi de neuf?"}]},{"@type":"WebSite","@id":"https:\/\/bibliotheque.cegepgarneau.ca\/#website","url":"https:\/\/bibliotheque.cegepgarneau.ca\/","name":"Biblioth\u00e8que C\u00e9gep Garneau","description":"","potentialAction":[{"@type":"SearchAction","target":{"@type":"EntryPoint","urlTemplate":"https:\/\/bibliotheque.cegepgarneau.ca\/?s={search_term_string}"},"query-input":{"@type":"PropertyValueSpecification","valueRequired":true,"valueName":"search_term_string"}}],"inLanguage":"fr-FR"}]}},"_links":{"self":[{"href":"https:\/\/bibliotheque.cegepgarneau.ca\/index.php\/wp-json\/wp\/v2\/pages\/10563","targetHints":{"allow":["GET"]}}],"collection":[{"href":"https:\/\/bibliotheque.cegepgarneau.ca\/index.php\/wp-json\/wp\/v2\/pages"}],"about":[{"href":"https:\/\/bibliotheque.cegepgarneau.ca\/index.php\/wp-json\/wp\/v2\/types\/page"}],"author":[{"embeddable":true,"href":"https:\/\/bibliotheque.cegepgarneau.ca\/index.php\/wp-json\/wp\/v2\/users\/1"}],"replies":[{"embeddable":true,"href":"https:\/\/bibliotheque.cegepgarneau.ca\/index.php\/wp-json\/wp\/v2\/comments?post=10563"}],"version-history":[{"count":632,"href":"https:\/\/bibliotheque.cegepgarneau.ca\/index.php\/wp-json\/wp\/v2\/pages\/10563\/revisions"}],"predecessor-version":[{"id":21006,"href":"https:\/\/bibliotheque.cegepgarneau.ca\/index.php\/wp-json\/wp\/v2\/pages\/10563\/revisions\/21006"}],"up":[{"embeddable":true,"href":"https:\/\/bibliotheque.cegepgarneau.ca\/index.php\/wp-json\/wp\/v2\/pages\/134"}],"wp:attachment":[{"href":"https:\/\/bibliotheque.cegepgarneau.ca\/index.php\/wp-json\/wp\/v2\/media?parent=10563"}],"curies":[{"name":"wp","href":"https:\/\/api.w.org\/{rel}","templated":true}]}}