{"id":102,"date":"2015-05-12T15:06:54","date_gmt":"2015-05-12T14:06:54","guid":{"rendered":"http:\/\/biblio.cegepgarneau.ca\/wordpress\/?page_id=102"},"modified":"2026-02-20T16:21:36","modified_gmt":"2026-02-20T15:21:36","slug":"nous-joindre","status":"publish","type":"page","link":"https:\/\/bibliotheque.cegepgarneau.ca\/index.php\/accueil\/nous-joindre\/","title":{"rendered":"Contacts"},"content":{"rendered":"\r\n<figure class=\"wp-block-image\"><img decoding=\"async\" class=\"wp-image-5383\" src=\"\/wp-content\/uploads\/2019\/08\/bibli-ext\u00e9rieur-soir.jpg\" alt=\"\" \/><\/figure>\r\n<p><\/p>\r\n<table>\r\n<tbody>\r\n<tr>\r\n<td style=\"border: none; text-align: center; vertical-align: middle;\">\r\n<h4><strong><img loading=\"lazy\" decoding=\"async\" class=\"alignnone wp-image-5312\" src=\"\/wp-content\/uploads\/2019\/07\/contact.png\" alt=\"\" width=\"67\" height=\"67\" \/><\/strong><\/h4>\r\n<\/td>\r\n<td style=\"border: none; text-align: center; vertical-align: middle;\">\r\n<h4><strong>L&#8217;\u00e9quipe de la biblioth\u00e8que<\/strong><\/h4>\r\n<\/td>\r\n<\/tr>\r\n<\/tbody>\r\n<\/table>\r\n<table style=\"height: 405px; width: 79.1283%; border-style: solid;\" border=\"1\">\r\n<tbody>\r\n<tr style=\"height: 45px;\">\r\n<td style=\"vertical-align: middle; width: 40%; border-style: groove; height: 45px;\"><strong><a href=\"mailto:crobitaille2@cegepgarneau.ca\">Christiane Robitaille<\/a><\/strong><br \/>\r\n<em>(crobitaille2@cegepgarneau.ca ou <\/em><em>peb@cegepgarneau.ca)<\/em><\/td>\r\n<td style=\"vertical-align: middle; width: 45%; border-style: groove; height: 45px;\"><strong>Technicienne en documentation<\/strong><br \/>\r\n<em>(acquisitions\/PEB)<\/em><\/td>\r\n<td style=\"vertical-align: middle; width: 15%; border-style: groove; height: 45px;\"><strong>Poste 2227<\/strong><\/td>\r\n<\/tr>\r\n<tr style=\"height: 45px;\">\r\n<td style=\"vertical-align: middle; width: 40%; border-style: groove; height: 45px;\"><strong><a href=\"mailto:dmakhloufi@cegepgarneau.ca\">Djamila Makhloufi<\/a><\/strong><br \/>\r\n<em>(dmakhloufi@cegepgarneau.ca)<\/em><\/td>\r\n<td style=\"vertical-align: middle; width: 45%; border-style: groove; height: 45px;\"><strong>Agente de soutien administratif, classe 2<\/strong><br \/>\r\n<em>(comptoir d&#8217;accueil)<\/em><\/td>\r\n<td style=\"vertical-align: middle; width: 15%; border-style: groove; height: 45px;\"><strong>Poste 2331 <\/strong><\/td>\r\n<\/tr>\r\n<tr style=\"height: 45px;\">\r\n<td style=\"vertical-align: middle; width: 40%; border-style: groove; height: 45px;\"><strong><a href=\"mailto:ftheriault2@cegepgarneau.ca\">Fr\u00e9d\u00e9ric Th\u00e9riault<\/a><\/strong><br \/>\r\n<em>(ftheriault2@cegepgarneau.ca)<\/em><\/td>\r\n<td style=\"vertical-align: middle; width: 45%; border-style: groove; height: 45px;\"><strong>Agent de soutien administratif, classe 2<\/strong><br \/>\r\n<em>(comptoir d&#8217;accueil)<\/em><\/td>\r\n<td style=\"vertical-align: middle; width: 15%; border-style: groove; height: 45px;\"><strong>Poste 2038<\/strong><\/td>\r\n<\/tr>\r\n<tr style=\"height: 45px;\">\r\n<td style=\"vertical-align: middle; width: 40%; border-style: groove; height: 45px;\"><strong><a href=\"mailto:igagne@cegepgarneau.ca\">Isabelle Gagn\u00e9<\/a><\/strong><br \/>\r\n<em>(igagne@cegepgarneau.ca)<\/em><\/td>\r\n<td style=\"vertical-align: middle; width: 45%; border-style: groove; height: 45px;\"><strong>Technicienne en documentation<\/strong><br \/>\r\n<em>(expositions\/catalogage)<\/em><\/td>\r\n<td style=\"vertical-align: middle; width: 15%; border-style: groove; height: 45px;\"><strong>Poste 2364<\/strong><\/td>\r\n<\/tr>\r\n<tr style=\"height: 45px;\">\r\n<td style=\"vertical-align: middle; width: 40%; border-style: groove; height: 45px;\"><strong><a href=\"mailto:jnadeau@cegepgarneau.ca\">Jonathan Nadeau<\/a><\/strong><br \/>\r\n<em>(jnadeau@cegepgarneau.ca)<\/em><\/td>\r\n<td style=\"vertical-align: middle; width: 45%; border-style: groove; height: 45px;\"><strong>Technicien en documentation<\/strong><br \/>\r\n<em>(formations\/site web\/catalogage)<\/em><\/td>\r\n<td style=\"vertical-align: middle; width: 15%; border-style: groove; height: 45px;\"><strong>Poste 2309<\/strong><\/td>\r\n<\/tr>\r\n<tr style=\"height: 45px;\">\r\n<td style=\"vertical-align: middle; width: 40%; border-style: groove; height: 45px;\"><strong><a href=\"mailto:lpoirier@cegepgarneau.ca\">Laurence Poirier<\/a><br \/>\r\n<\/strong><em>(lpoirier@cegepgarneau.ca)<\/em><\/td>\r\n<td style=\"vertical-align: middle; width: 45%; border-style: groove; height: 45px;\"><strong>Technicienne en documentation<\/strong><br \/>\r\n<em>(catalogage)<\/em><\/td>\r\n<td style=\"vertical-align: middle; width: 15%; border-style: groove; height: 45px;\"><strong>Poste 2559<\/strong><\/td>\r\n<\/tr>\r\n<tr style=\"height: 45px;\">\r\n<td style=\"vertical-align: middle; width: 40%; border-style: groove; height: 45px;\"><strong><a href=\"mailto:msirois@cegepgarneau.ca\">Mathieu Sirois<\/a><br \/>\r\n<\/strong><em>(msirois@cegepgarneau.ca)<\/em><\/td>\r\n<td style=\"vertical-align: middle; width: 45%; border-style: groove; height: 45px;\"><strong>Biblioth\u00e9caire,\u00a0<\/strong>responsable de la biblioth\u00e8que<\/td>\r\n<td style=\"vertical-align: middle; width: 15%; border-style: groove; height: 45px;\"><strong>Poste 2563<\/strong><\/td>\r\n<\/tr>\r\n<tr style=\"height: 45px;\">\r\n<td style=\"vertical-align: middle; width: 40%; border-style: groove; height: 45px;\"><strong><a href=\"mailto:spinsonneault@cegepgarneau.ca\">S\u00e9bastien Pinsonneault <\/a><br \/>\r\n<\/strong><em>(spinsonneault@cegepgarneau.ca)<\/em><strong><br \/>\r\n<\/strong><\/td>\r\n<td style=\"vertical-align: middle; width: 45%; border-style: groove; height: 45px;\"><strong>Agent de soutien administratif, classe 1<\/strong><\/td>\r\n<td style=\"vertical-align: middle; width: 15%; border-style: groove; height: 45px;\"><strong>Poste 2090<\/strong><\/td>\r\n<\/tr>\r\n<tr style=\"height: 45px;\">\r\n<td style=\"vertical-align: middle; width: 40%; border-style: groove; height: 45px;\"><strong><a href=\"mailto:smartel2@cegepgarneau.ca\">Simon Martel <\/a><\/strong><br \/>\r\n<em>(smartel2@cegepgarneau.ca)<\/em><\/td>\r\n<td style=\"vertical-align: middle; width: 45%; border-style: groove; height: 45px;\"><strong>Technicien en documentation <\/strong><br \/>\r\n<em>(p\u00e9riodiques\/acquisitions\/catalogage)<\/em><\/td>\r\n<td style=\"vertical-align: middle; width: 15%; border-style: groove; height: 45px;\"><strong>Poste 2277<\/strong><\/td>\r\n<\/tr>\r\n<\/tbody>\r\n<\/table>\r\n<p><\/p>\r\n<p>&nbsp;<\/p>","protected":false},"excerpt":{"rendered":"<p>L&#8217;\u00e9quipe de la biblioth\u00e8que Christiane Robitaille (crobitaille2@cegepgarneau.ca ou peb@cegepgarneau.ca) Technicienne en documentation (acquisitions\/PEB) Poste 2227 Djamila Makhloufi (dmakhloufi@cegepgarneau.ca) Agente de soutien administratif, classe 2 (comptoir d&#8217;accueil) Poste 2331 Fr\u00e9d\u00e9ric Th\u00e9riault (ftheriault2@cegepgarneau.ca) Agent de soutien administratif, classe 2 (comptoir d&#8217;accueil) Poste 2038 Isabelle Gagn\u00e9 (igagne@cegepgarneau.ca) Technicienne en documentation (expositions\/catalogage) Poste 2364 Jonathan Nadeau (jnadeau@cegepgarneau.ca) Technicien en [&hellip;]<\/p>\n","protected":false},"author":1,"featured_media":0,"parent":134,"menu_order":0,"comment_status":"closed","ping_status":"open","template":"","meta":{"_exactmetrics_skip_tracking":false,"_exactmetrics_sitenote_active":false,"_exactmetrics_sitenote_note":"","_exactmetrics_sitenote_category":0,"footnotes":""},"class_list":["post-102","page","type-page","status-publish","hentry"],"yoast_head":"<!-- This site is optimized with the Yoast SEO plugin v26.8 - https:\/\/yoast.com\/product\/yoast-seo-wordpress\/ -->\n<title>Contacts - Biblioth\u00e8que C\u00e9gep Garneau<\/title>\n<meta name=\"robots\" content=\"index, follow, max-snippet:-1, max-image-preview:large, max-video-preview:-1\" \/>\n<link rel=\"canonical\" href=\"https:\/\/bibliotheque.cegepgarneau.ca\/index.php\/accueil\/nous-joindre\/\" \/>\n<meta property=\"og:locale\" content=\"fr_FR\" \/>\n<meta property=\"og:type\" content=\"article\" \/>\n<meta property=\"og:title\" content=\"Contacts - Biblioth\u00e8que C\u00e9gep Garneau\" \/>\n<meta property=\"og:description\" content=\"L&#8217;\u00e9quipe de la biblioth\u00e8que Christiane Robitaille (crobitaille2@cegepgarneau.ca ou peb@cegepgarneau.ca) Technicienne en documentation (acquisitions\/PEB) Poste 2227 Djamila Makhloufi (dmakhloufi@cegepgarneau.ca) Agente de soutien administratif, classe 2 (comptoir d&#8217;accueil) Poste 2331 Fr\u00e9d\u00e9ric Th\u00e9riault (ftheriault2@cegepgarneau.ca) Agent de soutien administratif, classe 2 (comptoir d&#8217;accueil) Poste 2038 Isabelle Gagn\u00e9 (igagne@cegepgarneau.ca) Technicienne en documentation (expositions\/catalogage) Poste 2364 Jonathan Nadeau (jnadeau@cegepgarneau.ca) Technicien en [&hellip;]\" \/>\n<meta property=\"og:url\" content=\"https:\/\/bibliotheque.cegepgarneau.ca\/index.php\/accueil\/nous-joindre\/\" \/>\n<meta property=\"og:site_name\" content=\"Biblioth\u00e8que C\u00e9gep Garneau\" \/>\n<meta property=\"article:modified_time\" content=\"2026-02-20T15:21:36+00:00\" \/>\n<meta name=\"twitter:card\" content=\"summary_large_image\" \/>\n<meta name=\"twitter:label1\" content=\"Dur\u00e9e de lecture estim\u00e9e\" \/>\n\t<meta name=\"twitter:data1\" content=\"1 minute\" \/>\n<script type=\"application\/ld+json\" class=\"yoast-schema-graph\">{\"@context\":\"https:\/\/schema.org\",\"@graph\":[{\"@type\":\"WebPage\",\"@id\":\"https:\/\/bibliotheque.cegepgarneau.ca\/index.php\/accueil\/nous-joindre\/\",\"url\":\"https:\/\/bibliotheque.cegepgarneau.ca\/index.php\/accueil\/nous-joindre\/\",\"name\":\"Contacts - Biblioth\u00e8que C\u00e9gep Garneau\",\"isPartOf\":{\"@id\":\"https:\/\/bibliotheque.cegepgarneau.ca\/#website\"},\"datePublished\":\"2015-05-12T14:06:54+00:00\",\"dateModified\":\"2026-02-20T15:21:36+00:00\",\"breadcrumb\":{\"@id\":\"https:\/\/bibliotheque.cegepgarneau.ca\/index.php\/accueil\/nous-joindre\/#breadcrumb\"},\"inLanguage\":\"fr-FR\",\"potentialAction\":[{\"@type\":\"ReadAction\",\"target\":[\"https:\/\/bibliotheque.cegepgarneau.ca\/index.php\/accueil\/nous-joindre\/\"]}]},{\"@type\":\"BreadcrumbList\",\"@id\":\"https:\/\/bibliotheque.cegepgarneau.ca\/index.php\/accueil\/nous-joindre\/#breadcrumb\",\"itemListElement\":[{\"@type\":\"ListItem\",\"position\":1,\"name\":\"Accueil\",\"item\":\"https:\/\/bibliotheque.cegepgarneau.ca\/\"},{\"@type\":\"ListItem\",\"position\":2,\"name\":\"Contacts\"}]},{\"@type\":\"WebSite\",\"@id\":\"https:\/\/bibliotheque.cegepgarneau.ca\/#website\",\"url\":\"https:\/\/bibliotheque.cegepgarneau.ca\/\",\"name\":\"Biblioth\u00e8que C\u00e9gep Garneau\",\"description\":\"\",\"potentialAction\":[{\"@type\":\"SearchAction\",\"target\":{\"@type\":\"EntryPoint\",\"urlTemplate\":\"https:\/\/bibliotheque.cegepgarneau.ca\/?s={search_term_string}\"},\"query-input\":{\"@type\":\"PropertyValueSpecification\",\"valueRequired\":true,\"valueName\":\"search_term_string\"}}],\"inLanguage\":\"fr-FR\"}]}<\/script>\n<!-- \/ Yoast SEO plugin. -->","yoast_head_json":{"title":"Contacts - Biblioth\u00e8que C\u00e9gep Garneau","robots":{"index":"index","follow":"follow","max-snippet":"max-snippet:-1","max-image-preview":"max-image-preview:large","max-video-preview":"max-video-preview:-1"},"canonical":"https:\/\/bibliotheque.cegepgarneau.ca\/index.php\/accueil\/nous-joindre\/","og_locale":"fr_FR","og_type":"article","og_title":"Contacts - Biblioth\u00e8que C\u00e9gep Garneau","og_description":"L&#8217;\u00e9quipe de la biblioth\u00e8que Christiane Robitaille (crobitaille2@cegepgarneau.ca ou peb@cegepgarneau.ca) Technicienne en documentation (acquisitions\/PEB) Poste 2227 Djamila Makhloufi (dmakhloufi@cegepgarneau.ca) Agente de soutien administratif, classe 2 (comptoir d&#8217;accueil) Poste 2331 Fr\u00e9d\u00e9ric Th\u00e9riault (ftheriault2@cegepgarneau.ca) Agent de soutien administratif, classe 2 (comptoir d&#8217;accueil) Poste 2038 Isabelle Gagn\u00e9 (igagne@cegepgarneau.ca) Technicienne en documentation (expositions\/catalogage) Poste 2364 Jonathan Nadeau (jnadeau@cegepgarneau.ca) Technicien en [&hellip;]","og_url":"https:\/\/bibliotheque.cegepgarneau.ca\/index.php\/accueil\/nous-joindre\/","og_site_name":"Biblioth\u00e8que C\u00e9gep Garneau","article_modified_time":"2026-02-20T15:21:36+00:00","twitter_card":"summary_large_image","twitter_misc":{"Dur\u00e9e de lecture estim\u00e9e":"1 minute"},"schema":{"@context":"https:\/\/schema.org","@graph":[{"@type":"WebPage","@id":"https:\/\/bibliotheque.cegepgarneau.ca\/index.php\/accueil\/nous-joindre\/","url":"https:\/\/bibliotheque.cegepgarneau.ca\/index.php\/accueil\/nous-joindre\/","name":"Contacts - Biblioth\u00e8que C\u00e9gep Garneau","isPartOf":{"@id":"https:\/\/bibliotheque.cegepgarneau.ca\/#website"},"datePublished":"2015-05-12T14:06:54+00:00","dateModified":"2026-02-20T15:21:36+00:00","breadcrumb":{"@id":"https:\/\/bibliotheque.cegepgarneau.ca\/index.php\/accueil\/nous-joindre\/#breadcrumb"},"inLanguage":"fr-FR","potentialAction":[{"@type":"ReadAction","target":["https:\/\/bibliotheque.cegepgarneau.ca\/index.php\/accueil\/nous-joindre\/"]}]},{"@type":"BreadcrumbList","@id":"https:\/\/bibliotheque.cegepgarneau.ca\/index.php\/accueil\/nous-joindre\/#breadcrumb","itemListElement":[{"@type":"ListItem","position":1,"name":"Accueil","item":"https:\/\/bibliotheque.cegepgarneau.ca\/"},{"@type":"ListItem","position":2,"name":"Contacts"}]},{"@type":"WebSite","@id":"https:\/\/bibliotheque.cegepgarneau.ca\/#website","url":"https:\/\/bibliotheque.cegepgarneau.ca\/","name":"Biblioth\u00e8que C\u00e9gep Garneau","description":"","potentialAction":[{"@type":"SearchAction","target":{"@type":"EntryPoint","urlTemplate":"https:\/\/bibliotheque.cegepgarneau.ca\/?s={search_term_string}"},"query-input":{"@type":"PropertyValueSpecification","valueRequired":true,"valueName":"search_term_string"}}],"inLanguage":"fr-FR"}]}},"_links":{"self":[{"href":"https:\/\/bibliotheque.cegepgarneau.ca\/index.php\/wp-json\/wp\/v2\/pages\/102","targetHints":{"allow":["GET"]}}],"collection":[{"href":"https:\/\/bibliotheque.cegepgarneau.ca\/index.php\/wp-json\/wp\/v2\/pages"}],"about":[{"href":"https:\/\/bibliotheque.cegepgarneau.ca\/index.php\/wp-json\/wp\/v2\/types\/page"}],"author":[{"embeddable":true,"href":"https:\/\/bibliotheque.cegepgarneau.ca\/index.php\/wp-json\/wp\/v2\/users\/1"}],"replies":[{"embeddable":true,"href":"https:\/\/bibliotheque.cegepgarneau.ca\/index.php\/wp-json\/wp\/v2\/comments?post=102"}],"version-history":[{"count":157,"href":"https:\/\/bibliotheque.cegepgarneau.ca\/index.php\/wp-json\/wp\/v2\/pages\/102\/revisions"}],"predecessor-version":[{"id":20803,"href":"https:\/\/bibliotheque.cegepgarneau.ca\/index.php\/wp-json\/wp\/v2\/pages\/102\/revisions\/20803"}],"up":[{"embeddable":true,"href":"https:\/\/bibliotheque.cegepgarneau.ca\/index.php\/wp-json\/wp\/v2\/pages\/134"}],"wp:attachment":[{"href":"https:\/\/bibliotheque.cegepgarneau.ca\/index.php\/wp-json\/wp\/v2\/media?parent=102"}],"curies":[{"name":"wp","href":"https:\/\/api.w.org\/{rel}","templated":true}]}}